{"id":4047,"date":"2025-05-11T12:55:41","date_gmt":"2025-05-11T10:55:41","guid":{"rendered":"https:\/\/cuscoberga.com\/?post_type=product&#038;p=4047"},"modified":"2025-05-12T12:42:33","modified_gmt":"2025-05-12T10:42:33","slug":"malvasia-de-sitges","status":"publish","type":"product","link":"https:\/\/cuscoberga.com\/es\/producte\/malvasia-de-sitges\/","title":{"rendered":"Vino Blanco Natural Malvas\u00eda de Sitges M\u00f3n C\u00e0lcic"},"content":{"rendered":"<p><strong>UNA AGRICULTURA ECOL\u00d3GICA Y RESPETUOSA<\/strong><br \/>\n<strong>ELABORACI\u00d3N<\/strong><br \/>\nUna variedad de uva blanca tradicional del Garraf, con sus suelos calc\u00e1reos<br \/>\nUn vino natural, ecol\u00f3gico y vegano. Tiene caracter\u00edsticas singulares.<br \/>\nFermentaci\u00f3n en levaduras aut\u00f3ctonas, con una crianza de 4 meses en sus madres y embellecido en bota de casta\u00f1o.<\/p>\n<p><strong>ANAL\u00cdTICA<\/strong><br \/>\nGrado alcoh\u00f3lico: 11.5%<br \/>\npH: 3.18<br \/>\nAz\u00facares residuales: 3.1 g\/l<br \/>\nAcidez total (sulf\u00farica): 3.4 g\/l<\/p>\n<p><strong>NOTA DE CATA<\/strong><br \/>\nVista, amarillo algo intenso<br \/>\nNariz, notas florales, fruta madura y hierbas de monta\u00f1a.<br \/>\nBoca, seco, con una mineralidad marcada, buena estructura y persistencia.<\/p>\n<p><strong>MARIDAJE<\/strong><br \/>\nTemperatura de consumo de 7-8 \u00b0C.<br \/>\nCocina Muy Mediterr\u00e1nea, fideu\u00e1s, arroces, pescado, marisco, ensaladas y quesos curados.<\/p>\n","protected":false},"excerpt":{"rendered":"<p>VINO BLANCO NATURAL MALVAS\u00cdA DE SITGES 100% M\u00d3N C\u00c0LCIC 2023<br \/>\nUna variedad de uva blanca tradicional del Garraf, con sus suelos calc\u00e1reos.<\/p>\n","protected":false},"featured_media":4045,"template":"","meta":[],"product_brand":[],"product_cat":[122,117,121],"product_tag":[],"class_list":{"0":"post-4047","1":"product","2":"type-product","3":"status-publish","4":"has-post-thumbnail","6":"product_cat-blanco","7":"product_cat-cusco-berga-es","8":"product_cat-vinos","9":"description-off","11":"first","12":"instock","13":"taxable","14":"shipping-taxable","15":"purchasable","16":"product-type-simple"},"yoast_head":"<!-- This site is optimized with the Yoast SEO plugin v27.0 - https:\/\/yoast.com\/product\/yoast-seo-wordpress\/ -->\n<title>Vino Blanco Natural Malvas\u00eda de Sitges M\u00f3n C\u00e0lcic - Cusc\u00f3 Berga<\/title>\n<meta name=\"robots\" content=\"index, follow, max-snippet:-1, max-image-preview:large, max-video-preview:-1\" \/>\n<link rel=\"canonical\" href=\"https:\/\/cuscoberga.com\/es\/producte\/malvasia-de-sitges\/\" \/>\n<meta property=\"og:locale\" content=\"es_ES\" \/>\n<meta property=\"og:type\" content=\"article\" \/>\n<meta property=\"og:title\" content=\"Vino Blanco Natural Malvas\u00eda de Sitges M\u00f3n C\u00e0lcic - Cusc\u00f3 Berga\" \/>\n<meta property=\"og:description\" content=\"VINO BLANCO NATURAL MALVAS\u00cdA DE SITGES 100% M\u00d3N C\u00c0LCIC 2023 Una variedad de uva blanca tradicional del Garraf, con sus suelos calc\u00e1reos.\" \/>\n<meta property=\"og:url\" content=\"https:\/\/cuscoberga.com\/es\/producte\/malvasia-de-sitges\/\" \/>\n<meta property=\"og:site_name\" content=\"Cusc\u00f3 Berga\" \/>\n<meta property=\"article:modified_time\" content=\"2025-05-12T10:42:33+00:00\" \/>\n<meta property=\"og:image\" content=\"http:\/\/cuscoberga.com\/wp-content\/uploads\/2025\/05\/Malvasia-Web.jpg\" \/>\n\t<meta property=\"og:image:width\" content=\"650\" \/>\n\t<meta property=\"og:image:height\" content=\"650\" \/>\n\t<meta property=\"og:image:type\" content=\"image\/jpeg\" \/>\n<meta name=\"twitter:card\" content=\"summary_large_image\" \/>\n<meta name=\"twitter:label1\" content=\"Tiempo de lectura\" \/>\n\t<meta name=\"twitter:data1\" content=\"1 minuto\" \/>\n<script type=\"application\/ld+json\" class=\"yoast-schema-graph\">{\"@context\":\"https:\/\/schema.org\",\"@graph\":[{\"@type\":\"WebPage\",\"@id\":\"https:\/\/cuscoberga.com\/es\/producte\/malvasia-de-sitges\/\",\"url\":\"https:\/\/cuscoberga.com\/es\/producte\/malvasia-de-sitges\/\",\"name\":\"Vino Blanco Natural Malvas\u00eda de Sitges M\u00f3n C\u00e0lcic - Cusc\u00f3 Berga\",\"isPartOf\":{\"@id\":\"https:\/\/cuscoberga.com\/es\/#website\"},\"primaryImageOfPage\":{\"@id\":\"https:\/\/cuscoberga.com\/es\/producte\/malvasia-de-sitges\/#primaryimage\"},\"image\":{\"@id\":\"https:\/\/cuscoberga.com\/es\/producte\/malvasia-de-sitges\/#primaryimage\"},\"thumbnailUrl\":\"https:\/\/cuscoberga.com\/wp-content\/uploads\/2025\/05\/Malvasia-Web.jpg\",\"datePublished\":\"2025-05-11T10:55:41+00:00\",\"dateModified\":\"2025-05-12T10:42:33+00:00\",\"breadcrumb\":{\"@id\":\"https:\/\/cuscoberga.com\/es\/producte\/malvasia-de-sitges\/#breadcrumb\"},\"inLanguage\":\"es\",\"potentialAction\":[{\"@type\":\"ReadAction\",\"target\":[\"https:\/\/cuscoberga.com\/es\/producte\/malvasia-de-sitges\/\"]}]},{\"@type\":\"ImageObject\",\"inLanguage\":\"es\",\"@id\":\"https:\/\/cuscoberga.com\/es\/producte\/malvasia-de-sitges\/#primaryimage\",\"url\":\"https:\/\/cuscoberga.com\/wp-content\/uploads\/2025\/05\/Malvasia-Web.jpg\",\"contentUrl\":\"https:\/\/cuscoberga.com\/wp-content\/uploads\/2025\/05\/Malvasia-Web.jpg\",\"width\":650,\"height\":650},{\"@type\":\"BreadcrumbList\",\"@id\":\"https:\/\/cuscoberga.com\/es\/producte\/malvasia-de-sitges\/#breadcrumb\",\"itemListElement\":[{\"@type\":\"ListItem\",\"position\":1,\"name\":\"Inici\",\"item\":\"https:\/\/cuscoberga.com\/es\/\"},{\"@type\":\"ListItem\",\"position\":2,\"name\":\"Tienda Online\",\"item\":\"https:\/\/cuscoberga.com\/es\/tienda\/\"},{\"@type\":\"ListItem\",\"position\":3,\"name\":\"Vino Blanco Natural Malvas\u00eda de Sitges M\u00f3n C\u00e0lcic\"}]},{\"@type\":\"WebSite\",\"@id\":\"https:\/\/cuscoberga.com\/es\/#website\",\"url\":\"https:\/\/cuscoberga.com\/es\/\",\"name\":\"Cusc\u00f3 Berga\",\"description\":\"\",\"potentialAction\":[{\"@type\":\"SearchAction\",\"target\":{\"@type\":\"EntryPoint\",\"urlTemplate\":\"https:\/\/cuscoberga.com\/es\/?s={search_term_string}\"},\"query-input\":{\"@type\":\"PropertyValueSpecification\",\"valueRequired\":true,\"valueName\":\"search_term_string\"}}],\"inLanguage\":\"es\"}]}<\/script>\n<!-- \/ Yoast SEO plugin. -->","yoast_head_json":{"title":"Vino Blanco Natural Malvas\u00eda de Sitges M\u00f3n C\u00e0lcic - Cusc\u00f3 Berga","robots":{"index":"index","follow":"follow","max-snippet":"max-snippet:-1","max-image-preview":"max-image-preview:large","max-video-preview":"max-video-preview:-1"},"canonical":"https:\/\/cuscoberga.com\/es\/producte\/malvasia-de-sitges\/","og_locale":"es_ES","og_type":"article","og_title":"Vino Blanco Natural Malvas\u00eda de Sitges M\u00f3n C\u00e0lcic - Cusc\u00f3 Berga","og_description":"VINO BLANCO NATURAL MALVAS\u00cdA DE SITGES 100% M\u00d3N C\u00c0LCIC 2023 Una variedad de uva blanca tradicional del Garraf, con sus suelos calc\u00e1reos.","og_url":"https:\/\/cuscoberga.com\/es\/producte\/malvasia-de-sitges\/","og_site_name":"Cusc\u00f3 Berga","article_modified_time":"2025-05-12T10:42:33+00:00","og_image":[{"width":650,"height":650,"url":"http:\/\/cuscoberga.com\/wp-content\/uploads\/2025\/05\/Malvasia-Web.jpg","type":"image\/jpeg"}],"twitter_card":"summary_large_image","twitter_misc":{"Tiempo de lectura":"1 minuto"},"schema":{"@context":"https:\/\/schema.org","@graph":[{"@type":"WebPage","@id":"https:\/\/cuscoberga.com\/es\/producte\/malvasia-de-sitges\/","url":"https:\/\/cuscoberga.com\/es\/producte\/malvasia-de-sitges\/","name":"Vino Blanco Natural Malvas\u00eda de Sitges M\u00f3n C\u00e0lcic - Cusc\u00f3 Berga","isPartOf":{"@id":"https:\/\/cuscoberga.com\/es\/#website"},"primaryImageOfPage":{"@id":"https:\/\/cuscoberga.com\/es\/producte\/malvasia-de-sitges\/#primaryimage"},"image":{"@id":"https:\/\/cuscoberga.com\/es\/producte\/malvasia-de-sitges\/#primaryimage"},"thumbnailUrl":"https:\/\/cuscoberga.com\/wp-content\/uploads\/2025\/05\/Malvasia-Web.jpg","datePublished":"2025-05-11T10:55:41+00:00","dateModified":"2025-05-12T10:42:33+00:00","breadcrumb":{"@id":"https:\/\/cuscoberga.com\/es\/producte\/malvasia-de-sitges\/#breadcrumb"},"inLanguage":"es","potentialAction":[{"@type":"ReadAction","target":["https:\/\/cuscoberga.com\/es\/producte\/malvasia-de-sitges\/"]}]},{"@type":"ImageObject","inLanguage":"es","@id":"https:\/\/cuscoberga.com\/es\/producte\/malvasia-de-sitges\/#primaryimage","url":"https:\/\/cuscoberga.com\/wp-content\/uploads\/2025\/05\/Malvasia-Web.jpg","contentUrl":"https:\/\/cuscoberga.com\/wp-content\/uploads\/2025\/05\/Malvasia-Web.jpg","width":650,"height":650},{"@type":"BreadcrumbList","@id":"https:\/\/cuscoberga.com\/es\/producte\/malvasia-de-sitges\/#breadcrumb","itemListElement":[{"@type":"ListItem","position":1,"name":"Inici","item":"https:\/\/cuscoberga.com\/es\/"},{"@type":"ListItem","position":2,"name":"Tienda Online","item":"https:\/\/cuscoberga.com\/es\/tienda\/"},{"@type":"ListItem","position":3,"name":"Vino Blanco Natural Malvas\u00eda de Sitges M\u00f3n C\u00e0lcic"}]},{"@type":"WebSite","@id":"https:\/\/cuscoberga.com\/es\/#website","url":"https:\/\/cuscoberga.com\/es\/","name":"Cusc\u00f3 Berga","description":"","potentialAction":[{"@type":"SearchAction","target":{"@type":"EntryPoint","urlTemplate":"https:\/\/cuscoberga.com\/es\/?s={search_term_string}"},"query-input":{"@type":"PropertyValueSpecification","valueRequired":true,"valueName":"search_term_string"}}],"inLanguage":"es"}]}},"_links":{"self":[{"href":"https:\/\/cuscoberga.com\/es\/wp-json\/wp\/v2\/product\/4047","targetHints":{"allow":["GET"]}}],"collection":[{"href":"https:\/\/cuscoberga.com\/es\/wp-json\/wp\/v2\/product"}],"about":[{"href":"https:\/\/cuscoberga.com\/es\/wp-json\/wp\/v2\/types\/product"}],"wp:featuredmedia":[{"embeddable":true,"href":"https:\/\/cuscoberga.com\/es\/wp-json\/wp\/v2\/media\/4045"}],"wp:attachment":[{"href":"https:\/\/cuscoberga.com\/es\/wp-json\/wp\/v2\/media?parent=4047"}],"wp:term":[{"taxonomy":"product_brand","embeddable":true,"href":"https:\/\/cuscoberga.com\/es\/wp-json\/wp\/v2\/product_brand?post=4047"},{"taxonomy":"product_cat","embeddable":true,"href":"https:\/\/cuscoberga.com\/es\/wp-json\/wp\/v2\/product_cat?post=4047"},{"taxonomy":"product_tag","embeddable":true,"href":"https:\/\/cuscoberga.com\/es\/wp-json\/wp\/v2\/product_tag?post=4047"}],"curies":[{"name":"wp","href":"https:\/\/api.w.org\/{rel}","templated":true}]}}