{"id":3683,"date":"2022-05-13T19:24:56","date_gmt":"2022-05-13T17:24:57","guid":{"rendered":"https:\/\/cuscoberga.com\/?post_type=product&#038;p=3683"},"modified":"2022-08-26T21:37:03","modified_gmt":"2022-08-26T19:37:03","slug":"vino-rosado-natural-merlot-2021cova-gran-copia","status":"publish","type":"product","link":"https:\/\/cuscoberga.com\/es\/producte\/vino-rosado-natural-merlot-2021cova-gran-copia\/","title":{"rendered":"Xarel\u00b7lo Vermell Natural 2021<\/br><b>Cova Gran<\/b>"},"content":{"rendered":"<p><strong>ELABORACI\u00d3N<\/strong><br \/>\nLa elaboraci\u00f3n que utilizamos para hacer este vino natural consiste en un derrapado y una prensada suave, obteniendo un mosto flor y un poco de color, que, junto con sus lias, lo hacemos fermentar con sus propias levadura salvaje en dep\u00f3sito de acero inoxidable a una temperatura de 16-17\u00baC para mantener al m\u00e1ximo los aromas varietales. De esta manera se mantiene el ADN de la parcela. Antes de terminar la<br \/>\nfermentaci\u00f3n se hace un desfangado por gravedad, sacando los sedimientos con cuidado de no marear el vino. La estabilizaci\u00f3n del vino se consigue con una acurada manipulaci\u00f3n, tanto en los desfangados como en el embotellado, siguiendo las fases lunares. Este vino est\u00e1 libre de sulfitos en todo su proceso.<\/p>\n<p><strong>ANAL\u00cdTICA<\/strong><br \/>\nGrado alcoh\u00f3lico: 11,50% PH: 2,98<br \/>\nAz\u00facares residuales: 0,5 g \/ l . Acidez total (tartarica): 5.2 g \/ l<\/p>\n<p><strong>NOTA DE CATA<\/strong><br \/>\nColor cobre piel de cebolla y brillante. En Nariz olor de flores y hierbas mediterr\u00e1neas como el romero, hinojo y el tomillo. Frutas, pera, melocoton, manzana verde.<br \/>\nAcidez marcada, sensaci\u00f3n refrescante. Notas de mineralidad, salinitat (Mediterr\u00e0neo- Garraf), Vino elegante, complejo y equilibrado.<\/p>\n<p><strong>MARIDAJE<\/strong><br \/>\nTemperatura de consumo de 6-8 \u00ba C<br \/>\nEs aconsejable para arroces, quesos, pescado, marisco, ostras del Delta del Ebro.<\/p>\n","protected":false},"excerpt":{"rendered":"<p>Vino joven mono varietal 100% con uvas de la variedad xarel.lo vermell.<br \/>\nEl xarel.lo vermell es una variedad Ancestral recuperada y aut\u00f3ctona por excelencia.<br \/>\nEste vino que presentamos es fruto de vi\u00f1as de m\u00e1s de 50 a\u00f1os.<\/p>\n","protected":false},"featured_media":3686,"template":"","meta":[],"product_brand":[],"product_cat":[117,139,125,136,121,131],"product_tag":[],"class_list":{"0":"post-3683","1":"product","2":"type-product","3":"status-publish","4":"has-post-thumbnail","6":"product_cat-cusco-berga-es","7":"product_cat-cusco-berga-en","8":"product_cat-rosado","9":"product_cat-rose","10":"product_cat-vinos","11":"product_cat-wines","12":"description-off","14":"first","15":"instock","16":"taxable","17":"shipping-taxable","18":"purchasable","19":"product-type-simple"},"yoast_head":"<!-- This site is optimized with the Yoast SEO plugin v27.0 - https:\/\/yoast.com\/product\/yoast-seo-wordpress\/ -->\n<title>Xarel\u00b7lo Vermell Natural 2021Cova Gran - Cusc\u00f3 Berga<\/title>\n<meta name=\"robots\" content=\"index, follow, max-snippet:-1, max-image-preview:large, max-video-preview:-1\" \/>\n<link rel=\"canonical\" href=\"https:\/\/cuscoberga.com\/es\/producte\/vino-rosado-natural-merlot-2021cova-gran-copia\/\" \/>\n<meta property=\"og:locale\" content=\"es_ES\" \/>\n<meta property=\"og:type\" content=\"article\" \/>\n<meta property=\"og:title\" content=\"Xarel\u00b7lo Vermell Natural 2021Cova Gran - Cusc\u00f3 Berga\" \/>\n<meta property=\"og:description\" content=\"Vino joven mono varietal 100% con uvas de la variedad xarel.lo vermell. El xarel.lo vermell es una variedad Ancestral recuperada y aut\u00f3ctona por excelencia. Este vino que presentamos es fruto de vi\u00f1as de m\u00e1s de 50 a\u00f1os.\" \/>\n<meta property=\"og:url\" content=\"https:\/\/cuscoberga.com\/es\/producte\/vino-rosado-natural-merlot-2021cova-gran-copia\/\" \/>\n<meta property=\"og:site_name\" content=\"Cusc\u00f3 Berga\" \/>\n<meta property=\"article:modified_time\" content=\"2022-08-26T19:37:03+00:00\" \/>\n<meta property=\"og:image\" content=\"https:\/\/cuscoberga.com\/wp-content\/uploads\/2022\/05\/xarelo-vermell-cusco-berga.jpg\" \/>\n\t<meta property=\"og:image:width\" content=\"650\" \/>\n\t<meta property=\"og:image:height\" content=\"650\" \/>\n\t<meta property=\"og:image:type\" content=\"image\/jpeg\" \/>\n<meta name=\"twitter:card\" content=\"summary_large_image\" \/>\n<meta name=\"twitter:label1\" content=\"Tiempo de lectura\" \/>\n\t<meta name=\"twitter:data1\" content=\"2 minutos\" \/>\n<script type=\"application\/ld+json\" class=\"yoast-schema-graph\">{\"@context\":\"https:\/\/schema.org\",\"@graph\":[{\"@type\":\"WebPage\",\"@id\":\"https:\/\/cuscoberga.com\/es\/producte\/vino-rosado-natural-merlot-2021cova-gran-copia\/\",\"url\":\"https:\/\/cuscoberga.com\/es\/producte\/vino-rosado-natural-merlot-2021cova-gran-copia\/\",\"name\":\"Xarel\u00b7lo Vermell Natural 2021Cova Gran - Cusc\u00f3 Berga\",\"isPartOf\":{\"@id\":\"https:\/\/cuscoberga.com\/es\/#website\"},\"primaryImageOfPage\":{\"@id\":\"https:\/\/cuscoberga.com\/es\/producte\/vino-rosado-natural-merlot-2021cova-gran-copia\/#primaryimage\"},\"image\":{\"@id\":\"https:\/\/cuscoberga.com\/es\/producte\/vino-rosado-natural-merlot-2021cova-gran-copia\/#primaryimage\"},\"thumbnailUrl\":\"https:\/\/cuscoberga.com\/wp-content\/uploads\/2022\/05\/xarelo-vermell-cusco-berga.jpg\",\"datePublished\":\"2022-05-13T17:24:57+00:00\",\"dateModified\":\"2022-08-26T19:37:03+00:00\",\"breadcrumb\":{\"@id\":\"https:\/\/cuscoberga.com\/es\/producte\/vino-rosado-natural-merlot-2021cova-gran-copia\/#breadcrumb\"},\"inLanguage\":\"es\",\"potentialAction\":[{\"@type\":\"ReadAction\",\"target\":[\"https:\/\/cuscoberga.com\/es\/producte\/vino-rosado-natural-merlot-2021cova-gran-copia\/\"]}]},{\"@type\":\"ImageObject\",\"inLanguage\":\"es\",\"@id\":\"https:\/\/cuscoberga.com\/es\/producte\/vino-rosado-natural-merlot-2021cova-gran-copia\/#primaryimage\",\"url\":\"https:\/\/cuscoberga.com\/wp-content\/uploads\/2022\/05\/xarelo-vermell-cusco-berga.jpg\",\"contentUrl\":\"https:\/\/cuscoberga.com\/wp-content\/uploads\/2022\/05\/xarelo-vermell-cusco-berga.jpg\",\"width\":650,\"height\":650},{\"@type\":\"BreadcrumbList\",\"@id\":\"https:\/\/cuscoberga.com\/es\/producte\/vino-rosado-natural-merlot-2021cova-gran-copia\/#breadcrumb\",\"itemListElement\":[{\"@type\":\"ListItem\",\"position\":1,\"name\":\"Inici\",\"item\":\"http:\/\/cuscoberga.com\/es\/\"},{\"@type\":\"ListItem\",\"position\":2,\"name\":\"Tienda Online\",\"item\":\"https:\/\/cuscoberga.com\/es\/tienda\/\"},{\"@type\":\"ListItem\",\"position\":3,\"name\":\"Xarel\u00b7lo Vermell Natural 2021Cova Gran\"}]},{\"@type\":\"WebSite\",\"@id\":\"https:\/\/cuscoberga.com\/es\/#website\",\"url\":\"https:\/\/cuscoberga.com\/es\/\",\"name\":\"Cusc\u00f3 Berga\",\"description\":\"\",\"potentialAction\":[{\"@type\":\"SearchAction\",\"target\":{\"@type\":\"EntryPoint\",\"urlTemplate\":\"https:\/\/cuscoberga.com\/es\/?s={search_term_string}\"},\"query-input\":{\"@type\":\"PropertyValueSpecification\",\"valueRequired\":true,\"valueName\":\"search_term_string\"}}],\"inLanguage\":\"es\"}]}<\/script>\n<!-- \/ Yoast SEO plugin. -->","yoast_head_json":{"title":"Xarel\u00b7lo Vermell Natural 2021Cova Gran - Cusc\u00f3 Berga","robots":{"index":"index","follow":"follow","max-snippet":"max-snippet:-1","max-image-preview":"max-image-preview:large","max-video-preview":"max-video-preview:-1"},"canonical":"https:\/\/cuscoberga.com\/es\/producte\/vino-rosado-natural-merlot-2021cova-gran-copia\/","og_locale":"es_ES","og_type":"article","og_title":"Xarel\u00b7lo Vermell Natural 2021Cova Gran - Cusc\u00f3 Berga","og_description":"Vino joven mono varietal 100% con uvas de la variedad xarel.lo vermell. El xarel.lo vermell es una variedad Ancestral recuperada y aut\u00f3ctona por excelencia. Este vino que presentamos es fruto de vi\u00f1as de m\u00e1s de 50 a\u00f1os.","og_url":"https:\/\/cuscoberga.com\/es\/producte\/vino-rosado-natural-merlot-2021cova-gran-copia\/","og_site_name":"Cusc\u00f3 Berga","article_modified_time":"2022-08-26T19:37:03+00:00","og_image":[{"width":650,"height":650,"url":"https:\/\/cuscoberga.com\/wp-content\/uploads\/2022\/05\/xarelo-vermell-cusco-berga.jpg","type":"image\/jpeg"}],"twitter_card":"summary_large_image","twitter_misc":{"Tiempo de lectura":"2 minutos"},"schema":{"@context":"https:\/\/schema.org","@graph":[{"@type":"WebPage","@id":"https:\/\/cuscoberga.com\/es\/producte\/vino-rosado-natural-merlot-2021cova-gran-copia\/","url":"https:\/\/cuscoberga.com\/es\/producte\/vino-rosado-natural-merlot-2021cova-gran-copia\/","name":"Xarel\u00b7lo Vermell Natural 2021Cova Gran - Cusc\u00f3 Berga","isPartOf":{"@id":"https:\/\/cuscoberga.com\/es\/#website"},"primaryImageOfPage":{"@id":"https:\/\/cuscoberga.com\/es\/producte\/vino-rosado-natural-merlot-2021cova-gran-copia\/#primaryimage"},"image":{"@id":"https:\/\/cuscoberga.com\/es\/producte\/vino-rosado-natural-merlot-2021cova-gran-copia\/#primaryimage"},"thumbnailUrl":"https:\/\/cuscoberga.com\/wp-content\/uploads\/2022\/05\/xarelo-vermell-cusco-berga.jpg","datePublished":"2022-05-13T17:24:57+00:00","dateModified":"2022-08-26T19:37:03+00:00","breadcrumb":{"@id":"https:\/\/cuscoberga.com\/es\/producte\/vino-rosado-natural-merlot-2021cova-gran-copia\/#breadcrumb"},"inLanguage":"es","potentialAction":[{"@type":"ReadAction","target":["https:\/\/cuscoberga.com\/es\/producte\/vino-rosado-natural-merlot-2021cova-gran-copia\/"]}]},{"@type":"ImageObject","inLanguage":"es","@id":"https:\/\/cuscoberga.com\/es\/producte\/vino-rosado-natural-merlot-2021cova-gran-copia\/#primaryimage","url":"https:\/\/cuscoberga.com\/wp-content\/uploads\/2022\/05\/xarelo-vermell-cusco-berga.jpg","contentUrl":"https:\/\/cuscoberga.com\/wp-content\/uploads\/2022\/05\/xarelo-vermell-cusco-berga.jpg","width":650,"height":650},{"@type":"BreadcrumbList","@id":"https:\/\/cuscoberga.com\/es\/producte\/vino-rosado-natural-merlot-2021cova-gran-copia\/#breadcrumb","itemListElement":[{"@type":"ListItem","position":1,"name":"Inici","item":"http:\/\/cuscoberga.com\/es\/"},{"@type":"ListItem","position":2,"name":"Tienda Online","item":"https:\/\/cuscoberga.com\/es\/tienda\/"},{"@type":"ListItem","position":3,"name":"Xarel\u00b7lo Vermell Natural 2021Cova Gran"}]},{"@type":"WebSite","@id":"https:\/\/cuscoberga.com\/es\/#website","url":"https:\/\/cuscoberga.com\/es\/","name":"Cusc\u00f3 Berga","description":"","potentialAction":[{"@type":"SearchAction","target":{"@type":"EntryPoint","urlTemplate":"https:\/\/cuscoberga.com\/es\/?s={search_term_string}"},"query-input":{"@type":"PropertyValueSpecification","valueRequired":true,"valueName":"search_term_string"}}],"inLanguage":"es"}]}},"_links":{"self":[{"href":"https:\/\/cuscoberga.com\/es\/wp-json\/wp\/v2\/product\/3683","targetHints":{"allow":["GET"]}}],"collection":[{"href":"https:\/\/cuscoberga.com\/es\/wp-json\/wp\/v2\/product"}],"about":[{"href":"https:\/\/cuscoberga.com\/es\/wp-json\/wp\/v2\/types\/product"}],"wp:featuredmedia":[{"embeddable":true,"href":"https:\/\/cuscoberga.com\/es\/wp-json\/wp\/v2\/media\/3686"}],"wp:attachment":[{"href":"https:\/\/cuscoberga.com\/es\/wp-json\/wp\/v2\/media?parent=3683"}],"wp:term":[{"taxonomy":"product_brand","embeddable":true,"href":"https:\/\/cuscoberga.com\/es\/wp-json\/wp\/v2\/product_brand?post=3683"},{"taxonomy":"product_cat","embeddable":true,"href":"https:\/\/cuscoberga.com\/es\/wp-json\/wp\/v2\/product_cat?post=3683"},{"taxonomy":"product_tag","embeddable":true,"href":"https:\/\/cuscoberga.com\/es\/wp-json\/wp\/v2\/product_tag?post=3683"}],"curies":[{"name":"wp","href":"https:\/\/api.w.org\/{rel}","templated":true}]}}