{"id":3352,"date":"2020-02-03T03:16:50","date_gmt":"2020-02-03T01:16:50","guid":{"rendered":"https:\/\/cuscoberga.com\/producte\/cusco-berga-brut-nature-tradicion-reserva-2014\/"},"modified":"2025-01-20T16:57:32","modified_gmt":"2025-01-20T14:57:32","slug":"cusco-berga-brut-nature-tradicion-reserva-2014","status":"publish","type":"product","link":"https:\/\/cuscoberga.com\/es\/producte\/cusco-berga-brut-nature-tradicion-reserva-2014\/","title":{"rendered":"Cava Brut Nature Tradici\u00f3n Reserva 2019 Guarda Superior"},"content":{"rendered":"<p><strong>ELABORACI\u00d3N<\/strong><br \/>\nM\u00e9todo tradicional: \u00abm\u00e9thode champenoise\u00bb, fermentaci\u00f3n en botella. Se recogen las variedades por separado. El proceso de la bodega se inicia con el despalillado del grandes de la uva y luego se enfr\u00eda a 8\u00baC para minimizar la oxidaci\u00f3n. A continuaci\u00f3n las bayas pasan a las prensas donde se sangra el mosto flor por escorrent\u00eda natural que es 55-60%. Se decanta a dep\u00f3sito y es enfr\u00eda a 6\u00baC, dej\u00e1ndolo en reposo durante 24 horas. El mosto limpio pasa a los dep\u00f3sitos de fermentaci\u00f3n que se realiza a 14-15\u00baC durante tres semanas. Despu\u00e9s de los tratamientos de acabado, filtraci\u00f3n y estabilizaci\u00f3n se realiza el ensamblaje en los diferentes porcentajes, buscando normalmente cada a\u00f1o un equilibrio de grado y acidez. Asimismo de embotellar, provocan la segunda fermentaci\u00f3n natural con la adici\u00f3n de levaduras seleccionadas, az\u00facar y tierras naturales. La fermentaci\u00f3n dura unos tres meses a una temperatura de 10-12\u00baC y luego contin\u00faa en rima durante cuatro a\u00f1os.<\/p>\n<p><strong>ANAL\u00cdTICA<\/strong><br \/>\nGrado alcoh\u00f3lico: 11.5%, PH: 3.10, Acidez total: 4.3 g \/ l.<\/p>\n<p><strong>NOTA DE CATA<\/strong><br \/>\nVista: color dorado p\u00e1lido, muy brillante, burbuja muy fina y peque\u00f1a, formando un bonito rosario.<br \/>\nNariz: aroma complejo, matices de tostados, frutos secos, especies, muy elegante.<br \/>\nBoca: equilibrado seco y suave con exquisitos tonos de envejecimiento, pasteler\u00eda, cremosidad, espuma perfecta y acidez equilibrada.<\/p>\n<p><strong>MARIDAJE<\/strong><br \/>\nTemperatura de consumo de 6-8\u00baC. Es un cava compleja y diferenciado, que casa con entrantes ahumados, anguilas, salm\u00f3n, canap\u00e9s. Con los postres hay un equilibrio con dulces potentes, dando una sensaci\u00f3n de frescor en boca.<\/p>\n","protected":false},"excerpt":{"rendered":"<p>BRUT NATURE TRADICI\u00d3N RESERVA Cava envejecimiento y crianza en rima m\u00e1s de 48 meses.<br \/>\nVariedades de uva: Macabeu 20%, Xarel\u00b7lo 60%, Parellada 20%<\/p>\n","protected":false},"featured_media":3355,"template":"","meta":[],"product_brand":[],"product_cat":[119,117,118],"product_tag":[170],"class_list":{"0":"post-3352","1":"product","2":"type-product","3":"status-publish","4":"has-post-thumbnail","6":"product_cat-brut-nature-reserva-es","7":"product_cat-cusco-berga-es","8":"product_cat-espumosos","9":"product_tag-guarda-superior-es","10":"pa_clothing-size-uk-10-es","11":"pa_clothing-size-uk-12-es","12":"pa_clothing-size-uk-4-es","13":"pa_clothing-size-uk-6-es","14":"pa_clothing-size-uk-8-es","15":"pa_color-camel-es","16":"pa_color-white-es","17":"description-off","19":"first","20":"instock","21":"taxable","22":"shipping-taxable","23":"purchasable","24":"product-type-simple"},"yoast_head":"<!-- This site is optimized with the Yoast SEO plugin v27.0 - https:\/\/yoast.com\/product\/yoast-seo-wordpress\/ -->\n<title>Cava Brut Nature Tradici\u00f3n Reserva 2019 Guarda Superior - Cusc\u00f3 Berga<\/title>\n<meta name=\"robots\" content=\"index, follow, max-snippet:-1, max-image-preview:large, max-video-preview:-1\" \/>\n<link rel=\"canonical\" href=\"https:\/\/cuscoberga.com\/es\/producte\/cusco-berga-brut-nature-tradicion-reserva-2014\/\" \/>\n<meta property=\"og:locale\" content=\"es_ES\" \/>\n<meta property=\"og:type\" content=\"article\" \/>\n<meta property=\"og:title\" content=\"Cava Brut Nature Tradici\u00f3n Reserva 2019 Guarda Superior - Cusc\u00f3 Berga\" \/>\n<meta property=\"og:description\" content=\"BRUT NATURE TRADICI\u00d3N RESERVA Cava envejecimiento y crianza en rima m\u00e1s de 48 meses. Variedades de uva: Macabeu 20%, Xarel\u00b7lo 60%, Parellada 20%\" \/>\n<meta property=\"og:url\" content=\"https:\/\/cuscoberga.com\/es\/producte\/cusco-berga-brut-nature-tradicion-reserva-2014\/\" \/>\n<meta property=\"og:site_name\" content=\"Cusc\u00f3 Berga\" \/>\n<meta property=\"article:modified_time\" content=\"2025-01-20T14:57:32+00:00\" \/>\n<meta property=\"og:image\" content=\"https:\/\/cuscoberga.com\/wp-content\/uploads\/2020\/02\/Cusco-Berga-Brut-Nature-Tradicio-Reserva.jpg\" \/>\n\t<meta property=\"og:image:width\" content=\"650\" \/>\n\t<meta property=\"og:image:height\" content=\"650\" \/>\n\t<meta property=\"og:image:type\" content=\"image\/jpeg\" \/>\n<meta name=\"twitter:card\" content=\"summary_large_image\" \/>\n<meta name=\"twitter:label1\" content=\"Tiempo de lectura\" \/>\n\t<meta name=\"twitter:data1\" content=\"2 minutos\" \/>\n<script type=\"application\/ld+json\" class=\"yoast-schema-graph\">{\"@context\":\"https:\/\/schema.org\",\"@graph\":[{\"@type\":\"WebPage\",\"@id\":\"https:\/\/cuscoberga.com\/es\/producte\/cusco-berga-brut-nature-tradicion-reserva-2014\/\",\"url\":\"https:\/\/cuscoberga.com\/es\/producte\/cusco-berga-brut-nature-tradicion-reserva-2014\/\",\"name\":\"Cava Brut Nature Tradici\u00f3n Reserva 2019 Guarda Superior - Cusc\u00f3 Berga\",\"isPartOf\":{\"@id\":\"https:\/\/cuscoberga.com\/es\/#website\"},\"primaryImageOfPage\":{\"@id\":\"https:\/\/cuscoberga.com\/es\/producte\/cusco-berga-brut-nature-tradicion-reserva-2014\/#primaryimage\"},\"image\":{\"@id\":\"https:\/\/cuscoberga.com\/es\/producte\/cusco-berga-brut-nature-tradicion-reserva-2014\/#primaryimage\"},\"thumbnailUrl\":\"https:\/\/cuscoberga.com\/wp-content\/uploads\/2020\/02\/Cusco-Berga-Brut-Nature-Tradicio-Reserva.jpg\",\"datePublished\":\"2020-02-03T01:16:50+00:00\",\"dateModified\":\"2025-01-20T14:57:32+00:00\",\"breadcrumb\":{\"@id\":\"https:\/\/cuscoberga.com\/es\/producte\/cusco-berga-brut-nature-tradicion-reserva-2014\/#breadcrumb\"},\"inLanguage\":\"es\",\"potentialAction\":[{\"@type\":\"ReadAction\",\"target\":[\"https:\/\/cuscoberga.com\/es\/producte\/cusco-berga-brut-nature-tradicion-reserva-2014\/\"]}]},{\"@type\":\"ImageObject\",\"inLanguage\":\"es\",\"@id\":\"https:\/\/cuscoberga.com\/es\/producte\/cusco-berga-brut-nature-tradicion-reserva-2014\/#primaryimage\",\"url\":\"https:\/\/cuscoberga.com\/wp-content\/uploads\/2020\/02\/Cusco-Berga-Brut-Nature-Tradicio-Reserva.jpg\",\"contentUrl\":\"https:\/\/cuscoberga.com\/wp-content\/uploads\/2020\/02\/Cusco-Berga-Brut-Nature-Tradicio-Reserva.jpg\",\"width\":650,\"height\":650},{\"@type\":\"BreadcrumbList\",\"@id\":\"https:\/\/cuscoberga.com\/es\/producte\/cusco-berga-brut-nature-tradicion-reserva-2014\/#breadcrumb\",\"itemListElement\":[{\"@type\":\"ListItem\",\"position\":1,\"name\":\"Inici\",\"item\":\"https:\/\/cuscoberga.com\/es\/\"},{\"@type\":\"ListItem\",\"position\":2,\"name\":\"Tienda Online\",\"item\":\"https:\/\/cuscoberga.com\/es\/tienda\/\"},{\"@type\":\"ListItem\",\"position\":3,\"name\":\"Cava Brut Nature Tradici\u00f3n Reserva 2019 Guarda Superior\"}]},{\"@type\":\"WebSite\",\"@id\":\"https:\/\/cuscoberga.com\/es\/#website\",\"url\":\"https:\/\/cuscoberga.com\/es\/\",\"name\":\"Cusc\u00f3 Berga\",\"description\":\"\",\"potentialAction\":[{\"@type\":\"SearchAction\",\"target\":{\"@type\":\"EntryPoint\",\"urlTemplate\":\"https:\/\/cuscoberga.com\/es\/?s={search_term_string}\"},\"query-input\":{\"@type\":\"PropertyValueSpecification\",\"valueRequired\":true,\"valueName\":\"search_term_string\"}}],\"inLanguage\":\"es\"}]}<\/script>\n<!-- \/ Yoast SEO plugin. -->","yoast_head_json":{"title":"Cava Brut Nature Tradici\u00f3n Reserva 2019 Guarda Superior - Cusc\u00f3 Berga","robots":{"index":"index","follow":"follow","max-snippet":"max-snippet:-1","max-image-preview":"max-image-preview:large","max-video-preview":"max-video-preview:-1"},"canonical":"https:\/\/cuscoberga.com\/es\/producte\/cusco-berga-brut-nature-tradicion-reserva-2014\/","og_locale":"es_ES","og_type":"article","og_title":"Cava Brut Nature Tradici\u00f3n Reserva 2019 Guarda Superior - Cusc\u00f3 Berga","og_description":"BRUT NATURE TRADICI\u00d3N RESERVA Cava envejecimiento y crianza en rima m\u00e1s de 48 meses. Variedades de uva: Macabeu 20%, Xarel\u00b7lo 60%, Parellada 20%","og_url":"https:\/\/cuscoberga.com\/es\/producte\/cusco-berga-brut-nature-tradicion-reserva-2014\/","og_site_name":"Cusc\u00f3 Berga","article_modified_time":"2025-01-20T14:57:32+00:00","og_image":[{"width":650,"height":650,"url":"https:\/\/cuscoberga.com\/wp-content\/uploads\/2020\/02\/Cusco-Berga-Brut-Nature-Tradicio-Reserva.jpg","type":"image\/jpeg"}],"twitter_card":"summary_large_image","twitter_misc":{"Tiempo de lectura":"2 minutos"},"schema":{"@context":"https:\/\/schema.org","@graph":[{"@type":"WebPage","@id":"https:\/\/cuscoberga.com\/es\/producte\/cusco-berga-brut-nature-tradicion-reserva-2014\/","url":"https:\/\/cuscoberga.com\/es\/producte\/cusco-berga-brut-nature-tradicion-reserva-2014\/","name":"Cava Brut Nature Tradici\u00f3n Reserva 2019 Guarda Superior - Cusc\u00f3 Berga","isPartOf":{"@id":"https:\/\/cuscoberga.com\/es\/#website"},"primaryImageOfPage":{"@id":"https:\/\/cuscoberga.com\/es\/producte\/cusco-berga-brut-nature-tradicion-reserva-2014\/#primaryimage"},"image":{"@id":"https:\/\/cuscoberga.com\/es\/producte\/cusco-berga-brut-nature-tradicion-reserva-2014\/#primaryimage"},"thumbnailUrl":"https:\/\/cuscoberga.com\/wp-content\/uploads\/2020\/02\/Cusco-Berga-Brut-Nature-Tradicio-Reserva.jpg","datePublished":"2020-02-03T01:16:50+00:00","dateModified":"2025-01-20T14:57:32+00:00","breadcrumb":{"@id":"https:\/\/cuscoberga.com\/es\/producte\/cusco-berga-brut-nature-tradicion-reserva-2014\/#breadcrumb"},"inLanguage":"es","potentialAction":[{"@type":"ReadAction","target":["https:\/\/cuscoberga.com\/es\/producte\/cusco-berga-brut-nature-tradicion-reserva-2014\/"]}]},{"@type":"ImageObject","inLanguage":"es","@id":"https:\/\/cuscoberga.com\/es\/producte\/cusco-berga-brut-nature-tradicion-reserva-2014\/#primaryimage","url":"https:\/\/cuscoberga.com\/wp-content\/uploads\/2020\/02\/Cusco-Berga-Brut-Nature-Tradicio-Reserva.jpg","contentUrl":"https:\/\/cuscoberga.com\/wp-content\/uploads\/2020\/02\/Cusco-Berga-Brut-Nature-Tradicio-Reserva.jpg","width":650,"height":650},{"@type":"BreadcrumbList","@id":"https:\/\/cuscoberga.com\/es\/producte\/cusco-berga-brut-nature-tradicion-reserva-2014\/#breadcrumb","itemListElement":[{"@type":"ListItem","position":1,"name":"Inici","item":"https:\/\/cuscoberga.com\/es\/"},{"@type":"ListItem","position":2,"name":"Tienda Online","item":"https:\/\/cuscoberga.com\/es\/tienda\/"},{"@type":"ListItem","position":3,"name":"Cava Brut Nature Tradici\u00f3n Reserva 2019 Guarda Superior"}]},{"@type":"WebSite","@id":"https:\/\/cuscoberga.com\/es\/#website","url":"https:\/\/cuscoberga.com\/es\/","name":"Cusc\u00f3 Berga","description":"","potentialAction":[{"@type":"SearchAction","target":{"@type":"EntryPoint","urlTemplate":"https:\/\/cuscoberga.com\/es\/?s={search_term_string}"},"query-input":{"@type":"PropertyValueSpecification","valueRequired":true,"valueName":"search_term_string"}}],"inLanguage":"es"}]}},"_links":{"self":[{"href":"https:\/\/cuscoberga.com\/es\/wp-json\/wp\/v2\/product\/3352","targetHints":{"allow":["GET"]}}],"collection":[{"href":"https:\/\/cuscoberga.com\/es\/wp-json\/wp\/v2\/product"}],"about":[{"href":"https:\/\/cuscoberga.com\/es\/wp-json\/wp\/v2\/types\/product"}],"wp:featuredmedia":[{"embeddable":true,"href":"https:\/\/cuscoberga.com\/es\/wp-json\/wp\/v2\/media\/3355"}],"wp:attachment":[{"href":"https:\/\/cuscoberga.com\/es\/wp-json\/wp\/v2\/media?parent=3352"}],"wp:term":[{"taxonomy":"product_brand","embeddable":true,"href":"https:\/\/cuscoberga.com\/es\/wp-json\/wp\/v2\/product_brand?post=3352"},{"taxonomy":"product_cat","embeddable":true,"href":"https:\/\/cuscoberga.com\/es\/wp-json\/wp\/v2\/product_cat?post=3352"},{"taxonomy":"product_tag","embeddable":true,"href":"https:\/\/cuscoberga.com\/es\/wp-json\/wp\/v2\/product_tag?post=3352"}],"curies":[{"name":"wp","href":"https:\/\/api.w.org\/{rel}","templated":true}]}}