{"id":3350,"date":"2021-03-13T20:01:05","date_gmt":"2021-03-13T18:01:05","guid":{"rendered":"https:\/\/cuscoberga.com\/producte\/cusco-berga-brut-nature-natural-vino-espumoso-mon-calcic-2018\/"},"modified":"2022-11-03T20:11:58","modified_gmt":"2022-11-03T18:11:58","slug":"cusco-berga-brut-nature-natural-vino-espumoso-mon-calcic-2018","status":"publish","type":"product","link":"https:\/\/cuscoberga.com\/es\/producte\/cusco-berga-brut-nature-natural-vino-espumoso-mon-calcic-2018\/","title":{"rendered":"Espumoso Brut Nature Natural M\u00f3n C\u00e0lcic 2019"},"content":{"rendered":"<p><strong>ELABORACI\u00d3N<\/strong><br \/>\n\u00abM\u00c9TODO ANCESTRAL\u00bb, es un espumoso natural sin sulfitos a\u00f1adidos ni adici\u00f3n de ning\u00fan otro producto, fermentado con levaduras<br \/>\naut\u00f3ctonos y de m\u00ednima intervenci\u00f3n. Quiere expresar con franqueza la mineralidad del macizo calc\u00e1reo del Garraf. De hecho, se simboliza el Garraf en la etiqueta con un palmito. De color amarillo p\u00e1lido, es un xarelo 100% de vi\u00f1edos propios. Termina la primera fermentaci\u00f3n en botella durante tres meses a una temperatura de 10-12\u00baC.<\/p>\n<p><strong>ANAL\u00cdTICA<\/strong><br \/>\nGrado alcoh\u00f3lico: 11.5%, PH: 25.03, Acidez total: 3,58 g \/ l.<\/p>\n<p><strong>NOTA DE CATA<\/strong><br \/>\nVista: burbuja fina, en\u00e9rgica y persistente.<br \/>\nNariz: Es fino, joven y elegante, con notas varietales de fruta blanca (manzana \u00e1cida), c\u00edtricas, florales y de almendra.<br \/>\nBoca: Es seco y sobrio, con una buena escumositat pero no mucho volumen, suave, boca limpia y acidez equilibrada.<\/p>\n<p><strong>MARIDAJE<\/strong><br \/>\nTemperatura de consumo de 6-8\u00baC.<br \/>\nCasa en cualquiera de los Comidas principales.<br \/>\nDesde esta bodega familiar destacan su versatilidad gastron\u00f3mica.<\/p>\n","protected":false},"excerpt":{"rendered":"<p>M\u00f3nC\u00e0lcic Ancestral 2019<br \/>\nXarel\u00b7lo 100% BRUT NATURE.<\/p>\n","protected":false},"featured_media":3864,"template":"","meta":[],"product_brand":[],"product_cat":[119,117,118],"product_tag":[],"class_list":{"0":"post-3350","1":"product","2":"type-product","3":"status-publish","4":"has-post-thumbnail","6":"product_cat-brut-nature-reserva-es","7":"product_cat-cusco-berga-es","8":"product_cat-espumosos","9":"description-off","11":"first","12":"instock","13":"taxable","14":"shipping-taxable","15":"purchasable","16":"product-type-simple"},"yoast_head":"<!-- This site is optimized with the Yoast SEO plugin v27.0 - https:\/\/yoast.com\/product\/yoast-seo-wordpress\/ -->\n<title>Espumoso Brut Nature Natural M\u00f3n C\u00e0lcic 2019 - Cusc\u00f3 Berga<\/title>\n<meta name=\"robots\" content=\"index, follow, max-snippet:-1, max-image-preview:large, max-video-preview:-1\" \/>\n<link rel=\"canonical\" href=\"https:\/\/cuscoberga.com\/es\/producte\/cusco-berga-brut-nature-natural-vino-espumoso-mon-calcic-2018\/\" \/>\n<meta property=\"og:locale\" content=\"es_ES\" \/>\n<meta property=\"og:type\" content=\"article\" \/>\n<meta property=\"og:title\" content=\"Espumoso Brut Nature Natural M\u00f3n C\u00e0lcic 2019 - Cusc\u00f3 Berga\" \/>\n<meta property=\"og:description\" content=\"M\u00f3nC\u00e0lcic Ancestral 2019 Xarel\u00b7lo 100% BRUT NATURE.\" \/>\n<meta property=\"og:url\" content=\"https:\/\/cuscoberga.com\/es\/producte\/cusco-berga-brut-nature-natural-vino-espumoso-mon-calcic-2018\/\" \/>\n<meta property=\"og:site_name\" content=\"Cusc\u00f3 Berga\" \/>\n<meta property=\"article:modified_time\" content=\"2022-11-03T18:11:58+00:00\" \/>\n<meta property=\"og:image\" content=\"http:\/\/cuscoberga.com\/wp-content\/uploads\/2021\/03\/Cusco-Berga-Brut-Nature-Natural-Vi-escumos-Mon-Calcic-1.jpg\" \/>\n\t<meta property=\"og:image:width\" content=\"650\" \/>\n\t<meta property=\"og:image:height\" content=\"650\" \/>\n\t<meta property=\"og:image:type\" content=\"image\/jpeg\" \/>\n<meta name=\"twitter:card\" content=\"summary_large_image\" \/>\n<meta name=\"twitter:label1\" content=\"Tiempo de lectura\" \/>\n\t<meta name=\"twitter:data1\" content=\"1 minuto\" \/>\n<script type=\"application\/ld+json\" class=\"yoast-schema-graph\">{\"@context\":\"https:\/\/schema.org\",\"@graph\":[{\"@type\":\"WebPage\",\"@id\":\"https:\/\/cuscoberga.com\/es\/producte\/cusco-berga-brut-nature-natural-vino-espumoso-mon-calcic-2018\/\",\"url\":\"https:\/\/cuscoberga.com\/es\/producte\/cusco-berga-brut-nature-natural-vino-espumoso-mon-calcic-2018\/\",\"name\":\"Espumoso Brut Nature Natural M\u00f3n C\u00e0lcic 2019 - Cusc\u00f3 Berga\",\"isPartOf\":{\"@id\":\"https:\/\/cuscoberga.com\/es\/#website\"},\"primaryImageOfPage\":{\"@id\":\"https:\/\/cuscoberga.com\/es\/producte\/cusco-berga-brut-nature-natural-vino-espumoso-mon-calcic-2018\/#primaryimage\"},\"image\":{\"@id\":\"https:\/\/cuscoberga.com\/es\/producte\/cusco-berga-brut-nature-natural-vino-espumoso-mon-calcic-2018\/#primaryimage\"},\"thumbnailUrl\":\"https:\/\/cuscoberga.com\/wp-content\/uploads\/2021\/03\/Cusco-Berga-Brut-Nature-Natural-Vi-escumos-Mon-Calcic-1.jpg\",\"datePublished\":\"2021-03-13T18:01:05+00:00\",\"dateModified\":\"2022-11-03T18:11:58+00:00\",\"breadcrumb\":{\"@id\":\"https:\/\/cuscoberga.com\/es\/producte\/cusco-berga-brut-nature-natural-vino-espumoso-mon-calcic-2018\/#breadcrumb\"},\"inLanguage\":\"es\",\"potentialAction\":[{\"@type\":\"ReadAction\",\"target\":[\"https:\/\/cuscoberga.com\/es\/producte\/cusco-berga-brut-nature-natural-vino-espumoso-mon-calcic-2018\/\"]}]},{\"@type\":\"ImageObject\",\"inLanguage\":\"es\",\"@id\":\"https:\/\/cuscoberga.com\/es\/producte\/cusco-berga-brut-nature-natural-vino-espumoso-mon-calcic-2018\/#primaryimage\",\"url\":\"https:\/\/cuscoberga.com\/wp-content\/uploads\/2021\/03\/Cusco-Berga-Brut-Nature-Natural-Vi-escumos-Mon-Calcic-1.jpg\",\"contentUrl\":\"https:\/\/cuscoberga.com\/wp-content\/uploads\/2021\/03\/Cusco-Berga-Brut-Nature-Natural-Vi-escumos-Mon-Calcic-1.jpg\",\"width\":650,\"height\":650},{\"@type\":\"BreadcrumbList\",\"@id\":\"https:\/\/cuscoberga.com\/es\/producte\/cusco-berga-brut-nature-natural-vino-espumoso-mon-calcic-2018\/#breadcrumb\",\"itemListElement\":[{\"@type\":\"ListItem\",\"position\":1,\"name\":\"Inici\",\"item\":\"https:\/\/cuscoberga.com\/es\/\"},{\"@type\":\"ListItem\",\"position\":2,\"name\":\"Tienda Online\",\"item\":\"https:\/\/cuscoberga.com\/es\/tienda\/\"},{\"@type\":\"ListItem\",\"position\":3,\"name\":\"Espumoso Brut Nature Natural M\u00f3n C\u00e0lcic 2019\"}]},{\"@type\":\"WebSite\",\"@id\":\"https:\/\/cuscoberga.com\/es\/#website\",\"url\":\"https:\/\/cuscoberga.com\/es\/\",\"name\":\"Cusc\u00f3 Berga\",\"description\":\"\",\"potentialAction\":[{\"@type\":\"SearchAction\",\"target\":{\"@type\":\"EntryPoint\",\"urlTemplate\":\"https:\/\/cuscoberga.com\/es\/?s={search_term_string}\"},\"query-input\":{\"@type\":\"PropertyValueSpecification\",\"valueRequired\":true,\"valueName\":\"search_term_string\"}}],\"inLanguage\":\"es\"}]}<\/script>\n<!-- \/ Yoast SEO plugin. -->","yoast_head_json":{"title":"Espumoso Brut Nature Natural M\u00f3n C\u00e0lcic 2019 - Cusc\u00f3 Berga","robots":{"index":"index","follow":"follow","max-snippet":"max-snippet:-1","max-image-preview":"max-image-preview:large","max-video-preview":"max-video-preview:-1"},"canonical":"https:\/\/cuscoberga.com\/es\/producte\/cusco-berga-brut-nature-natural-vino-espumoso-mon-calcic-2018\/","og_locale":"es_ES","og_type":"article","og_title":"Espumoso Brut Nature Natural M\u00f3n C\u00e0lcic 2019 - Cusc\u00f3 Berga","og_description":"M\u00f3nC\u00e0lcic Ancestral 2019 Xarel\u00b7lo 100% BRUT NATURE.","og_url":"https:\/\/cuscoberga.com\/es\/producte\/cusco-berga-brut-nature-natural-vino-espumoso-mon-calcic-2018\/","og_site_name":"Cusc\u00f3 Berga","article_modified_time":"2022-11-03T18:11:58+00:00","og_image":[{"width":650,"height":650,"url":"http:\/\/cuscoberga.com\/wp-content\/uploads\/2021\/03\/Cusco-Berga-Brut-Nature-Natural-Vi-escumos-Mon-Calcic-1.jpg","type":"image\/jpeg"}],"twitter_card":"summary_large_image","twitter_misc":{"Tiempo de lectura":"1 minuto"},"schema":{"@context":"https:\/\/schema.org","@graph":[{"@type":"WebPage","@id":"https:\/\/cuscoberga.com\/es\/producte\/cusco-berga-brut-nature-natural-vino-espumoso-mon-calcic-2018\/","url":"https:\/\/cuscoberga.com\/es\/producte\/cusco-berga-brut-nature-natural-vino-espumoso-mon-calcic-2018\/","name":"Espumoso Brut Nature Natural M\u00f3n C\u00e0lcic 2019 - Cusc\u00f3 Berga","isPartOf":{"@id":"https:\/\/cuscoberga.com\/es\/#website"},"primaryImageOfPage":{"@id":"https:\/\/cuscoberga.com\/es\/producte\/cusco-berga-brut-nature-natural-vino-espumoso-mon-calcic-2018\/#primaryimage"},"image":{"@id":"https:\/\/cuscoberga.com\/es\/producte\/cusco-berga-brut-nature-natural-vino-espumoso-mon-calcic-2018\/#primaryimage"},"thumbnailUrl":"https:\/\/cuscoberga.com\/wp-content\/uploads\/2021\/03\/Cusco-Berga-Brut-Nature-Natural-Vi-escumos-Mon-Calcic-1.jpg","datePublished":"2021-03-13T18:01:05+00:00","dateModified":"2022-11-03T18:11:58+00:00","breadcrumb":{"@id":"https:\/\/cuscoberga.com\/es\/producte\/cusco-berga-brut-nature-natural-vino-espumoso-mon-calcic-2018\/#breadcrumb"},"inLanguage":"es","potentialAction":[{"@type":"ReadAction","target":["https:\/\/cuscoberga.com\/es\/producte\/cusco-berga-brut-nature-natural-vino-espumoso-mon-calcic-2018\/"]}]},{"@type":"ImageObject","inLanguage":"es","@id":"https:\/\/cuscoberga.com\/es\/producte\/cusco-berga-brut-nature-natural-vino-espumoso-mon-calcic-2018\/#primaryimage","url":"https:\/\/cuscoberga.com\/wp-content\/uploads\/2021\/03\/Cusco-Berga-Brut-Nature-Natural-Vi-escumos-Mon-Calcic-1.jpg","contentUrl":"https:\/\/cuscoberga.com\/wp-content\/uploads\/2021\/03\/Cusco-Berga-Brut-Nature-Natural-Vi-escumos-Mon-Calcic-1.jpg","width":650,"height":650},{"@type":"BreadcrumbList","@id":"https:\/\/cuscoberga.com\/es\/producte\/cusco-berga-brut-nature-natural-vino-espumoso-mon-calcic-2018\/#breadcrumb","itemListElement":[{"@type":"ListItem","position":1,"name":"Inici","item":"https:\/\/cuscoberga.com\/es\/"},{"@type":"ListItem","position":2,"name":"Tienda Online","item":"https:\/\/cuscoberga.com\/es\/tienda\/"},{"@type":"ListItem","position":3,"name":"Espumoso Brut Nature Natural M\u00f3n C\u00e0lcic 2019"}]},{"@type":"WebSite","@id":"https:\/\/cuscoberga.com\/es\/#website","url":"https:\/\/cuscoberga.com\/es\/","name":"Cusc\u00f3 Berga","description":"","potentialAction":[{"@type":"SearchAction","target":{"@type":"EntryPoint","urlTemplate":"https:\/\/cuscoberga.com\/es\/?s={search_term_string}"},"query-input":{"@type":"PropertyValueSpecification","valueRequired":true,"valueName":"search_term_string"}}],"inLanguage":"es"}]}},"_links":{"self":[{"href":"https:\/\/cuscoberga.com\/es\/wp-json\/wp\/v2\/product\/3350","targetHints":{"allow":["GET"]}}],"collection":[{"href":"https:\/\/cuscoberga.com\/es\/wp-json\/wp\/v2\/product"}],"about":[{"href":"https:\/\/cuscoberga.com\/es\/wp-json\/wp\/v2\/types\/product"}],"wp:featuredmedia":[{"embeddable":true,"href":"https:\/\/cuscoberga.com\/es\/wp-json\/wp\/v2\/media\/3864"}],"wp:attachment":[{"href":"https:\/\/cuscoberga.com\/es\/wp-json\/wp\/v2\/media?parent=3350"}],"wp:term":[{"taxonomy":"product_brand","embeddable":true,"href":"https:\/\/cuscoberga.com\/es\/wp-json\/wp\/v2\/product_brand?post=3350"},{"taxonomy":"product_cat","embeddable":true,"href":"https:\/\/cuscoberga.com\/es\/wp-json\/wp\/v2\/product_cat?post=3350"},{"taxonomy":"product_tag","embeddable":true,"href":"https:\/\/cuscoberga.com\/es\/wp-json\/wp\/v2\/product_tag?post=3350"}],"curies":[{"name":"wp","href":"https:\/\/api.w.org\/{rel}","templated":true}]}}