{"id":3192,"date":"2021-03-13T20:03:21","date_gmt":"2021-03-13T18:03:21","guid":{"rendered":"https:\/\/cuscoberga.com\/producte\/cusco-berga-brut-reserva-premium-2016\/"},"modified":"2025-01-20T17:32:01","modified_gmt":"2025-01-20T15:32:01","slug":"cusco-berga-brut-reserva-premium-2016","status":"publish","type":"product","link":"https:\/\/cuscoberga.com\/es\/producte\/cusco-berga-brut-reserva-premium-2016\/","title":{"rendered":"Cava Brut Reserva Premium Eco Guarda Superior"},"content":{"rendered":"<p><strong>ELABORACI\u00d3N<\/strong><br \/>\nM\u00e9todo tradicional: \u00abm\u00e9thode champenoise\u00bb, fermentaci\u00f3n en botella.<br \/>\nSe recogen las variedades por separado. El proceso de la bodega se inicia con el despalillado del grandes de la uva y luego es enfr\u00eda a 8\u00baC para minimizar la oxidaci\u00f3n. A continuaci\u00f3n las bayas pasan a las prensas donde se sangra el mosto flor por escorrent\u00eda natural que es un 55-60%. Se decanta a dep\u00f3sitos y es enfr\u00eda a 6\u00baC, dej\u00e1ndolo en reposo durante 24 horas. El mosto limpio pasa a los dep\u00f3sitos de fermentaci\u00f3n que se mantiene a una temperatura de 14-15\u00baC durante tres semanas. despu\u00e9s de los<br \/>\ntratamientos de acabado, estabilizaci\u00f3n y filtraci\u00f3n, se realiza el ensamblaje con los diferentes porcentajes, buscando normalmente un equilibrio de grado y acidez. A continuaci\u00f3n pasamos a la embotellado o tiraje, provocando la segunda fermentaci\u00f3n natural con la adici\u00f3n de levadura seleccionada, az\u00facar y tierras naturales. La fermentaci\u00f3n dura unos tres meses a una temperatura de 10-12\u00baC y luego contin\u00faa en rima durante dos a\u00f1os.<\/p>\n<p><strong>ANAL\u00cdTICA<\/strong><br \/>\nGrado alcoh\u00f3lico: 11.5%, PH: 3:04<br \/>\nAcidez total (sulf\u00farica): 4.2 g\/l<br \/>\nAz\u00facares residuales: 8-10 g\/l<\/p>\n<p><strong>NOTA DE CATA<\/strong><br \/>\nVista: color amarillo p\u00e1lido, desprendimientos de peque\u00f1as burbujas.<br \/>\nNariz: aroma fresco y con notas de fruta de manzana, c\u00edtricos.<br \/>\nBoca: la entrada en boca es ligeramente dulce y cremosa, espuma perfecta sin exceso de carb\u00f3nico y<br \/>\nacidez equilibrada.<\/p>\n<p><strong>MARIDAJE<\/strong><br \/>\nTemperatura de consumo de 6-8\u00baC.<br \/>\nEs aconsejable en cualquier aperitivo, comida de principio a fin, plancha, guisados, con postres no excesivamente<br \/>\ndulces, macedonia, pasteles, crema catalana.<\/p>\n<p><strong>Informaci\u00f3n nutricional por 100ml.<\/strong><\/p>\n<p>Valor energ\u00e9tico 100 ml\/unidad. 272,00 kj. \/ 65,00 Kcal.<br \/>\nGrasa. &#8212;&#8212;&#8212;&#8212;&#8212;&#8212;&#8212;&#8212;&#8212;&#8212;&#8212;&#8212;&#8212;&#8212;&#8212;&#8212;&#8211; &#8212;&#8212; 0 gr.<br \/>\n\u00c1cidos desde las saturas &#8212;&#8212;&#8212;&#8212;&#8212;&#8212;&#8212;&#8212;&#8212; 0,75 gr.<br \/>\nHidratos de carb\u00f3n &#8212;&#8212;&#8212;&#8212;&#8212;&#8212;&#8212;&#8212;&#8212;&#8212;&#8212;&#8212;&#8211; 0,75 gr<br \/>\nAz\u00facares &#8212;&#8212;&#8212;&#8212;&#8212;&#8212;&#8212;&#8212;&#8212;&#8212;&#8212;&#8212;&#8212;&#8212;&#8212;&#8212;&#8212;&#8211; &#8212; 0,25 gr.<br \/>\nFibra &#8212;&#8212;&#8212;&#8212;&#8212;&#8212;&#8212;&#8212;&#8212;&#8212;&#8212;&#8212;&#8212;&#8212;&#8212;&#8212;&#8212;&#8211; &#8212;&#8212;&#8211; 0 gr.<br \/>\nProte\u00ednas &#8212;&#8212;&#8212;&#8212;&#8212;&#8212;&#8212;&#8212;&#8212;&#8212;&#8212;&#8212;&#8212;&#8212;&#8212;&#8212;- &#8212; 0 gr.<br \/>\nSal &#8212;&#8212;&#8212;&#8212;&#8212;&#8212;&#8212;&#8212;&#8212;&#8212;&#8212;&#8212;&#8212;&#8212;&#8212;&#8212;- &#8212;&#8212;&#8212;- 0 gr.<\/p>\n<p><img loading=\"lazy\" decoding=\"async\" class=\"alignleft wp-image-3995\" src=\"http:\/\/cuscoberga.com\/wp-content\/uploads\/2021\/03\/eco-300x200.jpg\" alt=\"\" width=\"100\" height=\"67\" srcset=\"https:\/\/cuscoberga.com\/wp-content\/uploads\/2021\/03\/eco-300x200.jpg 300w, https:\/\/cuscoberga.com\/wp-content\/uploads\/2021\/03\/eco.jpg 500w\" sizes=\"auto, (max-width: 100px) 100vw, 100px\" \/><\/p>\n","protected":false},"excerpt":{"rendered":"<p>BRUT RESERVA PREMIUM Cava envejecimiento en rima 24 meses.<br \/>\nVariedades: Macabeo 20%, Xarel\u00b7lo 60%, Parellada 20%.<\/p>\n","protected":false},"featured_media":4037,"template":"","meta":[],"product_brand":[],"product_cat":[120,117,118],"product_tag":[],"class_list":{"0":"post-3192","1":"product","2":"type-product","3":"status-publish","4":"has-post-thumbnail","6":"product_cat-brut-reserva-es","7":"product_cat-cusco-berga-es","8":"product_cat-espumosos","9":"description-off","11":"first","12":"instock","13":"taxable","14":"shipping-taxable","15":"purchasable","16":"product-type-simple"},"yoast_head":"<!-- This site is optimized with the Yoast SEO plugin v27.0 - https:\/\/yoast.com\/product\/yoast-seo-wordpress\/ -->\n<title>Cava Brut Reserva Premium Eco Guarda Superior - Cusc\u00f3 Berga<\/title>\n<meta name=\"robots\" content=\"index, follow, max-snippet:-1, max-image-preview:large, max-video-preview:-1\" \/>\n<link rel=\"canonical\" href=\"https:\/\/cuscoberga.com\/es\/producte\/cusco-berga-brut-reserva-premium-2016\/\" \/>\n<meta property=\"og:locale\" content=\"es_ES\" \/>\n<meta property=\"og:type\" content=\"article\" \/>\n<meta property=\"og:title\" content=\"Cava Brut Reserva Premium Eco Guarda Superior - Cusc\u00f3 Berga\" \/>\n<meta property=\"og:description\" content=\"BRUT RESERVA PREMIUM Cava envejecimiento en rima 24 meses. Variedades: Macabeo 20%, Xarel\u00b7lo 60%, Parellada 20%.\" \/>\n<meta property=\"og:url\" content=\"https:\/\/cuscoberga.com\/es\/producte\/cusco-berga-brut-reserva-premium-2016\/\" \/>\n<meta property=\"og:site_name\" content=\"Cusc\u00f3 Berga\" \/>\n<meta property=\"article:modified_time\" content=\"2025-01-20T15:32:01+00:00\" \/>\n<meta property=\"og:image\" content=\"https:\/\/cuscoberga.com\/wp-content\/uploads\/2021\/03\/1.jpg\" \/>\n\t<meta property=\"og:image:width\" content=\"650\" \/>\n\t<meta property=\"og:image:height\" content=\"650\" \/>\n\t<meta property=\"og:image:type\" content=\"image\/jpeg\" \/>\n<meta name=\"twitter:card\" content=\"summary_large_image\" \/>\n<meta name=\"twitter:label1\" content=\"Tiempo de lectura\" \/>\n\t<meta name=\"twitter:data1\" content=\"2 minutos\" \/>\n<script type=\"application\/ld+json\" class=\"yoast-schema-graph\">{\"@context\":\"https:\/\/schema.org\",\"@graph\":[{\"@type\":\"WebPage\",\"@id\":\"https:\/\/cuscoberga.com\/es\/producte\/cusco-berga-brut-reserva-premium-2016\/\",\"url\":\"https:\/\/cuscoberga.com\/es\/producte\/cusco-berga-brut-reserva-premium-2016\/\",\"name\":\"Cava Brut Reserva Premium Eco Guarda Superior - Cusc\u00f3 Berga\",\"isPartOf\":{\"@id\":\"https:\/\/cuscoberga.com\/es\/#website\"},\"primaryImageOfPage\":{\"@id\":\"https:\/\/cuscoberga.com\/es\/producte\/cusco-berga-brut-reserva-premium-2016\/#primaryimage\"},\"image\":{\"@id\":\"https:\/\/cuscoberga.com\/es\/producte\/cusco-berga-brut-reserva-premium-2016\/#primaryimage\"},\"thumbnailUrl\":\"https:\/\/cuscoberga.com\/wp-content\/uploads\/2021\/03\/1.jpg\",\"datePublished\":\"2021-03-13T18:03:21+00:00\",\"dateModified\":\"2025-01-20T15:32:01+00:00\",\"breadcrumb\":{\"@id\":\"https:\/\/cuscoberga.com\/es\/producte\/cusco-berga-brut-reserva-premium-2016\/#breadcrumb\"},\"inLanguage\":\"es\",\"potentialAction\":[{\"@type\":\"ReadAction\",\"target\":[\"https:\/\/cuscoberga.com\/es\/producte\/cusco-berga-brut-reserva-premium-2016\/\"]}]},{\"@type\":\"ImageObject\",\"inLanguage\":\"es\",\"@id\":\"https:\/\/cuscoberga.com\/es\/producte\/cusco-berga-brut-reserva-premium-2016\/#primaryimage\",\"url\":\"https:\/\/cuscoberga.com\/wp-content\/uploads\/2021\/03\/1.jpg\",\"contentUrl\":\"https:\/\/cuscoberga.com\/wp-content\/uploads\/2021\/03\/1.jpg\",\"width\":650,\"height\":650},{\"@type\":\"BreadcrumbList\",\"@id\":\"https:\/\/cuscoberga.com\/es\/producte\/cusco-berga-brut-reserva-premium-2016\/#breadcrumb\",\"itemListElement\":[{\"@type\":\"ListItem\",\"position\":1,\"name\":\"Inici\",\"item\":\"https:\/\/cuscoberga.com\/es\/\"},{\"@type\":\"ListItem\",\"position\":2,\"name\":\"Tienda Online\",\"item\":\"https:\/\/cuscoberga.com\/es\/tienda\/\"},{\"@type\":\"ListItem\",\"position\":3,\"name\":\"Cava Brut Reserva Premium Eco Guarda Superior\"}]},{\"@type\":\"WebSite\",\"@id\":\"https:\/\/cuscoberga.com\/es\/#website\",\"url\":\"https:\/\/cuscoberga.com\/es\/\",\"name\":\"Cusc\u00f3 Berga\",\"description\":\"\",\"potentialAction\":[{\"@type\":\"SearchAction\",\"target\":{\"@type\":\"EntryPoint\",\"urlTemplate\":\"https:\/\/cuscoberga.com\/es\/?s={search_term_string}\"},\"query-input\":{\"@type\":\"PropertyValueSpecification\",\"valueRequired\":true,\"valueName\":\"search_term_string\"}}],\"inLanguage\":\"es\"}]}<\/script>\n<!-- \/ Yoast SEO plugin. -->","yoast_head_json":{"title":"Cava Brut Reserva Premium Eco Guarda Superior - Cusc\u00f3 Berga","robots":{"index":"index","follow":"follow","max-snippet":"max-snippet:-1","max-image-preview":"max-image-preview:large","max-video-preview":"max-video-preview:-1"},"canonical":"https:\/\/cuscoberga.com\/es\/producte\/cusco-berga-brut-reserva-premium-2016\/","og_locale":"es_ES","og_type":"article","og_title":"Cava Brut Reserva Premium Eco Guarda Superior - Cusc\u00f3 Berga","og_description":"BRUT RESERVA PREMIUM Cava envejecimiento en rima 24 meses. Variedades: Macabeo 20%, Xarel\u00b7lo 60%, Parellada 20%.","og_url":"https:\/\/cuscoberga.com\/es\/producte\/cusco-berga-brut-reserva-premium-2016\/","og_site_name":"Cusc\u00f3 Berga","article_modified_time":"2025-01-20T15:32:01+00:00","og_image":[{"width":650,"height":650,"url":"https:\/\/cuscoberga.com\/wp-content\/uploads\/2021\/03\/1.jpg","type":"image\/jpeg"}],"twitter_card":"summary_large_image","twitter_misc":{"Tiempo de lectura":"2 minutos"},"schema":{"@context":"https:\/\/schema.org","@graph":[{"@type":"WebPage","@id":"https:\/\/cuscoberga.com\/es\/producte\/cusco-berga-brut-reserva-premium-2016\/","url":"https:\/\/cuscoberga.com\/es\/producte\/cusco-berga-brut-reserva-premium-2016\/","name":"Cava Brut Reserva Premium Eco Guarda Superior - Cusc\u00f3 Berga","isPartOf":{"@id":"https:\/\/cuscoberga.com\/es\/#website"},"primaryImageOfPage":{"@id":"https:\/\/cuscoberga.com\/es\/producte\/cusco-berga-brut-reserva-premium-2016\/#primaryimage"},"image":{"@id":"https:\/\/cuscoberga.com\/es\/producte\/cusco-berga-brut-reserva-premium-2016\/#primaryimage"},"thumbnailUrl":"https:\/\/cuscoberga.com\/wp-content\/uploads\/2021\/03\/1.jpg","datePublished":"2021-03-13T18:03:21+00:00","dateModified":"2025-01-20T15:32:01+00:00","breadcrumb":{"@id":"https:\/\/cuscoberga.com\/es\/producte\/cusco-berga-brut-reserva-premium-2016\/#breadcrumb"},"inLanguage":"es","potentialAction":[{"@type":"ReadAction","target":["https:\/\/cuscoberga.com\/es\/producte\/cusco-berga-brut-reserva-premium-2016\/"]}]},{"@type":"ImageObject","inLanguage":"es","@id":"https:\/\/cuscoberga.com\/es\/producte\/cusco-berga-brut-reserva-premium-2016\/#primaryimage","url":"https:\/\/cuscoberga.com\/wp-content\/uploads\/2021\/03\/1.jpg","contentUrl":"https:\/\/cuscoberga.com\/wp-content\/uploads\/2021\/03\/1.jpg","width":650,"height":650},{"@type":"BreadcrumbList","@id":"https:\/\/cuscoberga.com\/es\/producte\/cusco-berga-brut-reserva-premium-2016\/#breadcrumb","itemListElement":[{"@type":"ListItem","position":1,"name":"Inici","item":"https:\/\/cuscoberga.com\/es\/"},{"@type":"ListItem","position":2,"name":"Tienda Online","item":"https:\/\/cuscoberga.com\/es\/tienda\/"},{"@type":"ListItem","position":3,"name":"Cava Brut Reserva Premium Eco Guarda Superior"}]},{"@type":"WebSite","@id":"https:\/\/cuscoberga.com\/es\/#website","url":"https:\/\/cuscoberga.com\/es\/","name":"Cusc\u00f3 Berga","description":"","potentialAction":[{"@type":"SearchAction","target":{"@type":"EntryPoint","urlTemplate":"https:\/\/cuscoberga.com\/es\/?s={search_term_string}"},"query-input":{"@type":"PropertyValueSpecification","valueRequired":true,"valueName":"search_term_string"}}],"inLanguage":"es"}]}},"_links":{"self":[{"href":"https:\/\/cuscoberga.com\/es\/wp-json\/wp\/v2\/product\/3192","targetHints":{"allow":["GET"]}}],"collection":[{"href":"https:\/\/cuscoberga.com\/es\/wp-json\/wp\/v2\/product"}],"about":[{"href":"https:\/\/cuscoberga.com\/es\/wp-json\/wp\/v2\/types\/product"}],"wp:featuredmedia":[{"embeddable":true,"href":"https:\/\/cuscoberga.com\/es\/wp-json\/wp\/v2\/media\/4037"}],"wp:attachment":[{"href":"https:\/\/cuscoberga.com\/es\/wp-json\/wp\/v2\/media?parent=3192"}],"wp:term":[{"taxonomy":"product_brand","embeddable":true,"href":"https:\/\/cuscoberga.com\/es\/wp-json\/wp\/v2\/product_brand?post=3192"},{"taxonomy":"product_cat","embeddable":true,"href":"https:\/\/cuscoberga.com\/es\/wp-json\/wp\/v2\/product_cat?post=3192"},{"taxonomy":"product_tag","embeddable":true,"href":"https:\/\/cuscoberga.com\/es\/wp-json\/wp\/v2\/product_tag?post=3192"}],"curies":[{"name":"wp","href":"https:\/\/api.w.org\/{rel}","templated":true}]}}