{"id":3188,"date":"2021-03-13T20:08:52","date_gmt":"2021-03-13T18:08:52","guid":{"rendered":"https:\/\/cuscoberga.com\/producte\/cusco-berga-brut-nature-reserva-premium\/"},"modified":"2025-09-30T10:12:28","modified_gmt":"2025-09-30T08:12:28","slug":"cusco-berga-brut-nature-reserva-premium","status":"publish","type":"product","link":"https:\/\/cuscoberga.com\/es\/producte\/cusco-berga-brut-nature-reserva-premium\/","title":{"rendered":"Cava Brut Nature Reserva Premium Ecol\u00f3gico Guarda Superior"},"content":{"rendered":"<p><strong>ELABORACI\u00d3N<\/strong><br \/>\nM\u00e9todo tradicional: \u00abm\u00e9thode champenoise\u00bb, fermentaci\u00f3n en botella. Se recogen las variedades por separado. El proceso de la bodega se inicia con el despalillado del grandes de la uva y luego se enfr\u00eda a 8\u00baC para minimizar la oxidaci\u00f3n. A continuaci\u00f3n las bayas pasan a las prensas donde se sangra el mosto flor por escorrent\u00eda natural que es un 55-60%. Se decanta a dep\u00f3sitos y es enfr\u00eda a 6\u00baC, dej\u00e1ndolo en reposo durante 24 horas. El mosto limpio pasa a los dep\u00f3sitos de fermentaci\u00f3n que se realiza a 14-15\u00baC durante tres semanas. Despu\u00e9s de los tratamientos de acabado, filtraci\u00f3n y estabilizaci\u00f3n, se realiza el ensamblaje con los diferentes porcentajes, buscando normalmente cada a\u00f1o un equilibrio de grado y acidez. Asimismo de embotellar provocamos la segunda fermentaci\u00f3n natural con la adici\u00f3n de levadura seleccionada certificada, az\u00facar ecol\u00f3gico de ca\u00f1a blanca y tierras naturales. La fermentaci\u00f3n dura unos tres meses a una temperatura de 10-12\u00baC y luego contin\u00faa en rima para convertirse en un Reserva.<br \/>\n<strong><br \/>\nANAL\u00cdTICA<\/strong><br \/>\nGrado alcoh\u00f3lico: 11.5%<br \/>\nPH: 3,04<br \/>\nAcidez total: 4.2 g\/l<\/p>\n<p><strong><br \/>\nNOTA DE CATA<\/strong><br \/>\nVista: color amarillo p\u00e1lido, desprendimiento de peque\u00f1as burbujas.<br \/>\nNariz: aroma fresco y con notas de fruta de manzana, c\u00edtricos.<br \/>\nBoca: seco y suave, espuma perfecta sin exceso de carb\u00f3nico y acidez equilibrada.<\/p>\n<p><strong><br \/>\nMARIDAJE<\/strong><br \/>\nTemperatura de consumo de 6-8\u00baC. Es aconsejable para cualquier aperitivo, comida de principio a fin, plancha, guisados, con postres no excesivamente dulces macedonia, pasteles, crema catalana.<\/p>\n<p><strong>Informaci\u00f3n nutricional por 100ml.<\/strong><\/p>\n<p>Valor energ\u00e9tico 100 ml\/unidad. 255,47 kj. \/ 61,06 Kcal.<br \/>\nGrasa. &#8212;&#8212;&#8212;&#8212;&#8212;&#8212;&#8212;&#8212;&#8212;&#8212;&#8212;&#8212;&#8212;&#8212;&#8212;&#8212;&#8211; &#8212;&#8212; 0 gr.<br \/>\n\u00c1cidos desde las saturas &#8212;&#8212;&#8212;&#8212;&#8212;&#8212;&#8212;&#8212;&#8212; 0,75 gr.<br \/>\nHidratos de carb\u00f3n &#8212;&#8212;&#8212;&#8212;&#8212;&#8212;&#8212;&#8212;&#8212;&#8212;&#8212;&#8212;&#8211; 0,75 gr<br \/>\nAz\u00facares &#8212;&#8212;&#8212;&#8212;&#8212;&#8212;&#8212;&#8212;&#8212;&#8212;&#8212;&#8212;&#8212;&#8212;&#8212;&#8212;&#8212;&#8211; &#8212; 0,25 gr.<br \/>\nFibra &#8212;&#8212;&#8212;&#8212;&#8212;&#8212;&#8212;&#8212;&#8212;&#8212;&#8212;&#8212;&#8212;&#8212;&#8212;&#8212;&#8212;&#8211; &#8212;&#8212;&#8211; 0 gr.<br \/>\nProte\u00ednas &#8212;&#8212;&#8212;&#8212;&#8212;&#8212;&#8212;&#8212;&#8212;&#8212;&#8212;&#8212;&#8212;&#8212;&#8212;&#8212;- &#8212; 0 gr.<br \/>\nSal &#8212;&#8212;&#8212;&#8212;&#8212;&#8212;&#8212;&#8212;&#8212;&#8212;&#8212;&#8212;&#8212;&#8212;&#8212;&#8212;- &#8212;&#8212;&#8212;- 0 gr.<\/p>\n<p><img loading=\"lazy\" decoding=\"async\" class=\"alignleft wp-image-3995\" src=\"http:\/\/cuscoberga.com\/wp-content\/uploads\/2021\/03\/eco-300x200.jpg\" alt=\"\" width=\"100\" height=\"67\" srcset=\"https:\/\/cuscoberga.com\/wp-content\/uploads\/2021\/03\/eco-300x200.jpg 300w, https:\/\/cuscoberga.com\/wp-content\/uploads\/2021\/03\/eco.jpg 500w\" sizes=\"auto, (max-width: 100px) 100vw, 100px\" \/><\/p>\n","protected":false},"excerpt":{"rendered":"<p>Cava Brut Nature Reserva \u00abPremium\u00bb 2022 ECO &#8211; Medalla de Oro Vinari 2021<\/p>\n<h4 class=\"LC20lb MBeuO DKV0Md\">Decanter World Wine Awards 2024 &#8211; 90 points<\/h4>\n<h4 class=\"LC20lb MBeuO DKV0Md\">Varietats de ra\u00efm: Macabeu 20%, Xarel\u00b7lo 60%, Parellada 20%.<\/h4>\n","protected":false},"featured_media":4034,"template":"","meta":[],"product_brand":[],"product_cat":[119,117,118],"product_tag":[170],"class_list":{"0":"post-3188","1":"product","2":"type-product","3":"status-publish","4":"has-post-thumbnail","6":"product_cat-brut-nature-reserva-es","7":"product_cat-cusco-berga-es","8":"product_cat-espumosos","9":"product_tag-guarda-superior-es","10":"description-off","12":"first","13":"instock","14":"taxable","15":"shipping-taxable","16":"purchasable","17":"product-type-simple"},"yoast_head":"<!-- This site is optimized with the Yoast SEO plugin v27.0 - https:\/\/yoast.com\/product\/yoast-seo-wordpress\/ -->\n<title>Cava Brut Nature Reserva Premium Ecol\u00f3gico Guarda Superior - Cusc\u00f3 Berga<\/title>\n<meta name=\"robots\" content=\"index, follow, max-snippet:-1, max-image-preview:large, max-video-preview:-1\" \/>\n<link rel=\"canonical\" href=\"https:\/\/cuscoberga.com\/es\/producte\/cusco-berga-brut-nature-reserva-premium\/\" \/>\n<meta property=\"og:locale\" content=\"es_ES\" \/>\n<meta property=\"og:type\" content=\"article\" \/>\n<meta property=\"og:title\" content=\"Cava Brut Nature Reserva Premium Ecol\u00f3gico Guarda Superior - Cusc\u00f3 Berga\" \/>\n<meta property=\"og:description\" content=\"Cava Brut Nature Reserva &quot;Premium&quot; 2022 ECO - Medalla de Oro Vinari 2021 Decanter World Wine Awards 2024 - 90 points Varietats de ra\u00efm: Macabeu 20%, Xarel\u00b7lo 60%, Parellada 20%.\" \/>\n<meta property=\"og:url\" content=\"https:\/\/cuscoberga.com\/es\/producte\/cusco-berga-brut-nature-reserva-premium\/\" \/>\n<meta property=\"og:site_name\" content=\"Cusc\u00f3 Berga\" \/>\n<meta property=\"article:modified_time\" content=\"2025-09-30T08:12:28+00:00\" \/>\n<meta property=\"og:image\" content=\"https:\/\/cuscoberga.com\/wp-content\/uploads\/2021\/03\/3.jpg\" \/>\n\t<meta property=\"og:image:width\" content=\"650\" \/>\n\t<meta property=\"og:image:height\" content=\"650\" \/>\n\t<meta property=\"og:image:type\" content=\"image\/jpeg\" \/>\n<meta name=\"twitter:card\" content=\"summary_large_image\" \/>\n<meta name=\"twitter:label1\" content=\"Tiempo de lectura\" \/>\n\t<meta name=\"twitter:data1\" content=\"2 minutos\" \/>\n<script type=\"application\/ld+json\" class=\"yoast-schema-graph\">{\"@context\":\"https:\/\/schema.org\",\"@graph\":[{\"@type\":\"WebPage\",\"@id\":\"https:\/\/cuscoberga.com\/es\/producte\/cusco-berga-brut-nature-reserva-premium\/\",\"url\":\"https:\/\/cuscoberga.com\/es\/producte\/cusco-berga-brut-nature-reserva-premium\/\",\"name\":\"Cava Brut Nature Reserva Premium Ecol\u00f3gico Guarda Superior - Cusc\u00f3 Berga\",\"isPartOf\":{\"@id\":\"http:\/\/cuscoberga.com\/es\/#website\"},\"primaryImageOfPage\":{\"@id\":\"https:\/\/cuscoberga.com\/es\/producte\/cusco-berga-brut-nature-reserva-premium\/#primaryimage\"},\"image\":{\"@id\":\"https:\/\/cuscoberga.com\/es\/producte\/cusco-berga-brut-nature-reserva-premium\/#primaryimage\"},\"thumbnailUrl\":\"https:\/\/cuscoberga.com\/wp-content\/uploads\/2021\/03\/3.jpg\",\"datePublished\":\"2021-03-13T18:08:52+00:00\",\"dateModified\":\"2025-09-30T08:12:28+00:00\",\"breadcrumb\":{\"@id\":\"https:\/\/cuscoberga.com\/es\/producte\/cusco-berga-brut-nature-reserva-premium\/#breadcrumb\"},\"inLanguage\":\"es\",\"potentialAction\":[{\"@type\":\"ReadAction\",\"target\":[\"https:\/\/cuscoberga.com\/es\/producte\/cusco-berga-brut-nature-reserva-premium\/\"]}]},{\"@type\":\"ImageObject\",\"inLanguage\":\"es\",\"@id\":\"https:\/\/cuscoberga.com\/es\/producte\/cusco-berga-brut-nature-reserva-premium\/#primaryimage\",\"url\":\"https:\/\/cuscoberga.com\/wp-content\/uploads\/2021\/03\/3.jpg\",\"contentUrl\":\"https:\/\/cuscoberga.com\/wp-content\/uploads\/2021\/03\/3.jpg\",\"width\":650,\"height\":650},{\"@type\":\"BreadcrumbList\",\"@id\":\"https:\/\/cuscoberga.com\/es\/producte\/cusco-berga-brut-nature-reserva-premium\/#breadcrumb\",\"itemListElement\":[{\"@type\":\"ListItem\",\"position\":1,\"name\":\"Inici\",\"item\":\"https:\/\/cuscoberga.com\/es\/\"},{\"@type\":\"ListItem\",\"position\":2,\"name\":\"Tienda Online\",\"item\":\"https:\/\/cuscoberga.com\/es\/tienda\/\"},{\"@type\":\"ListItem\",\"position\":3,\"name\":\"Cava Brut Nature Reserva Premium Ecol\u00f3gico Guarda Superior\"}]},{\"@type\":\"WebSite\",\"@id\":\"http:\/\/cuscoberga.com\/es\/#website\",\"url\":\"http:\/\/cuscoberga.com\/es\/\",\"name\":\"Cusc\u00f3 Berga\",\"description\":\"\",\"potentialAction\":[{\"@type\":\"SearchAction\",\"target\":{\"@type\":\"EntryPoint\",\"urlTemplate\":\"http:\/\/cuscoberga.com\/es\/?s={search_term_string}\"},\"query-input\":{\"@type\":\"PropertyValueSpecification\",\"valueRequired\":true,\"valueName\":\"search_term_string\"}}],\"inLanguage\":\"es\"}]}<\/script>\n<!-- \/ Yoast SEO plugin. -->","yoast_head_json":{"title":"Cava Brut Nature Reserva Premium Ecol\u00f3gico Guarda Superior - Cusc\u00f3 Berga","robots":{"index":"index","follow":"follow","max-snippet":"max-snippet:-1","max-image-preview":"max-image-preview:large","max-video-preview":"max-video-preview:-1"},"canonical":"https:\/\/cuscoberga.com\/es\/producte\/cusco-berga-brut-nature-reserva-premium\/","og_locale":"es_ES","og_type":"article","og_title":"Cava Brut Nature Reserva Premium Ecol\u00f3gico Guarda Superior - Cusc\u00f3 Berga","og_description":"Cava Brut Nature Reserva \"Premium\" 2022 ECO - Medalla de Oro Vinari 2021 Decanter World Wine Awards 2024 - 90 points Varietats de ra\u00efm: Macabeu 20%, Xarel\u00b7lo 60%, Parellada 20%.","og_url":"https:\/\/cuscoberga.com\/es\/producte\/cusco-berga-brut-nature-reserva-premium\/","og_site_name":"Cusc\u00f3 Berga","article_modified_time":"2025-09-30T08:12:28+00:00","og_image":[{"width":650,"height":650,"url":"https:\/\/cuscoberga.com\/wp-content\/uploads\/2021\/03\/3.jpg","type":"image\/jpeg"}],"twitter_card":"summary_large_image","twitter_misc":{"Tiempo de lectura":"2 minutos"},"schema":{"@context":"https:\/\/schema.org","@graph":[{"@type":"WebPage","@id":"https:\/\/cuscoberga.com\/es\/producte\/cusco-berga-brut-nature-reserva-premium\/","url":"https:\/\/cuscoberga.com\/es\/producte\/cusco-berga-brut-nature-reserva-premium\/","name":"Cava Brut Nature Reserva Premium Ecol\u00f3gico Guarda Superior - Cusc\u00f3 Berga","isPartOf":{"@id":"http:\/\/cuscoberga.com\/es\/#website"},"primaryImageOfPage":{"@id":"https:\/\/cuscoberga.com\/es\/producte\/cusco-berga-brut-nature-reserva-premium\/#primaryimage"},"image":{"@id":"https:\/\/cuscoberga.com\/es\/producte\/cusco-berga-brut-nature-reserva-premium\/#primaryimage"},"thumbnailUrl":"https:\/\/cuscoberga.com\/wp-content\/uploads\/2021\/03\/3.jpg","datePublished":"2021-03-13T18:08:52+00:00","dateModified":"2025-09-30T08:12:28+00:00","breadcrumb":{"@id":"https:\/\/cuscoberga.com\/es\/producte\/cusco-berga-brut-nature-reserva-premium\/#breadcrumb"},"inLanguage":"es","potentialAction":[{"@type":"ReadAction","target":["https:\/\/cuscoberga.com\/es\/producte\/cusco-berga-brut-nature-reserva-premium\/"]}]},{"@type":"ImageObject","inLanguage":"es","@id":"https:\/\/cuscoberga.com\/es\/producte\/cusco-berga-brut-nature-reserva-premium\/#primaryimage","url":"https:\/\/cuscoberga.com\/wp-content\/uploads\/2021\/03\/3.jpg","contentUrl":"https:\/\/cuscoberga.com\/wp-content\/uploads\/2021\/03\/3.jpg","width":650,"height":650},{"@type":"BreadcrumbList","@id":"https:\/\/cuscoberga.com\/es\/producte\/cusco-berga-brut-nature-reserva-premium\/#breadcrumb","itemListElement":[{"@type":"ListItem","position":1,"name":"Inici","item":"https:\/\/cuscoberga.com\/es\/"},{"@type":"ListItem","position":2,"name":"Tienda Online","item":"https:\/\/cuscoberga.com\/es\/tienda\/"},{"@type":"ListItem","position":3,"name":"Cava Brut Nature Reserva Premium Ecol\u00f3gico Guarda Superior"}]},{"@type":"WebSite","@id":"http:\/\/cuscoberga.com\/es\/#website","url":"http:\/\/cuscoberga.com\/es\/","name":"Cusc\u00f3 Berga","description":"","potentialAction":[{"@type":"SearchAction","target":{"@type":"EntryPoint","urlTemplate":"http:\/\/cuscoberga.com\/es\/?s={search_term_string}"},"query-input":{"@type":"PropertyValueSpecification","valueRequired":true,"valueName":"search_term_string"}}],"inLanguage":"es"}]}},"_links":{"self":[{"href":"https:\/\/cuscoberga.com\/es\/wp-json\/wp\/v2\/product\/3188","targetHints":{"allow":["GET"]}}],"collection":[{"href":"https:\/\/cuscoberga.com\/es\/wp-json\/wp\/v2\/product"}],"about":[{"href":"https:\/\/cuscoberga.com\/es\/wp-json\/wp\/v2\/types\/product"}],"wp:featuredmedia":[{"embeddable":true,"href":"https:\/\/cuscoberga.com\/es\/wp-json\/wp\/v2\/media\/4034"}],"wp:attachment":[{"href":"https:\/\/cuscoberga.com\/es\/wp-json\/wp\/v2\/media?parent=3188"}],"wp:term":[{"taxonomy":"product_brand","embeddable":true,"href":"https:\/\/cuscoberga.com\/es\/wp-json\/wp\/v2\/product_brand?post=3188"},{"taxonomy":"product_cat","embeddable":true,"href":"https:\/\/cuscoberga.com\/es\/wp-json\/wp\/v2\/product_cat?post=3188"},{"taxonomy":"product_tag","embeddable":true,"href":"https:\/\/cuscoberga.com\/es\/wp-json\/wp\/v2\/product_tag?post=3188"}],"curies":[{"name":"wp","href":"https:\/\/api.w.org\/{rel}","templated":true}]}}