{"id":3184,"date":"2021-03-13T20:10:00","date_gmt":"2021-03-13T18:10:00","guid":{"rendered":"https:\/\/cuscoberga.com\/producte\/cusco-berga-brut-gran-reserva-organic-gourmet-2013\/"},"modified":"2024-06-19T17:06:09","modified_gmt":"2024-06-19T15:06:09","slug":"cusco-berga-brut-gran-reserva-organic-gourmet-2013","status":"publish","type":"product","link":"https:\/\/cuscoberga.com\/es\/producte\/cusco-berga-brut-gran-reserva-organic-gourmet-2013\/","title":{"rendered":"Cava Brut Gran Reserva Org\u00e0nic Gourmet 2013 Guarda Superior"},"content":{"rendered":"<p><strong>ELABORACI\u00d3N<\/strong><br \/>\nM\u00e9todo tradicional: \u00abm\u00e9thode champenoise\u00bb, fermentaci\u00f3n en botella.<br \/>\nSe recogen las variedades por separado. El proceso de la bodega se inicia con el despalillado del grandes de la uva y luego se enfr\u00eda a 8\u00baC para minimizar la oxidaci\u00f3n. A continuaci\u00f3n las bayas pasan a las prensas donde se sangra el mosto flor por escorrent\u00eda natural que es un 55-60%. Se decanta a dep\u00f3sitos y es enfr\u00eda a 6\u00baC, dej\u00e1ndolo en reposo durante 24 horas. El mosto limpio pasa a los dep\u00f3sitos de fermentaci\u00f3n que se realiza a 14-15\u00baC durante tres semanas.<br \/>\nDespu\u00e9s de los tratamientos de acabado, filtraci\u00f3n y estabilizaci\u00f3n, se realiza el ensamblaje con los diferentes porcentajes, buscando normalmente cada a\u00f1o un equilibrio de grado y acidez. Asimismo de embotellar provocamos la segunda fermentaci\u00f3n natural con la adici\u00f3n de levaduras con certificaci\u00f3n de que no proviene de organismo gen\u00e9ticamente modificado O.G.M., az\u00facar ecol\u00f3gico de ca\u00f1a blanca y tierras naturales. La fermentaci\u00f3n dura unos tres meses a una temperatura de 10-12\u00baC y luego contin\u00faa en rima durante cuatro a\u00f1os.<br \/>\n<strong><br \/>\nANAL\u00cdTICA<\/strong><br \/>\nGrado alcoh\u00f3lico: 11.5%, PH: 3.17<br \/>\nAcidez total: 04:05 g \/ l<\/p>\n<p><strong>NOTA DE CATA<\/strong><br \/>\nVista: burbuja fina, en\u00e9rgica y persistente.<br \/>\nNariz: aroma fresco y con notas fruta tropical, silvestre, muy complejo y limpio en nariz.<br \/>\nBoca: presencia de carb\u00f3nico, suave, boca limpia y acidez equilibrada.<\/p>\n<p><strong>MARIDAJE<\/strong><br \/>\nTemperatura de consumo de 6-8\u00baC.<br \/>\nEs aconsejable para acompa\u00f1ar pescados, mariscos, carnes blancas, con postres no excesivamente dulces macedonia, pasteles, crema catalana.<\/p>\n","protected":false},"excerpt":{"rendered":"<p>Cusc\u00f3 Berga Brut Gran Reserva Org\u00e0nic Gourmet 2013<br \/>\nVariedades de Uva: 30% Macabeo, 40% Xarel.lo, Parellada 30%<\/p>\n","protected":false},"featured_media":3185,"template":"","meta":[],"product_brand":[],"product_cat":[120,117,118,124],"product_tag":[170],"class_list":{"0":"post-3184","1":"product","2":"type-product","3":"status-publish","4":"has-post-thumbnail","6":"product_cat-brut-reserva-es","7":"product_cat-cusco-berga-es","8":"product_cat-espumosos","9":"product_cat-gran-reserva-es","10":"product_tag-guarda-superior-es","11":"description-off","13":"first","14":"instock","15":"taxable","16":"shipping-taxable","17":"purchasable","18":"product-type-simple"},"yoast_head":"<!-- This site is optimized with the Yoast SEO plugin v27.0 - https:\/\/yoast.com\/product\/yoast-seo-wordpress\/ -->\n<title>Cava Brut Gran Reserva Org\u00e0nic Gourmet 2013 Guarda Superior - Cusc\u00f3 Berga<\/title>\n<meta name=\"robots\" content=\"index, follow, max-snippet:-1, max-image-preview:large, max-video-preview:-1\" \/>\n<link rel=\"canonical\" href=\"https:\/\/cuscoberga.com\/es\/producte\/cusco-berga-brut-gran-reserva-organic-gourmet-2013\/\" \/>\n<meta property=\"og:locale\" content=\"es_ES\" \/>\n<meta property=\"og:type\" content=\"article\" \/>\n<meta property=\"og:title\" content=\"Cava Brut Gran Reserva Org\u00e0nic Gourmet 2013 Guarda Superior - Cusc\u00f3 Berga\" \/>\n<meta property=\"og:description\" content=\"Cusc\u00f3 Berga Brut Gran Reserva Org\u00e0nic Gourmet 2013 Variedades de Uva: 30% Macabeo, 40% Xarel.lo, Parellada 30%\" \/>\n<meta property=\"og:url\" content=\"https:\/\/cuscoberga.com\/es\/producte\/cusco-berga-brut-gran-reserva-organic-gourmet-2013\/\" \/>\n<meta property=\"og:site_name\" content=\"Cusc\u00f3 Berga\" \/>\n<meta property=\"article:modified_time\" content=\"2024-06-19T15:06:09+00:00\" \/>\n<meta property=\"og:image\" content=\"https:\/\/cuscoberga.com\/wp-content\/uploads\/2021\/03\/Cusco-Berga-Brut-Gran-Reserva-Organic-Gourmet-2013.jpg\" \/>\n\t<meta property=\"og:image:width\" content=\"650\" \/>\n\t<meta property=\"og:image:height\" content=\"650\" \/>\n\t<meta property=\"og:image:type\" content=\"image\/jpeg\" \/>\n<meta name=\"twitter:card\" content=\"summary_large_image\" \/>\n<meta name=\"twitter:label1\" content=\"Tiempo de lectura\" \/>\n\t<meta name=\"twitter:data1\" content=\"2 minutos\" \/>\n<script type=\"application\/ld+json\" class=\"yoast-schema-graph\">{\"@context\":\"https:\/\/schema.org\",\"@graph\":[{\"@type\":\"WebPage\",\"@id\":\"https:\/\/cuscoberga.com\/es\/producte\/cusco-berga-brut-gran-reserva-organic-gourmet-2013\/\",\"url\":\"https:\/\/cuscoberga.com\/es\/producte\/cusco-berga-brut-gran-reserva-organic-gourmet-2013\/\",\"name\":\"Cava Brut Gran Reserva Org\u00e0nic Gourmet 2013 Guarda Superior - Cusc\u00f3 Berga\",\"isPartOf\":{\"@id\":\"https:\/\/cuscoberga.com\/es\/#website\"},\"primaryImageOfPage\":{\"@id\":\"https:\/\/cuscoberga.com\/es\/producte\/cusco-berga-brut-gran-reserva-organic-gourmet-2013\/#primaryimage\"},\"image\":{\"@id\":\"https:\/\/cuscoberga.com\/es\/producte\/cusco-berga-brut-gran-reserva-organic-gourmet-2013\/#primaryimage\"},\"thumbnailUrl\":\"https:\/\/cuscoberga.com\/wp-content\/uploads\/2021\/03\/Cusco-Berga-Brut-Gran-Reserva-Organic-Gourmet-2013.jpg\",\"datePublished\":\"2021-03-13T18:10:00+00:00\",\"dateModified\":\"2024-06-19T15:06:09+00:00\",\"breadcrumb\":{\"@id\":\"https:\/\/cuscoberga.com\/es\/producte\/cusco-berga-brut-gran-reserva-organic-gourmet-2013\/#breadcrumb\"},\"inLanguage\":\"es\",\"potentialAction\":[{\"@type\":\"ReadAction\",\"target\":[\"https:\/\/cuscoberga.com\/es\/producte\/cusco-berga-brut-gran-reserva-organic-gourmet-2013\/\"]}]},{\"@type\":\"ImageObject\",\"inLanguage\":\"es\",\"@id\":\"https:\/\/cuscoberga.com\/es\/producte\/cusco-berga-brut-gran-reserva-organic-gourmet-2013\/#primaryimage\",\"url\":\"https:\/\/cuscoberga.com\/wp-content\/uploads\/2021\/03\/Cusco-Berga-Brut-Gran-Reserva-Organic-Gourmet-2013.jpg\",\"contentUrl\":\"https:\/\/cuscoberga.com\/wp-content\/uploads\/2021\/03\/Cusco-Berga-Brut-Gran-Reserva-Organic-Gourmet-2013.jpg\",\"width\":650,\"height\":650},{\"@type\":\"BreadcrumbList\",\"@id\":\"https:\/\/cuscoberga.com\/es\/producte\/cusco-berga-brut-gran-reserva-organic-gourmet-2013\/#breadcrumb\",\"itemListElement\":[{\"@type\":\"ListItem\",\"position\":1,\"name\":\"Inici\",\"item\":\"https:\/\/cuscoberga.com\/es\/\"},{\"@type\":\"ListItem\",\"position\":2,\"name\":\"Tienda Online\",\"item\":\"https:\/\/cuscoberga.com\/es\/tienda\/\"},{\"@type\":\"ListItem\",\"position\":3,\"name\":\"Cava Brut Gran Reserva Org\u00e0nic Gourmet 2013 Guarda Superior\"}]},{\"@type\":\"WebSite\",\"@id\":\"https:\/\/cuscoberga.com\/es\/#website\",\"url\":\"https:\/\/cuscoberga.com\/es\/\",\"name\":\"Cusc\u00f3 Berga\",\"description\":\"\",\"potentialAction\":[{\"@type\":\"SearchAction\",\"target\":{\"@type\":\"EntryPoint\",\"urlTemplate\":\"https:\/\/cuscoberga.com\/es\/?s={search_term_string}\"},\"query-input\":{\"@type\":\"PropertyValueSpecification\",\"valueRequired\":true,\"valueName\":\"search_term_string\"}}],\"inLanguage\":\"es\"}]}<\/script>\n<!-- \/ Yoast SEO plugin. -->","yoast_head_json":{"title":"Cava Brut Gran Reserva Org\u00e0nic Gourmet 2013 Guarda Superior - Cusc\u00f3 Berga","robots":{"index":"index","follow":"follow","max-snippet":"max-snippet:-1","max-image-preview":"max-image-preview:large","max-video-preview":"max-video-preview:-1"},"canonical":"https:\/\/cuscoberga.com\/es\/producte\/cusco-berga-brut-gran-reserva-organic-gourmet-2013\/","og_locale":"es_ES","og_type":"article","og_title":"Cava Brut Gran Reserva Org\u00e0nic Gourmet 2013 Guarda Superior - Cusc\u00f3 Berga","og_description":"Cusc\u00f3 Berga Brut Gran Reserva Org\u00e0nic Gourmet 2013 Variedades de Uva: 30% Macabeo, 40% Xarel.lo, Parellada 30%","og_url":"https:\/\/cuscoberga.com\/es\/producte\/cusco-berga-brut-gran-reserva-organic-gourmet-2013\/","og_site_name":"Cusc\u00f3 Berga","article_modified_time":"2024-06-19T15:06:09+00:00","og_image":[{"width":650,"height":650,"url":"https:\/\/cuscoberga.com\/wp-content\/uploads\/2021\/03\/Cusco-Berga-Brut-Gran-Reserva-Organic-Gourmet-2013.jpg","type":"image\/jpeg"}],"twitter_card":"summary_large_image","twitter_misc":{"Tiempo de lectura":"2 minutos"},"schema":{"@context":"https:\/\/schema.org","@graph":[{"@type":"WebPage","@id":"https:\/\/cuscoberga.com\/es\/producte\/cusco-berga-brut-gran-reserva-organic-gourmet-2013\/","url":"https:\/\/cuscoberga.com\/es\/producte\/cusco-berga-brut-gran-reserva-organic-gourmet-2013\/","name":"Cava Brut Gran Reserva Org\u00e0nic Gourmet 2013 Guarda Superior - Cusc\u00f3 Berga","isPartOf":{"@id":"https:\/\/cuscoberga.com\/es\/#website"},"primaryImageOfPage":{"@id":"https:\/\/cuscoberga.com\/es\/producte\/cusco-berga-brut-gran-reserva-organic-gourmet-2013\/#primaryimage"},"image":{"@id":"https:\/\/cuscoberga.com\/es\/producte\/cusco-berga-brut-gran-reserva-organic-gourmet-2013\/#primaryimage"},"thumbnailUrl":"https:\/\/cuscoberga.com\/wp-content\/uploads\/2021\/03\/Cusco-Berga-Brut-Gran-Reserva-Organic-Gourmet-2013.jpg","datePublished":"2021-03-13T18:10:00+00:00","dateModified":"2024-06-19T15:06:09+00:00","breadcrumb":{"@id":"https:\/\/cuscoberga.com\/es\/producte\/cusco-berga-brut-gran-reserva-organic-gourmet-2013\/#breadcrumb"},"inLanguage":"es","potentialAction":[{"@type":"ReadAction","target":["https:\/\/cuscoberga.com\/es\/producte\/cusco-berga-brut-gran-reserva-organic-gourmet-2013\/"]}]},{"@type":"ImageObject","inLanguage":"es","@id":"https:\/\/cuscoberga.com\/es\/producte\/cusco-berga-brut-gran-reserva-organic-gourmet-2013\/#primaryimage","url":"https:\/\/cuscoberga.com\/wp-content\/uploads\/2021\/03\/Cusco-Berga-Brut-Gran-Reserva-Organic-Gourmet-2013.jpg","contentUrl":"https:\/\/cuscoberga.com\/wp-content\/uploads\/2021\/03\/Cusco-Berga-Brut-Gran-Reserva-Organic-Gourmet-2013.jpg","width":650,"height":650},{"@type":"BreadcrumbList","@id":"https:\/\/cuscoberga.com\/es\/producte\/cusco-berga-brut-gran-reserva-organic-gourmet-2013\/#breadcrumb","itemListElement":[{"@type":"ListItem","position":1,"name":"Inici","item":"https:\/\/cuscoberga.com\/es\/"},{"@type":"ListItem","position":2,"name":"Tienda Online","item":"https:\/\/cuscoberga.com\/es\/tienda\/"},{"@type":"ListItem","position":3,"name":"Cava Brut Gran Reserva Org\u00e0nic Gourmet 2013 Guarda Superior"}]},{"@type":"WebSite","@id":"https:\/\/cuscoberga.com\/es\/#website","url":"https:\/\/cuscoberga.com\/es\/","name":"Cusc\u00f3 Berga","description":"","potentialAction":[{"@type":"SearchAction","target":{"@type":"EntryPoint","urlTemplate":"https:\/\/cuscoberga.com\/es\/?s={search_term_string}"},"query-input":{"@type":"PropertyValueSpecification","valueRequired":true,"valueName":"search_term_string"}}],"inLanguage":"es"}]}},"_links":{"self":[{"href":"https:\/\/cuscoberga.com\/es\/wp-json\/wp\/v2\/product\/3184","targetHints":{"allow":["GET"]}}],"collection":[{"href":"https:\/\/cuscoberga.com\/es\/wp-json\/wp\/v2\/product"}],"about":[{"href":"https:\/\/cuscoberga.com\/es\/wp-json\/wp\/v2\/types\/product"}],"wp:featuredmedia":[{"embeddable":true,"href":"https:\/\/cuscoberga.com\/es\/wp-json\/wp\/v2\/media\/3185"}],"wp:attachment":[{"href":"https:\/\/cuscoberga.com\/es\/wp-json\/wp\/v2\/media?parent=3184"}],"wp:term":[{"taxonomy":"product_brand","embeddable":true,"href":"https:\/\/cuscoberga.com\/es\/wp-json\/wp\/v2\/product_brand?post=3184"},{"taxonomy":"product_cat","embeddable":true,"href":"https:\/\/cuscoberga.com\/es\/wp-json\/wp\/v2\/product_cat?post=3184"},{"taxonomy":"product_tag","embeddable":true,"href":"https:\/\/cuscoberga.com\/es\/wp-json\/wp\/v2\/product_tag?post=3184"}],"curies":[{"name":"wp","href":"https:\/\/api.w.org\/{rel}","templated":true}]}}