{"id":3179,"date":"2021-03-13T20:12:55","date_gmt":"2021-03-13T18:12:55","guid":{"rendered":"https:\/\/cuscoberga.com\/producte\/cusco-berga-vino-tinto-seleccion-coupage-2019\/"},"modified":"2026-02-06T17:29:24","modified_gmt":"2026-02-06T15:29:24","slug":"cusco-berga-vino-tinto-seleccion-coupage-2019","status":"publish","type":"product","link":"https:\/\/cuscoberga.com\/es\/producte\/cusco-berga-vino-tinto-seleccion-coupage-2019\/","title":{"rendered":"Selecci\u00f3n Coupage Merlot \/ Tempranillo 2021<\/br><b>Sota Arrel<\/b>"},"content":{"rendered":"<p><strong>ELABORACI\u00d3N<\/strong><br \/>\nFermentaci\u00f3n y macraci\u00f3 con las pieles durante unos 8 d\u00edas a temperatura de 24\u00baC, en remontadas diarias y final de la fermentaci\u00f3n en fase liquida a 16-18\u00baC, para lograr un equilibrio de estructura y frescura. Seguidamente un trasiego y guardado unos cuatro meses en dep\u00f3sito de acero inoxidable. Y antes de embotellar una ligera filtraci\u00f3n.<\/p>\n<p><strong>ANAL\u00cdTICA<\/strong><br \/>\nGrado alcoh\u00f3lico: 12.5%<br \/>\npH: 3.50<br \/>\nAcidez total (sulf\u00farica): 3.1 g \/ l<\/p>\n<p><strong>NOTA DE CATA<\/strong><br \/>\nVista: color rub\u00ed.<br \/>\nNariz: aroma de frutas rojas maduras, como las moras o cerezas.<br \/>\nBoca: suave equilibrado y rico. Fresco afrutado y final largo untuoso y aterciopelado.<\/p>\n<p><strong>MARIDAJE<\/strong><br \/>\nTemperatura de consumo de 15-17\u00ba C.<br \/>\nAconsejable para arroces (sartenes), pasta, carnes blancas, quesos frescos y cremosos.<\/p>\n","protected":false},"excerpt":{"rendered":"<p>VINO TINTO MERLOT \/ TEMPRANILLO 2021<br \/>\nVariedades: 80% Merlot y 20% Tempranillo.<\/p>\n","protected":false},"featured_media":3181,"template":"","meta":[],"product_brand":[],"product_cat":[117,123,121],"product_tag":[],"class_list":{"0":"post-3179","1":"product","2":"type-product","3":"status-publish","4":"has-post-thumbnail","6":"product_cat-cusco-berga-es","7":"product_cat-tinto","8":"product_cat-vinos","9":"description-off","11":"first","12":"instock","13":"taxable","14":"shipping-taxable","15":"purchasable","16":"product-type-simple"},"yoast_head":"<!-- This site is optimized with the Yoast SEO plugin v27.0 - https:\/\/yoast.com\/product\/yoast-seo-wordpress\/ -->\n<title>Selecci\u00f3n Coupage Merlot \/ Tempranillo 2021Sota Arrel - Cusc\u00f3 Berga<\/title>\n<meta name=\"robots\" content=\"index, follow, max-snippet:-1, max-image-preview:large, max-video-preview:-1\" \/>\n<link rel=\"canonical\" href=\"https:\/\/cuscoberga.com\/es\/producte\/cusco-berga-vino-tinto-seleccion-coupage-2019\/\" \/>\n<meta property=\"og:locale\" content=\"es_ES\" \/>\n<meta property=\"og:type\" content=\"article\" \/>\n<meta property=\"og:title\" content=\"Selecci\u00f3n Coupage Merlot \/ Tempranillo 2021Sota Arrel - Cusc\u00f3 Berga\" \/>\n<meta property=\"og:description\" content=\"VINO TINTO MERLOT \/ TEMPRANILLO 2021 Variedades: 80% Merlot y 20% Tempranillo.\" \/>\n<meta property=\"og:url\" content=\"https:\/\/cuscoberga.com\/es\/producte\/cusco-berga-vino-tinto-seleccion-coupage-2019\/\" \/>\n<meta property=\"og:site_name\" content=\"Cusc\u00f3 Berga\" \/>\n<meta property=\"article:modified_time\" content=\"2026-02-06T15:29:24+00:00\" \/>\n<meta property=\"og:image\" content=\"http:\/\/cuscoberga.com\/wp-content\/uploads\/2021\/03\/sota.jpg\" \/>\n\t<meta property=\"og:image:width\" content=\"650\" \/>\n\t<meta property=\"og:image:height\" content=\"650\" \/>\n\t<meta property=\"og:image:type\" content=\"image\/jpeg\" \/>\n<meta name=\"twitter:card\" content=\"summary_large_image\" \/>\n<meta name=\"twitter:label1\" content=\"Tiempo de lectura\" \/>\n\t<meta name=\"twitter:data1\" content=\"1 minuto\" \/>\n<script type=\"application\/ld+json\" class=\"yoast-schema-graph\">{\"@context\":\"https:\/\/schema.org\",\"@graph\":[{\"@type\":\"WebPage\",\"@id\":\"https:\/\/cuscoberga.com\/es\/producte\/cusco-berga-vino-tinto-seleccion-coupage-2019\/\",\"url\":\"https:\/\/cuscoberga.com\/es\/producte\/cusco-berga-vino-tinto-seleccion-coupage-2019\/\",\"name\":\"Selecci\u00f3n Coupage Merlot \/ Tempranillo 2021Sota Arrel - Cusc\u00f3 Berga\",\"isPartOf\":{\"@id\":\"https:\/\/cuscoberga.com\/es\/#website\"},\"primaryImageOfPage\":{\"@id\":\"https:\/\/cuscoberga.com\/es\/producte\/cusco-berga-vino-tinto-seleccion-coupage-2019\/#primaryimage\"},\"image\":{\"@id\":\"https:\/\/cuscoberga.com\/es\/producte\/cusco-berga-vino-tinto-seleccion-coupage-2019\/#primaryimage\"},\"thumbnailUrl\":\"https:\/\/cuscoberga.com\/wp-content\/uploads\/2021\/03\/sota.jpg\",\"datePublished\":\"2021-03-13T18:12:55+00:00\",\"dateModified\":\"2026-02-06T15:29:24+00:00\",\"breadcrumb\":{\"@id\":\"https:\/\/cuscoberga.com\/es\/producte\/cusco-berga-vino-tinto-seleccion-coupage-2019\/#breadcrumb\"},\"inLanguage\":\"es\",\"potentialAction\":[{\"@type\":\"ReadAction\",\"target\":[\"https:\/\/cuscoberga.com\/es\/producte\/cusco-berga-vino-tinto-seleccion-coupage-2019\/\"]}]},{\"@type\":\"ImageObject\",\"inLanguage\":\"es\",\"@id\":\"https:\/\/cuscoberga.com\/es\/producte\/cusco-berga-vino-tinto-seleccion-coupage-2019\/#primaryimage\",\"url\":\"https:\/\/cuscoberga.com\/wp-content\/uploads\/2021\/03\/sota.jpg\",\"contentUrl\":\"https:\/\/cuscoberga.com\/wp-content\/uploads\/2021\/03\/sota.jpg\",\"width\":650,\"height\":650},{\"@type\":\"BreadcrumbList\",\"@id\":\"https:\/\/cuscoberga.com\/es\/producte\/cusco-berga-vino-tinto-seleccion-coupage-2019\/#breadcrumb\",\"itemListElement\":[{\"@type\":\"ListItem\",\"position\":1,\"name\":\"Inici\",\"item\":\"http:\/\/cuscoberga.com\/es\/\"},{\"@type\":\"ListItem\",\"position\":2,\"name\":\"Tienda Online\",\"item\":\"https:\/\/cuscoberga.com\/es\/tienda\/\"},{\"@type\":\"ListItem\",\"position\":3,\"name\":\"Selecci\u00f3n Coupage Merlot \/ Tempranillo 2021Sota Arrel\"}]},{\"@type\":\"WebSite\",\"@id\":\"https:\/\/cuscoberga.com\/es\/#website\",\"url\":\"https:\/\/cuscoberga.com\/es\/\",\"name\":\"Cusc\u00f3 Berga\",\"description\":\"\",\"potentialAction\":[{\"@type\":\"SearchAction\",\"target\":{\"@type\":\"EntryPoint\",\"urlTemplate\":\"https:\/\/cuscoberga.com\/es\/?s={search_term_string}\"},\"query-input\":{\"@type\":\"PropertyValueSpecification\",\"valueRequired\":true,\"valueName\":\"search_term_string\"}}],\"inLanguage\":\"es\"}]}<\/script>\n<!-- \/ Yoast SEO plugin. -->","yoast_head_json":{"title":"Selecci\u00f3n Coupage Merlot \/ Tempranillo 2021Sota Arrel - Cusc\u00f3 Berga","robots":{"index":"index","follow":"follow","max-snippet":"max-snippet:-1","max-image-preview":"max-image-preview:large","max-video-preview":"max-video-preview:-1"},"canonical":"https:\/\/cuscoberga.com\/es\/producte\/cusco-berga-vino-tinto-seleccion-coupage-2019\/","og_locale":"es_ES","og_type":"article","og_title":"Selecci\u00f3n Coupage Merlot \/ Tempranillo 2021Sota Arrel - Cusc\u00f3 Berga","og_description":"VINO TINTO MERLOT \/ TEMPRANILLO 2021 Variedades: 80% Merlot y 20% Tempranillo.","og_url":"https:\/\/cuscoberga.com\/es\/producte\/cusco-berga-vino-tinto-seleccion-coupage-2019\/","og_site_name":"Cusc\u00f3 Berga","article_modified_time":"2026-02-06T15:29:24+00:00","og_image":[{"width":650,"height":650,"url":"http:\/\/cuscoberga.com\/wp-content\/uploads\/2021\/03\/sota.jpg","type":"image\/jpeg"}],"twitter_card":"summary_large_image","twitter_misc":{"Tiempo de lectura":"1 minuto"},"schema":{"@context":"https:\/\/schema.org","@graph":[{"@type":"WebPage","@id":"https:\/\/cuscoberga.com\/es\/producte\/cusco-berga-vino-tinto-seleccion-coupage-2019\/","url":"https:\/\/cuscoberga.com\/es\/producte\/cusco-berga-vino-tinto-seleccion-coupage-2019\/","name":"Selecci\u00f3n Coupage Merlot \/ Tempranillo 2021Sota Arrel - Cusc\u00f3 Berga","isPartOf":{"@id":"https:\/\/cuscoberga.com\/es\/#website"},"primaryImageOfPage":{"@id":"https:\/\/cuscoberga.com\/es\/producte\/cusco-berga-vino-tinto-seleccion-coupage-2019\/#primaryimage"},"image":{"@id":"https:\/\/cuscoberga.com\/es\/producte\/cusco-berga-vino-tinto-seleccion-coupage-2019\/#primaryimage"},"thumbnailUrl":"https:\/\/cuscoberga.com\/wp-content\/uploads\/2021\/03\/sota.jpg","datePublished":"2021-03-13T18:12:55+00:00","dateModified":"2026-02-06T15:29:24+00:00","breadcrumb":{"@id":"https:\/\/cuscoberga.com\/es\/producte\/cusco-berga-vino-tinto-seleccion-coupage-2019\/#breadcrumb"},"inLanguage":"es","potentialAction":[{"@type":"ReadAction","target":["https:\/\/cuscoberga.com\/es\/producte\/cusco-berga-vino-tinto-seleccion-coupage-2019\/"]}]},{"@type":"ImageObject","inLanguage":"es","@id":"https:\/\/cuscoberga.com\/es\/producte\/cusco-berga-vino-tinto-seleccion-coupage-2019\/#primaryimage","url":"https:\/\/cuscoberga.com\/wp-content\/uploads\/2021\/03\/sota.jpg","contentUrl":"https:\/\/cuscoberga.com\/wp-content\/uploads\/2021\/03\/sota.jpg","width":650,"height":650},{"@type":"BreadcrumbList","@id":"https:\/\/cuscoberga.com\/es\/producte\/cusco-berga-vino-tinto-seleccion-coupage-2019\/#breadcrumb","itemListElement":[{"@type":"ListItem","position":1,"name":"Inici","item":"http:\/\/cuscoberga.com\/es\/"},{"@type":"ListItem","position":2,"name":"Tienda Online","item":"https:\/\/cuscoberga.com\/es\/tienda\/"},{"@type":"ListItem","position":3,"name":"Selecci\u00f3n Coupage Merlot \/ Tempranillo 2021Sota Arrel"}]},{"@type":"WebSite","@id":"https:\/\/cuscoberga.com\/es\/#website","url":"https:\/\/cuscoberga.com\/es\/","name":"Cusc\u00f3 Berga","description":"","potentialAction":[{"@type":"SearchAction","target":{"@type":"EntryPoint","urlTemplate":"https:\/\/cuscoberga.com\/es\/?s={search_term_string}"},"query-input":{"@type":"PropertyValueSpecification","valueRequired":true,"valueName":"search_term_string"}}],"inLanguage":"es"}]}},"_links":{"self":[{"href":"https:\/\/cuscoberga.com\/es\/wp-json\/wp\/v2\/product\/3179","targetHints":{"allow":["GET"]}}],"collection":[{"href":"https:\/\/cuscoberga.com\/es\/wp-json\/wp\/v2\/product"}],"about":[{"href":"https:\/\/cuscoberga.com\/es\/wp-json\/wp\/v2\/types\/product"}],"wp:featuredmedia":[{"embeddable":true,"href":"https:\/\/cuscoberga.com\/es\/wp-json\/wp\/v2\/media\/3181"}],"wp:attachment":[{"href":"https:\/\/cuscoberga.com\/es\/wp-json\/wp\/v2\/media?parent=3179"}],"wp:term":[{"taxonomy":"product_brand","embeddable":true,"href":"https:\/\/cuscoberga.com\/es\/wp-json\/wp\/v2\/product_brand?post=3179"},{"taxonomy":"product_cat","embeddable":true,"href":"https:\/\/cuscoberga.com\/es\/wp-json\/wp\/v2\/product_cat?post=3179"},{"taxonomy":"product_tag","embeddable":true,"href":"https:\/\/cuscoberga.com\/es\/wp-json\/wp\/v2\/product_tag?post=3179"}],"curies":[{"name":"wp","href":"https:\/\/api.w.org\/{rel}","templated":true}]}}