{"id":3177,"date":"2021-03-13T20:15:27","date_gmt":"2021-03-13T18:15:27","guid":{"rendered":"https:\/\/cuscoberga.com\/producte\/cusco-berga-vino-blanco-natural-xarello-2020\/"},"modified":"2025-01-20T16:47:39","modified_gmt":"2025-01-20T14:47:39","slug":"cusco-berga-vino-blanco-natural-xarello-2020","status":"publish","type":"product","link":"https:\/\/cuscoberga.com\/es\/producte\/cusco-berga-vino-blanco-natural-xarello-2020\/","title":{"rendered":"Vino Blanco Natural Xarel\u00b7lo <\/br><b>Cova Gran<\/b>"},"content":{"rendered":"<p><strong>ELABORACI\u00d3N<\/strong><br \/>\nLa elaboraci\u00f3n del vino natural, consiste en un derrapado de la uva, lo pasamos al dep\u00f3sito de acero inoxidable a baja temperatura, haciendo una maceraci\u00f3n del grano de la uva practicando el batonage para conseguir la m\u00e1xima complejidad. Al cabo de 24-48h. descubar con otro dep\u00f3sito para que realice la fermentaci\u00f3n alcoh\u00f3lica a temperatura 16-18\u00ba con levaduras aut\u00f3ctonas. Una vez fermentado, hacemos trasiegos siguiendo el calendario lunar, procedemos a embotellar sin adici\u00f3n de sulfitos y al vac\u00edo. <\/p>\n<p><strong>ANAL\u00cdTICA<\/strong><br \/>\nGrado alcoh\u00f3lico: 12,50%<br \/>\npH: 3:15<br \/>\nAz\u00facares residuales: 3.1 g \/ l<br \/>\nAcidez total (sulf\u00farica): 3.5 g \/ l<\/p>\n<p><strong>NOTA DE CATA<\/strong><br \/>\nVista: amarillo p\u00e1lido, limpio y brillante.<br \/>\nNariz: intenso y arom\u00e1tico. Recuerdos de aromas florales combinados con las notas de fruta blanca de hueso (melocot\u00f3n).<br \/>\nBoca: afrutado y fresco cierta complejidad. Mineralidad, salinidad (Mediterr\u00e1neo-Garraf) Recuerdos de las sensaciones olfativas: notas florales y de melocot\u00f3n.<\/p>\n<p><strong>MARIDAJE<\/strong><br \/>\nTemperatura de consumo de 6-8\u00baC.<br \/>\nEntrantes suaves, cremas, verduras a la plancha, revueltos de setas, pescado, marisco, ostras del Delta de Ebro.<\/p>\n","protected":false},"excerpt":{"rendered":"<p>VINO BLANCO NATURAL XAREL.LO 2023<br \/>\nVino joven mono varietal 100% con uvas de la variedad Xarel.lo.<\/p>\n","protected":false},"featured_media":3178,"template":"","meta":[],"product_brand":[],"product_cat":[122,117,121],"product_tag":[],"class_list":{"0":"post-3177","1":"product","2":"type-product","3":"status-publish","4":"has-post-thumbnail","6":"product_cat-blanco","7":"product_cat-cusco-berga-es","8":"product_cat-vinos","9":"description-off","11":"first","12":"instock","13":"taxable","14":"shipping-taxable","15":"purchasable","16":"product-type-simple"},"yoast_head":"<!-- This site is optimized with the Yoast SEO plugin v27.0 - https:\/\/yoast.com\/product\/yoast-seo-wordpress\/ -->\n<title>Vino Blanco Natural Xarel\u00b7lo Cova Gran - Cusc\u00f3 Berga<\/title>\n<meta name=\"robots\" content=\"index, follow, max-snippet:-1, max-image-preview:large, max-video-preview:-1\" \/>\n<link rel=\"canonical\" href=\"https:\/\/cuscoberga.com\/es\/producte\/cusco-berga-vino-blanco-natural-xarello-2020\/\" \/>\n<meta property=\"og:locale\" content=\"es_ES\" \/>\n<meta property=\"og:type\" content=\"article\" \/>\n<meta property=\"og:title\" content=\"Vino Blanco Natural Xarel\u00b7lo Cova Gran - Cusc\u00f3 Berga\" \/>\n<meta property=\"og:description\" content=\"VINO BLANCO NATURAL XAREL.LO 2023 Vino joven mono varietal 100% con uvas de la variedad Xarel.lo.\" \/>\n<meta property=\"og:url\" content=\"https:\/\/cuscoberga.com\/es\/producte\/cusco-berga-vino-blanco-natural-xarello-2020\/\" \/>\n<meta property=\"og:site_name\" content=\"Cusc\u00f3 Berga\" \/>\n<meta property=\"article:modified_time\" content=\"2025-01-20T14:47:39+00:00\" \/>\n<meta property=\"og:image\" content=\"https:\/\/cuscoberga.com\/wp-content\/uploads\/2021\/03\/Cusco-Berga-Vi-Blanc-Natural-Xarello-2019.jpg\" \/>\n\t<meta property=\"og:image:width\" content=\"650\" \/>\n\t<meta property=\"og:image:height\" content=\"650\" \/>\n\t<meta property=\"og:image:type\" content=\"image\/jpeg\" \/>\n<meta name=\"twitter:card\" content=\"summary_large_image\" \/>\n<meta name=\"twitter:label1\" content=\"Tiempo de lectura\" \/>\n\t<meta name=\"twitter:data1\" content=\"2 minutos\" \/>\n<script type=\"application\/ld+json\" class=\"yoast-schema-graph\">{\"@context\":\"https:\/\/schema.org\",\"@graph\":[{\"@type\":\"WebPage\",\"@id\":\"https:\/\/cuscoberga.com\/es\/producte\/cusco-berga-vino-blanco-natural-xarello-2020\/\",\"url\":\"https:\/\/cuscoberga.com\/es\/producte\/cusco-berga-vino-blanco-natural-xarello-2020\/\",\"name\":\"Vino Blanco Natural Xarel\u00b7lo Cova Gran - Cusc\u00f3 Berga\",\"isPartOf\":{\"@id\":\"http:\/\/cuscoberga.com\/es\/#website\"},\"primaryImageOfPage\":{\"@id\":\"https:\/\/cuscoberga.com\/es\/producte\/cusco-berga-vino-blanco-natural-xarello-2020\/#primaryimage\"},\"image\":{\"@id\":\"https:\/\/cuscoberga.com\/es\/producte\/cusco-berga-vino-blanco-natural-xarello-2020\/#primaryimage\"},\"thumbnailUrl\":\"https:\/\/cuscoberga.com\/wp-content\/uploads\/2021\/03\/Cusco-Berga-Vi-Blanc-Natural-Xarello-2019.jpg\",\"datePublished\":\"2021-03-13T18:15:27+00:00\",\"dateModified\":\"2025-01-20T14:47:39+00:00\",\"breadcrumb\":{\"@id\":\"https:\/\/cuscoberga.com\/es\/producte\/cusco-berga-vino-blanco-natural-xarello-2020\/#breadcrumb\"},\"inLanguage\":\"es\",\"potentialAction\":[{\"@type\":\"ReadAction\",\"target\":[\"https:\/\/cuscoberga.com\/es\/producte\/cusco-berga-vino-blanco-natural-xarello-2020\/\"]}]},{\"@type\":\"ImageObject\",\"inLanguage\":\"es\",\"@id\":\"https:\/\/cuscoberga.com\/es\/producte\/cusco-berga-vino-blanco-natural-xarello-2020\/#primaryimage\",\"url\":\"https:\/\/cuscoberga.com\/wp-content\/uploads\/2021\/03\/Cusco-Berga-Vi-Blanc-Natural-Xarello-2019.jpg\",\"contentUrl\":\"https:\/\/cuscoberga.com\/wp-content\/uploads\/2021\/03\/Cusco-Berga-Vi-Blanc-Natural-Xarello-2019.jpg\",\"width\":650,\"height\":650},{\"@type\":\"BreadcrumbList\",\"@id\":\"https:\/\/cuscoberga.com\/es\/producte\/cusco-berga-vino-blanco-natural-xarello-2020\/#breadcrumb\",\"itemListElement\":[{\"@type\":\"ListItem\",\"position\":1,\"name\":\"Inici\",\"item\":\"http:\/\/cuscoberga.com\/es\/\"},{\"@type\":\"ListItem\",\"position\":2,\"name\":\"Tienda Online\",\"item\":\"http:\/\/cuscoberga.com\/es\/tienda\/\"},{\"@type\":\"ListItem\",\"position\":3,\"name\":\"Vino Blanco Natural Xarel\u00b7lo Cova Gran\"}]},{\"@type\":\"WebSite\",\"@id\":\"http:\/\/cuscoberga.com\/es\/#website\",\"url\":\"http:\/\/cuscoberga.com\/es\/\",\"name\":\"Cusc\u00f3 Berga\",\"description\":\"\",\"potentialAction\":[{\"@type\":\"SearchAction\",\"target\":{\"@type\":\"EntryPoint\",\"urlTemplate\":\"http:\/\/cuscoberga.com\/es\/?s={search_term_string}\"},\"query-input\":{\"@type\":\"PropertyValueSpecification\",\"valueRequired\":true,\"valueName\":\"search_term_string\"}}],\"inLanguage\":\"es\"}]}<\/script>\n<!-- \/ Yoast SEO plugin. -->","yoast_head_json":{"title":"Vino Blanco Natural Xarel\u00b7lo Cova Gran - Cusc\u00f3 Berga","robots":{"index":"index","follow":"follow","max-snippet":"max-snippet:-1","max-image-preview":"max-image-preview:large","max-video-preview":"max-video-preview:-1"},"canonical":"https:\/\/cuscoberga.com\/es\/producte\/cusco-berga-vino-blanco-natural-xarello-2020\/","og_locale":"es_ES","og_type":"article","og_title":"Vino Blanco Natural Xarel\u00b7lo Cova Gran - Cusc\u00f3 Berga","og_description":"VINO BLANCO NATURAL XAREL.LO 2023 Vino joven mono varietal 100% con uvas de la variedad Xarel.lo.","og_url":"https:\/\/cuscoberga.com\/es\/producte\/cusco-berga-vino-blanco-natural-xarello-2020\/","og_site_name":"Cusc\u00f3 Berga","article_modified_time":"2025-01-20T14:47:39+00:00","og_image":[{"width":650,"height":650,"url":"https:\/\/cuscoberga.com\/wp-content\/uploads\/2021\/03\/Cusco-Berga-Vi-Blanc-Natural-Xarello-2019.jpg","type":"image\/jpeg"}],"twitter_card":"summary_large_image","twitter_misc":{"Tiempo de lectura":"2 minutos"},"schema":{"@context":"https:\/\/schema.org","@graph":[{"@type":"WebPage","@id":"https:\/\/cuscoberga.com\/es\/producte\/cusco-berga-vino-blanco-natural-xarello-2020\/","url":"https:\/\/cuscoberga.com\/es\/producte\/cusco-berga-vino-blanco-natural-xarello-2020\/","name":"Vino Blanco Natural Xarel\u00b7lo Cova Gran - Cusc\u00f3 Berga","isPartOf":{"@id":"http:\/\/cuscoberga.com\/es\/#website"},"primaryImageOfPage":{"@id":"https:\/\/cuscoberga.com\/es\/producte\/cusco-berga-vino-blanco-natural-xarello-2020\/#primaryimage"},"image":{"@id":"https:\/\/cuscoberga.com\/es\/producte\/cusco-berga-vino-blanco-natural-xarello-2020\/#primaryimage"},"thumbnailUrl":"https:\/\/cuscoberga.com\/wp-content\/uploads\/2021\/03\/Cusco-Berga-Vi-Blanc-Natural-Xarello-2019.jpg","datePublished":"2021-03-13T18:15:27+00:00","dateModified":"2025-01-20T14:47:39+00:00","breadcrumb":{"@id":"https:\/\/cuscoberga.com\/es\/producte\/cusco-berga-vino-blanco-natural-xarello-2020\/#breadcrumb"},"inLanguage":"es","potentialAction":[{"@type":"ReadAction","target":["https:\/\/cuscoberga.com\/es\/producte\/cusco-berga-vino-blanco-natural-xarello-2020\/"]}]},{"@type":"ImageObject","inLanguage":"es","@id":"https:\/\/cuscoberga.com\/es\/producte\/cusco-berga-vino-blanco-natural-xarello-2020\/#primaryimage","url":"https:\/\/cuscoberga.com\/wp-content\/uploads\/2021\/03\/Cusco-Berga-Vi-Blanc-Natural-Xarello-2019.jpg","contentUrl":"https:\/\/cuscoberga.com\/wp-content\/uploads\/2021\/03\/Cusco-Berga-Vi-Blanc-Natural-Xarello-2019.jpg","width":650,"height":650},{"@type":"BreadcrumbList","@id":"https:\/\/cuscoberga.com\/es\/producte\/cusco-berga-vino-blanco-natural-xarello-2020\/#breadcrumb","itemListElement":[{"@type":"ListItem","position":1,"name":"Inici","item":"http:\/\/cuscoberga.com\/es\/"},{"@type":"ListItem","position":2,"name":"Tienda Online","item":"http:\/\/cuscoberga.com\/es\/tienda\/"},{"@type":"ListItem","position":3,"name":"Vino Blanco Natural Xarel\u00b7lo Cova Gran"}]},{"@type":"WebSite","@id":"http:\/\/cuscoberga.com\/es\/#website","url":"http:\/\/cuscoberga.com\/es\/","name":"Cusc\u00f3 Berga","description":"","potentialAction":[{"@type":"SearchAction","target":{"@type":"EntryPoint","urlTemplate":"http:\/\/cuscoberga.com\/es\/?s={search_term_string}"},"query-input":{"@type":"PropertyValueSpecification","valueRequired":true,"valueName":"search_term_string"}}],"inLanguage":"es"}]}},"_links":{"self":[{"href":"https:\/\/cuscoberga.com\/es\/wp-json\/wp\/v2\/product\/3177","targetHints":{"allow":["GET"]}}],"collection":[{"href":"https:\/\/cuscoberga.com\/es\/wp-json\/wp\/v2\/product"}],"about":[{"href":"https:\/\/cuscoberga.com\/es\/wp-json\/wp\/v2\/types\/product"}],"wp:featuredmedia":[{"embeddable":true,"href":"https:\/\/cuscoberga.com\/es\/wp-json\/wp\/v2\/media\/3178"}],"wp:attachment":[{"href":"https:\/\/cuscoberga.com\/es\/wp-json\/wp\/v2\/media?parent=3177"}],"wp:term":[{"taxonomy":"product_brand","embeddable":true,"href":"https:\/\/cuscoberga.com\/es\/wp-json\/wp\/v2\/product_brand?post=3177"},{"taxonomy":"product_cat","embeddable":true,"href":"https:\/\/cuscoberga.com\/es\/wp-json\/wp\/v2\/product_cat?post=3177"},{"taxonomy":"product_tag","embeddable":true,"href":"https:\/\/cuscoberga.com\/es\/wp-json\/wp\/v2\/product_tag?post=3177"}],"curies":[{"name":"wp","href":"https:\/\/api.w.org\/{rel}","templated":true}]}}