{"id":3157,"date":"2021-03-13T20:13:42","date_gmt":"2021-03-13T18:13:42","guid":{"rendered":"https:\/\/cuscoberga.com\/producte\/cusco-berga-vino-rosado-natural-merlot-2020\/"},"modified":"2023-11-16T19:23:24","modified_gmt":"2023-11-16T17:23:24","slug":"cusco-berga-vino-rosado-natural-merlot-2020","status":"publish","type":"product","link":"https:\/\/cuscoberga.com\/es\/producte\/cusco-berga-vino-rosado-natural-merlot-2020\/","title":{"rendered":"Vino Rosado Natural Merlot 2022<\/br><b>Cova Gran<\/b>"},"content":{"rendered":"<p><strong>ELABORACI\u00d3N<\/strong><br \/>\nLa elaboraci\u00f3n del vino natural, una vez decidido el punto \u00f3ptimo de maduraci\u00f3n de la uva es enfr\u00eda a la bodega hasta 13-14\u00baC para optimizar la maceraci\u00f3n. Normalmente su duraci\u00f3n es de 7 horas. Una vez hemos obtenido el color adecuado es sangrado del dep\u00f3sito y fermentado a temperatura controlada 16\u00ba-18\u00baC. La fermentaci\u00f3n dura aproximadamente de 15-16 d\u00edas. Una vez fermentada, realizamos trasvases siguiendo el calendario lunar, procedemos a embotellar sin a\u00f1adir sulfitos y llenamos al vac\u00edo.<\/p>\n<p><strong><br \/>\nANAL\u00cdTICA<\/strong><br \/>\nGrado alcoh\u00f3lico: 14%<br \/>\npH: 15.3<br \/>\nAcidez total (sulf\u00farica): 3.4 g \/ l<\/p>\n<p><strong>NOTA DE CATA<\/strong><br \/>\nVista: color salm\u00f3n, piel de cebolla.<br \/>\nNariz: aromas Complejos y frutos de cereza, fresa y matices a frambuesa<br \/>\nBoca: afrutado, aterciopelada y suave, post gusto a frutas rojas. Regaliz.<\/p>\n<p><strong>MARIDAJE<\/strong><br \/>\nTemperatura de consumo de 8-10\u00ba C.<br \/>\nEs indicado para platos de embutido, arroces, platos de pasta, ensaladas y quesos suaves.<\/p>\n","protected":false},"excerpt":{"rendered":"<p>VI MERLOT ROSADO NATURAL 2022<br \/>\nVi jove mono varietal 100% amb ra\u00efm de la varietat merlot.<\/p>\n","protected":false},"featured_media":3159,"template":"","meta":[],"product_brand":[],"product_cat":[117,125,121],"product_tag":[],"class_list":{"0":"post-3157","1":"product","2":"type-product","3":"status-publish","4":"has-post-thumbnail","6":"product_cat-cusco-berga-es","7":"product_cat-rosado","8":"product_cat-vinos","9":"description-off","11":"first","12":"instock","13":"taxable","14":"shipping-taxable","15":"purchasable","16":"product-type-simple"},"yoast_head":"<!-- This site is optimized with the Yoast SEO plugin v27.0 - https:\/\/yoast.com\/product\/yoast-seo-wordpress\/ -->\n<title>Vino Rosado Natural Merlot 2022Cova Gran - Cusc\u00f3 Berga<\/title>\n<meta name=\"robots\" content=\"index, follow, max-snippet:-1, max-image-preview:large, max-video-preview:-1\" \/>\n<link rel=\"canonical\" href=\"https:\/\/cuscoberga.com\/es\/producte\/cusco-berga-vino-rosado-natural-merlot-2020\/\" \/>\n<meta property=\"og:locale\" content=\"es_ES\" \/>\n<meta property=\"og:type\" content=\"article\" \/>\n<meta property=\"og:title\" content=\"Vino Rosado Natural Merlot 2022Cova Gran - Cusc\u00f3 Berga\" \/>\n<meta property=\"og:description\" content=\"VI MERLOT ROSADO NATURAL 2022 Vi jove mono varietal 100% amb ra\u00efm de la varietat merlot.\" \/>\n<meta property=\"og:url\" content=\"https:\/\/cuscoberga.com\/es\/producte\/cusco-berga-vino-rosado-natural-merlot-2020\/\" \/>\n<meta property=\"og:site_name\" content=\"Cusc\u00f3 Berga\" \/>\n<meta property=\"article:modified_time\" content=\"2023-11-16T17:23:24+00:00\" \/>\n<meta property=\"og:image\" content=\"https:\/\/cuscoberga.com\/wp-content\/uploads\/2021\/03\/Cusco-Berga-Vi-Rosat-Natural-Merlot-2019-1.jpg\" \/>\n\t<meta property=\"og:image:width\" content=\"650\" \/>\n\t<meta property=\"og:image:height\" content=\"650\" \/>\n\t<meta property=\"og:image:type\" content=\"image\/jpeg\" \/>\n<meta name=\"twitter:card\" content=\"summary_large_image\" \/>\n<meta name=\"twitter:label1\" content=\"Tiempo de lectura\" \/>\n\t<meta name=\"twitter:data1\" content=\"1 minuto\" \/>\n<script type=\"application\/ld+json\" class=\"yoast-schema-graph\">{\"@context\":\"https:\/\/schema.org\",\"@graph\":[{\"@type\":\"WebPage\",\"@id\":\"https:\/\/cuscoberga.com\/es\/producte\/cusco-berga-vino-rosado-natural-merlot-2020\/\",\"url\":\"https:\/\/cuscoberga.com\/es\/producte\/cusco-berga-vino-rosado-natural-merlot-2020\/\",\"name\":\"Vino Rosado Natural Merlot 2022Cova Gran - Cusc\u00f3 Berga\",\"isPartOf\":{\"@id\":\"https:\/\/cuscoberga.com\/es\/#website\"},\"primaryImageOfPage\":{\"@id\":\"https:\/\/cuscoberga.com\/es\/producte\/cusco-berga-vino-rosado-natural-merlot-2020\/#primaryimage\"},\"image\":{\"@id\":\"https:\/\/cuscoberga.com\/es\/producte\/cusco-berga-vino-rosado-natural-merlot-2020\/#primaryimage\"},\"thumbnailUrl\":\"https:\/\/cuscoberga.com\/wp-content\/uploads\/2021\/03\/Cusco-Berga-Vi-Rosat-Natural-Merlot-2019-1.jpg\",\"datePublished\":\"2021-03-13T18:13:42+00:00\",\"dateModified\":\"2023-11-16T17:23:24+00:00\",\"breadcrumb\":{\"@id\":\"https:\/\/cuscoberga.com\/es\/producte\/cusco-berga-vino-rosado-natural-merlot-2020\/#breadcrumb\"},\"inLanguage\":\"es\",\"potentialAction\":[{\"@type\":\"ReadAction\",\"target\":[\"https:\/\/cuscoberga.com\/es\/producte\/cusco-berga-vino-rosado-natural-merlot-2020\/\"]}]},{\"@type\":\"ImageObject\",\"inLanguage\":\"es\",\"@id\":\"https:\/\/cuscoberga.com\/es\/producte\/cusco-berga-vino-rosado-natural-merlot-2020\/#primaryimage\",\"url\":\"https:\/\/cuscoberga.com\/wp-content\/uploads\/2021\/03\/Cusco-Berga-Vi-Rosat-Natural-Merlot-2019-1.jpg\",\"contentUrl\":\"https:\/\/cuscoberga.com\/wp-content\/uploads\/2021\/03\/Cusco-Berga-Vi-Rosat-Natural-Merlot-2019-1.jpg\",\"width\":650,\"height\":650},{\"@type\":\"BreadcrumbList\",\"@id\":\"https:\/\/cuscoberga.com\/es\/producte\/cusco-berga-vino-rosado-natural-merlot-2020\/#breadcrumb\",\"itemListElement\":[{\"@type\":\"ListItem\",\"position\":1,\"name\":\"Inici\",\"item\":\"http:\/\/cuscoberga.com\/es\/\"},{\"@type\":\"ListItem\",\"position\":2,\"name\":\"Tienda Online\",\"item\":\"https:\/\/cuscoberga.com\/es\/tienda\/\"},{\"@type\":\"ListItem\",\"position\":3,\"name\":\"Vino Rosado Natural Merlot 2022Cova Gran\"}]},{\"@type\":\"WebSite\",\"@id\":\"https:\/\/cuscoberga.com\/es\/#website\",\"url\":\"https:\/\/cuscoberga.com\/es\/\",\"name\":\"Cusc\u00f3 Berga\",\"description\":\"\",\"potentialAction\":[{\"@type\":\"SearchAction\",\"target\":{\"@type\":\"EntryPoint\",\"urlTemplate\":\"https:\/\/cuscoberga.com\/es\/?s={search_term_string}\"},\"query-input\":{\"@type\":\"PropertyValueSpecification\",\"valueRequired\":true,\"valueName\":\"search_term_string\"}}],\"inLanguage\":\"es\"}]}<\/script>\n<!-- \/ Yoast SEO plugin. -->","yoast_head_json":{"title":"Vino Rosado Natural Merlot 2022Cova Gran - Cusc\u00f3 Berga","robots":{"index":"index","follow":"follow","max-snippet":"max-snippet:-1","max-image-preview":"max-image-preview:large","max-video-preview":"max-video-preview:-1"},"canonical":"https:\/\/cuscoberga.com\/es\/producte\/cusco-berga-vino-rosado-natural-merlot-2020\/","og_locale":"es_ES","og_type":"article","og_title":"Vino Rosado Natural Merlot 2022Cova Gran - Cusc\u00f3 Berga","og_description":"VI MERLOT ROSADO NATURAL 2022 Vi jove mono varietal 100% amb ra\u00efm de la varietat merlot.","og_url":"https:\/\/cuscoberga.com\/es\/producte\/cusco-berga-vino-rosado-natural-merlot-2020\/","og_site_name":"Cusc\u00f3 Berga","article_modified_time":"2023-11-16T17:23:24+00:00","og_image":[{"width":650,"height":650,"url":"https:\/\/cuscoberga.com\/wp-content\/uploads\/2021\/03\/Cusco-Berga-Vi-Rosat-Natural-Merlot-2019-1.jpg","type":"image\/jpeg"}],"twitter_card":"summary_large_image","twitter_misc":{"Tiempo de lectura":"1 minuto"},"schema":{"@context":"https:\/\/schema.org","@graph":[{"@type":"WebPage","@id":"https:\/\/cuscoberga.com\/es\/producte\/cusco-berga-vino-rosado-natural-merlot-2020\/","url":"https:\/\/cuscoberga.com\/es\/producte\/cusco-berga-vino-rosado-natural-merlot-2020\/","name":"Vino Rosado Natural Merlot 2022Cova Gran - Cusc\u00f3 Berga","isPartOf":{"@id":"https:\/\/cuscoberga.com\/es\/#website"},"primaryImageOfPage":{"@id":"https:\/\/cuscoberga.com\/es\/producte\/cusco-berga-vino-rosado-natural-merlot-2020\/#primaryimage"},"image":{"@id":"https:\/\/cuscoberga.com\/es\/producte\/cusco-berga-vino-rosado-natural-merlot-2020\/#primaryimage"},"thumbnailUrl":"https:\/\/cuscoberga.com\/wp-content\/uploads\/2021\/03\/Cusco-Berga-Vi-Rosat-Natural-Merlot-2019-1.jpg","datePublished":"2021-03-13T18:13:42+00:00","dateModified":"2023-11-16T17:23:24+00:00","breadcrumb":{"@id":"https:\/\/cuscoberga.com\/es\/producte\/cusco-berga-vino-rosado-natural-merlot-2020\/#breadcrumb"},"inLanguage":"es","potentialAction":[{"@type":"ReadAction","target":["https:\/\/cuscoberga.com\/es\/producte\/cusco-berga-vino-rosado-natural-merlot-2020\/"]}]},{"@type":"ImageObject","inLanguage":"es","@id":"https:\/\/cuscoberga.com\/es\/producte\/cusco-berga-vino-rosado-natural-merlot-2020\/#primaryimage","url":"https:\/\/cuscoberga.com\/wp-content\/uploads\/2021\/03\/Cusco-Berga-Vi-Rosat-Natural-Merlot-2019-1.jpg","contentUrl":"https:\/\/cuscoberga.com\/wp-content\/uploads\/2021\/03\/Cusco-Berga-Vi-Rosat-Natural-Merlot-2019-1.jpg","width":650,"height":650},{"@type":"BreadcrumbList","@id":"https:\/\/cuscoberga.com\/es\/producte\/cusco-berga-vino-rosado-natural-merlot-2020\/#breadcrumb","itemListElement":[{"@type":"ListItem","position":1,"name":"Inici","item":"http:\/\/cuscoberga.com\/es\/"},{"@type":"ListItem","position":2,"name":"Tienda Online","item":"https:\/\/cuscoberga.com\/es\/tienda\/"},{"@type":"ListItem","position":3,"name":"Vino Rosado Natural Merlot 2022Cova Gran"}]},{"@type":"WebSite","@id":"https:\/\/cuscoberga.com\/es\/#website","url":"https:\/\/cuscoberga.com\/es\/","name":"Cusc\u00f3 Berga","description":"","potentialAction":[{"@type":"SearchAction","target":{"@type":"EntryPoint","urlTemplate":"https:\/\/cuscoberga.com\/es\/?s={search_term_string}"},"query-input":{"@type":"PropertyValueSpecification","valueRequired":true,"valueName":"search_term_string"}}],"inLanguage":"es"}]}},"_links":{"self":[{"href":"https:\/\/cuscoberga.com\/es\/wp-json\/wp\/v2\/product\/3157","targetHints":{"allow":["GET"]}}],"collection":[{"href":"https:\/\/cuscoberga.com\/es\/wp-json\/wp\/v2\/product"}],"about":[{"href":"https:\/\/cuscoberga.com\/es\/wp-json\/wp\/v2\/types\/product"}],"wp:featuredmedia":[{"embeddable":true,"href":"https:\/\/cuscoberga.com\/es\/wp-json\/wp\/v2\/media\/3159"}],"wp:attachment":[{"href":"https:\/\/cuscoberga.com\/es\/wp-json\/wp\/v2\/media?parent=3157"}],"wp:term":[{"taxonomy":"product_brand","embeddable":true,"href":"https:\/\/cuscoberga.com\/es\/wp-json\/wp\/v2\/product_brand?post=3157"},{"taxonomy":"product_cat","embeddable":true,"href":"https:\/\/cuscoberga.com\/es\/wp-json\/wp\/v2\/product_cat?post=3157"},{"taxonomy":"product_tag","embeddable":true,"href":"https:\/\/cuscoberga.com\/es\/wp-json\/wp\/v2\/product_tag?post=3157"}],"curies":[{"name":"wp","href":"https:\/\/api.w.org\/{rel}","templated":true}]}}