{"id":3128,"date":"2021-04-21T15:26:19","date_gmt":"2021-04-21T13:26:19","guid":{"rendered":"https:\/\/cuscoberga.com\/producte\/cata-de-cavas-de-autor\/"},"modified":"2024-03-02T20:25:06","modified_gmt":"2024-03-02T18:25:06","slug":"cata-de-cavas-de-autor","status":"publish","type":"product","link":"https:\/\/cuscoberga.com\/es\/producte\/cata-de-cavas-de-autor\/","title":{"rendered":"Cata de Cavas de Autor"},"content":{"rendered":"<h1>Reserva tu actividad<\/h1>\n<div class=\"caldera-grid\" id=\"caldera_form_1\" data-cf-ver=\"1.9.6\" data-cf-form-id=\"CF60c9a263cd0ab\"><div id=\"caldera_notices_1\" data-spinner=\"https:\/\/cuscoberga.com\/wp-admin\/images\/spinner.gif\"><\/div><form data-instance=\"1\" class=\"CF60c9a263cd0ab caldera_forms_form cfajax-trigger\" method=\"POST\" enctype=\"multipart\/form-data\" id=\"CF60c9a263cd0ab_1\" data-form-id=\"CF60c9a263cd0ab\" aria-label=\"Enoturismo Cast\" data-target=\"#caldera_notices_1\" data-template=\"#cfajax_CF60c9a263cd0ab-tmpl\" data-cfajax=\"CF60c9a263cd0ab\" data-load-element=\"_parent\" data-load-class=\"cf_processing\" data-post-disable=\"0\" data-action=\"cf_process_ajax_submit\" data-request=\"https:\/\/cuscoberga.com\/es\/\/cf-api\/CF60c9a263cd0ab\" data-hiderows=\"true\">\r\n<input type=\"hidden\" id=\"_cf_verify_CF60c9a263cd0ab\" name=\"_cf_verify\" value=\"2c075fe2cf\"  data-nonce-time=\"1775276614\" \/><input type=\"hidden\" name=\"_wp_http_referer\" value=\"\/es\/wp-json\/wp\/v2\/product\/3128\" \/><div id=\"cf2-CF60c9a263cd0ab_1\"><\/div><input type=\"hidden\" name=\"_cf_frm_id\" value=\"CF60c9a263cd0ab\">\r\n<input type=\"hidden\" name=\"_cf_frm_ct\" value=\"1\">\r\n<input type=\"hidden\" name=\"cfajax\" value=\"CF60c9a263cd0ab\">\r\n<input type=\"hidden\" name=\"_cf_cr_pst\" value=\"3128\">\r\n<div class=\"hide\" style=\"display:none; overflow:hidden;height:0;width:0;\">\r\n<label>Url<\/label><input type=\"text\" name=\"url\" value=\"\" autocomplete=\"off\">\r\n<\/div><div id=\"CF60c9a263cd0ab_1-row-1\"  class=\"row  first_row\"><div  class=\"col-sm-6  first_col\"><div data-field-wrapper=\"fld_185917\" class=\"form-group\" id=\"fld_185917_1-wrap\">\r\n\t<label id=\"fld_185917Label\" for=\"fld_185917_1\" class=\"control-label\">Nombre <span aria-hidden=\"true\" role=\"presentation\" class=\"field_required\" style=\"color:#ee0000;\">*<\/span><\/label>\r\n\t<div class=\"\">\r\n\t\t<input   required type=\"text\" data-field=\"fld_185917\" class=\" form-control\" id=\"fld_185917_1\" name=\"fld_185917\" value=\"\" data-type=\"text\" aria-required=\"true\"   aria-labelledby=\"fld_185917Label\" >\t\t\t<\/div>\r\n<\/div>\r\n<\/div><div  class=\"col-sm-6  last_col\"><div data-field-wrapper=\"fld_6892512\" class=\"form-group\" id=\"fld_6892512_1-wrap\">\r\n\t<label id=\"fld_6892512Label\" for=\"fld_6892512_1\" class=\"control-label\">Apellidos <span aria-hidden=\"true\" role=\"presentation\" class=\"field_required\" style=\"color:#ee0000;\">*<\/span><\/label>\r\n\t<div class=\"\">\r\n\t\t<input   required type=\"text\" data-field=\"fld_6892512\" class=\" form-control\" id=\"fld_6892512_1\" name=\"fld_6892512\" value=\"\" data-type=\"text\" aria-required=\"true\"   aria-labelledby=\"fld_6892512Label\" >\t\t\t<\/div>\r\n<\/div>\r\n<\/div><\/div><div id=\"CF60c9a263cd0ab_1-row-2\"  class=\"row \"><div  class=\"col-sm-6  first_col\"><div data-field-wrapper=\"fld_2254781\" class=\"form-group\" id=\"fld_2254781_1-wrap\">\r\n\t<label id=\"fld_2254781Label\" for=\"fld_2254781_1\" class=\"control-label\">N\u00famero de m\u00f3vil <span aria-hidden=\"true\" role=\"presentation\" class=\"field_required\" style=\"color:#ee0000;\">*<\/span><\/label>\r\n\t<div class=\"\">\r\n\t\t<input   required type=\"number\" data-field=\"fld_2254781\" class=\" form-control\" id=\"fld_2254781_1\" name=\"fld_2254781\" value=\"\" data-type=\"number\" data-parsley-type=\"number\" aria-required=\"true\"   aria-labelledby=\"fld_2254781Label\" >\t\t\t<\/div>\r\n<\/div>\r\n<\/div><div  class=\"col-sm-6  last_col\"><div data-field-wrapper=\"fld_7900587\" class=\"form-group\" id=\"fld_7900587_1-wrap\">\r\n\t<label id=\"fld_7900587Label\" for=\"fld_7900587_1\" class=\"control-label\">Correo electr\u00f3nico <span aria-hidden=\"true\" role=\"presentation\" class=\"field_required\" style=\"color:#ee0000;\">*<\/span><\/label>\r\n\t<div class=\"\">\r\n\t\t<input   required type=\"email\" data-field=\"fld_7900587\" class=\" form-control\" id=\"fld_7900587_1\" name=\"fld_7900587\" value=\"\" data-type=\"email\" aria-required=\"true\"   aria-labelledby=\"fld_7900587Label\" >\t\t\t<\/div>\r\n<\/div>\r\n<\/div><\/div><div id=\"CF60c9a263cd0ab_1-row-3\"  class=\"row \"><div  class=\"col-sm-6  first_col\"><div data-field-wrapper=\"fld_9356744\" class=\"form-group\" id=\"fld_9356744_1-wrap\">\r\n\t<label id=\"fld_9356744Label\" for=\"fld_9356744_1\" class=\"control-label\">D\u00eda de la visita <span aria-hidden=\"true\" role=\"presentation\" class=\"field_required\" style=\"color:#ee0000;\">*<\/span><\/label>\r\n\t<div class=\"\">\r\n\t\t<input   required type=\"date\" data-field=\"fld_9356744\" class=\" form-control\" id=\"fld_9356744_1\" name=\"fld_9356744\" value=\"\" data-type=\"date\" aria-required=\"true\"   aria-labelledby=\"fld_9356744Label\" >\t\t\t<\/div>\r\n<\/div>\r\n<\/div><div  class=\"col-sm-6  last_col\"><div data-field-wrapper=\"fld_9099709\" class=\"form-group\" id=\"fld_9099709_1-wrap\">\r\n\t<label id=\"fld_9099709Label\" for=\"fld_9099709_1\" class=\"control-label\">Elige tu visita <span aria-hidden=\"true\" role=\"presentation\" class=\"field_required\" style=\"color:#ee0000;\">*<\/span><\/label>\r\n\t<div class=\"\">\r\n\t\t<select name=\"fld_9099709\" value=\"\" data-field=\"fld_9099709\" class=\"form-control\" id=\"fld_9099709_1\"  required=\"required\"  aria-labelledby=\"fld_9099709Label\" >\n\t\t<option value=\"\" disabled selected>Selecciona la teva opci\u00f3<\/option>\t\t\t\t\t<option value=\"Visita Premium\"  data-calc-value=\"Visita Premium\" >\n\t\t\t\t\t\tVisita Premium\t\t\t\t\t<\/option>\n\t\t\t\t\t\t\t\t\t\t<option value=\"Land Rover Wine Tours\"  data-calc-value=\"Land Rover Wine Tours\" >\n\t\t\t\t\t\tLand Rover Wine Tours\t\t\t\t\t<\/option>\n\t\t\t\t\t\t\t\t\t\t<option value=\"Tradici\u00f3n, Territorio Pened\u00e8s-Garraf\"  data-calc-value=\"Tradici\u00f3n, Territorio Pened\u00e8s-Garraf\" >\n\t\t\t\t\t\tTradici\u00f3n, Territorio Pened\u00e8s-Garraf\t\t\t\t\t<\/option>\n\t\t\t\t\t\t\t\t\t\t<option value=\"Melocot\u00f3n de Ordal y Cava del Pened\u00e8s\"  data-calc-value=\"Melocot\u00f3n de Ordal y Cava del Pened\u00e8s\" >\n\t\t\t\t\t\tMelocot\u00f3n de Ordal y Cava del Pened\u00e8s\t\t\t\t\t<\/option>\n\t\t\t\t\t\t\t\t\t\t<option value=\"En tiempos de Vendimia\"  data-calc-value=\"En tiempos de Vendimia\" >\n\t\t\t\t\t\tEn tiempos de Vendimia\t\t\t\t\t<\/option>\n\t\t\t\t\t\t\t\t\t\t<option value=\"Cata de Cavas de Autor\"  data-calc-value=\"Cata de Cavas de Autor\" >\n\t\t\t\t\t\tCata de Cavas de Autor\t\t\t\t\t<\/option>\n\t\t\t\t\t\t\t\t\t\t<option value=\"Cata de Vinos Varietales\"  data-calc-value=\"Cata de Vinos Varietales\" >\n\t\t\t\t\t\tCata de Vinos Varietales\t\t\t\t\t<\/option>\n\t\t\t\t\t\t\t\t\t\t<option value=\"Cusc\u00f3 Berga i Xocolata Sim\u00f3n Coll\"  data-calc-value=\"Cusc\u00f3 Berga i Xocolata Sim\u00f3n Coll\" >\n\t\t\t\t\t\tCusc\u00f3 Berga i Xocolata Sim\u00f3n Coll\t\t\t\t\t<\/option>\n\t\t\t\t\t\t\t\t\t\t<option value=\"Cusc\u00f3 Berga + Centre d\u2019interpretaci\u00f3 DO Vin\u00edfera\"  data-calc-value=\"Cusc\u00f3 Berga + Centre d\u2019interpretaci\u00f3 DO Vin\u00edfera\" >\n\t\t\t\t\t\tCusc\u00f3 Berga + Centre d\u2019interpretaci\u00f3 DO Vin\u00edfera\t\t\t\t\t<\/option>\n\t\t\t\t\t\t\t\t\t\t<option value=\"Cusc\u00f3 Berga y Chocolate Sim\u00f3n Coll\"  data-calc-value=\"Cusc\u00f3 Berga y Chocolate Sim\u00f3n Coll\" >\n\t\t\t\t\t\tCusc\u00f3 Berga y Chocolate Sim\u00f3n Coll\t\t\t\t\t<\/option>\n\t\t\t\t\t\t\t\t\t\t<option value=\"Cusc\u00f3 Berga + Centro de interpretaci\u00f3n DO Vin\u00edfera\"  data-calc-value=\"Cusc\u00f3 Berga + Centro de interpretaci\u00f3n DO Vin\u00edfera\" >\n\t\t\t\t\t\tCusc\u00f3 Berga + Centro de interpretaci\u00f3n DO Vin\u00edfera\t\t\t\t\t<\/option>\n\t\t\t\t\t\t\t<\/select>\n\t\t\t<\/div>\r\n<\/div>\r\n<\/div><\/div><div id=\"CF60c9a263cd0ab_1-row-4\"  class=\"row \"><div  class=\"col-sm-6  first_col\"><div data-field-wrapper=\"fld_6496615\" class=\"form-group\" id=\"fld_6496615_1-wrap\">\r\n\t<label id=\"fld_6496615Label\" for=\"fld_6496615_1\" class=\"control-label\">N\u00famero de adultos <span aria-hidden=\"true\" role=\"presentation\" class=\"field_required\" style=\"color:#ee0000;\">*<\/span><\/label>\r\n\t<div class=\"\">\r\n\t\t<input   required type=\"number\" data-field=\"fld_6496615\" class=\" form-control\" id=\"fld_6496615_1\" name=\"fld_6496615\" value=\"1\" data-type=\"number\" min=\"1\" step=\"1\" data-parsley-type=\"number\" aria-required=\"true\"   aria-labelledby=\"fld_6496615Label\" >\t\t\t<\/div>\r\n<\/div>\r\n<\/div><div  class=\"col-sm-6  last_col\"><div data-field-wrapper=\"fld_5630664\" class=\"form-group\" id=\"fld_5630664_1-wrap\">\r\n\t<label id=\"fld_5630664Label\" for=\"fld_5630664_1\" class=\"control-label\">N\u00famero de ni\u00f1os<\/label>\r\n\t<div class=\"\">\r\n\t\t<input    type=\"number\" data-field=\"fld_5630664\" class=\" form-control\" id=\"fld_5630664_1\" name=\"fld_5630664\" value=\"0\" data-type=\"number\" min=\"0\" step=\"1\" data-parsley-type=\"number\"   aria-labelledby=\"fld_5630664Label\" >\t\t\t<\/div>\r\n<\/div>\r\n<\/div><\/div><div id=\"CF60c9a263cd0ab_1-row-5\"  class=\"row  last_row\"><div  class=\"col-sm-12  single\"><div data-field-wrapper=\"fld_4089741\" class=\"form-group\" id=\"fld_4089741_1-wrap\">\r\n\t<label id=\"fld_4089741Label\" for=\"fld_4089741_1\" class=\"control-label\">Comentarios<\/label>\r\n\t<div class=\"\">\r\n\t\t<textarea name=\"fld_4089741\" value=\"\" data-field=\"fld_4089741\" class=\"form-control\" id=\"fld_4089741_1\" rows=\"4\"    aria-labelledby=\"fld_4089741Label\" ><\/textarea>\n\t\t\t<\/div>\r\n<\/div>\r\n<div data-field-wrapper=\"fld_5922578\" class=\"form-group\" id=\"fld_5922578_1-wrap\">\r\n<div class=\"\">\r\n\n<div class=\"checkbox-inline caldera-forms-consent-field\">\n    <input data-parsley-required=\"true\" data-parsley-group=\"fld_5922578_1\" data-parsley-multiple=\"fld_5922578_1\"        type=\"checkbox\" data-label=\"Pol\u00edtica de Protecci\u00f3n de Datos\"\n        data-field=\"fld_5922578\"\n        id=\"fld_5922578_1\"\n        class=\"fld_5922578_1 option-required\"\n        name=\"fld_5922578\"\n        value=\"1\"\n        data-type=\"checkbox\"\n        data-checkbox-field=\"fld_5922578_1\"\n    >\n    <label for=\"fld_5922578_1\"\n           class=\"caldera-forms-gdpr-field-label\"\n           style=\"display:inline; margin-left: 0.5rem;\"\n    >\n                <p\n            class=\"caldera-forms-consent-field-agreement\"\n        >\n            He le\u00eddo y acepto la Pol\u00edtica de Protecci\u00f3n de Datos.        <\/p>\n        <a href=\"https:\/\/cuscoberga.com\/politica-de-proteccio-de-dades\/\"\n           target=\"_blank\"\n                title=\"P\u00e1gina de pol\u00edtica de privacidad\"\n            class=\"caldera-forms-consent-field-linked_text\"\n            >\n            Leer        <\/a>\n    <\/label>\n    <span style=\"color:#ff0000;\">*<\/span>\n<\/div>\n\n<\/div>\r\n<\/div>\r\n<div data-field-wrapper=\"fld_7167496\" class=\"form-group\" id=\"fld_7167496_1-wrap\">\r\n<div class=\"\">\r\n\t<input  class=\"btn btn-default\" type=\"submit\" name=\"fld_7167496\" id=\"fld_7167496_1\" value=\"enviar\" data-field=\"fld_7167496\"  >\n<\/div>\r\n<\/div>\r\n\t<input class=\"button_trigger_1\" type=\"hidden\" name=\"fld_7167496\" id=\"fld_7167496_1_btn\" value=\"\" data-field=\"fld_7167496\"  \/>\n<\/div><\/div><\/form>\r\n<\/div>\r\n\n","protected":false},"excerpt":{"rendered":"<p>Estos Cavas de gran estima y tradici\u00f3n son especiales y \u00fanicos, de producciones limitadas que ir\u00e1n acompa\u00f1ados de un maridaje particular para descubrir su singularidad.<\/p>\n<p>Posibilidad de adquirir productos de la casa a precios exclusivos de la bodega.<br \/>\nDuraci\u00f3n visita Bodega: 1h y 30 min.<\/p>\n<p>Precio 27 \u20ac por persona.<br \/>\nDisponibilidad durante todo el a\u00f1o<br \/>\nLugar de la actividad: a Vinos y Cavas Cusc\u00f3 Berga.<br \/>\nIncluye 3 Catas comentadas por un Sommelier y acompa\u00f1ados de una selecci\u00f3n de aperitivos.<br \/>\nM\u00ednimo 4 personas.<br \/>\nIdioma: Catal\u00e1n, castellano, ingl\u00e9s y franc\u00e9s.<\/p>\n<p>Bodega: <a href=\"https:\/\/youtu.be\/Grg21_ufvSI\" target=\"_blank\" rel=\"noopener\">Ver v\u00eddeo<\/a><br \/>\nVi\u00f1as: <a href=\"https:\/\/youtu.be\/VOzhidzgjHc\" target=\"_blank\" rel=\"noopener\">Ver v\u00eddeo<\/a><\/p>\n<p><a href=\"https:\/\/cuscoberga.com\/wp-content\/uploads\/2021\/04\/El-paquet-turistic-No-16-tast-caves-autor-cast.pdf\" target=\"_blank\" rel=\"noopener\">Ver PDF detallado de la actividad<\/a><\/p>\n","protected":false},"featured_media":3129,"template":"","meta":[],"product_brand":[],"product_cat":[126],"product_tag":[],"class_list":{"0":"post-3128","1":"product","2":"type-product","3":"status-publish","4":"has-post-thumbnail","6":"product_cat-enoturismo","7":"description-off","9":"first","10":"instock","11":"virtual","12":"taxable","13":"purchasable","14":"product-type-simple"},"yoast_head":"<!-- This site is optimized with the Yoast SEO plugin v27.0 - https:\/\/yoast.com\/product\/yoast-seo-wordpress\/ -->\n<title>Cata de Cavas de Autor - Cusc\u00f3 Berga<\/title>\n<meta name=\"robots\" content=\"index, follow, max-snippet:-1, max-image-preview:large, max-video-preview:-1\" \/>\n<link rel=\"canonical\" href=\"https:\/\/cuscoberga.com\/es\/producte\/cata-de-cavas-de-autor\/\" \/>\n<meta property=\"og:locale\" content=\"es_ES\" \/>\n<meta property=\"og:type\" content=\"article\" \/>\n<meta property=\"og:title\" content=\"Cata de Cavas de Autor - Cusc\u00f3 Berga\" \/>\n<meta property=\"og:description\" content=\"Estos Cavas de gran estima y tradici\u00f3n son especiales y \u00fanicos, de producciones limitadas que ir\u00e1n acompa\u00f1ados de un maridaje particular para descubrir su singularidad.  Posibilidad de adquirir productos de la casa a precios exclusivos de la bodega. Duraci\u00f3n visita Bodega: 1h y 30 min.  Precio 27 \u20ac por persona. Disponibilidad durante todo el a\u00f1o Lugar de la actividad: a Vinos y Cavas Cusc\u00f3 Berga. Incluye 3 Catas comentadas por un Sommelier y acompa\u00f1ados de una selecci\u00f3n de aperitivos. M\u00ednimo 4 personas. Idioma: Catal\u00e1n, castellano, ingl\u00e9s y franc\u00e9s.  Bodega: Ver v\u00eddeo Vi\u00f1as: Ver v\u00eddeo  Ver PDF detallado de la actividad\" \/>\n<meta property=\"og:url\" content=\"https:\/\/cuscoberga.com\/es\/producte\/cata-de-cavas-de-autor\/\" \/>\n<meta property=\"og:site_name\" content=\"Cusc\u00f3 Berga\" \/>\n<meta property=\"article:modified_time\" content=\"2024-03-02T18:25:06+00:00\" \/>\n<meta property=\"og:image\" content=\"https:\/\/cuscoberga.com\/wp-content\/uploads\/2021\/04\/tast1.jpg\" \/>\n\t<meta property=\"og:image:width\" content=\"800\" \/>\n\t<meta property=\"og:image:height\" content=\"600\" \/>\n\t<meta property=\"og:image:type\" content=\"image\/jpeg\" \/>\n<meta name=\"twitter:card\" content=\"summary_large_image\" \/>\n<meta name=\"twitter:label1\" content=\"Tiempo de lectura\" \/>\n\t<meta name=\"twitter:data1\" content=\"1 minuto\" \/>\n<script type=\"application\/ld+json\" class=\"yoast-schema-graph\">{\"@context\":\"https:\/\/schema.org\",\"@graph\":[{\"@type\":\"WebPage\",\"@id\":\"https:\/\/cuscoberga.com\/es\/producte\/cata-de-cavas-de-autor\/\",\"url\":\"https:\/\/cuscoberga.com\/es\/producte\/cata-de-cavas-de-autor\/\",\"name\":\"Cata de Cavas de Autor - Cusc\u00f3 Berga\",\"isPartOf\":{\"@id\":\"https:\/\/cuscoberga.com\/es\/#website\"},\"primaryImageOfPage\":{\"@id\":\"https:\/\/cuscoberga.com\/es\/producte\/cata-de-cavas-de-autor\/#primaryimage\"},\"image\":{\"@id\":\"https:\/\/cuscoberga.com\/es\/producte\/cata-de-cavas-de-autor\/#primaryimage\"},\"thumbnailUrl\":\"https:\/\/cuscoberga.com\/wp-content\/uploads\/2021\/04\/tast1.jpg\",\"datePublished\":\"2021-04-21T13:26:19+00:00\",\"dateModified\":\"2024-03-02T18:25:06+00:00\",\"breadcrumb\":{\"@id\":\"https:\/\/cuscoberga.com\/es\/producte\/cata-de-cavas-de-autor\/#breadcrumb\"},\"inLanguage\":\"es\",\"potentialAction\":[{\"@type\":\"ReadAction\",\"target\":[\"https:\/\/cuscoberga.com\/es\/producte\/cata-de-cavas-de-autor\/\"]}]},{\"@type\":\"ImageObject\",\"inLanguage\":\"es\",\"@id\":\"https:\/\/cuscoberga.com\/es\/producte\/cata-de-cavas-de-autor\/#primaryimage\",\"url\":\"https:\/\/cuscoberga.com\/wp-content\/uploads\/2021\/04\/tast1.jpg\",\"contentUrl\":\"https:\/\/cuscoberga.com\/wp-content\/uploads\/2021\/04\/tast1.jpg\",\"width\":800,\"height\":600},{\"@type\":\"BreadcrumbList\",\"@id\":\"https:\/\/cuscoberga.com\/es\/producte\/cata-de-cavas-de-autor\/#breadcrumb\",\"itemListElement\":[{\"@type\":\"ListItem\",\"position\":1,\"name\":\"Inici\",\"item\":\"https:\/\/cuscoberga.com\/es\/\"},{\"@type\":\"ListItem\",\"position\":2,\"name\":\"Tienda Online\",\"item\":\"https:\/\/cuscoberga.com\/es\/tienda\/\"},{\"@type\":\"ListItem\",\"position\":3,\"name\":\"Cata de Cavas de Autor\"}]},{\"@type\":\"WebSite\",\"@id\":\"https:\/\/cuscoberga.com\/es\/#website\",\"url\":\"https:\/\/cuscoberga.com\/es\/\",\"name\":\"Cusc\u00f3 Berga\",\"description\":\"\",\"potentialAction\":[{\"@type\":\"SearchAction\",\"target\":{\"@type\":\"EntryPoint\",\"urlTemplate\":\"https:\/\/cuscoberga.com\/es\/?s={search_term_string}\"},\"query-input\":{\"@type\":\"PropertyValueSpecification\",\"valueRequired\":true,\"valueName\":\"search_term_string\"}}],\"inLanguage\":\"es\"}]}<\/script>\n<!-- \/ Yoast SEO plugin. -->","yoast_head_json":{"title":"Cata de Cavas de Autor - Cusc\u00f3 Berga","robots":{"index":"index","follow":"follow","max-snippet":"max-snippet:-1","max-image-preview":"max-image-preview:large","max-video-preview":"max-video-preview:-1"},"canonical":"https:\/\/cuscoberga.com\/es\/producte\/cata-de-cavas-de-autor\/","og_locale":"es_ES","og_type":"article","og_title":"Cata de Cavas de Autor - Cusc\u00f3 Berga","og_description":"Estos Cavas de gran estima y tradici\u00f3n son especiales y \u00fanicos, de producciones limitadas que ir\u00e1n acompa\u00f1ados de un maridaje particular para descubrir su singularidad.  Posibilidad de adquirir productos de la casa a precios exclusivos de la bodega. Duraci\u00f3n visita Bodega: 1h y 30 min.  Precio 27 \u20ac por persona. Disponibilidad durante todo el a\u00f1o Lugar de la actividad: a Vinos y Cavas Cusc\u00f3 Berga. Incluye 3 Catas comentadas por un Sommelier y acompa\u00f1ados de una selecci\u00f3n de aperitivos. M\u00ednimo 4 personas. Idioma: Catal\u00e1n, castellano, ingl\u00e9s y franc\u00e9s.  Bodega: Ver v\u00eddeo Vi\u00f1as: Ver v\u00eddeo  Ver PDF detallado de la actividad","og_url":"https:\/\/cuscoberga.com\/es\/producte\/cata-de-cavas-de-autor\/","og_site_name":"Cusc\u00f3 Berga","article_modified_time":"2024-03-02T18:25:06+00:00","og_image":[{"width":800,"height":600,"url":"https:\/\/cuscoberga.com\/wp-content\/uploads\/2021\/04\/tast1.jpg","type":"image\/jpeg"}],"twitter_card":"summary_large_image","twitter_misc":{"Tiempo de lectura":"1 minuto"},"schema":{"@context":"https:\/\/schema.org","@graph":[{"@type":"WebPage","@id":"https:\/\/cuscoberga.com\/es\/producte\/cata-de-cavas-de-autor\/","url":"https:\/\/cuscoberga.com\/es\/producte\/cata-de-cavas-de-autor\/","name":"Cata de Cavas de Autor - Cusc\u00f3 Berga","isPartOf":{"@id":"https:\/\/cuscoberga.com\/es\/#website"},"primaryImageOfPage":{"@id":"https:\/\/cuscoberga.com\/es\/producte\/cata-de-cavas-de-autor\/#primaryimage"},"image":{"@id":"https:\/\/cuscoberga.com\/es\/producte\/cata-de-cavas-de-autor\/#primaryimage"},"thumbnailUrl":"https:\/\/cuscoberga.com\/wp-content\/uploads\/2021\/04\/tast1.jpg","datePublished":"2021-04-21T13:26:19+00:00","dateModified":"2024-03-02T18:25:06+00:00","breadcrumb":{"@id":"https:\/\/cuscoberga.com\/es\/producte\/cata-de-cavas-de-autor\/#breadcrumb"},"inLanguage":"es","potentialAction":[{"@type":"ReadAction","target":["https:\/\/cuscoberga.com\/es\/producte\/cata-de-cavas-de-autor\/"]}]},{"@type":"ImageObject","inLanguage":"es","@id":"https:\/\/cuscoberga.com\/es\/producte\/cata-de-cavas-de-autor\/#primaryimage","url":"https:\/\/cuscoberga.com\/wp-content\/uploads\/2021\/04\/tast1.jpg","contentUrl":"https:\/\/cuscoberga.com\/wp-content\/uploads\/2021\/04\/tast1.jpg","width":800,"height":600},{"@type":"BreadcrumbList","@id":"https:\/\/cuscoberga.com\/es\/producte\/cata-de-cavas-de-autor\/#breadcrumb","itemListElement":[{"@type":"ListItem","position":1,"name":"Inici","item":"https:\/\/cuscoberga.com\/es\/"},{"@type":"ListItem","position":2,"name":"Tienda Online","item":"https:\/\/cuscoberga.com\/es\/tienda\/"},{"@type":"ListItem","position":3,"name":"Cata de Cavas de Autor"}]},{"@type":"WebSite","@id":"https:\/\/cuscoberga.com\/es\/#website","url":"https:\/\/cuscoberga.com\/es\/","name":"Cusc\u00f3 Berga","description":"","potentialAction":[{"@type":"SearchAction","target":{"@type":"EntryPoint","urlTemplate":"https:\/\/cuscoberga.com\/es\/?s={search_term_string}"},"query-input":{"@type":"PropertyValueSpecification","valueRequired":true,"valueName":"search_term_string"}}],"inLanguage":"es"}]}},"_links":{"self":[{"href":"https:\/\/cuscoberga.com\/es\/wp-json\/wp\/v2\/product\/3128","targetHints":{"allow":["GET"]}}],"collection":[{"href":"https:\/\/cuscoberga.com\/es\/wp-json\/wp\/v2\/product"}],"about":[{"href":"https:\/\/cuscoberga.com\/es\/wp-json\/wp\/v2\/types\/product"}],"wp:featuredmedia":[{"embeddable":true,"href":"https:\/\/cuscoberga.com\/es\/wp-json\/wp\/v2\/media\/3129"}],"wp:attachment":[{"href":"https:\/\/cuscoberga.com\/es\/wp-json\/wp\/v2\/media?parent=3128"}],"wp:term":[{"taxonomy":"product_brand","embeddable":true,"href":"https:\/\/cuscoberga.com\/es\/wp-json\/wp\/v2\/product_brand?post=3128"},{"taxonomy":"product_cat","embeddable":true,"href":"https:\/\/cuscoberga.com\/es\/wp-json\/wp\/v2\/product_cat?post=3128"},{"taxonomy":"product_tag","embeddable":true,"href":"https:\/\/cuscoberga.com\/es\/wp-json\/wp\/v2\/product_tag?post=3128"}],"curies":[{"name":"wp","href":"https:\/\/api.w.org\/{rel}","templated":true}]}}