{"id":3791,"date":"2022-07-10T19:38:27","date_gmt":"2022-07-10T17:38:27","guid":{"rendered":"https:\/\/cuscoberga.com\/club\/"},"modified":"2022-07-12T21:16:24","modified_gmt":"2022-07-12T19:16:24","slug":"club","status":"publish","type":"page","link":"https:\/\/cuscoberga.com\/es\/club\/","title":{"rendered":"Club de Amigos de Cusc\u00f3 Berga"},"content":{"rendered":"<div class=\"wpb-content-wrapper\"><p>[vc_row full_width=\u00bbstretch_row_content_no_spaces\u00bb full_height=\u00bbyes\u00bb equal_height=\u00bbyes\u00bb el_class=\u00bbimg_page\u00bb][vc_column width=\u00bb1\/2&#8243; css=\u00bb.vc_custom_1617176811384{padding: 10% !important;}\u00bb][vc_column_text]<\/p>\n<h3>Hazte del Club de Amigos de Cusc\u00f3 Berga, y accede a descuentos y eventos exclusivos.<\/h3>\n<p>Es muy f\u00e1cil, env\u00eda el formulario y ya formar\u00e1s parte y te iremos informando de todas las ventajas que tendr\u00e1s como miembro del <strong>Club Cusc\u00f3 Berga<\/strong>.<\/p>\n<p><strong>Beneficios de hacerse del Club:<\/strong><\/p>\n<p>&gt; Descuento Promociones Club 10%<br \/>\n&gt; Prioridad en las Promociones de Fiestas y Navidad<br \/>\n&gt; Exclusividad Experiencias Gastron\u00f3micas<br \/>\n&gt; Ahorro del 100% en costes de env\u00edo[\/vc_column_text][vc_separator][vc_column_text]<\/p>\n<div class=\"caldera-grid\" id=\"caldera_form_1\" data-cf-ver=\"1.9.6\" data-cf-form-id=\"CF62cb1642b52aa\"><div id=\"caldera_notices_1\" data-spinner=\"https:\/\/cuscoberga.com\/wp-admin\/images\/spinner.gif\"><\/div><form data-instance=\"1\" class=\"CF62cb1642b52aa caldera_forms_form cfajax-trigger\" method=\"POST\" enctype=\"multipart\/form-data\" id=\"CF62cb1642b52aa_1\" data-form-id=\"CF62cb1642b52aa\" aria-label=\"Club Es\" data-target=\"#caldera_notices_1\" data-template=\"#cfajax_CF62cb1642b52aa-tmpl\" data-cfajax=\"CF62cb1642b52aa\" data-load-element=\"_parent\" data-load-class=\"cf_processing\" data-post-disable=\"0\" data-action=\"cf_process_ajax_submit\" data-request=\"https:\/\/cuscoberga.com\/es\/\/cf-api\/CF62cb1642b52aa\" data-hiderows=\"true\">\r\n<input type=\"hidden\" id=\"_cf_verify_CF62cb1642b52aa\" name=\"_cf_verify\" value=\"c41b9da82c\"  data-nonce-time=\"1775901155\" \/><input type=\"hidden\" name=\"_wp_http_referer\" value=\"\/es\/wp-json\/wp\/v2\/pages\/3791\" \/><div id=\"cf2-CF62cb1642b52aa_1\"><\/div><input type=\"hidden\" name=\"_cf_frm_id\" value=\"CF62cb1642b52aa\">\r\n<input type=\"hidden\" name=\"_cf_frm_ct\" value=\"1\">\r\n<input type=\"hidden\" name=\"cfajax\" value=\"CF62cb1642b52aa\">\r\n<input type=\"hidden\" name=\"_cf_cr_pst\" value=\"3791\">\r\n<div class=\"hide\" style=\"display:none; overflow:hidden;height:0;width:0;\">\r\n<label>Correo electr\u00f3nico<\/label><input type=\"text\" name=\"email\" value=\"\" autocomplete=\"off\">\r\n<\/div><div id=\"CF62cb1642b52aa_1-row-1\"  class=\"row  first_row\"><div  class=\"col-sm-6  first_col\"><div data-field-wrapper=\"fld_185917\" class=\"form-group\" id=\"fld_185917_1-wrap\">\r\n\t<label id=\"fld_185917Label\" for=\"fld_185917_1\" class=\"control-label\">Nombre <span aria-hidden=\"true\" role=\"presentation\" class=\"field_required\" style=\"color:#ee0000;\">*<\/span><\/label>\r\n\t<div class=\"\">\r\n\t\t<input   required type=\"text\" data-field=\"fld_185917\" class=\" form-control\" id=\"fld_185917_1\" name=\"fld_185917\" value=\"\" data-type=\"text\" aria-required=\"true\"   aria-labelledby=\"fld_185917Label\" >\t\t\t<\/div>\r\n<\/div>\r\n<\/div><div  class=\"col-sm-6  last_col\"><div data-field-wrapper=\"fld_6892512\" class=\"form-group\" id=\"fld_6892512_1-wrap\">\r\n\t<label id=\"fld_6892512Label\" for=\"fld_6892512_1\" class=\"control-label\">Apellidos <span aria-hidden=\"true\" role=\"presentation\" class=\"field_required\" style=\"color:#ee0000;\">*<\/span><\/label>\r\n\t<div class=\"\">\r\n\t\t<input   required type=\"text\" data-field=\"fld_6892512\" class=\" form-control\" id=\"fld_6892512_1\" name=\"fld_6892512\" value=\"\" data-type=\"text\" aria-required=\"true\"   aria-labelledby=\"fld_6892512Label\" >\t\t\t<\/div>\r\n<\/div>\r\n<\/div><\/div><div id=\"CF62cb1642b52aa_1-row-2\"  class=\"row \"><div  class=\"col-sm-6  first_col\"><div data-field-wrapper=\"fld_2254781\" class=\"form-group\" id=\"fld_2254781_1-wrap\">\r\n\t<label id=\"fld_2254781Label\" for=\"fld_2254781_1\" class=\"control-label\">N\u00famero de m\u00f3vil <span aria-hidden=\"true\" role=\"presentation\" class=\"field_required\" style=\"color:#ee0000;\">*<\/span><\/label>\r\n\t<div class=\"\">\r\n\t\t<input   required type=\"number\" data-field=\"fld_2254781\" class=\" form-control\" id=\"fld_2254781_1\" name=\"fld_2254781\" value=\"\" data-type=\"number\" data-parsley-type=\"number\" aria-required=\"true\"   aria-labelledby=\"fld_2254781Label\" >\t\t\t<\/div>\r\n<\/div>\r\n<\/div><div  class=\"col-sm-6  last_col\"><div data-field-wrapper=\"fld_7900587\" class=\"form-group\" id=\"fld_7900587_1-wrap\">\r\n\t<label id=\"fld_7900587Label\" for=\"fld_7900587_1\" class=\"control-label\">Correo electr\u00f3nico <span aria-hidden=\"true\" role=\"presentation\" class=\"field_required\" style=\"color:#ee0000;\">*<\/span><\/label>\r\n\t<div class=\"\">\r\n\t\t<input   required type=\"email\" data-field=\"fld_7900587\" class=\" form-control\" id=\"fld_7900587_1\" name=\"fld_7900587\" value=\"\" data-type=\"email\" aria-required=\"true\"   aria-labelledby=\"fld_7900587Label\" >\t\t\t<\/div>\r\n<\/div>\r\n<\/div><\/div><div id=\"CF62cb1642b52aa_1-row-3\"  class=\"row  last_row\"><div  class=\"col-sm-12  single\"><div data-field-wrapper=\"fld_4089741\" class=\"form-group\" id=\"fld_4089741_1-wrap\">\r\n\t<label id=\"fld_4089741Label\" for=\"fld_4089741_1\" class=\"control-label\">Comentarios<\/label>\r\n\t<div class=\"\">\r\n\t\t<textarea name=\"fld_4089741\" value=\"\" data-field=\"fld_4089741\" class=\"form-control\" id=\"fld_4089741_1\" rows=\"4\"    aria-labelledby=\"fld_4089741Label\" ><\/textarea>\n\t\t\t<\/div>\r\n<\/div>\r\n<div data-field-wrapper=\"fld_9167451\" class=\"form-group\" id=\"fld_9167451_1-wrap\">\r\n<div class=\"\">\r\n\n<div class=\"checkbox-inline caldera-forms-consent-field\">\n    <input data-parsley-required=\"true\" data-parsley-group=\"fld_9167451_1\" data-parsley-multiple=\"fld_9167451_1\"        type=\"checkbox\" data-label=\"Pol\u00edtica de Protecci\u00f3n de Datos\"\n        data-field=\"fld_9167451\"\n        id=\"fld_9167451_1\"\n        class=\"fld_9167451_1 option-required\"\n        name=\"fld_9167451\"\n        value=\"1\"\n        data-type=\"checkbox\"\n        data-checkbox-field=\"fld_9167451_1\"\n    >\n    <label for=\"fld_9167451_1\"\n           class=\"caldera-forms-gdpr-field-label\"\n           style=\"display:inline; margin-left: 0.5rem;\"\n    >\n                <p\n            class=\"caldera-forms-consent-field-agreement\"\n        >\n            He le\u00eddo y acepto la Pol\u00edtica de Protecci\u00f3n de Datos.        <\/p>\n        <a href=\"https:\/\/cuscoberga.com\/politica-de-proteccio-de-dades\/\"\n           target=\"_blank\"\n                title=\"P\u00e1gina de pol\u00edtica de privacidad\"\n            class=\"caldera-forms-consent-field-linked_text\"\n            >\n            Leer        <\/a>\n    <\/label>\n    <span style=\"color:#ff0000;\">*<\/span>\n<\/div>\n\n<\/div>\r\n<\/div>\r\n<div data-field-wrapper=\"fld_7167496\" class=\"form-group\" id=\"fld_7167496_1-wrap\">\r\n<div class=\"\">\r\n\t<input  class=\"btn btn-default\" type=\"submit\" name=\"fld_7167496\" id=\"fld_7167496_1\" value=\"enviar\" data-field=\"fld_7167496\"  >\n<\/div>\r\n<\/div>\r\n\t<input class=\"button_trigger_1\" type=\"hidden\" name=\"fld_7167496\" id=\"fld_7167496_1_btn\" value=\"\" data-field=\"fld_7167496\"  \/>\n<\/div><\/div><\/form>\r\n<\/div>\r\n\n<p>[\/vc_column_text][\/vc_column][vc_column width=\u00bb1\/2&#8243; css=\u00bb.vc_custom_1653247429713{background-image: url(https:\/\/cuscoberga.com\/wp-content\/uploads\/2022\/05\/5c.jpg?id=3729) !important;background-position: center !important;background-repeat: no-repeat !important;background-size: cover !important;}\u00bb el_class=\u00bbimg_page\u00bb][\/vc_column][\/vc_row][vc_row full_width=\u00bbstretch_row_content_no_spaces\u00bb equal_height=\u00bbyes\u00bb content_placement=\u00bbmiddle\u00bb el_class=\u00bbimg_page\u00bb][vc_column width=\u00bb1\/4&#8243; css=\u00bb.vc_custom_1653247348889{padding-top: 140px !important;padding-right: 10px !important;padding-bottom: 140px !important;padding-left: 10px !important;background-image: url(https:\/\/cuscoberga.com\/wp-content\/uploads\/2022\/05\/1c.jpg?id=3716) !important;background-position: center !important;background-repeat: no-repeat !important;background-size: cover !important;}\u00bb][\/vc_column][vc_column width=\u00bb1\/4&#8243; css=\u00bb.vc_custom_1653247373669{padding-top: 140px !important;padding-right: 10px !important;padding-bottom: 140px !important;padding-left: 10px !important;background-image: url(https:\/\/cuscoberga.com\/wp-content\/uploads\/2022\/05\/2c.jpg?id=3720) !important;background-position: center !important;background-repeat: no-repeat !important;background-size: cover !important;}\u00bb][\/vc_column][vc_column width=\u00bb1\/4&#8243; css=\u00bb.vc_custom_1653247392270{padding-top: 140px !important;padding-right: 10px !important;padding-bottom: 140px !important;padding-left: 10px !important;background-image: url(https:\/\/cuscoberga.com\/wp-content\/uploads\/2022\/05\/3c.jpg?id=3723) !important;background-position: center !important;background-repeat: no-repeat !important;background-size: cover !important;}\u00bb][\/vc_column][vc_column width=\u00bb1\/4&#8243; css=\u00bb.vc_custom_1653247409815{background-image: url(https:\/\/cuscoberga.com\/wp-content\/uploads\/2022\/05\/4c.jpg?id=3726) !important;background-position: center !important;background-repeat: no-repeat !important;background-size: cover !important;}\u00bb][\/vc_column][\/vc_row]<\/p>\n<\/div>","protected":false},"excerpt":{"rendered":"<p>[vc_row full_width=\u00bbstretch_row_content_no_spaces\u00bb full_height=\u00bbyes\u00bb equal_height=\u00bbyes\u00bb el_class=\u00bbimg_page\u00bb][vc_column width=\u00bb1\/2&#8243; css=\u00bb.vc_custom_1617176811384{padding: 10% !important;}\u00bb][vc_column_text] Hazte del Club de Amigos de Cusc\u00f3 Berga, y accede a descuentos y eventos exclusivos. Es muy f\u00e1cil, env\u00eda el formulario y ya formar\u00e1s parte y te iremos informando de todas las ventajas que tendr\u00e1s como miembro del Club Cusc\u00f3 Berga. Beneficios de hacerse del Club:&hellip;<\/p>\n","protected":false},"author":1,"featured_media":0,"parent":0,"menu_order":0,"comment_status":"closed","ping_status":"closed","template":"","meta":{"footnotes":""},"class_list":["post-3791","page","type-page","status-publish","hentry","description-off"],"yoast_head":"<!-- This site is optimized with the Yoast SEO plugin v27.0 - https:\/\/yoast.com\/product\/yoast-seo-wordpress\/ -->\n<title>Club de Amigos de Cusc\u00f3 Berga - Cusc\u00f3 Berga<\/title>\n<meta name=\"description\" content=\"Vinos y cavas Cusc\u00f3 Berga del Macizo de Garraf. Hazte del Club de Amigos de Cusc\u00f3 Berga, y accede a descuentos y eventos exclusivos.\" \/>\n<meta name=\"robots\" content=\"index, follow, max-snippet:-1, max-image-preview:large, max-video-preview:-1\" \/>\n<link rel=\"canonical\" href=\"https:\/\/cuscoberga.com\/es\/club\/\" \/>\n<meta property=\"og:locale\" content=\"es_ES\" \/>\n<meta property=\"og:type\" content=\"article\" \/>\n<meta property=\"og:title\" content=\"Club de Amigos de Cusc\u00f3 Berga - Cusc\u00f3 Berga\" \/>\n<meta property=\"og:description\" content=\"Vinos y cavas Cusc\u00f3 Berga del Macizo de Garraf. Hazte del Club de Amigos de Cusc\u00f3 Berga, y accede a descuentos y eventos exclusivos.\" \/>\n<meta property=\"og:url\" content=\"https:\/\/cuscoberga.com\/es\/club\/\" \/>\n<meta property=\"og:site_name\" content=\"Cusc\u00f3 Berga\" \/>\n<meta property=\"article:modified_time\" content=\"2022-07-12T19:16:24+00:00\" \/>\n<meta name=\"twitter:card\" content=\"summary_large_image\" \/>\n<meta name=\"twitter:label1\" content=\"Tiempo de lectura\" \/>\n\t<meta name=\"twitter:data1\" content=\"1 minuto\" \/>\n<script type=\"application\/ld+json\" class=\"yoast-schema-graph\">{\"@context\":\"https:\/\/schema.org\",\"@graph\":[{\"@type\":\"WebPage\",\"@id\":\"https:\/\/cuscoberga.com\/es\/club\/\",\"url\":\"https:\/\/cuscoberga.com\/es\/club\/\",\"name\":\"Club de Amigos de Cusc\u00f3 Berga - Cusc\u00f3 Berga\",\"isPartOf\":{\"@id\":\"https:\/\/cuscoberga.com\/es\/#website\"},\"datePublished\":\"2022-07-10T17:38:27+00:00\",\"dateModified\":\"2022-07-12T19:16:24+00:00\",\"description\":\"Vinos y cavas Cusc\u00f3 Berga del Macizo de Garraf. Hazte del Club de Amigos de Cusc\u00f3 Berga, y accede a descuentos y eventos exclusivos.\",\"breadcrumb\":{\"@id\":\"https:\/\/cuscoberga.com\/es\/club\/#breadcrumb\"},\"inLanguage\":\"es\",\"potentialAction\":[{\"@type\":\"ReadAction\",\"target\":[\"https:\/\/cuscoberga.com\/es\/club\/\"]}]},{\"@type\":\"BreadcrumbList\",\"@id\":\"https:\/\/cuscoberga.com\/es\/club\/#breadcrumb\",\"itemListElement\":[{\"@type\":\"ListItem\",\"position\":1,\"name\":\"Inici\",\"item\":\"http:\/\/cuscoberga.com\/es\/\"},{\"@type\":\"ListItem\",\"position\":2,\"name\":\"Club de Amigos de Cusc\u00f3 Berga\"}]},{\"@type\":\"WebSite\",\"@id\":\"https:\/\/cuscoberga.com\/es\/#website\",\"url\":\"https:\/\/cuscoberga.com\/es\/\",\"name\":\"Cusc\u00f3 Berga\",\"description\":\"\",\"potentialAction\":[{\"@type\":\"SearchAction\",\"target\":{\"@type\":\"EntryPoint\",\"urlTemplate\":\"https:\/\/cuscoberga.com\/es\/?s={search_term_string}\"},\"query-input\":{\"@type\":\"PropertyValueSpecification\",\"valueRequired\":true,\"valueName\":\"search_term_string\"}}],\"inLanguage\":\"es\"}]}<\/script>\n<!-- \/ Yoast SEO plugin. -->","yoast_head_json":{"title":"Club de Amigos de Cusc\u00f3 Berga - Cusc\u00f3 Berga","description":"Vinos y cavas Cusc\u00f3 Berga del Macizo de Garraf. Hazte del Club de Amigos de Cusc\u00f3 Berga, y accede a descuentos y eventos exclusivos.","robots":{"index":"index","follow":"follow","max-snippet":"max-snippet:-1","max-image-preview":"max-image-preview:large","max-video-preview":"max-video-preview:-1"},"canonical":"https:\/\/cuscoberga.com\/es\/club\/","og_locale":"es_ES","og_type":"article","og_title":"Club de Amigos de Cusc\u00f3 Berga - Cusc\u00f3 Berga","og_description":"Vinos y cavas Cusc\u00f3 Berga del Macizo de Garraf. Hazte del Club de Amigos de Cusc\u00f3 Berga, y accede a descuentos y eventos exclusivos.","og_url":"https:\/\/cuscoberga.com\/es\/club\/","og_site_name":"Cusc\u00f3 Berga","article_modified_time":"2022-07-12T19:16:24+00:00","twitter_card":"summary_large_image","twitter_misc":{"Tiempo de lectura":"1 minuto"},"schema":{"@context":"https:\/\/schema.org","@graph":[{"@type":"WebPage","@id":"https:\/\/cuscoberga.com\/es\/club\/","url":"https:\/\/cuscoberga.com\/es\/club\/","name":"Club de Amigos de Cusc\u00f3 Berga - Cusc\u00f3 Berga","isPartOf":{"@id":"https:\/\/cuscoberga.com\/es\/#website"},"datePublished":"2022-07-10T17:38:27+00:00","dateModified":"2022-07-12T19:16:24+00:00","description":"Vinos y cavas Cusc\u00f3 Berga del Macizo de Garraf. Hazte del Club de Amigos de Cusc\u00f3 Berga, y accede a descuentos y eventos exclusivos.","breadcrumb":{"@id":"https:\/\/cuscoberga.com\/es\/club\/#breadcrumb"},"inLanguage":"es","potentialAction":[{"@type":"ReadAction","target":["https:\/\/cuscoberga.com\/es\/club\/"]}]},{"@type":"BreadcrumbList","@id":"https:\/\/cuscoberga.com\/es\/club\/#breadcrumb","itemListElement":[{"@type":"ListItem","position":1,"name":"Inici","item":"http:\/\/cuscoberga.com\/es\/"},{"@type":"ListItem","position":2,"name":"Club de Amigos de Cusc\u00f3 Berga"}]},{"@type":"WebSite","@id":"https:\/\/cuscoberga.com\/es\/#website","url":"https:\/\/cuscoberga.com\/es\/","name":"Cusc\u00f3 Berga","description":"","potentialAction":[{"@type":"SearchAction","target":{"@type":"EntryPoint","urlTemplate":"https:\/\/cuscoberga.com\/es\/?s={search_term_string}"},"query-input":{"@type":"PropertyValueSpecification","valueRequired":true,"valueName":"search_term_string"}}],"inLanguage":"es"}]}},"_links":{"self":[{"href":"https:\/\/cuscoberga.com\/es\/wp-json\/wp\/v2\/pages\/3791","targetHints":{"allow":["GET"]}}],"collection":[{"href":"https:\/\/cuscoberga.com\/es\/wp-json\/wp\/v2\/pages"}],"about":[{"href":"https:\/\/cuscoberga.com\/es\/wp-json\/wp\/v2\/types\/page"}],"author":[{"embeddable":true,"href":"https:\/\/cuscoberga.com\/es\/wp-json\/wp\/v2\/users\/1"}],"replies":[{"embeddable":true,"href":"https:\/\/cuscoberga.com\/es\/wp-json\/wp\/v2\/comments?post=3791"}],"version-history":[{"count":10,"href":"https:\/\/cuscoberga.com\/es\/wp-json\/wp\/v2\/pages\/3791\/revisions"}],"predecessor-version":[{"id":3849,"href":"https:\/\/cuscoberga.com\/es\/wp-json\/wp\/v2\/pages\/3791\/revisions\/3849"}],"wp:attachment":[{"href":"https:\/\/cuscoberga.com\/es\/wp-json\/wp\/v2\/media?parent=3791"}],"curies":[{"name":"wp","href":"https:\/\/api.w.org\/{rel}","templated":true}]}}