{"id":3783,"date":"2022-07-10T19:32:20","date_gmt":"2022-07-10T17:32:20","guid":{"rendered":"https:\/\/cuscoberga.com\/descubrimientos\/"},"modified":"2025-05-11T12:58:59","modified_gmt":"2025-05-11T10:58:59","slug":"descubrimientos","status":"publish","type":"page","link":"https:\/\/cuscoberga.com\/es\/descubrimientos\/","title":{"rendered":"Descubrimientos"},"content":{"rendered":"<div class=\"wpb-content-wrapper\"><p>[vc_row][vc_column][vc_column_text]<\/p>\n<h3 style=\"text-align: center;\"><strong>Obras maestras<\/strong> obtenidas con procesos de vinificaci\u00f3n <strong>ancestral<\/strong><br \/>\nde <strong>variedades recuperadas<\/strong> t\u00edpicamente mediterr\u00e1neas.<\/h3>\n<p>[\/vc_column_text][vc_separator]<div class=\"woocommerce columns-4 \"><div class=\"wf-container dt-products  woo-hover products loading-effect-fade-in description-on-hover cart-btn-on-img wc-img-hover hide-description wc-grid\" data-padding=\"0px\" data-cur-page=\"1\" data-desktop-columns-num=\"3\" data-v-tablet-columns-num=\"2\" data-h-tablet-columns-num=\"3\" data-phone-columns-num=\"1\">\n\n<article class=\"post visible description-off product type-product post-3350 status-publish first instock product_cat-brut-nature-reserva-es product_cat-cusco-berga-es product_cat-espumosos has-post-thumbnail taxable shipping-taxable purchasable product-type-simple\">\n\n\t<figure class=\"woocom-project\">\n\t<div class=\"woo-buttons-on-img\">\n\n\t\t<a href=\"https:\/\/cuscoberga.com\/es\/producte\/cusco-berga-brut-nature-natural-vino-espumoso-mon-calcic-2018\/\" class=\"alignnone layzr-bg\"><img loading=\"lazy\" decoding=\"async\" width=\"650\" height=\"650\" src=\"data:image\/svg+xml;charset=utf-8,%3Csvg xmlns%3D&#039;http%3A%2F%2Fwww.w3.org%2F2000%2Fsvg&#039; viewBox%3D&#039;0 0 650 650&#039;%2F%3E\" class=\"attachment-woocommerce_thumbnail size-woocommerce_thumbnail lazy-load preload-me\" alt=\"Espumoso Brut Nature Natural M\u00f3n C\u00e0lcic 2019\" data-src=\"https:\/\/cuscoberga.com\/wp-content\/uploads\/2021\/03\/Cusco-Berga-Brut-Nature-Natural-Vi-escumos-Mon-Calcic-1.jpg\" data-srcset=\"https:\/\/cuscoberga.com\/wp-content\/uploads\/2021\/03\/Cusco-Berga-Brut-Nature-Natural-Vi-escumos-Mon-Calcic-1.jpg 650w, https:\/\/cuscoberga.com\/wp-content\/uploads\/2021\/03\/Cusco-Berga-Brut-Nature-Natural-Vi-escumos-Mon-Calcic-1-300x300.jpg 300w, https:\/\/cuscoberga.com\/wp-content\/uploads\/2021\/03\/Cusco-Berga-Brut-Nature-Natural-Vi-escumos-Mon-Calcic-1-150x150.jpg 150w, https:\/\/cuscoberga.com\/wp-content\/uploads\/2021\/03\/Cusco-Berga-Brut-Nature-Natural-Vi-escumos-Mon-Calcic-1-200x200.jpg 200w\" \/><\/a>\n\t<\/div>\n\t<figcaption class=\"woocom-list-content\">\n\n\t\t<div class=\"woocommerce-product-details__short-description\">\n\t<p>M\u00f3nC\u00e0lcic Ancestral 2019<br \/>\nXarel\u00b7lo 100% BRUT NATURE.<\/p>\n<\/div>\n\n\t<\/figcaption>\n<\/figure>\n\n<\/article>\n\n\n\n<article class=\"post visible description-off product type-product post-4047 status-publish instock product_cat-blanco product_cat-cusco-berga-es product_cat-vinos has-post-thumbnail taxable shipping-taxable purchasable product-type-simple\">\n\n\t<figure class=\"woocom-project\">\n\t<div class=\"woo-buttons-on-img\">\n\n\t\t<a href=\"https:\/\/cuscoberga.com\/es\/producte\/malvasia-de-sitges\/\" class=\"alignnone layzr-bg\"><img loading=\"lazy\" decoding=\"async\" width=\"650\" height=\"650\" src=\"data:image\/svg+xml;charset=utf-8,%3Csvg xmlns%3D&#039;http%3A%2F%2Fwww.w3.org%2F2000%2Fsvg&#039; viewBox%3D&#039;0 0 650 650&#039;%2F%3E\" class=\"attachment-woocommerce_thumbnail size-woocommerce_thumbnail lazy-load preload-me\" alt=\"Vino Blanco Natural Malvas\u00eda de Sitges M\u00f3n C\u00e0lcic\" data-src=\"https:\/\/cuscoberga.com\/wp-content\/uploads\/2025\/05\/Malvasia-Web.jpg\" data-srcset=\"https:\/\/cuscoberga.com\/wp-content\/uploads\/2025\/05\/Malvasia-Web.jpg 650w, https:\/\/cuscoberga.com\/wp-content\/uploads\/2025\/05\/Malvasia-Web-300x300.jpg 300w, https:\/\/cuscoberga.com\/wp-content\/uploads\/2025\/05\/Malvasia-Web-150x150.jpg 150w, https:\/\/cuscoberga.com\/wp-content\/uploads\/2025\/05\/Malvasia-Web-200x200.jpg 200w\" \/><\/a>\n\t<\/div>\n\t<figcaption class=\"woocom-list-content\">\n\n\t\t<div class=\"woocommerce-product-details__short-description\">\n\t<p>VINO BLANCO NATURAL MALVAS\u00cdA DE SITGES 100% M\u00d3N C\u00c0LCIC 2023<br \/>\nUna variedad de uva blanca tradicional del Garraf, con sus suelos calc\u00e1reos.<\/p>\n<\/div>\n\n\t<\/figcaption>\n<\/figure>\n\n<\/article>\n\n\n\n<article class=\"post visible description-off product type-product post-3683 status-publish instock product_cat-cusco-berga-es product_cat-cusco-berga-en product_cat-rosado product_cat-rose product_cat-vinos product_cat-wines has-post-thumbnail taxable shipping-taxable purchasable product-type-simple\">\n\n\t<figure class=\"woocom-project\">\n\t<div class=\"woo-buttons-on-img\">\n\n\t\t<a href=\"https:\/\/cuscoberga.com\/es\/producte\/vino-rosado-natural-merlot-2021cova-gran-copia\/\" class=\"alignnone layzr-bg\"><img loading=\"lazy\" decoding=\"async\" width=\"650\" height=\"650\" src=\"data:image\/svg+xml;charset=utf-8,%3Csvg xmlns%3D&#039;http%3A%2F%2Fwww.w3.org%2F2000%2Fsvg&#039; viewBox%3D&#039;0 0 650 650&#039;%2F%3E\" class=\"attachment-woocommerce_thumbnail size-woocommerce_thumbnail lazy-load preload-me\" alt=\"Xarel\u00b7lo Vermell Natural 2021&lt;\/br&gt;&lt;b&gt;Cova Gran&lt;\/b&gt;\" data-src=\"https:\/\/cuscoberga.com\/wp-content\/uploads\/2022\/05\/xarelo-vermell-cusco-berga.jpg\" data-srcset=\"https:\/\/cuscoberga.com\/wp-content\/uploads\/2022\/05\/xarelo-vermell-cusco-berga.jpg 650w, https:\/\/cuscoberga.com\/wp-content\/uploads\/2022\/05\/xarelo-vermell-cusco-berga-300x300.jpg 300w, https:\/\/cuscoberga.com\/wp-content\/uploads\/2022\/05\/xarelo-vermell-cusco-berga-150x150.jpg 150w, https:\/\/cuscoberga.com\/wp-content\/uploads\/2022\/05\/xarelo-vermell-cusco-berga-200x200.jpg 200w\" \/><\/a>\n\t<\/div>\n\t<figcaption class=\"woocom-list-content\">\n\n\t\t<div class=\"woocommerce-product-details__short-description\">\n\t<p>Vino joven mono varietal 100% con uvas de la variedad xarel.lo vermell.<br \/>\nEl xarel.lo vermell es una variedad Ancestral recuperada y aut\u00f3ctona por excelencia.<br \/>\nEste vino que presentamos es fruto de vi\u00f1as de m\u00e1s de 50 a\u00f1os.<\/p>\n<\/div>\n\n\t<\/figcaption>\n<\/figure>\n\n<\/article>\n\n<\/div><\/div>[\/vc_column][\/vc_row]<\/p>\n<\/div>","protected":false},"excerpt":{"rendered":"<p>[vc_row][vc_column][vc_column_text] Obras maestras obtenidas con procesos de vinificaci\u00f3n ancestral de variedades recuperadas t\u00edpicamente mediterr\u00e1neas. [\/vc_column_text][vc_separator][\/vc_column][\/vc_row]<\/p>\n","protected":false},"author":1,"featured_media":0,"parent":0,"menu_order":0,"comment_status":"closed","ping_status":"closed","template":"","meta":{"footnotes":""},"class_list":["post-3783","page","type-page","status-publish","hentry","description-off"],"yoast_head":"<!-- This site is optimized with the Yoast SEO plugin v27.0 - https:\/\/yoast.com\/product\/yoast-seo-wordpress\/ -->\n<title>Descubrimientos - Cusc\u00f3 Berga<\/title>\n<meta name=\"robots\" content=\"index, follow, max-snippet:-1, max-image-preview:large, max-video-preview:-1\" \/>\n<link rel=\"canonical\" href=\"https:\/\/cuscoberga.com\/es\/descubrimientos\/\" \/>\n<meta property=\"og:locale\" content=\"es_ES\" \/>\n<meta property=\"og:type\" content=\"article\" \/>\n<meta property=\"og:title\" content=\"Descubrimientos - Cusc\u00f3 Berga\" \/>\n<meta property=\"og:description\" content=\"[vc_row][vc_column][vc_column_text] Obras maestras obtenidas con procesos de vinificaci\u00f3n ancestral de variedades recuperadas t\u00edpicamente mediterr\u00e1neas. [\/vc_column_text][vc_separator][\/vc_column][\/vc_row]\" \/>\n<meta property=\"og:url\" content=\"https:\/\/cuscoberga.com\/es\/descubrimientos\/\" \/>\n<meta property=\"og:site_name\" content=\"Cusc\u00f3 Berga\" \/>\n<meta property=\"article:modified_time\" content=\"2025-05-11T10:58:59+00:00\" \/>\n<meta name=\"twitter:card\" content=\"summary_large_image\" \/>\n<meta name=\"twitter:label1\" content=\"Tiempo de lectura\" \/>\n\t<meta name=\"twitter:data1\" content=\"1 minuto\" \/>\n<script type=\"application\/ld+json\" class=\"yoast-schema-graph\">{\"@context\":\"https:\/\/schema.org\",\"@graph\":[{\"@type\":\"WebPage\",\"@id\":\"https:\/\/cuscoberga.com\/es\/descubrimientos\/\",\"url\":\"https:\/\/cuscoberga.com\/es\/descubrimientos\/\",\"name\":\"Descubrimientos - Cusc\u00f3 Berga\",\"isPartOf\":{\"@id\":\"https:\/\/cuscoberga.com\/es\/#website\"},\"datePublished\":\"2022-07-10T17:32:20+00:00\",\"dateModified\":\"2025-05-11T10:58:59+00:00\",\"breadcrumb\":{\"@id\":\"https:\/\/cuscoberga.com\/es\/descubrimientos\/#breadcrumb\"},\"inLanguage\":\"es\",\"potentialAction\":[{\"@type\":\"ReadAction\",\"target\":[\"https:\/\/cuscoberga.com\/es\/descubrimientos\/\"]}]},{\"@type\":\"BreadcrumbList\",\"@id\":\"https:\/\/cuscoberga.com\/es\/descubrimientos\/#breadcrumb\",\"itemListElement\":[{\"@type\":\"ListItem\",\"position\":1,\"name\":\"Inici\",\"item\":\"https:\/\/cuscoberga.com\/es\/\"},{\"@type\":\"ListItem\",\"position\":2,\"name\":\"Descubrimientos\"}]},{\"@type\":\"WebSite\",\"@id\":\"https:\/\/cuscoberga.com\/es\/#website\",\"url\":\"https:\/\/cuscoberga.com\/es\/\",\"name\":\"Cusc\u00f3 Berga\",\"description\":\"\",\"potentialAction\":[{\"@type\":\"SearchAction\",\"target\":{\"@type\":\"EntryPoint\",\"urlTemplate\":\"https:\/\/cuscoberga.com\/es\/?s={search_term_string}\"},\"query-input\":{\"@type\":\"PropertyValueSpecification\",\"valueRequired\":true,\"valueName\":\"search_term_string\"}}],\"inLanguage\":\"es\"}]}<\/script>\n<!-- \/ Yoast SEO plugin. -->","yoast_head_json":{"title":"Descubrimientos - Cusc\u00f3 Berga","robots":{"index":"index","follow":"follow","max-snippet":"max-snippet:-1","max-image-preview":"max-image-preview:large","max-video-preview":"max-video-preview:-1"},"canonical":"https:\/\/cuscoberga.com\/es\/descubrimientos\/","og_locale":"es_ES","og_type":"article","og_title":"Descubrimientos - Cusc\u00f3 Berga","og_description":"[vc_row][vc_column][vc_column_text] Obras maestras obtenidas con procesos de vinificaci\u00f3n ancestral de variedades recuperadas t\u00edpicamente mediterr\u00e1neas. [\/vc_column_text][vc_separator][\/vc_column][\/vc_row]","og_url":"https:\/\/cuscoberga.com\/es\/descubrimientos\/","og_site_name":"Cusc\u00f3 Berga","article_modified_time":"2025-05-11T10:58:59+00:00","twitter_card":"summary_large_image","twitter_misc":{"Tiempo de lectura":"1 minuto"},"schema":{"@context":"https:\/\/schema.org","@graph":[{"@type":"WebPage","@id":"https:\/\/cuscoberga.com\/es\/descubrimientos\/","url":"https:\/\/cuscoberga.com\/es\/descubrimientos\/","name":"Descubrimientos - Cusc\u00f3 Berga","isPartOf":{"@id":"https:\/\/cuscoberga.com\/es\/#website"},"datePublished":"2022-07-10T17:32:20+00:00","dateModified":"2025-05-11T10:58:59+00:00","breadcrumb":{"@id":"https:\/\/cuscoberga.com\/es\/descubrimientos\/#breadcrumb"},"inLanguage":"es","potentialAction":[{"@type":"ReadAction","target":["https:\/\/cuscoberga.com\/es\/descubrimientos\/"]}]},{"@type":"BreadcrumbList","@id":"https:\/\/cuscoberga.com\/es\/descubrimientos\/#breadcrumb","itemListElement":[{"@type":"ListItem","position":1,"name":"Inici","item":"https:\/\/cuscoberga.com\/es\/"},{"@type":"ListItem","position":2,"name":"Descubrimientos"}]},{"@type":"WebSite","@id":"https:\/\/cuscoberga.com\/es\/#website","url":"https:\/\/cuscoberga.com\/es\/","name":"Cusc\u00f3 Berga","description":"","potentialAction":[{"@type":"SearchAction","target":{"@type":"EntryPoint","urlTemplate":"https:\/\/cuscoberga.com\/es\/?s={search_term_string}"},"query-input":{"@type":"PropertyValueSpecification","valueRequired":true,"valueName":"search_term_string"}}],"inLanguage":"es"}]}},"_links":{"self":[{"href":"https:\/\/cuscoberga.com\/es\/wp-json\/wp\/v2\/pages\/3783","targetHints":{"allow":["GET"]}}],"collection":[{"href":"https:\/\/cuscoberga.com\/es\/wp-json\/wp\/v2\/pages"}],"about":[{"href":"https:\/\/cuscoberga.com\/es\/wp-json\/wp\/v2\/types\/page"}],"author":[{"embeddable":true,"href":"https:\/\/cuscoberga.com\/es\/wp-json\/wp\/v2\/users\/1"}],"replies":[{"embeddable":true,"href":"https:\/\/cuscoberga.com\/es\/wp-json\/wp\/v2\/comments?post=3783"}],"version-history":[{"count":6,"href":"https:\/\/cuscoberga.com\/es\/wp-json\/wp\/v2\/pages\/3783\/revisions"}],"predecessor-version":[{"id":4049,"href":"https:\/\/cuscoberga.com\/es\/wp-json\/wp\/v2\/pages\/3783\/revisions\/4049"}],"wp:attachment":[{"href":"https:\/\/cuscoberga.com\/es\/wp-json\/wp\/v2\/media?parent=3783"}],"curies":[{"name":"wp","href":"https:\/\/api.w.org\/{rel}","templated":true}]}}