{"id":3035,"date":"2021-06-10T10:40:03","date_gmt":"2021-06-10T08:40:03","guid":{"rendered":"https:\/\/cuscoberga.com\/contactar\/"},"modified":"2021-06-29T16:32:43","modified_gmt":"2021-06-29T14:32:43","slug":"contactar","status":"publish","type":"page","link":"https:\/\/cuscoberga.com\/es\/contactar\/","title":{"rendered":"Contactar"},"content":{"rendered":"<div class=\"wpb-content-wrapper\"><p>[vc_row full_width=\u00bbstretch_row_content_no_spaces\u00bb full_height=\u00bbyes\u00bb equal_height=\u00bbyes\u00bb el_class=\u00bbimg_page\u00bb][vc_column width=\u00bb1\/2&#8243; css=\u00bb.vc_custom_1617176811384{padding: 10% !important;}\u00bb][vc_column_text]Contacta con nosotros a trav\u00e9s de los tel\u00e9fonos: <strong>+34 938 97 01 64 \/ +34 676 25 25 50<\/strong> y del correo electr\u00f3nico: <strong>cuscoberga@gmail.com<\/strong>, o si lo prefieres puedes enviar este formulario que te responderemos lo antes posible.[\/vc_column_text][vc_custom_heading text=\u00bbFormulario de contacto\u00bb font_container=\u00bbtag:h4|text_align:center|color:%23000000&#8243; google_fonts=\u00bbfont_family:Roboto%3A100%2C100italic%2C300%2C300italic%2Cregular%2Citalic%2C500%2C500italic%2C700%2C700italic%2C900%2C900italic|font_style:700%20bold%20regular%3A700%3Anormal\u00bb el_class=\u00bbtitol_gran\u00bb][vc_column_text]<\/p>\n<div class=\"caldera-grid\" id=\"caldera_form_1\" data-cf-ver=\"1.9.6\" data-cf-form-id=\"CF606498c880704\"><div id=\"caldera_notices_1\" data-spinner=\"https:\/\/cuscoberga.com\/wp-admin\/images\/spinner.gif\"><\/div><form data-instance=\"1\" class=\"CF606498c880704 caldera_forms_form cfajax-trigger\" method=\"POST\" enctype=\"multipart\/form-data\" id=\"CF606498c880704_1\" data-form-id=\"CF606498c880704\" aria-label=\"Contactar Cat\" data-target=\"#caldera_notices_1\" data-template=\"#cfajax_CF606498c880704-tmpl\" data-cfajax=\"CF606498c880704\" data-load-element=\"_parent\" data-load-class=\"cf_processing\" data-post-disable=\"0\" data-action=\"cf_process_ajax_submit\" data-request=\"https:\/\/cuscoberga.com\/es\/\/cf-api\/CF606498c880704\" data-hiderows=\"true\">\r\n<input type=\"hidden\" id=\"_cf_verify_CF606498c880704\" name=\"_cf_verify\" value=\"679a0a8ce8\"  data-nonce-time=\"1776068047\" \/><input type=\"hidden\" name=\"_wp_http_referer\" value=\"\/es\/wp-json\/wp\/v2\/pages\/3035\" \/><div id=\"cf2-CF606498c880704_1\"><\/div><input type=\"hidden\" name=\"_cf_frm_id\" value=\"CF606498c880704\">\r\n<input type=\"hidden\" name=\"_cf_frm_ct\" value=\"1\">\r\n<input type=\"hidden\" name=\"cfajax\" value=\"CF606498c880704\">\r\n<input type=\"hidden\" name=\"_cf_cr_pst\" value=\"3035\">\r\n<div class=\"hide\" style=\"display:none; overflow:hidden;height:0;width:0;\">\r\n<label>Twitter<\/label><input type=\"text\" name=\"twitter\" value=\"\" autocomplete=\"off\">\r\n<\/div><div id=\"CF606498c880704_1-row-1\"  class=\"row  first_row\"><div  class=\"col-sm-6  first_col\"><div data-field-wrapper=\"fld_185917\" class=\"form-group\" id=\"fld_185917_1-wrap\">\r\n\t<label id=\"fld_185917Label\" for=\"fld_185917_1\" class=\"control-label\">Nom <span aria-hidden=\"true\" role=\"presentation\" class=\"field_required\" style=\"color:#ee0000;\">*<\/span><\/label>\r\n\t<div class=\"\">\r\n\t\t<input   required type=\"text\" data-field=\"fld_185917\" class=\" form-control\" id=\"fld_185917_1\" name=\"fld_185917\" value=\"\" data-type=\"text\" aria-required=\"true\"   aria-labelledby=\"fld_185917Label\" >\t\t\t<\/div>\r\n<\/div>\r\n<\/div><div  class=\"col-sm-6  last_col\"><div data-field-wrapper=\"fld_6892512\" class=\"form-group\" id=\"fld_6892512_1-wrap\">\r\n\t<label id=\"fld_6892512Label\" for=\"fld_6892512_1\" class=\"control-label\">Cognoms <span aria-hidden=\"true\" role=\"presentation\" class=\"field_required\" style=\"color:#ee0000;\">*<\/span><\/label>\r\n\t<div class=\"\">\r\n\t\t<input   required type=\"text\" data-field=\"fld_6892512\" class=\" form-control\" id=\"fld_6892512_1\" name=\"fld_6892512\" value=\"\" data-type=\"text\" aria-required=\"true\"   aria-labelledby=\"fld_6892512Label\" >\t\t\t<\/div>\r\n<\/div>\r\n<\/div><\/div><div id=\"CF606498c880704_1-row-2\"  class=\"row \"><div  class=\"col-sm-6  first_col\"><div data-field-wrapper=\"fld_2254781\" class=\"form-group\" id=\"fld_2254781_1-wrap\">\r\n\t<label id=\"fld_2254781Label\" for=\"fld_2254781_1\" class=\"control-label\">N\u00famero de m\u00f2bil <span aria-hidden=\"true\" role=\"presentation\" class=\"field_required\" style=\"color:#ee0000;\">*<\/span><\/label>\r\n\t<div class=\"\">\r\n\t\t<input   required type=\"number\" data-field=\"fld_2254781\" class=\" form-control\" id=\"fld_2254781_1\" name=\"fld_2254781\" value=\"\" data-type=\"number\" data-parsley-type=\"number\" aria-required=\"true\"   aria-labelledby=\"fld_2254781Label\" >\t\t\t<\/div>\r\n<\/div>\r\n<\/div><div  class=\"col-sm-6  last_col\"><div data-field-wrapper=\"fld_7900587\" class=\"form-group\" id=\"fld_7900587_1-wrap\">\r\n\t<label id=\"fld_7900587Label\" for=\"fld_7900587_1\" class=\"control-label\">Correu electr\u00f2nic <span aria-hidden=\"true\" role=\"presentation\" class=\"field_required\" style=\"color:#ee0000;\">*<\/span><\/label>\r\n\t<div class=\"\">\r\n\t\t<input   required type=\"email\" data-field=\"fld_7900587\" class=\" form-control\" id=\"fld_7900587_1\" name=\"fld_7900587\" value=\"\" data-type=\"email\" aria-required=\"true\"   aria-labelledby=\"fld_7900587Label\" >\t\t\t<\/div>\r\n<\/div>\r\n<\/div><\/div><div id=\"CF606498c880704_1-row-3\"  class=\"row  last_row\"><div  class=\"col-sm-12  single\"><div data-field-wrapper=\"fld_4089741\" class=\"form-group\" id=\"fld_4089741_1-wrap\">\r\n\t<label id=\"fld_4089741Label\" for=\"fld_4089741_1\" class=\"control-label\">Comentaris<\/label>\r\n\t<div class=\"\">\r\n\t\t<textarea name=\"fld_4089741\" value=\"\" data-field=\"fld_4089741\" class=\"form-control\" id=\"fld_4089741_1\" rows=\"4\"    aria-labelledby=\"fld_4089741Label\" ><\/textarea>\n\t\t\t<\/div>\r\n<\/div>\r\n<div data-field-wrapper=\"fld_9167451\" class=\"form-group\" id=\"fld_9167451_1-wrap\">\r\n<div class=\"\">\r\n\n<div class=\"checkbox-inline caldera-forms-consent-field\">\n    <input data-parsley-required=\"true\" data-parsley-group=\"fld_9167451_1\" data-parsley-multiple=\"fld_9167451_1\"        type=\"checkbox\" data-label=\"Pol\u00edtica de Protecci\u00f3 de Dades\"\n        data-field=\"fld_9167451\"\n        id=\"fld_9167451_1\"\n        class=\"fld_9167451_1 option-required\"\n        name=\"fld_9167451\"\n        value=\"1\"\n        data-type=\"checkbox\"\n        data-checkbox-field=\"fld_9167451_1\"\n    >\n    <label for=\"fld_9167451_1\"\n           class=\"caldera-forms-gdpr-field-label\"\n           style=\"display:inline; margin-left: 0.5rem;\"\n    >\n                <p\n            class=\"caldera-forms-consent-field-agreement\"\n        >\n            He llegit i accepto la Pol\u00edtica de Protecci\u00f3 de Dades.        <\/p>\n        <a href=\"https:\/\/cuscoberga.com\/politica-de-proteccio-de-dades\/\"\n           target=\"_blank\"\n                title=\"P\u00e1gina de pol\u00edtica de privacidad\"\n            class=\"caldera-forms-consent-field-linked_text\"\n            >\n            Llegir        <\/a>\n    <\/label>\n    <span style=\"color:#ff0000;\">*<\/span>\n<\/div>\n\n<\/div>\r\n<\/div>\r\n<div data-field-wrapper=\"fld_7167496\" class=\"form-group\" id=\"fld_7167496_1-wrap\">\r\n<div class=\"\">\r\n\t<input  class=\"btn btn-default\" type=\"submit\" name=\"fld_7167496\" id=\"fld_7167496_1\" value=\"enviar\" data-field=\"fld_7167496\"  >\n<\/div>\r\n<\/div>\r\n\t<input class=\"button_trigger_1\" type=\"hidden\" name=\"fld_7167496\" id=\"fld_7167496_1_btn\" value=\"\" data-field=\"fld_7167496\"  \/>\n<\/div><\/div><\/form>\r\n<\/div>\r\n\n<p>[\/vc_column_text][vc_custom_heading text=\u00bbC\u00f3mo llegar\u00bb font_container=\u00bbtag:h4|text_align:center|color:%23000000&#8243; google_fonts=\u00bbfont_family:Roboto%3A100%2C100italic%2C300%2C300italic%2Cregular%2Citalic%2C500%2C500italic%2C700%2C700italic%2C900%2C900italic|font_style:700%20bold%20regular%3A700%3Anormal\u00bb el_class=\u00bbtitol_gran\u00bb][vc_column_text]<strong>Vinos y Cavas Cusc\u00f3 Berga<\/strong><br \/>\nC \/ Esplugues, 7 08793 Las Gunyoles &#8211; Avinyonet del Pened\u00e9s &#8211; Barcelona.<\/p>\n<p><strong>Indicaciones:<\/strong><br \/>\nUbicada a unos 39 kms. de Barcelona, por la Autopista A7, salida n\u00ba 28, en la Nacional 340 hasta Avinyonet del Pened\u00e8s. A 1 Km. en direcci\u00f3n a Olesa de Bonesvalls, Begues, Gav\u00e0 desv\u00edo a la derecha, v\u00e9ase rotulaci\u00f3n. Y por Ordal Nacional 340.<\/p>\n<p>GPS: 41.35155329094722, 1.7833713758102476[\/vc_column_text][\/vc_column][vc_column width=\u00bb1\/2&#8243; css=\u00bb.vc_custom_1617206600664{background-image: url(https:\/\/cuscoberga.com\/\/wp-content\/uploads\/2021\/03\/contactar-main-1.jpg?id=2737) !important;background-position: center !important;background-repeat: no-repeat !important;background-size: cover !important;}\u00bb el_class=\u00bbimg_page\u00bb][\/vc_column][\/vc_row][vc_row full_width=\u00bbstretch_row_content_no_spaces\u00bb][vc_column][vc_column_text]<iframe loading=\"lazy\" style=\"border: 0;\" src=\"https:\/\/www.google.com\/maps\/embed?pb=!1m18!1m12!1m3!1d2995.035777127813!2d1.7813194154246748!3d41.3515760792675!2m3!1f0!2f0!3f0!3m2!1i1024!2i768!4f13.1!3m3!1m2!1s0x12a47c28a67b001d%3A0x272f502bdf3e88ef!2sBodega%20Vins%20I%20Caves%20Cusc%C3%B3%20Berga!5e0!3m2!1sen!2ses!4v1617206259497!5m2!1sen!2ses\" width=\"100%\" height=\"450\" allowfullscreen=\"allowfullscreen\"><\/iframe>[\/vc_column_text][\/vc_column][\/vc_row][vc_row full_width=\u00bbstretch_row_content_no_spaces\u00bb equal_height=\u00bbyes\u00bb content_placement=\u00bbmiddle\u00bb el_class=\u00bbimg_page\u00bb css=\u00bb.vc_custom_1617207373086{margin-top: -43px !important;}\u00bb][vc_column width=\u00bb1\/3&#8243; css=\u00bb.vc_custom_1617205228262{padding-top: 140px !important;padding-right: 10px !important;padding-bottom: 140px !important;padding-left: 10px !important;background-image: url(https:\/\/cuscoberga.com\/\/wp-content\/uploads\/2021\/03\/contactar-1.jpg?id=2731) !important;background-position: center !important;background-repeat: no-repeat !important;background-size: cover !important;}\u00bb][\/vc_column][vc_column width=\u00bb1\/3&#8243; css=\u00bb.vc_custom_1617205250968{padding-top: 140px !important;padding-right: 10px !important;padding-bottom: 140px !important;padding-left: 10px !important;background-image: url(https:\/\/cuscoberga.com\/\/wp-content\/uploads\/2021\/03\/contactar-2.jpg?id=2732) !important;background-position: center !important;background-repeat: no-repeat !important;background-size: cover !important;}\u00bb][\/vc_column][vc_column width=\u00bb1\/3&#8243; css=\u00bb.vc_custom_1617205266829{padding-top: 140px !important;padding-right: 10px !important;padding-bottom: 140px !important;padding-left: 10px !important;background-image: url(https:\/\/cuscoberga.com\/\/wp-content\/uploads\/2021\/03\/contactar-3.jpg?id=2733) !important;background-position: center !important;background-repeat: no-repeat !important;background-size: cover !important;}\u00bb][\/vc_column][\/vc_row][vc_row][vc_column][vc_column_text css=\u00bb.vc_custom_1619013212755{margin-top: 30px !important;}\u00bb]<img decoding=\"async\" class=\"alignleft wp-image-2799 size-full\" src=\"https:\/\/cuscoberga.com\/\/wp-content\/uploads\/2021\/04\/wine-1.jpg\" alt=\"\" width=\"110\" height=\"auto\" \/><img decoding=\"async\" class=\"size-full wp-image-2792 alignleft\" src=\"https:\/\/cuscoberga.com\/\/wp-content\/uploads\/2021\/04\/avinyonet.jpg\" alt=\"\" width=\"110\" height=\"auto\" \/><img decoding=\"async\" class=\"size-full wp-image-2793 alignleft\" src=\"https:\/\/cuscoberga.com\/\/wp-content\/uploads\/2021\/04\/ccpae.jpg\" alt=\"\" width=\"110\" height=\"auto\" \/><img decoding=\"async\" class=\"size-full wp-image-2798 alignleft\" src=\"https:\/\/cuscoberga.com\/\/wp-content\/uploads\/2021\/04\/verd.jpg\" alt=\"\" width=\"110\" height=\"auto\" \/><img decoding=\"async\" class=\"size-full wp-image-2796 alignleft\" src=\"https:\/\/cuscoberga.com\/\/wp-content\/uploads\/2021\/04\/penedes.jpg\" alt=\"\" width=\"110\" height=\"auto\" \/><img decoding=\"async\" class=\"size-full wp-image-2795 alignleft\" src=\"https:\/\/cuscoberga.com\/\/wp-content\/uploads\/2021\/04\/origen.jpg\" alt=\"\" width=\"110\" height=\"auto\" \/><img decoding=\"async\" class=\"size-full wp-image-2788 alignleft\" src=\"https:\/\/cuscoberga.com\/\/wp-content\/uploads\/2021\/04\/logo-venda-de-proximitat.jpg\" alt=\"\" width=\"110\" height=\"auto\" \/><img decoding=\"async\" class=\"alignnone size-full wp-image-2800\" src=\"https:\/\/cuscoberga.com\/\/wp-content\/uploads\/2021\/04\/xarxa.jpg\" alt=\"\" width=\"110\" height=\"auto\" \/>[\/vc_column_text][vc_column_text css=\u00bb.vc_custom_1623851529202{margin-top: 30px !important;}\u00bb]<img decoding=\"async\" class=\"alignleft size-full wp-image-2889\" src=\"https:\/\/cuscoberga.com\/\/wp-content\/uploads\/2021\/04\/cava.jpg\" alt=\"\" width=\"110\" height=\"auto\" \/><img decoding=\"async\" class=\"alignleft size-full wp-image-2890\" src=\"https:\/\/cuscoberga.com\/\/wp-content\/uploads\/2021\/04\/parc.jpg\" alt=\"\" width=\"110\" height=\"auto\" \/><img decoding=\"async\" class=\"alignleft size-full wp-image-2927\" src=\"https:\/\/cuscoberga.com\/wp-content\/uploads\/2021\/05\/avc.jpg\" alt=\"\" width=\"110\" height=\"auto\" \/><img decoding=\"async\" class=\"alignleft size-medium wp-image-2928\" src=\"https:\/\/cuscoberga.com\/wp-content\/uploads\/2021\/05\/acs.jpg\" alt=\"\" width=\"110\" height=\"auto\" \/><img decoding=\"async\" class=\"alignleft size-medium wp-image-2929\" src=\"https:\/\/cuscoberga.com\/wp-content\/uploads\/2021\/05\/ace.jpg\" alt=\"\" width=\"110\" height=\"auto\" \/><img decoding=\"async\" class=\"alignleft size-full wp-image-2933\" src=\"https:\/\/cuscoberga.com\/wp-content\/uploads\/2021\/05\/expe.jpg\" alt=\"\" width=\"110\" height=\"auto\" \/><img decoding=\"async\" class=\"alignleft size-full wp-image-2933\" src=\"https:\/\/cuscoberga.com\/wp-content\/uploads\/2021\/06\/pit.jpg\" alt=\"\" width=\"110\" height=\"auto\" \/><img decoding=\"async\" class=\"alignleft size-full wp-image-2933\" src=\"https:\/\/cuscoberga.com\/wp-content\/uploads\/2021\/06\/cat.jpg\" alt=\"\" width=\"110\" height=\"auto\" \/>[\/vc_column_text][\/vc_column][\/vc_row]<\/p>\n<\/div>","protected":false},"excerpt":{"rendered":"<p>[vc_row full_width=\u00bbstretch_row_content_no_spaces\u00bb full_height=\u00bbyes\u00bb equal_height=\u00bbyes\u00bb el_class=\u00bbimg_page\u00bb][vc_column width=\u00bb1\/2&#8243; css=\u00bb.vc_custom_1617176811384{padding: 10% !important;}\u00bb][vc_column_text]Contacta con nosotros a trav\u00e9s de los tel\u00e9fonos: +34 938 97 01 64 \/ +34 676 25 25 50 y del correo electr\u00f3nico: cuscoberga@gmail.com, o si lo prefieres puedes enviar este formulario que te responderemos lo antes posible.[\/vc_column_text][vc_custom_heading text=\u00bbFormulario de contacto\u00bb font_container=\u00bbtag:h4|text_align:center|color:%23000000&#8243; google_fonts=\u00bbfont_family:Roboto%3A100%2C100italic%2C300%2C300italic%2Cregular%2Citalic%2C500%2C500italic%2C700%2C700italic%2C900%2C900italic|font_style:700%20bold%20regular%3A700%3Anormal\u00bb el_class=\u00bbtitol_gran\u00bb][vc_column_text] [\/vc_column_text][vc_custom_heading text=\u00bbC\u00f3mo llegar\u00bb&hellip;<\/p>\n","protected":false},"author":1,"featured_media":0,"parent":0,"menu_order":0,"comment_status":"closed","ping_status":"closed","template":"","meta":{"footnotes":""},"class_list":["post-3035","page","type-page","status-publish","hentry","description-off"],"yoast_head":"<!-- This site is optimized with the Yoast SEO plugin v27.0 - https:\/\/yoast.com\/product\/yoast-seo-wordpress\/ -->\n<title>Contactar - Cusc\u00f3 Berga<\/title>\n<meta name=\"robots\" content=\"index, follow, max-snippet:-1, max-image-preview:large, max-video-preview:-1\" \/>\n<link rel=\"canonical\" href=\"https:\/\/cuscoberga.com\/es\/contactar\/\" \/>\n<meta property=\"og:locale\" content=\"es_ES\" \/>\n<meta property=\"og:type\" content=\"article\" \/>\n<meta property=\"og:title\" content=\"Contactar - Cusc\u00f3 Berga\" \/>\n<meta property=\"og:description\" content=\"[vc_row full_width=\u00bbstretch_row_content_no_spaces\u00bb full_height=\u00bbyes\u00bb equal_height=\u00bbyes\u00bb el_class=\u00bbimg_page\u00bb][vc_column width=\u00bb1\/2&#8243; css=\u00bb.vc_custom_1617176811384{padding: 10% !important;}\u00bb][vc_column_text]Contacta con nosotros a trav\u00e9s de los tel\u00e9fonos: +34 938 97 01 64 \/ +34 676 25 25 50 y del correo electr\u00f3nico: cuscoberga@gmail.com, o si lo prefieres puedes enviar este formulario que te responderemos lo antes posible.[\/vc_column_text][vc_custom_heading text=\u00bbFormulario de contacto\u00bb font_container=\u00bbtag:h4|text_align:center|color:%23000000&#8243; google_fonts=\u00bbfont_family:Roboto%3A100%2C100italic%2C300%2C300italic%2Cregular%2Citalic%2C500%2C500italic%2C700%2C700italic%2C900%2C900italic|font_style:700%20bold%20regular%3A700%3Anormal\u00bb el_class=\u00bbtitol_gran\u00bb][vc_column_text] [\/vc_column_text][vc_custom_heading text=\u00bbC\u00f3mo llegar\u00bb&hellip;\" \/>\n<meta property=\"og:url\" content=\"https:\/\/cuscoberga.com\/es\/contactar\/\" \/>\n<meta property=\"og:site_name\" content=\"Cusc\u00f3 Berga\" \/>\n<meta property=\"article:modified_time\" content=\"2021-06-29T14:32:43+00:00\" \/>\n<meta property=\"og:image\" content=\"https:\/\/cuscoberga.com\/\/wp-content\/uploads\/2021\/04\/wine-1.jpg\" \/>\n<meta name=\"twitter:card\" content=\"summary_large_image\" \/>\n<meta name=\"twitter:label1\" content=\"Tiempo de lectura\" \/>\n\t<meta name=\"twitter:data1\" content=\"5 minutos\" \/>\n<script type=\"application\/ld+json\" class=\"yoast-schema-graph\">{\"@context\":\"https:\/\/schema.org\",\"@graph\":[{\"@type\":\"WebPage\",\"@id\":\"https:\/\/cuscoberga.com\/es\/contactar\/\",\"url\":\"https:\/\/cuscoberga.com\/es\/contactar\/\",\"name\":\"Contactar - Cusc\u00f3 Berga\",\"isPartOf\":{\"@id\":\"https:\/\/cuscoberga.com\/es\/#website\"},\"primaryImageOfPage\":{\"@id\":\"https:\/\/cuscoberga.com\/es\/contactar\/#primaryimage\"},\"image\":{\"@id\":\"https:\/\/cuscoberga.com\/es\/contactar\/#primaryimage\"},\"thumbnailUrl\":\"https:\/\/cuscoberga.com\/\/wp-content\/uploads\/2021\/04\/wine-1.jpg\",\"datePublished\":\"2021-06-10T08:40:03+00:00\",\"dateModified\":\"2021-06-29T14:32:43+00:00\",\"breadcrumb\":{\"@id\":\"https:\/\/cuscoberga.com\/es\/contactar\/#breadcrumb\"},\"inLanguage\":\"es\",\"potentialAction\":[{\"@type\":\"ReadAction\",\"target\":[\"https:\/\/cuscoberga.com\/es\/contactar\/\"]}]},{\"@type\":\"ImageObject\",\"inLanguage\":\"es\",\"@id\":\"https:\/\/cuscoberga.com\/es\/contactar\/#primaryimage\",\"url\":\"https:\/\/cuscoberga.com\/\/wp-content\/uploads\/2021\/04\/wine-1.jpg\",\"contentUrl\":\"https:\/\/cuscoberga.com\/\/wp-content\/uploads\/2021\/04\/wine-1.jpg\"},{\"@type\":\"BreadcrumbList\",\"@id\":\"https:\/\/cuscoberga.com\/es\/contactar\/#breadcrumb\",\"itemListElement\":[{\"@type\":\"ListItem\",\"position\":1,\"name\":\"Inici\",\"item\":\"https:\/\/cuscoberga.com\/es\/\"},{\"@type\":\"ListItem\",\"position\":2,\"name\":\"Contactar\"}]},{\"@type\":\"WebSite\",\"@id\":\"https:\/\/cuscoberga.com\/es\/#website\",\"url\":\"https:\/\/cuscoberga.com\/es\/\",\"name\":\"Cusc\u00f3 Berga\",\"description\":\"\",\"potentialAction\":[{\"@type\":\"SearchAction\",\"target\":{\"@type\":\"EntryPoint\",\"urlTemplate\":\"https:\/\/cuscoberga.com\/es\/?s={search_term_string}\"},\"query-input\":{\"@type\":\"PropertyValueSpecification\",\"valueRequired\":true,\"valueName\":\"search_term_string\"}}],\"inLanguage\":\"es\"}]}<\/script>\n<!-- \/ Yoast SEO plugin. -->","yoast_head_json":{"title":"Contactar - Cusc\u00f3 Berga","robots":{"index":"index","follow":"follow","max-snippet":"max-snippet:-1","max-image-preview":"max-image-preview:large","max-video-preview":"max-video-preview:-1"},"canonical":"https:\/\/cuscoberga.com\/es\/contactar\/","og_locale":"es_ES","og_type":"article","og_title":"Contactar - Cusc\u00f3 Berga","og_description":"[vc_row full_width=\u00bbstretch_row_content_no_spaces\u00bb full_height=\u00bbyes\u00bb equal_height=\u00bbyes\u00bb el_class=\u00bbimg_page\u00bb][vc_column width=\u00bb1\/2&#8243; css=\u00bb.vc_custom_1617176811384{padding: 10% !important;}\u00bb][vc_column_text]Contacta con nosotros a trav\u00e9s de los tel\u00e9fonos: +34 938 97 01 64 \/ +34 676 25 25 50 y del correo electr\u00f3nico: cuscoberga@gmail.com, o si lo prefieres puedes enviar este formulario que te responderemos lo antes posible.[\/vc_column_text][vc_custom_heading text=\u00bbFormulario de contacto\u00bb font_container=\u00bbtag:h4|text_align:center|color:%23000000&#8243; google_fonts=\u00bbfont_family:Roboto%3A100%2C100italic%2C300%2C300italic%2Cregular%2Citalic%2C500%2C500italic%2C700%2C700italic%2C900%2C900italic|font_style:700%20bold%20regular%3A700%3Anormal\u00bb el_class=\u00bbtitol_gran\u00bb][vc_column_text] [\/vc_column_text][vc_custom_heading text=\u00bbC\u00f3mo llegar\u00bb&hellip;","og_url":"https:\/\/cuscoberga.com\/es\/contactar\/","og_site_name":"Cusc\u00f3 Berga","article_modified_time":"2021-06-29T14:32:43+00:00","og_image":[{"url":"https:\/\/cuscoberga.com\/\/wp-content\/uploads\/2021\/04\/wine-1.jpg","type":"","width":"","height":""}],"twitter_card":"summary_large_image","twitter_misc":{"Tiempo de lectura":"5 minutos"},"schema":{"@context":"https:\/\/schema.org","@graph":[{"@type":"WebPage","@id":"https:\/\/cuscoberga.com\/es\/contactar\/","url":"https:\/\/cuscoberga.com\/es\/contactar\/","name":"Contactar - Cusc\u00f3 Berga","isPartOf":{"@id":"https:\/\/cuscoberga.com\/es\/#website"},"primaryImageOfPage":{"@id":"https:\/\/cuscoberga.com\/es\/contactar\/#primaryimage"},"image":{"@id":"https:\/\/cuscoberga.com\/es\/contactar\/#primaryimage"},"thumbnailUrl":"https:\/\/cuscoberga.com\/\/wp-content\/uploads\/2021\/04\/wine-1.jpg","datePublished":"2021-06-10T08:40:03+00:00","dateModified":"2021-06-29T14:32:43+00:00","breadcrumb":{"@id":"https:\/\/cuscoberga.com\/es\/contactar\/#breadcrumb"},"inLanguage":"es","potentialAction":[{"@type":"ReadAction","target":["https:\/\/cuscoberga.com\/es\/contactar\/"]}]},{"@type":"ImageObject","inLanguage":"es","@id":"https:\/\/cuscoberga.com\/es\/contactar\/#primaryimage","url":"https:\/\/cuscoberga.com\/\/wp-content\/uploads\/2021\/04\/wine-1.jpg","contentUrl":"https:\/\/cuscoberga.com\/\/wp-content\/uploads\/2021\/04\/wine-1.jpg"},{"@type":"BreadcrumbList","@id":"https:\/\/cuscoberga.com\/es\/contactar\/#breadcrumb","itemListElement":[{"@type":"ListItem","position":1,"name":"Inici","item":"https:\/\/cuscoberga.com\/es\/"},{"@type":"ListItem","position":2,"name":"Contactar"}]},{"@type":"WebSite","@id":"https:\/\/cuscoberga.com\/es\/#website","url":"https:\/\/cuscoberga.com\/es\/","name":"Cusc\u00f3 Berga","description":"","potentialAction":[{"@type":"SearchAction","target":{"@type":"EntryPoint","urlTemplate":"https:\/\/cuscoberga.com\/es\/?s={search_term_string}"},"query-input":{"@type":"PropertyValueSpecification","valueRequired":true,"valueName":"search_term_string"}}],"inLanguage":"es"}]}},"_links":{"self":[{"href":"https:\/\/cuscoberga.com\/es\/wp-json\/wp\/v2\/pages\/3035","targetHints":{"allow":["GET"]}}],"collection":[{"href":"https:\/\/cuscoberga.com\/es\/wp-json\/wp\/v2\/pages"}],"about":[{"href":"https:\/\/cuscoberga.com\/es\/wp-json\/wp\/v2\/types\/page"}],"author":[{"embeddable":true,"href":"https:\/\/cuscoberga.com\/es\/wp-json\/wp\/v2\/users\/1"}],"replies":[{"embeddable":true,"href":"https:\/\/cuscoberga.com\/es\/wp-json\/wp\/v2\/comments?post=3035"}],"version-history":[{"count":9,"href":"https:\/\/cuscoberga.com\/es\/wp-json\/wp\/v2\/pages\/3035\/revisions"}],"predecessor-version":[{"id":3528,"href":"https:\/\/cuscoberga.com\/es\/wp-json\/wp\/v2\/pages\/3035\/revisions\/3528"}],"wp:attachment":[{"href":"https:\/\/cuscoberga.com\/es\/wp-json\/wp\/v2\/media?parent=3035"}],"curies":[{"name":"wp","href":"https:\/\/api.w.org\/{rel}","templated":true}]}}