{"id":3018,"date":"2021-06-10T10:37:43","date_gmt":"2021-06-10T08:37:43","guid":{"rendered":"https:\/\/cuscoberga.com\/tradicion-familiar\/"},"modified":"2024-06-22T13:31:52","modified_gmt":"2024-06-22T11:31:52","slug":"tradicion-familiar","status":"publish","type":"page","link":"https:\/\/cuscoberga.com\/es\/tradicion-familiar\/","title":{"rendered":"Tradici\u00f3n Familiar"},"content":{"rendered":"<div class=\"wpb-content-wrapper\"><p>[vc_row full_width=\u00bbstretch_row_content_no_spaces\u00bb full_height=\u00bbyes\u00bb equal_height=\u00bbyes\u00bb el_class=\u00bbimg_page\u00bb][vc_column width=\u00bb1\/2&#8243; css=\u00bb.vc_custom_1617176811384{padding: 10% !important;}\u00bb][vc_column_text]Desde finales del siglo XIX, la <strong>familia Cusc\u00f3 y Esteve<\/strong> practica la viticultura de forma<strong> artesanal elaborando sus propios vinos y cavas<\/strong>. En la actualidad, practica la a<strong>gricultura ecol\u00f3gica en todas sus fincas.<\/strong><\/p>\n<p>La calidad de los vinos y cavas del Pened\u00e8s es uno de sus grandes valores diferenciales. Se trata de un reconocimiento nacional e internacional al esfuerzo personal y tecnol\u00f3gico del sector vitivin\u00edcola que se ha ganado a pulso la credibilidad del consumidor.<\/p>\n<p>Fue en 1985 en que<strong> Josep Cusc\u00f3 Berga<\/strong> y sus hijos lograron, con mucha dedicaci\u00f3n y esp\u00edritu de superaci\u00f3n, edificar la bodega actual. Bodega de concepci\u00f3n moderna, con unas condiciones excepcionales para la obtenci\u00f3n de grandes vinos y cavas.<\/p>\n<p>La <strong>Bodega Cusc\u00f3 Berga<\/strong> est\u00e1 ubicada en el peque\u00f1o pueblo de las <strong>Gunyoles de Avinyonet del Pened\u00e8s<\/strong>, situado en la parte oriental de la comarca del Pened\u00e8s. Tambi\u00e9n puede deleitarse de uno de los paisajes m\u00e1s encantadores de la comarca del <strong>Pened\u00e8s<\/strong>. Sorprende al visitante la espectacular vista del parque natural del <strong>macizo del Garraf<\/strong> donde se puede apreciar desde la parte m\u00e1s nueva de la bodega.<\/p>\n<p>La Bodega Cusc\u00f3 Berga est\u00e1 ubicada a las puertas del <strong>Parque Natural del Garraf<\/strong> y la \u00fanica bodega del Pened\u00e8s construida sobre roca caliza natural del Macizo del Garraf.<\/p>\n<p>En este municipio, unas excavaciones arqueol\u00f3gicas realizadas en el yacimiento de la colina de la Fuente de la Ca\u00f1a, han permitido documentar un notable abanico de materiales, que relacionan este Municipio directamente con la pr\u00e1ctica de la vitivinicultura y el consumo del vino en la \u00e9poca de los fenicios durante el siglo VII aC, y se confirma como el origen de la vi\u00f1a en Catalu\u00f1a y un potente centro de mercanc\u00edas de la antig\u00fcedad.<\/p>\n<p>Elaboramos y comercializamos <strong>cavas<\/strong> de la gama <strong>Premium y Gourmet y vinos tintos, rosados \u200b\u200by blancos varietales del Pened\u00e8s de la marca \u00abCusc\u00f3 Berga\u00bb.<\/strong> Estos vinos equilibrados y estructurados, han obtenido premios y reconocimientos, a la Cata a Ciegas al estilo Parker de la prestigiosa publicaci\u00f3n de los \u00ab50 Greats Cavas\u00bb y tambi\u00e9n a nivel internacional con los 50 Great Sparkling Wines, consiguiendo medallas de Oro durante los a\u00f1os 2014 y 2016. Galardones tambi\u00e9n en la gu\u00eda Pe\u00f1in, menciones al concurso Wine Up Club los productos Gold Taste 90+ y Medalla de Oro al XX concurso de Vinos y Cavas de Catalu\u00f1a Girovi 2015-2024. Tambi\u00e9n al Prestigioso Concurso Internacional <strong>Decanter<\/strong> World Wine Awards 2024 con <strong>90 Punts<\/strong>.<\/p>\n<p>Actualmente estamos impulsando las ventas en el mercado exterior, principalmente los pa\u00edses N\u00f3rdicos, Holanda, B\u00e9lgica y Alemania con nuestros cavas de la gama Premium y Gourmet. Pero como Bodega peque\u00f1o que somos, tambi\u00e9n queremos darnos a conocer en todo el Territorio.[\/vc_column_text][\/vc_column][vc_column width=\u00bb1\/2&#8243; css=\u00bb.vc_custom_1617178422493{background-image: url(https:\/\/cuscoberga.com\/\/wp-content\/uploads\/2021\/03\/tradicio-familiar-cusco-berga.jpg?id=2688) !important;background-position: center !important;background-repeat: no-repeat !important;background-size: cover !important;}\u00bb el_class=\u00bbimg_page\u00bb][\/vc_column][\/vc_row][vc_row full_width=\u00bbstretch_row_content_no_spaces\u00bb equal_height=\u00bbyes\u00bb content_placement=\u00bbmiddle\u00bb el_class=\u00bbimg_page\u00bb][vc_column width=\u00bb1\/4&#8243; css=\u00bb.vc_custom_1618823290958{padding-top: 140px !important;padding-right: 10px !important;padding-bottom: 140px !important;padding-left: 10px !important;background-image: url(https:\/\/cuscoberga.com\/\/wp-content\/uploads\/2021\/04\/cusco-berga-1.jpg?id=2768) !important;background-position: center !important;background-repeat: no-repeat !important;background-size: cover !important;}\u00bb][\/vc_column][vc_column width=\u00bb1\/4&#8243; css=\u00bb.vc_custom_1617204424230{padding-top: 140px !important;padding-right: 10px !important;padding-bottom: 140px !important;padding-left: 10px !important;background-image: url(https:\/\/cuscoberga.com\/\/wp-content\/uploads\/2021\/03\/tradicio-2.jpg?id=2727) !important;background-position: center !important;background-repeat: no-repeat !important;background-size: cover !important;}\u00bb][\/vc_column][vc_column width=\u00bb1\/4&#8243; css=\u00bb.vc_custom_1617204453984{padding-top: 140px !important;padding-right: 10px !important;padding-bottom: 140px !important;padding-left: 10px !important;background-image: url(https:\/\/cuscoberga.com\/\/wp-content\/uploads\/2021\/03\/tradicio-3.jpg?id=2728) !important;background-position: center !important;background-repeat: no-repeat !important;background-size: cover !important;}\u00bb][\/vc_column][vc_column width=\u00bb1\/4&#8243; css=\u00bb.vc_custom_1618857240285{background-image: url(https:\/\/cuscoberga.com\/\/wp-content\/uploads\/2021\/04\/raim.jpg?id=2812) !important;background-position: center !important;background-repeat: no-repeat !important;background-size: cover !important;}\u00bb][\/vc_column][\/vc_row]<\/p>\n<\/div>","protected":false},"excerpt":{"rendered":"<p>[vc_row full_width=\u00bbstretch_row_content_no_spaces\u00bb full_height=\u00bbyes\u00bb equal_height=\u00bbyes\u00bb el_class=\u00bbimg_page\u00bb][vc_column width=\u00bb1\/2&#8243; css=\u00bb.vc_custom_1617176811384{padding: 10% !important;}\u00bb][vc_column_text]Desde finales del siglo XIX, la familia Cusc\u00f3 y Esteve practica la viticultura de forma artesanal elaborando sus propios vinos y cavas. En la actualidad, practica la agricultura ecol\u00f3gica en todas sus fincas. La calidad de los vinos y cavas del Pened\u00e8s es uno de sus grandes&hellip;<\/p>\n","protected":false},"author":1,"featured_media":0,"parent":0,"menu_order":0,"comment_status":"closed","ping_status":"closed","template":"","meta":{"footnotes":""},"class_list":["post-3018","page","type-page","status-publish","hentry","description-off"],"yoast_head":"<!-- This site is optimized with the Yoast SEO plugin v27.0 - https:\/\/yoast.com\/product\/yoast-seo-wordpress\/ -->\n<title>Tradici\u00f3n Familiar - Cusc\u00f3 Berga<\/title>\n<meta name=\"description\" content=\"Vinos y cavas Cusc\u00f3 Berga del Macizo de Garraf. Disfruta de nuestra singuralidad en nuestros vinos y espumosos del macizo del Garraf.\" \/>\n<meta name=\"robots\" content=\"index, follow, max-snippet:-1, max-image-preview:large, max-video-preview:-1\" \/>\n<link rel=\"canonical\" href=\"https:\/\/cuscoberga.com\/es\/tradicion-familiar\/\" \/>\n<meta property=\"og:locale\" content=\"es_ES\" \/>\n<meta property=\"og:type\" content=\"article\" \/>\n<meta property=\"og:title\" content=\"Tradici\u00f3n Familiar - Cusc\u00f3 Berga\" \/>\n<meta property=\"og:description\" content=\"Vinos y cavas Cusc\u00f3 Berga del Macizo de Garraf. Disfruta de nuestra singuralidad en nuestros vinos y espumosos del macizo del Garraf.\" \/>\n<meta property=\"og:url\" content=\"https:\/\/cuscoberga.com\/es\/tradicion-familiar\/\" \/>\n<meta property=\"og:site_name\" content=\"Cusc\u00f3 Berga\" \/>\n<meta property=\"article:modified_time\" content=\"2024-06-22T11:31:52+00:00\" \/>\n<meta name=\"twitter:card\" content=\"summary_large_image\" \/>\n<meta name=\"twitter:label1\" content=\"Tiempo de lectura\" \/>\n\t<meta name=\"twitter:data1\" content=\"3 minutos\" \/>\n<script type=\"application\/ld+json\" class=\"yoast-schema-graph\">{\"@context\":\"https:\/\/schema.org\",\"@graph\":[{\"@type\":\"WebPage\",\"@id\":\"https:\/\/cuscoberga.com\/es\/tradicion-familiar\/\",\"url\":\"https:\/\/cuscoberga.com\/es\/tradicion-familiar\/\",\"name\":\"Tradici\u00f3n Familiar - Cusc\u00f3 Berga\",\"isPartOf\":{\"@id\":\"http:\/\/cuscoberga.com\/es\/#website\"},\"datePublished\":\"2021-06-10T08:37:43+00:00\",\"dateModified\":\"2024-06-22T11:31:52+00:00\",\"description\":\"Vinos y cavas Cusc\u00f3 Berga del Macizo de Garraf. Disfruta de nuestra singuralidad en nuestros vinos y espumosos del macizo del Garraf.\",\"breadcrumb\":{\"@id\":\"https:\/\/cuscoberga.com\/es\/tradicion-familiar\/#breadcrumb\"},\"inLanguage\":\"es\",\"potentialAction\":[{\"@type\":\"ReadAction\",\"target\":[\"https:\/\/cuscoberga.com\/es\/tradicion-familiar\/\"]}]},{\"@type\":\"BreadcrumbList\",\"@id\":\"https:\/\/cuscoberga.com\/es\/tradicion-familiar\/#breadcrumb\",\"itemListElement\":[{\"@type\":\"ListItem\",\"position\":1,\"name\":\"Inici\",\"item\":\"https:\/\/cuscoberga.com\/es\/\"},{\"@type\":\"ListItem\",\"position\":2,\"name\":\"Tradici\u00f3n Familiar\"}]},{\"@type\":\"WebSite\",\"@id\":\"http:\/\/cuscoberga.com\/es\/#website\",\"url\":\"http:\/\/cuscoberga.com\/es\/\",\"name\":\"Cusc\u00f3 Berga\",\"description\":\"\",\"potentialAction\":[{\"@type\":\"SearchAction\",\"target\":{\"@type\":\"EntryPoint\",\"urlTemplate\":\"http:\/\/cuscoberga.com\/es\/?s={search_term_string}\"},\"query-input\":{\"@type\":\"PropertyValueSpecification\",\"valueRequired\":true,\"valueName\":\"search_term_string\"}}],\"inLanguage\":\"es\"}]}<\/script>\n<!-- \/ Yoast SEO plugin. -->","yoast_head_json":{"title":"Tradici\u00f3n Familiar - Cusc\u00f3 Berga","description":"Vinos y cavas Cusc\u00f3 Berga del Macizo de Garraf. Disfruta de nuestra singuralidad en nuestros vinos y espumosos del macizo del Garraf.","robots":{"index":"index","follow":"follow","max-snippet":"max-snippet:-1","max-image-preview":"max-image-preview:large","max-video-preview":"max-video-preview:-1"},"canonical":"https:\/\/cuscoberga.com\/es\/tradicion-familiar\/","og_locale":"es_ES","og_type":"article","og_title":"Tradici\u00f3n Familiar - Cusc\u00f3 Berga","og_description":"Vinos y cavas Cusc\u00f3 Berga del Macizo de Garraf. Disfruta de nuestra singuralidad en nuestros vinos y espumosos del macizo del Garraf.","og_url":"https:\/\/cuscoberga.com\/es\/tradicion-familiar\/","og_site_name":"Cusc\u00f3 Berga","article_modified_time":"2024-06-22T11:31:52+00:00","twitter_card":"summary_large_image","twitter_misc":{"Tiempo de lectura":"3 minutos"},"schema":{"@context":"https:\/\/schema.org","@graph":[{"@type":"WebPage","@id":"https:\/\/cuscoberga.com\/es\/tradicion-familiar\/","url":"https:\/\/cuscoberga.com\/es\/tradicion-familiar\/","name":"Tradici\u00f3n Familiar - Cusc\u00f3 Berga","isPartOf":{"@id":"http:\/\/cuscoberga.com\/es\/#website"},"datePublished":"2021-06-10T08:37:43+00:00","dateModified":"2024-06-22T11:31:52+00:00","description":"Vinos y cavas Cusc\u00f3 Berga del Macizo de Garraf. Disfruta de nuestra singuralidad en nuestros vinos y espumosos del macizo del Garraf.","breadcrumb":{"@id":"https:\/\/cuscoberga.com\/es\/tradicion-familiar\/#breadcrumb"},"inLanguage":"es","potentialAction":[{"@type":"ReadAction","target":["https:\/\/cuscoberga.com\/es\/tradicion-familiar\/"]}]},{"@type":"BreadcrumbList","@id":"https:\/\/cuscoberga.com\/es\/tradicion-familiar\/#breadcrumb","itemListElement":[{"@type":"ListItem","position":1,"name":"Inici","item":"https:\/\/cuscoberga.com\/es\/"},{"@type":"ListItem","position":2,"name":"Tradici\u00f3n Familiar"}]},{"@type":"WebSite","@id":"http:\/\/cuscoberga.com\/es\/#website","url":"http:\/\/cuscoberga.com\/es\/","name":"Cusc\u00f3 Berga","description":"","potentialAction":[{"@type":"SearchAction","target":{"@type":"EntryPoint","urlTemplate":"http:\/\/cuscoberga.com\/es\/?s={search_term_string}"},"query-input":{"@type":"PropertyValueSpecification","valueRequired":true,"valueName":"search_term_string"}}],"inLanguage":"es"}]}},"_links":{"self":[{"href":"https:\/\/cuscoberga.com\/es\/wp-json\/wp\/v2\/pages\/3018","targetHints":{"allow":["GET"]}}],"collection":[{"href":"https:\/\/cuscoberga.com\/es\/wp-json\/wp\/v2\/pages"}],"about":[{"href":"https:\/\/cuscoberga.com\/es\/wp-json\/wp\/v2\/types\/page"}],"author":[{"embeddable":true,"href":"https:\/\/cuscoberga.com\/es\/wp-json\/wp\/v2\/users\/1"}],"replies":[{"embeddable":true,"href":"https:\/\/cuscoberga.com\/es\/wp-json\/wp\/v2\/comments?post=3018"}],"version-history":[{"count":7,"href":"https:\/\/cuscoberga.com\/es\/wp-json\/wp\/v2\/pages\/3018\/revisions"}],"predecessor-version":[{"id":3983,"href":"https:\/\/cuscoberga.com\/es\/wp-json\/wp\/v2\/pages\/3018\/revisions\/3983"}],"wp:attachment":[{"href":"https:\/\/cuscoberga.com\/es\/wp-json\/wp\/v2\/media?parent=3018"}],"curies":[{"name":"wp","href":"https:\/\/api.w.org\/{rel}","templated":true}]}}