{"id":4046,"date":"2025-05-11T12:54:53","date_gmt":"2025-05-11T10:54:53","guid":{"rendered":"https:\/\/cuscoberga.com\/?post_type=product&#038;p=4046"},"modified":"2025-05-12T12:27:51","modified_gmt":"2025-05-12T10:27:51","slug":"malvasia-de-sitges","status":"publish","type":"product","link":"https:\/\/cuscoberga.com\/en\/producte\/malvasia-de-sitges\/","title":{"rendered":"Natural White Wine Malvas\u00eda de Sitges M\u00f3n C\u00e0lcic"},"content":{"rendered":"<p><strong>ORGANIC AND RESPECTFUL FARMING<br \/>\nPRODUCTION<\/strong><br \/>\nA traditional white grape variety from Garraf, with its calcareous soils.<br \/>\nA natural, organic, and vegan wine with unique characteristics.<br \/>\nFermented with native yeasts, aged for 4 months in its mother yeasts, and embellished in chestnut casks.<\/p>\n<p><strong>ANALYTICS<\/strong><br \/>\nAlcohol content: 11.5%<br \/>\npH: 3.18<br \/>\nResidual sugars: 3.1 g\/l<br \/>\nTotal acidity (sulfuric): 3.4 g\/l<\/p>\n<p><strong>TASTING NOTES<\/strong><br \/>\nAppearance: Somewhat intense yellow<br \/>\nNose: Floral notes, ripe fruit, and mountain herbs.<br \/>\nPalate: Dry, with marked minerality, good structure, and persistence.<br \/>\n<strong>PAIRING<\/strong><br \/>\nServing temperature: 7-8\u00b0C.<br \/>\nVery Mediterranean cuisine, fideu\u00e1s, rice dishes, fish, seafood, salads, and cured cheeses.<\/p>\n","protected":false},"excerpt":{"rendered":"<p>NATURAL WHITE WINE MALVAS\u00cdA DE SITGES 100% MUNDO C\u00c1LCICO 2023<br \/>\nA traditional white grape variety from Garraf, with its calcareous soils.<\/p>\n","protected":false},"featured_media":4044,"template":"","meta":[],"product_brand":[],"product_cat":[139,133,131],"product_tag":[],"class_list":{"0":"post-4046","1":"product","2":"type-product","3":"status-publish","4":"has-post-thumbnail","6":"product_cat-cusco-berga-en","7":"product_cat-white","8":"product_cat-wines","9":"description-off","11":"first","12":"instock","13":"taxable","14":"shipping-taxable","15":"purchasable","16":"product-type-simple"},"yoast_head":"<!-- This site is optimized with the Yoast SEO plugin v27.0 - https:\/\/yoast.com\/product\/yoast-seo-wordpress\/ -->\n<title>Natural White Wine Malvas\u00eda de Sitges M\u00f3n C\u00e0lcic - Cusc\u00f3 Berga<\/title>\n<meta name=\"robots\" content=\"index, follow, max-snippet:-1, max-image-preview:large, max-video-preview:-1\" \/>\n<link rel=\"canonical\" href=\"https:\/\/cuscoberga.com\/en\/producte\/malvasia-de-sitges\/\" \/>\n<meta property=\"og:locale\" content=\"en_US\" \/>\n<meta property=\"og:type\" content=\"article\" \/>\n<meta property=\"og:title\" content=\"Natural White Wine Malvas\u00eda de Sitges M\u00f3n C\u00e0lcic - Cusc\u00f3 Berga\" \/>\n<meta property=\"og:description\" content=\"NATURAL WHITE WINE MALVAS\u00cdA DE SITGES 100% MUNDO C\u00c1LCICO 2023 A traditional white grape variety from Garraf, with its calcareous soils.\" \/>\n<meta property=\"og:url\" content=\"https:\/\/cuscoberga.com\/en\/producte\/malvasia-de-sitges\/\" \/>\n<meta property=\"og:site_name\" content=\"Cusc\u00f3 Berga\" \/>\n<meta property=\"article:modified_time\" content=\"2025-05-12T10:27:51+00:00\" \/>\n<meta property=\"og:image\" content=\"http:\/\/cuscoberga.com\/wp-content\/uploads\/2025\/05\/Malvasia-Web.jpg\" \/>\n\t<meta property=\"og:image:width\" content=\"650\" \/>\n\t<meta property=\"og:image:height\" content=\"650\" \/>\n\t<meta property=\"og:image:type\" content=\"image\/jpeg\" \/>\n<meta name=\"twitter:card\" content=\"summary_large_image\" \/>\n<meta name=\"twitter:label1\" content=\"Est. reading time\" \/>\n\t<meta name=\"twitter:data1\" content=\"1 minute\" \/>\n<script type=\"application\/ld+json\" class=\"yoast-schema-graph\">{\"@context\":\"https:\/\/schema.org\",\"@graph\":[{\"@type\":\"WebPage\",\"@id\":\"https:\/\/cuscoberga.com\/en\/producte\/malvasia-de-sitges\/\",\"url\":\"https:\/\/cuscoberga.com\/en\/producte\/malvasia-de-sitges\/\",\"name\":\"Natural White Wine Malvas\u00eda de Sitges M\u00f3n C\u00e0lcic - Cusc\u00f3 Berga\",\"isPartOf\":{\"@id\":\"https:\/\/cuscoberga.com\/en\/#website\"},\"primaryImageOfPage\":{\"@id\":\"https:\/\/cuscoberga.com\/en\/producte\/malvasia-de-sitges\/#primaryimage\"},\"image\":{\"@id\":\"https:\/\/cuscoberga.com\/en\/producte\/malvasia-de-sitges\/#primaryimage\"},\"thumbnailUrl\":\"https:\/\/cuscoberga.com\/wp-content\/uploads\/2025\/05\/Malvasia-Web.jpg\",\"datePublished\":\"2025-05-11T10:54:53+00:00\",\"dateModified\":\"2025-05-12T10:27:51+00:00\",\"breadcrumb\":{\"@id\":\"https:\/\/cuscoberga.com\/en\/producte\/malvasia-de-sitges\/#breadcrumb\"},\"inLanguage\":\"en-US\",\"potentialAction\":[{\"@type\":\"ReadAction\",\"target\":[\"https:\/\/cuscoberga.com\/en\/producte\/malvasia-de-sitges\/\"]}]},{\"@type\":\"ImageObject\",\"inLanguage\":\"en-US\",\"@id\":\"https:\/\/cuscoberga.com\/en\/producte\/malvasia-de-sitges\/#primaryimage\",\"url\":\"https:\/\/cuscoberga.com\/wp-content\/uploads\/2025\/05\/Malvasia-Web.jpg\",\"contentUrl\":\"https:\/\/cuscoberga.com\/wp-content\/uploads\/2025\/05\/Malvasia-Web.jpg\",\"width\":650,\"height\":650},{\"@type\":\"BreadcrumbList\",\"@id\":\"https:\/\/cuscoberga.com\/en\/producte\/malvasia-de-sitges\/#breadcrumb\",\"itemListElement\":[{\"@type\":\"ListItem\",\"position\":1,\"name\":\"Inici\",\"item\":\"https:\/\/cuscoberga.com\/en\/\"},{\"@type\":\"ListItem\",\"position\":2,\"name\":\"Online Store\",\"item\":\"http:\/\/cuscoberga.com\/en\/shop\/\"},{\"@type\":\"ListItem\",\"position\":3,\"name\":\"Natural White Wine Malvas\u00eda de Sitges M\u00f3n C\u00e0lcic\"}]},{\"@type\":\"WebSite\",\"@id\":\"https:\/\/cuscoberga.com\/en\/#website\",\"url\":\"https:\/\/cuscoberga.com\/en\/\",\"name\":\"Cusc\u00f3 Berga\",\"description\":\"\",\"potentialAction\":[{\"@type\":\"SearchAction\",\"target\":{\"@type\":\"EntryPoint\",\"urlTemplate\":\"https:\/\/cuscoberga.com\/en\/?s={search_term_string}\"},\"query-input\":{\"@type\":\"PropertyValueSpecification\",\"valueRequired\":true,\"valueName\":\"search_term_string\"}}],\"inLanguage\":\"en-US\"}]}<\/script>\n<!-- \/ Yoast SEO plugin. -->","yoast_head_json":{"title":"Natural White Wine Malvas\u00eda de Sitges M\u00f3n C\u00e0lcic - Cusc\u00f3 Berga","robots":{"index":"index","follow":"follow","max-snippet":"max-snippet:-1","max-image-preview":"max-image-preview:large","max-video-preview":"max-video-preview:-1"},"canonical":"https:\/\/cuscoberga.com\/en\/producte\/malvasia-de-sitges\/","og_locale":"en_US","og_type":"article","og_title":"Natural White Wine Malvas\u00eda de Sitges M\u00f3n C\u00e0lcic - Cusc\u00f3 Berga","og_description":"NATURAL WHITE WINE MALVAS\u00cdA DE SITGES 100% MUNDO C\u00c1LCICO 2023 A traditional white grape variety from Garraf, with its calcareous soils.","og_url":"https:\/\/cuscoberga.com\/en\/producte\/malvasia-de-sitges\/","og_site_name":"Cusc\u00f3 Berga","article_modified_time":"2025-05-12T10:27:51+00:00","og_image":[{"width":650,"height":650,"url":"http:\/\/cuscoberga.com\/wp-content\/uploads\/2025\/05\/Malvasia-Web.jpg","type":"image\/jpeg"}],"twitter_card":"summary_large_image","twitter_misc":{"Est. reading time":"1 minute"},"schema":{"@context":"https:\/\/schema.org","@graph":[{"@type":"WebPage","@id":"https:\/\/cuscoberga.com\/en\/producte\/malvasia-de-sitges\/","url":"https:\/\/cuscoberga.com\/en\/producte\/malvasia-de-sitges\/","name":"Natural White Wine Malvas\u00eda de Sitges M\u00f3n C\u00e0lcic - Cusc\u00f3 Berga","isPartOf":{"@id":"https:\/\/cuscoberga.com\/en\/#website"},"primaryImageOfPage":{"@id":"https:\/\/cuscoberga.com\/en\/producte\/malvasia-de-sitges\/#primaryimage"},"image":{"@id":"https:\/\/cuscoberga.com\/en\/producte\/malvasia-de-sitges\/#primaryimage"},"thumbnailUrl":"https:\/\/cuscoberga.com\/wp-content\/uploads\/2025\/05\/Malvasia-Web.jpg","datePublished":"2025-05-11T10:54:53+00:00","dateModified":"2025-05-12T10:27:51+00:00","breadcrumb":{"@id":"https:\/\/cuscoberga.com\/en\/producte\/malvasia-de-sitges\/#breadcrumb"},"inLanguage":"en-US","potentialAction":[{"@type":"ReadAction","target":["https:\/\/cuscoberga.com\/en\/producte\/malvasia-de-sitges\/"]}]},{"@type":"ImageObject","inLanguage":"en-US","@id":"https:\/\/cuscoberga.com\/en\/producte\/malvasia-de-sitges\/#primaryimage","url":"https:\/\/cuscoberga.com\/wp-content\/uploads\/2025\/05\/Malvasia-Web.jpg","contentUrl":"https:\/\/cuscoberga.com\/wp-content\/uploads\/2025\/05\/Malvasia-Web.jpg","width":650,"height":650},{"@type":"BreadcrumbList","@id":"https:\/\/cuscoberga.com\/en\/producte\/malvasia-de-sitges\/#breadcrumb","itemListElement":[{"@type":"ListItem","position":1,"name":"Inici","item":"https:\/\/cuscoberga.com\/en\/"},{"@type":"ListItem","position":2,"name":"Online Store","item":"http:\/\/cuscoberga.com\/en\/shop\/"},{"@type":"ListItem","position":3,"name":"Natural White Wine Malvas\u00eda de Sitges M\u00f3n C\u00e0lcic"}]},{"@type":"WebSite","@id":"https:\/\/cuscoberga.com\/en\/#website","url":"https:\/\/cuscoberga.com\/en\/","name":"Cusc\u00f3 Berga","description":"","potentialAction":[{"@type":"SearchAction","target":{"@type":"EntryPoint","urlTemplate":"https:\/\/cuscoberga.com\/en\/?s={search_term_string}"},"query-input":{"@type":"PropertyValueSpecification","valueRequired":true,"valueName":"search_term_string"}}],"inLanguage":"en-US"}]}},"_links":{"self":[{"href":"https:\/\/cuscoberga.com\/en\/wp-json\/wp\/v2\/product\/4046","targetHints":{"allow":["GET"]}}],"collection":[{"href":"https:\/\/cuscoberga.com\/en\/wp-json\/wp\/v2\/product"}],"about":[{"href":"https:\/\/cuscoberga.com\/en\/wp-json\/wp\/v2\/types\/product"}],"wp:featuredmedia":[{"embeddable":true,"href":"https:\/\/cuscoberga.com\/en\/wp-json\/wp\/v2\/media\/4044"}],"wp:attachment":[{"href":"https:\/\/cuscoberga.com\/en\/wp-json\/wp\/v2\/media?parent=4046"}],"wp:term":[{"taxonomy":"product_brand","embeddable":true,"href":"https:\/\/cuscoberga.com\/en\/wp-json\/wp\/v2\/product_brand?post=4046"},{"taxonomy":"product_cat","embeddable":true,"href":"https:\/\/cuscoberga.com\/en\/wp-json\/wp\/v2\/product_cat?post=4046"},{"taxonomy":"product_tag","embeddable":true,"href":"https:\/\/cuscoberga.com\/en\/wp-json\/wp\/v2\/product_tag?post=4046"}],"curies":[{"name":"wp","href":"https:\/\/api.w.org\/{rel}","templated":true}]}}