{"id":3483,"date":"2021-03-13T20:01:05","date_gmt":"2021-03-13T18:01:05","guid":{"rendered":"https:\/\/cuscoberga.com\/producte\/sparkling-wine-brut-nature-natural-mon-calcic-2019\/"},"modified":"2022-11-03T20:13:11","modified_gmt":"2022-11-03T18:13:11","slug":"sparkling-wine-brut-nature-natural-mon-calcic-2019","status":"publish","type":"product","link":"https:\/\/cuscoberga.com\/en\/producte\/sparkling-wine-brut-nature-natural-mon-calcic-2019\/","title":{"rendered":"Sparkling Wine Brut Nature Natural M\u00f3n C\u00e0lcic 2019"},"content":{"rendered":"<p>Producer: Cellar Cusc\u00f3 Berga<br \/>\nOwner and Winemaker: Joan Cusc\u00f3<br \/>\nProduction Area: In Avinyonet, \u201cOrigen de la Vinya in Catalonia\u201d. Mediterranean climate with calcareous soils full of marine fossils.<br \/>\nRegion: Pened\u00e8s-Garraf<br \/>\nVintage: 2019 Variety: Xarel\u00b7lo<br \/>\nWinemaking: &#8220;ANCESTRAL METHOD&#8221; is a natural sparkling Wine without added sulfites or added any other product, fermented with wild yeast and with minimal intervention. This wine wants to express the minerality of the calcareous massif of Garraf. Its label with a palm leaf in Catalan its named \u201cMargall\u00f3\u201d.<\/p>\n<p><strong>TASTING NOTES:<\/strong><\/p>\n<p>In Appearance: pale yellow color, fine, energetic and persistent bubble. On The Nose: Fresh aromas, young and elegant, with varietal notes of white fruit (sour apple), citrus, floral and almonds On The Palate: It&#8217;s dry, the bubble integrates into the palate, soft, clean and balanced acidity. The family wants to emphasize their gastronomic versatility.<br \/>\nABV: 11:50%<\/p>\n","protected":false},"excerpt":{"rendered":"<p>M\u00f3nC\u00e0lcic Ancestral 2019<br \/>\nXarel\u00b7lo 100% BRUT NATURE.<\/p>\n","protected":false},"featured_media":3866,"template":"","meta":[],"product_brand":[],"product_cat":[135,139,132],"product_tag":[],"class_list":{"0":"post-3483","1":"product","2":"type-product","3":"status-publish","4":"has-post-thumbnail","6":"product_cat-brut-nature-reserva-en","7":"product_cat-cusco-berga-en","8":"product_cat-sparkling-wines","9":"description-off","11":"first","12":"instock","13":"taxable","14":"shipping-taxable","15":"purchasable","16":"product-type-simple"},"yoast_head":"<!-- This site is optimized with the Yoast SEO plugin v27.0 - https:\/\/yoast.com\/product\/yoast-seo-wordpress\/ -->\n<title>Sparkling Wine Brut Nature Natural M\u00f3n C\u00e0lcic 2019 - Cusc\u00f3 Berga<\/title>\n<meta name=\"robots\" content=\"index, follow, max-snippet:-1, max-image-preview:large, max-video-preview:-1\" \/>\n<link rel=\"canonical\" href=\"https:\/\/cuscoberga.com\/en\/producte\/sparkling-wine-brut-nature-natural-mon-calcic-2019\/\" \/>\n<meta property=\"og:locale\" content=\"en_US\" \/>\n<meta property=\"og:type\" content=\"article\" \/>\n<meta property=\"og:title\" content=\"Sparkling Wine Brut Nature Natural M\u00f3n C\u00e0lcic 2019 - Cusc\u00f3 Berga\" \/>\n<meta property=\"og:description\" content=\"M\u00f3nC\u00e0lcic Ancestral 2019 Xarel\u00b7lo 100% BRUT NATURE.\" \/>\n<meta property=\"og:url\" content=\"https:\/\/cuscoberga.com\/en\/producte\/sparkling-wine-brut-nature-natural-mon-calcic-2019\/\" \/>\n<meta property=\"og:site_name\" content=\"Cusc\u00f3 Berga\" \/>\n<meta property=\"article:modified_time\" content=\"2022-11-03T18:13:11+00:00\" \/>\n<meta property=\"og:image\" content=\"https:\/\/cuscoberga.com\/wp-content\/uploads\/2021\/03\/Cusco-Berga-Brut-Nature-Natural-Vi-escumos-Mon-Calcic-1.jpg\" \/>\n\t<meta property=\"og:image:width\" content=\"650\" \/>\n\t<meta property=\"og:image:height\" content=\"650\" \/>\n\t<meta property=\"og:image:type\" content=\"image\/jpeg\" \/>\n<meta name=\"twitter:card\" content=\"summary_large_image\" \/>\n<meta name=\"twitter:label1\" content=\"Est. reading time\" \/>\n\t<meta name=\"twitter:data1\" content=\"1 minute\" \/>\n<script type=\"application\/ld+json\" class=\"yoast-schema-graph\">{\"@context\":\"https:\/\/schema.org\",\"@graph\":[{\"@type\":\"WebPage\",\"@id\":\"https:\/\/cuscoberga.com\/en\/producte\/sparkling-wine-brut-nature-natural-mon-calcic-2019\/\",\"url\":\"https:\/\/cuscoberga.com\/en\/producte\/sparkling-wine-brut-nature-natural-mon-calcic-2019\/\",\"name\":\"Sparkling Wine Brut Nature Natural M\u00f3n C\u00e0lcic 2019 - Cusc\u00f3 Berga\",\"isPartOf\":{\"@id\":\"https:\/\/cuscoberga.com\/en\/#website\"},\"primaryImageOfPage\":{\"@id\":\"https:\/\/cuscoberga.com\/en\/producte\/sparkling-wine-brut-nature-natural-mon-calcic-2019\/#primaryimage\"},\"image\":{\"@id\":\"https:\/\/cuscoberga.com\/en\/producte\/sparkling-wine-brut-nature-natural-mon-calcic-2019\/#primaryimage\"},\"thumbnailUrl\":\"https:\/\/cuscoberga.com\/wp-content\/uploads\/2021\/03\/Cusco-Berga-Brut-Nature-Natural-Vi-escumos-Mon-Calcic-1.jpg\",\"datePublished\":\"2021-03-13T18:01:05+00:00\",\"dateModified\":\"2022-11-03T18:13:11+00:00\",\"breadcrumb\":{\"@id\":\"https:\/\/cuscoberga.com\/en\/producte\/sparkling-wine-brut-nature-natural-mon-calcic-2019\/#breadcrumb\"},\"inLanguage\":\"en-US\",\"potentialAction\":[{\"@type\":\"ReadAction\",\"target\":[\"https:\/\/cuscoberga.com\/en\/producte\/sparkling-wine-brut-nature-natural-mon-calcic-2019\/\"]}]},{\"@type\":\"ImageObject\",\"inLanguage\":\"en-US\",\"@id\":\"https:\/\/cuscoberga.com\/en\/producte\/sparkling-wine-brut-nature-natural-mon-calcic-2019\/#primaryimage\",\"url\":\"https:\/\/cuscoberga.com\/wp-content\/uploads\/2021\/03\/Cusco-Berga-Brut-Nature-Natural-Vi-escumos-Mon-Calcic-1.jpg\",\"contentUrl\":\"https:\/\/cuscoberga.com\/wp-content\/uploads\/2021\/03\/Cusco-Berga-Brut-Nature-Natural-Vi-escumos-Mon-Calcic-1.jpg\",\"width\":650,\"height\":650},{\"@type\":\"BreadcrumbList\",\"@id\":\"https:\/\/cuscoberga.com\/en\/producte\/sparkling-wine-brut-nature-natural-mon-calcic-2019\/#breadcrumb\",\"itemListElement\":[{\"@type\":\"ListItem\",\"position\":1,\"name\":\"Inici\",\"item\":\"https:\/\/cuscoberga.com\/en\/\"},{\"@type\":\"ListItem\",\"position\":2,\"name\":\"Online Store\",\"item\":\"https:\/\/cuscoberga.com\/en\/shop\/\"},{\"@type\":\"ListItem\",\"position\":3,\"name\":\"Sparkling Wine Brut Nature Natural M\u00f3n C\u00e0lcic 2019\"}]},{\"@type\":\"WebSite\",\"@id\":\"https:\/\/cuscoberga.com\/en\/#website\",\"url\":\"https:\/\/cuscoberga.com\/en\/\",\"name\":\"Cusc\u00f3 Berga\",\"description\":\"\",\"potentialAction\":[{\"@type\":\"SearchAction\",\"target\":{\"@type\":\"EntryPoint\",\"urlTemplate\":\"https:\/\/cuscoberga.com\/en\/?s={search_term_string}\"},\"query-input\":{\"@type\":\"PropertyValueSpecification\",\"valueRequired\":true,\"valueName\":\"search_term_string\"}}],\"inLanguage\":\"en-US\"}]}<\/script>\n<!-- \/ Yoast SEO plugin. -->","yoast_head_json":{"title":"Sparkling Wine Brut Nature Natural M\u00f3n C\u00e0lcic 2019 - Cusc\u00f3 Berga","robots":{"index":"index","follow":"follow","max-snippet":"max-snippet:-1","max-image-preview":"max-image-preview:large","max-video-preview":"max-video-preview:-1"},"canonical":"https:\/\/cuscoberga.com\/en\/producte\/sparkling-wine-brut-nature-natural-mon-calcic-2019\/","og_locale":"en_US","og_type":"article","og_title":"Sparkling Wine Brut Nature Natural M\u00f3n C\u00e0lcic 2019 - Cusc\u00f3 Berga","og_description":"M\u00f3nC\u00e0lcic Ancestral 2019 Xarel\u00b7lo 100% BRUT NATURE.","og_url":"https:\/\/cuscoberga.com\/en\/producte\/sparkling-wine-brut-nature-natural-mon-calcic-2019\/","og_site_name":"Cusc\u00f3 Berga","article_modified_time":"2022-11-03T18:13:11+00:00","og_image":[{"width":650,"height":650,"url":"https:\/\/cuscoberga.com\/wp-content\/uploads\/2021\/03\/Cusco-Berga-Brut-Nature-Natural-Vi-escumos-Mon-Calcic-1.jpg","type":"image\/jpeg"}],"twitter_card":"summary_large_image","twitter_misc":{"Est. reading time":"1 minute"},"schema":{"@context":"https:\/\/schema.org","@graph":[{"@type":"WebPage","@id":"https:\/\/cuscoberga.com\/en\/producte\/sparkling-wine-brut-nature-natural-mon-calcic-2019\/","url":"https:\/\/cuscoberga.com\/en\/producte\/sparkling-wine-brut-nature-natural-mon-calcic-2019\/","name":"Sparkling Wine Brut Nature Natural M\u00f3n C\u00e0lcic 2019 - Cusc\u00f3 Berga","isPartOf":{"@id":"https:\/\/cuscoberga.com\/en\/#website"},"primaryImageOfPage":{"@id":"https:\/\/cuscoberga.com\/en\/producte\/sparkling-wine-brut-nature-natural-mon-calcic-2019\/#primaryimage"},"image":{"@id":"https:\/\/cuscoberga.com\/en\/producte\/sparkling-wine-brut-nature-natural-mon-calcic-2019\/#primaryimage"},"thumbnailUrl":"https:\/\/cuscoberga.com\/wp-content\/uploads\/2021\/03\/Cusco-Berga-Brut-Nature-Natural-Vi-escumos-Mon-Calcic-1.jpg","datePublished":"2021-03-13T18:01:05+00:00","dateModified":"2022-11-03T18:13:11+00:00","breadcrumb":{"@id":"https:\/\/cuscoberga.com\/en\/producte\/sparkling-wine-brut-nature-natural-mon-calcic-2019\/#breadcrumb"},"inLanguage":"en-US","potentialAction":[{"@type":"ReadAction","target":["https:\/\/cuscoberga.com\/en\/producte\/sparkling-wine-brut-nature-natural-mon-calcic-2019\/"]}]},{"@type":"ImageObject","inLanguage":"en-US","@id":"https:\/\/cuscoberga.com\/en\/producte\/sparkling-wine-brut-nature-natural-mon-calcic-2019\/#primaryimage","url":"https:\/\/cuscoberga.com\/wp-content\/uploads\/2021\/03\/Cusco-Berga-Brut-Nature-Natural-Vi-escumos-Mon-Calcic-1.jpg","contentUrl":"https:\/\/cuscoberga.com\/wp-content\/uploads\/2021\/03\/Cusco-Berga-Brut-Nature-Natural-Vi-escumos-Mon-Calcic-1.jpg","width":650,"height":650},{"@type":"BreadcrumbList","@id":"https:\/\/cuscoberga.com\/en\/producte\/sparkling-wine-brut-nature-natural-mon-calcic-2019\/#breadcrumb","itemListElement":[{"@type":"ListItem","position":1,"name":"Inici","item":"https:\/\/cuscoberga.com\/en\/"},{"@type":"ListItem","position":2,"name":"Online Store","item":"https:\/\/cuscoberga.com\/en\/shop\/"},{"@type":"ListItem","position":3,"name":"Sparkling Wine Brut Nature Natural M\u00f3n C\u00e0lcic 2019"}]},{"@type":"WebSite","@id":"https:\/\/cuscoberga.com\/en\/#website","url":"https:\/\/cuscoberga.com\/en\/","name":"Cusc\u00f3 Berga","description":"","potentialAction":[{"@type":"SearchAction","target":{"@type":"EntryPoint","urlTemplate":"https:\/\/cuscoberga.com\/en\/?s={search_term_string}"},"query-input":{"@type":"PropertyValueSpecification","valueRequired":true,"valueName":"search_term_string"}}],"inLanguage":"en-US"}]}},"_links":{"self":[{"href":"https:\/\/cuscoberga.com\/en\/wp-json\/wp\/v2\/product\/3483","targetHints":{"allow":["GET"]}}],"collection":[{"href":"https:\/\/cuscoberga.com\/en\/wp-json\/wp\/v2\/product"}],"about":[{"href":"https:\/\/cuscoberga.com\/en\/wp-json\/wp\/v2\/types\/product"}],"wp:featuredmedia":[{"embeddable":true,"href":"https:\/\/cuscoberga.com\/en\/wp-json\/wp\/v2\/media\/3866"}],"wp:attachment":[{"href":"https:\/\/cuscoberga.com\/en\/wp-json\/wp\/v2\/media?parent=3483"}],"wp:term":[{"taxonomy":"product_brand","embeddable":true,"href":"https:\/\/cuscoberga.com\/en\/wp-json\/wp\/v2\/product_brand?post=3483"},{"taxonomy":"product_cat","embeddable":true,"href":"https:\/\/cuscoberga.com\/en\/wp-json\/wp\/v2\/product_cat?post=3483"},{"taxonomy":"product_tag","embeddable":true,"href":"https:\/\/cuscoberga.com\/en\/wp-json\/wp\/v2\/product_tag?post=3483"}],"curies":[{"name":"wp","href":"https:\/\/api.w.org\/{rel}","templated":true}]}}