{"id":3475,"date":"2021-03-13T20:10:00","date_gmt":"2021-03-13T18:10:00","guid":{"rendered":"https:\/\/cuscoberga.com\/producte\/cusco-berga-brut-gran-reserva-organic-gourmet-2013\/"},"modified":"2024-06-19T17:07:49","modified_gmt":"2024-06-19T15:07:49","slug":"cusco-berga-brut-gran-reserva-organic-gourmet-2013","status":"publish","type":"product","link":"https:\/\/cuscoberga.com\/en\/producte\/cusco-berga-brut-gran-reserva-organic-gourmet-2013\/","title":{"rendered":"Cava Brut Gran Reserve Organic Gourmet 2013 Guarda Superior"},"content":{"rendered":"<p><strong>ELABORATION<\/strong><br \/>\nTraditional method: &#8220;M\u00c9THODE CHAMPENOISE&#8221;, fermentation in bottle.<br \/>\nThe varieties are collected separately. The process of the winery begins with the destemming of the grapes and then cooled to 8\u00baC to minimize oxidation. The berries are then passed to the presses where the flower must is bled by natural draining, which is 55-60%. It is decanted into tanks and cooled to 6\u00baC, leaving it to rest for 24 hours. The clean must passes to the fermentation tanks which is carried out at 14-15\u00baC for three weeks.<br \/>\nAfter the finishing, filtration and stabilization treatments, the blend is made with different percentages, usually looking for a balance of grade and acidity each year. At the time of bottling we cause the second natural fermentation with the addition of yeast with certification that it does not come from genetically modified organism O.G.M., organic white cane sugar and natural soils. Fermentation lasts about three months at a temperature of 10-12\u00baC and then continues in rhyme for four years.<\/p>\n<p><strong>ANALYTICAL<\/strong><br \/>\nAlcohol content: 11.5%, PH: 3.17<br \/>\nTotal acidity: 4.05 g \/ l<\/p>\n<p><strong>TASTING NOTE<\/strong><br \/>\nAppearance: fine, energetic and persistent bubble.<br \/>\nNose: fresh aroma with notes of tropical fruit, wild, very complex and clean nose.<br \/>\nPalate: presence of carbonic, soft, clean mouth and balanced acidity.<\/p>\n<p>PAIRING<br \/>\nConsumption temperature of 6-8\u00baC.<br \/>\nIt is advisable to accompany fish, seafood, white meats, with not excessively sweet dessert salad, cakes, Catalan cream.<\/p>\n","protected":false},"excerpt":{"rendered":"<p>Cusc\u00f3 Berga Brut Gran Reserva Org\u00e0nic Gourmet 2013<br \/>\nGrape Varieties: 30% Macabeo, 40% Xarel.lo, Parellada 30%<\/p>\n","protected":false},"featured_media":3476,"template":"","meta":[],"product_brand":[],"product_cat":[137,139,140,132],"product_tag":[169],"class_list":{"0":"post-3475","1":"product","2":"type-product","3":"status-publish","4":"has-post-thumbnail","6":"product_cat-brut-reserva-en","7":"product_cat-cusco-berga-en","8":"product_cat-gran-reserva-en","9":"product_cat-sparkling-wines","10":"product_tag-guarda-superior-en","11":"description-off","13":"first","14":"instock","15":"taxable","16":"shipping-taxable","17":"purchasable","18":"product-type-simple"},"yoast_head":"<!-- This site is optimized with the Yoast SEO plugin v27.0 - https:\/\/yoast.com\/product\/yoast-seo-wordpress\/ -->\n<title>Cava Brut Gran Reserve Organic Gourmet 2013 Guarda Superior - Cusc\u00f3 Berga<\/title>\n<meta name=\"robots\" content=\"index, follow, max-snippet:-1, max-image-preview:large, max-video-preview:-1\" \/>\n<link rel=\"canonical\" href=\"https:\/\/cuscoberga.com\/en\/producte\/cusco-berga-brut-gran-reserva-organic-gourmet-2013\/\" \/>\n<meta property=\"og:locale\" content=\"en_US\" \/>\n<meta property=\"og:type\" content=\"article\" \/>\n<meta property=\"og:title\" content=\"Cava Brut Gran Reserve Organic Gourmet 2013 Guarda Superior - Cusc\u00f3 Berga\" \/>\n<meta property=\"og:description\" content=\"Cusc\u00f3 Berga Brut Gran Reserva Org\u00e0nic Gourmet 2013 Grape Varieties: 30% Macabeo, 40% Xarel.lo, Parellada 30%\" \/>\n<meta property=\"og:url\" content=\"https:\/\/cuscoberga.com\/en\/producte\/cusco-berga-brut-gran-reserva-organic-gourmet-2013\/\" \/>\n<meta property=\"og:site_name\" content=\"Cusc\u00f3 Berga\" \/>\n<meta property=\"article:modified_time\" content=\"2024-06-19T15:07:49+00:00\" \/>\n<meta property=\"og:image\" content=\"https:\/\/cuscoberga.com\/wp-content\/uploads\/2021\/03\/Cusco-Berga-Brut-Gran-Reserva-Organic-Gourmet-2013.jpg\" \/>\n\t<meta property=\"og:image:width\" content=\"650\" \/>\n\t<meta property=\"og:image:height\" content=\"650\" \/>\n\t<meta property=\"og:image:type\" content=\"image\/jpeg\" \/>\n<meta name=\"twitter:card\" content=\"summary_large_image\" \/>\n<meta name=\"twitter:label1\" content=\"Est. reading time\" \/>\n\t<meta name=\"twitter:data1\" content=\"2 minutes\" \/>\n<script type=\"application\/ld+json\" class=\"yoast-schema-graph\">{\"@context\":\"https:\/\/schema.org\",\"@graph\":[{\"@type\":\"WebPage\",\"@id\":\"https:\/\/cuscoberga.com\/en\/producte\/cusco-berga-brut-gran-reserva-organic-gourmet-2013\/\",\"url\":\"https:\/\/cuscoberga.com\/en\/producte\/cusco-berga-brut-gran-reserva-organic-gourmet-2013\/\",\"name\":\"Cava Brut Gran Reserve Organic Gourmet 2013 Guarda Superior - Cusc\u00f3 Berga\",\"isPartOf\":{\"@id\":\"https:\/\/cuscoberga.com\/en\/#website\"},\"primaryImageOfPage\":{\"@id\":\"https:\/\/cuscoberga.com\/en\/producte\/cusco-berga-brut-gran-reserva-organic-gourmet-2013\/#primaryimage\"},\"image\":{\"@id\":\"https:\/\/cuscoberga.com\/en\/producte\/cusco-berga-brut-gran-reserva-organic-gourmet-2013\/#primaryimage\"},\"thumbnailUrl\":\"https:\/\/cuscoberga.com\/wp-content\/uploads\/2021\/03\/Cusco-Berga-Brut-Gran-Reserva-Organic-Gourmet-2013.jpg\",\"datePublished\":\"2021-03-13T18:10:00+00:00\",\"dateModified\":\"2024-06-19T15:07:49+00:00\",\"breadcrumb\":{\"@id\":\"https:\/\/cuscoberga.com\/en\/producte\/cusco-berga-brut-gran-reserva-organic-gourmet-2013\/#breadcrumb\"},\"inLanguage\":\"en-US\",\"potentialAction\":[{\"@type\":\"ReadAction\",\"target\":[\"https:\/\/cuscoberga.com\/en\/producte\/cusco-berga-brut-gran-reserva-organic-gourmet-2013\/\"]}]},{\"@type\":\"ImageObject\",\"inLanguage\":\"en-US\",\"@id\":\"https:\/\/cuscoberga.com\/en\/producte\/cusco-berga-brut-gran-reserva-organic-gourmet-2013\/#primaryimage\",\"url\":\"https:\/\/cuscoberga.com\/wp-content\/uploads\/2021\/03\/Cusco-Berga-Brut-Gran-Reserva-Organic-Gourmet-2013.jpg\",\"contentUrl\":\"https:\/\/cuscoberga.com\/wp-content\/uploads\/2021\/03\/Cusco-Berga-Brut-Gran-Reserva-Organic-Gourmet-2013.jpg\",\"width\":650,\"height\":650},{\"@type\":\"BreadcrumbList\",\"@id\":\"https:\/\/cuscoberga.com\/en\/producte\/cusco-berga-brut-gran-reserva-organic-gourmet-2013\/#breadcrumb\",\"itemListElement\":[{\"@type\":\"ListItem\",\"position\":1,\"name\":\"Inici\",\"item\":\"https:\/\/cuscoberga.com\/en\/\"},{\"@type\":\"ListItem\",\"position\":2,\"name\":\"Online Store\",\"item\":\"https:\/\/cuscoberga.com\/en\/shop\/\"},{\"@type\":\"ListItem\",\"position\":3,\"name\":\"Cava Brut Gran Reserve Organic Gourmet 2013 Guarda Superior\"}]},{\"@type\":\"WebSite\",\"@id\":\"https:\/\/cuscoberga.com\/en\/#website\",\"url\":\"https:\/\/cuscoberga.com\/en\/\",\"name\":\"Cusc\u00f3 Berga\",\"description\":\"\",\"potentialAction\":[{\"@type\":\"SearchAction\",\"target\":{\"@type\":\"EntryPoint\",\"urlTemplate\":\"https:\/\/cuscoberga.com\/en\/?s={search_term_string}\"},\"query-input\":{\"@type\":\"PropertyValueSpecification\",\"valueRequired\":true,\"valueName\":\"search_term_string\"}}],\"inLanguage\":\"en-US\"}]}<\/script>\n<!-- \/ Yoast SEO plugin. -->","yoast_head_json":{"title":"Cava Brut Gran Reserve Organic Gourmet 2013 Guarda Superior - Cusc\u00f3 Berga","robots":{"index":"index","follow":"follow","max-snippet":"max-snippet:-1","max-image-preview":"max-image-preview:large","max-video-preview":"max-video-preview:-1"},"canonical":"https:\/\/cuscoberga.com\/en\/producte\/cusco-berga-brut-gran-reserva-organic-gourmet-2013\/","og_locale":"en_US","og_type":"article","og_title":"Cava Brut Gran Reserve Organic Gourmet 2013 Guarda Superior - Cusc\u00f3 Berga","og_description":"Cusc\u00f3 Berga Brut Gran Reserva Org\u00e0nic Gourmet 2013 Grape Varieties: 30% Macabeo, 40% Xarel.lo, Parellada 30%","og_url":"https:\/\/cuscoberga.com\/en\/producte\/cusco-berga-brut-gran-reserva-organic-gourmet-2013\/","og_site_name":"Cusc\u00f3 Berga","article_modified_time":"2024-06-19T15:07:49+00:00","og_image":[{"width":650,"height":650,"url":"https:\/\/cuscoberga.com\/wp-content\/uploads\/2021\/03\/Cusco-Berga-Brut-Gran-Reserva-Organic-Gourmet-2013.jpg","type":"image\/jpeg"}],"twitter_card":"summary_large_image","twitter_misc":{"Est. reading time":"2 minutes"},"schema":{"@context":"https:\/\/schema.org","@graph":[{"@type":"WebPage","@id":"https:\/\/cuscoberga.com\/en\/producte\/cusco-berga-brut-gran-reserva-organic-gourmet-2013\/","url":"https:\/\/cuscoberga.com\/en\/producte\/cusco-berga-brut-gran-reserva-organic-gourmet-2013\/","name":"Cava Brut Gran Reserve Organic Gourmet 2013 Guarda Superior - Cusc\u00f3 Berga","isPartOf":{"@id":"https:\/\/cuscoberga.com\/en\/#website"},"primaryImageOfPage":{"@id":"https:\/\/cuscoberga.com\/en\/producte\/cusco-berga-brut-gran-reserva-organic-gourmet-2013\/#primaryimage"},"image":{"@id":"https:\/\/cuscoberga.com\/en\/producte\/cusco-berga-brut-gran-reserva-organic-gourmet-2013\/#primaryimage"},"thumbnailUrl":"https:\/\/cuscoberga.com\/wp-content\/uploads\/2021\/03\/Cusco-Berga-Brut-Gran-Reserva-Organic-Gourmet-2013.jpg","datePublished":"2021-03-13T18:10:00+00:00","dateModified":"2024-06-19T15:07:49+00:00","breadcrumb":{"@id":"https:\/\/cuscoberga.com\/en\/producte\/cusco-berga-brut-gran-reserva-organic-gourmet-2013\/#breadcrumb"},"inLanguage":"en-US","potentialAction":[{"@type":"ReadAction","target":["https:\/\/cuscoberga.com\/en\/producte\/cusco-berga-brut-gran-reserva-organic-gourmet-2013\/"]}]},{"@type":"ImageObject","inLanguage":"en-US","@id":"https:\/\/cuscoberga.com\/en\/producte\/cusco-berga-brut-gran-reserva-organic-gourmet-2013\/#primaryimage","url":"https:\/\/cuscoberga.com\/wp-content\/uploads\/2021\/03\/Cusco-Berga-Brut-Gran-Reserva-Organic-Gourmet-2013.jpg","contentUrl":"https:\/\/cuscoberga.com\/wp-content\/uploads\/2021\/03\/Cusco-Berga-Brut-Gran-Reserva-Organic-Gourmet-2013.jpg","width":650,"height":650},{"@type":"BreadcrumbList","@id":"https:\/\/cuscoberga.com\/en\/producte\/cusco-berga-brut-gran-reserva-organic-gourmet-2013\/#breadcrumb","itemListElement":[{"@type":"ListItem","position":1,"name":"Inici","item":"https:\/\/cuscoberga.com\/en\/"},{"@type":"ListItem","position":2,"name":"Online Store","item":"https:\/\/cuscoberga.com\/en\/shop\/"},{"@type":"ListItem","position":3,"name":"Cava Brut Gran Reserve Organic Gourmet 2013 Guarda Superior"}]},{"@type":"WebSite","@id":"https:\/\/cuscoberga.com\/en\/#website","url":"https:\/\/cuscoberga.com\/en\/","name":"Cusc\u00f3 Berga","description":"","potentialAction":[{"@type":"SearchAction","target":{"@type":"EntryPoint","urlTemplate":"https:\/\/cuscoberga.com\/en\/?s={search_term_string}"},"query-input":{"@type":"PropertyValueSpecification","valueRequired":true,"valueName":"search_term_string"}}],"inLanguage":"en-US"}]}},"_links":{"self":[{"href":"https:\/\/cuscoberga.com\/en\/wp-json\/wp\/v2\/product\/3475","targetHints":{"allow":["GET"]}}],"collection":[{"href":"https:\/\/cuscoberga.com\/en\/wp-json\/wp\/v2\/product"}],"about":[{"href":"https:\/\/cuscoberga.com\/en\/wp-json\/wp\/v2\/types\/product"}],"wp:featuredmedia":[{"embeddable":true,"href":"https:\/\/cuscoberga.com\/en\/wp-json\/wp\/v2\/media\/3476"}],"wp:attachment":[{"href":"https:\/\/cuscoberga.com\/en\/wp-json\/wp\/v2\/media?parent=3475"}],"wp:term":[{"taxonomy":"product_brand","embeddable":true,"href":"https:\/\/cuscoberga.com\/en\/wp-json\/wp\/v2\/product_brand?post=3475"},{"taxonomy":"product_cat","embeddable":true,"href":"https:\/\/cuscoberga.com\/en\/wp-json\/wp\/v2\/product_cat?post=3475"},{"taxonomy":"product_tag","embeddable":true,"href":"https:\/\/cuscoberga.com\/en\/wp-json\/wp\/v2\/product_tag?post=3475"}],"curies":[{"name":"wp","href":"https:\/\/api.w.org\/{rel}","templated":true}]}}