{"id":3426,"date":"2021-04-21T15:24:42","date_gmt":"2021-04-21T13:24:42","guid":{"rendered":"https:\/\/cuscoberga.com\/producte\/land-rover-wine-tours-in-harvest-time\/"},"modified":"2021-11-10T12:12:11","modified_gmt":"2021-11-10T10:12:11","slug":"land-rover-wine-tours-in-harvest-time","status":"publish","type":"product","link":"https:\/\/cuscoberga.com\/en\/producte\/land-rover-wine-tours-in-harvest-time\/","title":{"rendered":"Land Rover &#8211; Wine Tours &#8211; In Harvest Time"},"content":{"rendered":"<h1>Book your activity<\/h1>\n<div class=\"caldera-grid\" id=\"caldera_form_1\" data-cf-ver=\"1.9.6\" data-cf-form-id=\"CF60d6088aafc88\"><div id=\"caldera_notices_1\" data-spinner=\"https:\/\/cuscoberga.com\/wp-admin\/images\/spinner.gif\"><\/div><form data-instance=\"1\" class=\"CF60d6088aafc88 caldera_forms_form cfajax-trigger\" method=\"POST\" enctype=\"multipart\/form-data\" id=\"CF60d6088aafc88_1\" data-form-id=\"CF60d6088aafc88\" aria-label=\"Enoturisme Eng\" data-target=\"#caldera_notices_1\" data-template=\"#cfajax_CF60d6088aafc88-tmpl\" data-cfajax=\"CF60d6088aafc88\" data-load-element=\"_parent\" data-load-class=\"cf_processing\" data-post-disable=\"0\" data-action=\"cf_process_ajax_submit\" data-request=\"https:\/\/cuscoberga.com\/en\/\/cf-api\/CF60d6088aafc88\" data-hiderows=\"true\">\r\n<input type=\"hidden\" id=\"_cf_verify_CF60d6088aafc88\" name=\"_cf_verify\" value=\"5e89ec694b\"  data-nonce-time=\"1777490195\" \/><input type=\"hidden\" name=\"_wp_http_referer\" value=\"\/en\/wp-json\/wp\/v2\/product\/3426\" \/><div id=\"cf2-CF60d6088aafc88_1\"><\/div><input type=\"hidden\" name=\"_cf_frm_id\" value=\"CF60d6088aafc88\">\r\n<input type=\"hidden\" name=\"_cf_frm_ct\" value=\"1\">\r\n<input type=\"hidden\" name=\"cfajax\" value=\"CF60d6088aafc88\">\r\n<input type=\"hidden\" name=\"_cf_cr_pst\" value=\"3426\">\r\n<div class=\"hide\" style=\"display:none; overflow:hidden;height:0;width:0;\">\r\n<label>Twitter<\/label><input type=\"text\" name=\"twitter\" value=\"\" autocomplete=\"off\">\r\n<\/div><div id=\"CF60d6088aafc88_1-row-1\"  class=\"row  first_row\"><div  class=\"col-sm-6  first_col\"><div data-field-wrapper=\"fld_185917\" class=\"form-group\" id=\"fld_185917_1-wrap\">\r\n\t<label id=\"fld_185917Label\" for=\"fld_185917_1\" class=\"control-label\">First name <span aria-hidden=\"true\" role=\"presentation\" class=\"field_required\" style=\"color:#ee0000;\">*<\/span><\/label>\r\n\t<div class=\"\">\r\n\t\t<input   required type=\"text\" data-field=\"fld_185917\" class=\" form-control\" id=\"fld_185917_1\" name=\"fld_185917\" value=\"\" data-type=\"text\" aria-required=\"true\"   aria-labelledby=\"fld_185917Label\" >\t\t\t<\/div>\r\n<\/div>\r\n<\/div><div  class=\"col-sm-6  last_col\"><div data-field-wrapper=\"fld_6892512\" class=\"form-group\" id=\"fld_6892512_1-wrap\">\r\n\t<label id=\"fld_6892512Label\" for=\"fld_6892512_1\" class=\"control-label\">Surnames <span aria-hidden=\"true\" role=\"presentation\" class=\"field_required\" style=\"color:#ee0000;\">*<\/span><\/label>\r\n\t<div class=\"\">\r\n\t\t<input   required type=\"text\" data-field=\"fld_6892512\" class=\" form-control\" id=\"fld_6892512_1\" name=\"fld_6892512\" value=\"\" data-type=\"text\" aria-required=\"true\"   aria-labelledby=\"fld_6892512Label\" >\t\t\t<\/div>\r\n<\/div>\r\n<\/div><\/div><div id=\"CF60d6088aafc88_1-row-2\"  class=\"row \"><div  class=\"col-sm-6  first_col\"><div data-field-wrapper=\"fld_2254781\" class=\"form-group\" id=\"fld_2254781_1-wrap\">\r\n\t<label id=\"fld_2254781Label\" for=\"fld_2254781_1\" class=\"control-label\">Mobile number <span aria-hidden=\"true\" role=\"presentation\" class=\"field_required\" style=\"color:#ee0000;\">*<\/span><\/label>\r\n\t<div class=\"\">\r\n\t\t<input   required type=\"number\" data-field=\"fld_2254781\" class=\" form-control\" id=\"fld_2254781_1\" name=\"fld_2254781\" value=\"\" data-type=\"number\" data-parsley-type=\"number\" aria-required=\"true\"   aria-labelledby=\"fld_2254781Label\" >\t\t\t<\/div>\r\n<\/div>\r\n<\/div><div  class=\"col-sm-6  last_col\"><div data-field-wrapper=\"fld_7900587\" class=\"form-group\" id=\"fld_7900587_1-wrap\">\r\n\t<label id=\"fld_7900587Label\" for=\"fld_7900587_1\" class=\"control-label\">E-mail <span aria-hidden=\"true\" role=\"presentation\" class=\"field_required\" style=\"color:#ee0000;\">*<\/span><\/label>\r\n\t<div class=\"\">\r\n\t\t<input   required type=\"email\" data-field=\"fld_7900587\" class=\" form-control\" id=\"fld_7900587_1\" name=\"fld_7900587\" value=\"\" data-type=\"email\" aria-required=\"true\"   aria-labelledby=\"fld_7900587Label\" >\t\t\t<\/div>\r\n<\/div>\r\n<\/div><\/div><div id=\"CF60d6088aafc88_1-row-3\"  class=\"row \"><div  class=\"col-sm-6  first_col\"><div data-field-wrapper=\"fld_9356744\" class=\"form-group\" id=\"fld_9356744_1-wrap\">\r\n\t<label id=\"fld_9356744Label\" for=\"fld_9356744_1\" class=\"control-label\">Day of the visit <span aria-hidden=\"true\" role=\"presentation\" class=\"field_required\" style=\"color:#ee0000;\">*<\/span><\/label>\r\n\t<div class=\"\">\r\n\t\t<input   required type=\"date\" data-field=\"fld_9356744\" class=\" form-control\" id=\"fld_9356744_1\" name=\"fld_9356744\" value=\"\" data-type=\"date\" aria-required=\"true\"   aria-labelledby=\"fld_9356744Label\" >\t\t\t<\/div>\r\n<\/div>\r\n<\/div><div  class=\"col-sm-6  last_col\"><div data-field-wrapper=\"fld_9099709\" class=\"form-group\" id=\"fld_9099709_1-wrap\">\r\n\t<label id=\"fld_9099709Label\" for=\"fld_9099709_1\" class=\"control-label\">Choose your visit <span aria-hidden=\"true\" role=\"presentation\" class=\"field_required\" style=\"color:#ee0000;\">*<\/span><\/label>\r\n\t<div class=\"\">\r\n\t\t<select name=\"fld_9099709\" value=\"\" data-field=\"fld_9099709\" class=\"form-control\" id=\"fld_9099709_1\"  required=\"required\"  aria-labelledby=\"fld_9099709Label\" >\n\t\t<option value=\"\" disabled selected>Select your option<\/option>\t\t\t\t\t<option value=\"Premium visit\"  data-calc-value=\"Premium visit\" >\n\t\t\t\t\t\tPremium visit\t\t\t\t\t<\/option>\n\t\t\t\t\t\t\t\t\t\t<option value=\"Land Rover Wine Tours\"  data-calc-value=\"Land Rover Wine Tours\" >\n\t\t\t\t\t\tLand Rover Wine Tours\t\t\t\t\t<\/option>\n\t\t\t\t\t\t\t\t\t\t<option value=\"Tradition, Pened\u00e8s-Garraf Territory\"  data-calc-value=\"Tradition, Pened\u00e8s-Garraf Territory\" >\n\t\t\t\t\t\tTradition, Pened\u00e8s-Garraf Territory\t\t\t\t\t<\/option>\n\t\t\t\t\t\t\t\t\t\t<option value=\"Pr\u00e9ssec d&#039;Ordal i Cava del Pened\u00e8s\"  data-calc-value=\"Pr\u00e9ssec d&#039;Ordal i Cava del Pened\u00e8s\" >\n\t\t\t\t\t\tPr\u00e9ssec d&#039;Ordal i Cava del Pened\u00e8s\t\t\t\t\t<\/option>\n\t\t\t\t\t\t\t\t\t\t<option value=\"In time of Harvest\"  data-calc-value=\"In time of Harvest\" >\n\t\t\t\t\t\tIn time of Harvest\t\t\t\t\t<\/option>\n\t\t\t\t\t\t\t\t\t\t<option value=\"Author&#039;s Cavas Tasting\"  data-calc-value=\"Author&#039;s Cavas Tasting\" >\n\t\t\t\t\t\tAuthor&#039;s Cavas Tasting\t\t\t\t\t<\/option>\n\t\t\t\t\t\t\t\t\t\t<option value=\"Tast de Vins Varietals\"  data-calc-value=\"Tast de Vins Varietals\" >\n\t\t\t\t\t\tTast de Vins Varietals\t\t\t\t\t<\/option>\n\t\t\t\t\t\t\t<\/select>\n\t\t\t<\/div>\r\n<\/div>\r\n<\/div><\/div><div id=\"CF60d6088aafc88_1-row-4\"  class=\"row \"><div  class=\"col-sm-6  first_col\"><div data-field-wrapper=\"fld_6496615\" class=\"form-group\" id=\"fld_6496615_1-wrap\">\r\n\t<label id=\"fld_6496615Label\" for=\"fld_6496615_1\" class=\"control-label\">Number of adults <span aria-hidden=\"true\" role=\"presentation\" class=\"field_required\" style=\"color:#ee0000;\">*<\/span><\/label>\r\n\t<div class=\"\">\r\n\t\t<input   required type=\"number\" data-field=\"fld_6496615\" class=\" form-control\" id=\"fld_6496615_1\" name=\"fld_6496615\" value=\"1\" data-type=\"number\" min=\"1\" step=\"1\" data-parsley-type=\"number\" aria-required=\"true\"   aria-labelledby=\"fld_6496615Label\" >\t\t\t<\/div>\r\n<\/div>\r\n<\/div><div  class=\"col-sm-6  last_col\"><div data-field-wrapper=\"fld_5630664\" class=\"form-group\" id=\"fld_5630664_1-wrap\">\r\n\t<label id=\"fld_5630664Label\" for=\"fld_5630664_1\" class=\"control-label\">Number of children<\/label>\r\n\t<div class=\"\">\r\n\t\t<input    type=\"number\" data-field=\"fld_5630664\" class=\" form-control\" id=\"fld_5630664_1\" name=\"fld_5630664\" value=\"0\" data-type=\"number\" min=\"0\" step=\"1\" data-parsley-type=\"number\"   aria-labelledby=\"fld_5630664Label\" >\t\t\t<\/div>\r\n<\/div>\r\n<\/div><\/div><div id=\"CF60d6088aafc88_1-row-5\"  class=\"row  last_row\"><div  class=\"col-sm-12  single\"><div data-field-wrapper=\"fld_4089741\" class=\"form-group\" id=\"fld_4089741_1-wrap\">\r\n\t<label id=\"fld_4089741Label\" for=\"fld_4089741_1\" class=\"control-label\">Comments<\/label>\r\n\t<div class=\"\">\r\n\t\t<textarea name=\"fld_4089741\" value=\"\" data-field=\"fld_4089741\" class=\"form-control\" id=\"fld_4089741_1\" rows=\"4\"    aria-labelledby=\"fld_4089741Label\" ><\/textarea>\n\t\t\t<\/div>\r\n<\/div>\r\n<div data-field-wrapper=\"fld_5922578\" class=\"form-group\" id=\"fld_5922578_1-wrap\">\r\n<div class=\"\">\r\n\n<div class=\"checkbox-inline caldera-forms-consent-field\">\n    <input data-parsley-required=\"true\" data-parsley-group=\"fld_5922578_1\" data-parsley-multiple=\"fld_5922578_1\"        type=\"checkbox\" data-label=\"Data Protection Policy\"\n        data-field=\"fld_5922578\"\n        id=\"fld_5922578_1\"\n        class=\"fld_5922578_1 option-required\"\n        name=\"fld_5922578\"\n        value=\"1\"\n        data-type=\"checkbox\"\n        data-checkbox-field=\"fld_5922578_1\"\n    >\n    <label for=\"fld_5922578_1\"\n           class=\"caldera-forms-gdpr-field-label\"\n           style=\"display:inline; margin-left: 0.5rem;\"\n    >\n                <p\n            class=\"caldera-forms-consent-field-agreement\"\n        >\n            I have read and accept the Data Protection Policy.        <\/p>\n        <a href=\"https:\/\/cuscoberga.com\/politica-de-proteccio-de-dades\/\"\n           target=\"_blank\"\n                title=\"Privacy Policy Page\"\n            class=\"caldera-forms-consent-field-linked_text\"\n            >\n            To read        <\/a>\n    <\/label>\n    <span style=\"color:#ff0000;\">*<\/span>\n<\/div>\n\n<\/div>\r\n<\/div>\r\n<div data-field-wrapper=\"fld_7167496\" class=\"form-group\" id=\"fld_7167496_1-wrap\">\r\n<div class=\"\">\r\n\t<input  class=\"btn btn-default\" type=\"submit\" name=\"fld_7167496\" id=\"fld_7167496_1\" value=\"enviar\" data-field=\"fld_7167496\"  >\n<\/div>\r\n<\/div>\r\n\t<input class=\"button_trigger_1\" type=\"hidden\" name=\"fld_7167496\" id=\"fld_7167496_1_btn\" value=\"\" data-field=\"fld_7167496\"  \/>\n<\/div><\/div><\/form>\r\n<\/div>\r\n\n","protected":false},"excerpt":{"rendered":"<p>In harvest time we will harvest grapes, taste them and tread them.<br \/>\nWe will go to the vineyards to harvest grapes, taste them and use the technique to harvest them. Back Guided tour of the winery, we will share with you our work philosophy, the beginnings and the process of manual production of our wines and cavas.<\/p>\n<p>Possibility to purchase products from the house at exclusive prices from the winery.<br \/>\nCellar visit duration: 2h and 45 min.<\/p>\n<p>Price 57 \u20ac per person.<br \/>\nSeason availability (September-October)<br \/>\nPlace of activity: a <a href=\"\/contactar\">Vins i Caves Cusc\u00f3 Berga<\/a>.<br \/>\nIncludes 3 Tastes commented by a Sommelier and a selection of snacks.<br \/>\nMinimum 4 people and Maximum 8 people.<br \/>\nIdioma: Catal\u00e0, castell\u00e0, Angl\u00e8s i Franc\u00e8s.<\/p>\n<p>Wine cellar: <a href=\"https:\/\/youtu.be\/Grg21_ufvSI\" target=\"_blank\" rel=\"noopener\">Watch video<\/a><br \/>\nVineyards: <a href=\"https:\/\/youtu.be\/VOzhidzgjHc\" target=\"_blank\" rel=\"noopener\">Watch video<\/a><\/p>\n<p><a href=\"https:\/\/cuscoberga.com\/wp-content\/uploads\/2021\/04\/El-paquet-turistic-No-12-temps-de-verema-ang-1.pdf\" target=\"_blank\" rel=\"noopener\">See detailed PDF of the activity<\/a><\/p>\n","protected":false},"featured_media":3431,"template":"","meta":[],"product_brand":[],"product_cat":[138],"product_tag":[],"class_list":{"0":"post-3426","1":"product","2":"type-product","3":"status-publish","4":"has-post-thumbnail","6":"product_cat-winetourism","7":"description-off","9":"first","10":"instock","11":"virtual","12":"taxable","13":"purchasable","14":"product-type-simple"},"yoast_head":"<!-- This site is optimized with the Yoast SEO plugin v27.0 - https:\/\/yoast.com\/product\/yoast-seo-wordpress\/ -->\n<title>Land Rover - Wine Tours - In Harvest Time - Cusc\u00f3 Berga<\/title>\n<meta name=\"robots\" content=\"index, follow, max-snippet:-1, max-image-preview:large, max-video-preview:-1\" \/>\n<link rel=\"canonical\" href=\"https:\/\/cuscoberga.com\/en\/producte\/land-rover-wine-tours-in-harvest-time\/\" \/>\n<meta property=\"og:locale\" content=\"en_US\" \/>\n<meta property=\"og:type\" content=\"article\" \/>\n<meta property=\"og:title\" content=\"Land Rover - Wine Tours - In Harvest Time - Cusc\u00f3 Berga\" \/>\n<meta property=\"og:description\" content=\"In harvest time we will harvest grapes, taste them and tread them. We will go to the vineyards to harvest grapes, taste them and use the technique to harvest them. Back Guided tour of the winery, we will share with you our work philosophy, the beginnings and the process of manual production of our wines and cavas.  Possibility to purchase products from the house at exclusive prices from the winery. Cellar visit duration: 2h and 45 min.  Price 57 \u20ac per person. Season availability (September-October) Place of activity: a Vins i Caves Cusc\u00f3 Berga. Includes 3 Tastes commented by a Sommelier and a selection of snacks. Minimum 4 people and Maximum 8 people. Idioma: Catal\u00e0, castell\u00e0, Angl\u00e8s i Franc\u00e8s.  Wine cellar: Watch video Vineyards: Watch video  See detailed PDF of the activity\" \/>\n<meta property=\"og:url\" content=\"https:\/\/cuscoberga.com\/en\/producte\/land-rover-wine-tours-in-harvest-time\/\" \/>\n<meta property=\"og:site_name\" content=\"Cusc\u00f3 Berga\" \/>\n<meta property=\"article:modified_time\" content=\"2021-11-10T10:12:11+00:00\" \/>\n<meta property=\"og:image\" content=\"http:\/\/cuscoberga.com\/wp-content\/uploads\/2021\/04\/verema1.jpg\" \/>\n\t<meta property=\"og:image:width\" content=\"800\" \/>\n\t<meta property=\"og:image:height\" content=\"600\" \/>\n\t<meta property=\"og:image:type\" content=\"image\/jpeg\" \/>\n<meta name=\"twitter:card\" content=\"summary_large_image\" \/>\n<script type=\"application\/ld+json\" class=\"yoast-schema-graph\">{\"@context\":\"https:\/\/schema.org\",\"@graph\":[{\"@type\":\"WebPage\",\"@id\":\"https:\/\/cuscoberga.com\/en\/producte\/land-rover-wine-tours-in-harvest-time\/\",\"url\":\"https:\/\/cuscoberga.com\/en\/producte\/land-rover-wine-tours-in-harvest-time\/\",\"name\":\"Land Rover - Wine Tours - In Harvest Time - Cusc\u00f3 Berga\",\"isPartOf\":{\"@id\":\"https:\/\/cuscoberga.com\/en\/#website\"},\"primaryImageOfPage\":{\"@id\":\"https:\/\/cuscoberga.com\/en\/producte\/land-rover-wine-tours-in-harvest-time\/#primaryimage\"},\"image\":{\"@id\":\"https:\/\/cuscoberga.com\/en\/producte\/land-rover-wine-tours-in-harvest-time\/#primaryimage\"},\"thumbnailUrl\":\"https:\/\/cuscoberga.com\/wp-content\/uploads\/2021\/04\/verema1.jpg\",\"datePublished\":\"2021-04-21T13:24:42+00:00\",\"dateModified\":\"2021-11-10T10:12:11+00:00\",\"breadcrumb\":{\"@id\":\"https:\/\/cuscoberga.com\/en\/producte\/land-rover-wine-tours-in-harvest-time\/#breadcrumb\"},\"inLanguage\":\"en-US\",\"potentialAction\":[{\"@type\":\"ReadAction\",\"target\":[\"https:\/\/cuscoberga.com\/en\/producte\/land-rover-wine-tours-in-harvest-time\/\"]}]},{\"@type\":\"ImageObject\",\"inLanguage\":\"en-US\",\"@id\":\"https:\/\/cuscoberga.com\/en\/producte\/land-rover-wine-tours-in-harvest-time\/#primaryimage\",\"url\":\"https:\/\/cuscoberga.com\/wp-content\/uploads\/2021\/04\/verema1.jpg\",\"contentUrl\":\"https:\/\/cuscoberga.com\/wp-content\/uploads\/2021\/04\/verema1.jpg\",\"width\":800,\"height\":600},{\"@type\":\"BreadcrumbList\",\"@id\":\"https:\/\/cuscoberga.com\/en\/producte\/land-rover-wine-tours-in-harvest-time\/#breadcrumb\",\"itemListElement\":[{\"@type\":\"ListItem\",\"position\":1,\"name\":\"Inici\",\"item\":\"https:\/\/cuscoberga.com\/en\/\"},{\"@type\":\"ListItem\",\"position\":2,\"name\":\"Online Store\",\"item\":\"https:\/\/cuscoberga.com\/en\/shop\/\"},{\"@type\":\"ListItem\",\"position\":3,\"name\":\"Land Rover &#8211; Wine Tours &#8211; In Harvest Time\"}]},{\"@type\":\"WebSite\",\"@id\":\"https:\/\/cuscoberga.com\/en\/#website\",\"url\":\"https:\/\/cuscoberga.com\/en\/\",\"name\":\"Cusc\u00f3 Berga\",\"description\":\"\",\"potentialAction\":[{\"@type\":\"SearchAction\",\"target\":{\"@type\":\"EntryPoint\",\"urlTemplate\":\"https:\/\/cuscoberga.com\/en\/?s={search_term_string}\"},\"query-input\":{\"@type\":\"PropertyValueSpecification\",\"valueRequired\":true,\"valueName\":\"search_term_string\"}}],\"inLanguage\":\"en-US\"}]}<\/script>\n<!-- \/ Yoast SEO plugin. -->","yoast_head_json":{"title":"Land Rover - Wine Tours - In Harvest Time - Cusc\u00f3 Berga","robots":{"index":"index","follow":"follow","max-snippet":"max-snippet:-1","max-image-preview":"max-image-preview:large","max-video-preview":"max-video-preview:-1"},"canonical":"https:\/\/cuscoberga.com\/en\/producte\/land-rover-wine-tours-in-harvest-time\/","og_locale":"en_US","og_type":"article","og_title":"Land Rover - Wine Tours - In Harvest Time - Cusc\u00f3 Berga","og_description":"In harvest time we will harvest grapes, taste them and tread them. We will go to the vineyards to harvest grapes, taste them and use the technique to harvest them. Back Guided tour of the winery, we will share with you our work philosophy, the beginnings and the process of manual production of our wines and cavas.  Possibility to purchase products from the house at exclusive prices from the winery. Cellar visit duration: 2h and 45 min.  Price 57 \u20ac per person. Season availability (September-October) Place of activity: a Vins i Caves Cusc\u00f3 Berga. Includes 3 Tastes commented by a Sommelier and a selection of snacks. Minimum 4 people and Maximum 8 people. Idioma: Catal\u00e0, castell\u00e0, Angl\u00e8s i Franc\u00e8s.  Wine cellar: Watch video Vineyards: Watch video  See detailed PDF of the activity","og_url":"https:\/\/cuscoberga.com\/en\/producte\/land-rover-wine-tours-in-harvest-time\/","og_site_name":"Cusc\u00f3 Berga","article_modified_time":"2021-11-10T10:12:11+00:00","og_image":[{"width":800,"height":600,"url":"http:\/\/cuscoberga.com\/wp-content\/uploads\/2021\/04\/verema1.jpg","type":"image\/jpeg"}],"twitter_card":"summary_large_image","schema":{"@context":"https:\/\/schema.org","@graph":[{"@type":"WebPage","@id":"https:\/\/cuscoberga.com\/en\/producte\/land-rover-wine-tours-in-harvest-time\/","url":"https:\/\/cuscoberga.com\/en\/producte\/land-rover-wine-tours-in-harvest-time\/","name":"Land Rover - Wine Tours - In Harvest Time - Cusc\u00f3 Berga","isPartOf":{"@id":"https:\/\/cuscoberga.com\/en\/#website"},"primaryImageOfPage":{"@id":"https:\/\/cuscoberga.com\/en\/producte\/land-rover-wine-tours-in-harvest-time\/#primaryimage"},"image":{"@id":"https:\/\/cuscoberga.com\/en\/producte\/land-rover-wine-tours-in-harvest-time\/#primaryimage"},"thumbnailUrl":"https:\/\/cuscoberga.com\/wp-content\/uploads\/2021\/04\/verema1.jpg","datePublished":"2021-04-21T13:24:42+00:00","dateModified":"2021-11-10T10:12:11+00:00","breadcrumb":{"@id":"https:\/\/cuscoberga.com\/en\/producte\/land-rover-wine-tours-in-harvest-time\/#breadcrumb"},"inLanguage":"en-US","potentialAction":[{"@type":"ReadAction","target":["https:\/\/cuscoberga.com\/en\/producte\/land-rover-wine-tours-in-harvest-time\/"]}]},{"@type":"ImageObject","inLanguage":"en-US","@id":"https:\/\/cuscoberga.com\/en\/producte\/land-rover-wine-tours-in-harvest-time\/#primaryimage","url":"https:\/\/cuscoberga.com\/wp-content\/uploads\/2021\/04\/verema1.jpg","contentUrl":"https:\/\/cuscoberga.com\/wp-content\/uploads\/2021\/04\/verema1.jpg","width":800,"height":600},{"@type":"BreadcrumbList","@id":"https:\/\/cuscoberga.com\/en\/producte\/land-rover-wine-tours-in-harvest-time\/#breadcrumb","itemListElement":[{"@type":"ListItem","position":1,"name":"Inici","item":"https:\/\/cuscoberga.com\/en\/"},{"@type":"ListItem","position":2,"name":"Online Store","item":"https:\/\/cuscoberga.com\/en\/shop\/"},{"@type":"ListItem","position":3,"name":"Land Rover &#8211; Wine Tours &#8211; In Harvest Time"}]},{"@type":"WebSite","@id":"https:\/\/cuscoberga.com\/en\/#website","url":"https:\/\/cuscoberga.com\/en\/","name":"Cusc\u00f3 Berga","description":"","potentialAction":[{"@type":"SearchAction","target":{"@type":"EntryPoint","urlTemplate":"https:\/\/cuscoberga.com\/en\/?s={search_term_string}"},"query-input":{"@type":"PropertyValueSpecification","valueRequired":true,"valueName":"search_term_string"}}],"inLanguage":"en-US"}]}},"_links":{"self":[{"href":"https:\/\/cuscoberga.com\/en\/wp-json\/wp\/v2\/product\/3426","targetHints":{"allow":["GET"]}}],"collection":[{"href":"https:\/\/cuscoberga.com\/en\/wp-json\/wp\/v2\/product"}],"about":[{"href":"https:\/\/cuscoberga.com\/en\/wp-json\/wp\/v2\/types\/product"}],"wp:featuredmedia":[{"embeddable":true,"href":"https:\/\/cuscoberga.com\/en\/wp-json\/wp\/v2\/media\/3431"}],"wp:attachment":[{"href":"https:\/\/cuscoberga.com\/en\/wp-json\/wp\/v2\/media?parent=3426"}],"wp:term":[{"taxonomy":"product_brand","embeddable":true,"href":"https:\/\/cuscoberga.com\/en\/wp-json\/wp\/v2\/product_brand?post=3426"},{"taxonomy":"product_cat","embeddable":true,"href":"https:\/\/cuscoberga.com\/en\/wp-json\/wp\/v2\/product_cat?post=3426"},{"taxonomy":"product_tag","embeddable":true,"href":"https:\/\/cuscoberga.com\/en\/wp-json\/wp\/v2\/product_tag?post=3426"}],"curies":[{"name":"wp","href":"https:\/\/api.w.org\/{rel}","templated":true}]}}