{"id":3793,"date":"2022-07-10T19:39:34","date_gmt":"2022-07-10T17:39:34","guid":{"rendered":"https:\/\/cuscoberga.com\/club\/"},"modified":"2022-07-12T21:16:14","modified_gmt":"2022-07-12T19:16:14","slug":"club","status":"publish","type":"page","link":"https:\/\/cuscoberga.com\/en\/club\/","title":{"rendered":"Cusc\u00f3 Berga Friends Club"},"content":{"rendered":"<div class=\"wpb-content-wrapper\"><p>[vc_row full_width=&#8221;stretch_row_content_no_spaces&#8221; full_height=&#8221;yes&#8221; equal_height=&#8221;yes&#8221; el_class=&#8221;img_page&#8221;][vc_column width=&#8221;1\/2&#8243; css=&#8221;.vc_custom_1617176811384{padding: 10% !important;}&#8221;][vc_column_text]<\/p>\n<h3>Join the Cusc\u00f3 Berga Friends Club, and access exclusive discounts and events.<\/h3>\n<p>It&#8217;s very easy, send the form and you will be part of it and we will keep you informed of all the advantages you will have as a member of the <strong>Club Cusc\u00f3 Berga<\/strong>.<\/p>\n<p><strong>Benefits of becoming a Club:<\/strong><\/p>\n<p>&gt; Club Promotions Discount 10%<br \/>\n&gt; Priority in Holiday and Christmas Promotions<br \/>\n&gt; Exclusivity Gastronomic Experiences<br \/>\n&gt; 100% savings in shipping costs[\/vc_column_text][vc_separator][vc_column_text]<\/p>\n<div class=\"caldera-grid\" id=\"caldera_form_1\" data-cf-ver=\"1.9.6\" data-cf-form-id=\"CF62cb15116459f\"><div id=\"caldera_notices_1\" data-spinner=\"https:\/\/cuscoberga.com\/wp-admin\/images\/spinner.gif\"><\/div><form data-instance=\"1\" class=\"CF62cb15116459f caldera_forms_form cfajax-trigger\" method=\"POST\" enctype=\"multipart\/form-data\" id=\"CF62cb15116459f_1\" data-form-id=\"CF62cb15116459f\" aria-label=\"Club Eng\" data-target=\"#caldera_notices_1\" data-template=\"#cfajax_CF62cb15116459f-tmpl\" data-cfajax=\"CF62cb15116459f\" data-load-element=\"_parent\" data-load-class=\"cf_processing\" data-post-disable=\"0\" data-action=\"cf_process_ajax_submit\" data-request=\"https:\/\/cuscoberga.com\/en\/\/cf-api\/CF62cb15116459f\" data-hiderows=\"true\">\r\n<input type=\"hidden\" id=\"_cf_verify_CF62cb15116459f\" name=\"_cf_verify\" value=\"d037d3f739\"  data-nonce-time=\"1775546968\" \/><input type=\"hidden\" name=\"_wp_http_referer\" value=\"\/en\/wp-json\/wp\/v2\/pages\/3793\" \/><div id=\"cf2-CF62cb15116459f_1\"><\/div><input type=\"hidden\" name=\"_cf_frm_id\" value=\"CF62cb15116459f\">\r\n<input type=\"hidden\" name=\"_cf_frm_ct\" value=\"1\">\r\n<input type=\"hidden\" name=\"cfajax\" value=\"CF62cb15116459f\">\r\n<input type=\"hidden\" name=\"_cf_cr_pst\" value=\"3793\">\r\n<div class=\"hide\" style=\"display:none; overflow:hidden;height:0;width:0;\">\r\n<label>Email<\/label><input type=\"text\" name=\"email\" value=\"\" autocomplete=\"off\">\r\n<\/div><div id=\"CF62cb15116459f_1-row-1\"  class=\"row  first_row\"><div  class=\"col-sm-6  first_col\"><div data-field-wrapper=\"fld_185917\" class=\"form-group\" id=\"fld_185917_1-wrap\">\r\n\t<label id=\"fld_185917Label\" for=\"fld_185917_1\" class=\"control-label\">Name <span aria-hidden=\"true\" role=\"presentation\" class=\"field_required\" style=\"color:#ee0000;\">*<\/span><\/label>\r\n\t<div class=\"\">\r\n\t\t<input   required type=\"text\" data-field=\"fld_185917\" class=\" form-control\" id=\"fld_185917_1\" name=\"fld_185917\" value=\"\" data-type=\"text\" aria-required=\"true\"   aria-labelledby=\"fld_185917Label\" >\t\t\t<\/div>\r\n<\/div>\r\n<\/div><div  class=\"col-sm-6  last_col\"><div data-field-wrapper=\"fld_6892512\" class=\"form-group\" id=\"fld_6892512_1-wrap\">\r\n\t<label id=\"fld_6892512Label\" for=\"fld_6892512_1\" class=\"control-label\">Surnames <span aria-hidden=\"true\" role=\"presentation\" class=\"field_required\" style=\"color:#ee0000;\">*<\/span><\/label>\r\n\t<div class=\"\">\r\n\t\t<input   required type=\"text\" data-field=\"fld_6892512\" class=\" form-control\" id=\"fld_6892512_1\" name=\"fld_6892512\" value=\"\" data-type=\"text\" aria-required=\"true\"   aria-labelledby=\"fld_6892512Label\" >\t\t\t<\/div>\r\n<\/div>\r\n<\/div><\/div><div id=\"CF62cb15116459f_1-row-2\"  class=\"row \"><div  class=\"col-sm-6  first_col\"><div data-field-wrapper=\"fld_2254781\" class=\"form-group\" id=\"fld_2254781_1-wrap\">\r\n\t<label id=\"fld_2254781Label\" for=\"fld_2254781_1\" class=\"control-label\">Mobile number <span aria-hidden=\"true\" role=\"presentation\" class=\"field_required\" style=\"color:#ee0000;\">*<\/span><\/label>\r\n\t<div class=\"\">\r\n\t\t<input   required type=\"number\" data-field=\"fld_2254781\" class=\" form-control\" id=\"fld_2254781_1\" name=\"fld_2254781\" value=\"\" data-type=\"number\" data-parsley-type=\"number\" aria-required=\"true\"   aria-labelledby=\"fld_2254781Label\" >\t\t\t<\/div>\r\n<\/div>\r\n<\/div><div  class=\"col-sm-6  last_col\"><div data-field-wrapper=\"fld_7900587\" class=\"form-group\" id=\"fld_7900587_1-wrap\">\r\n\t<label id=\"fld_7900587Label\" for=\"fld_7900587_1\" class=\"control-label\">e-mail <span aria-hidden=\"true\" role=\"presentation\" class=\"field_required\" style=\"color:#ee0000;\">*<\/span><\/label>\r\n\t<div class=\"\">\r\n\t\t<input   required type=\"email\" data-field=\"fld_7900587\" class=\" form-control\" id=\"fld_7900587_1\" name=\"fld_7900587\" value=\"\" data-type=\"email\" aria-required=\"true\"   aria-labelledby=\"fld_7900587Label\" >\t\t\t<\/div>\r\n<\/div>\r\n<\/div><\/div><div id=\"CF62cb15116459f_1-row-3\"  class=\"row  last_row\"><div  class=\"col-sm-12  single\"><div data-field-wrapper=\"fld_4089741\" class=\"form-group\" id=\"fld_4089741_1-wrap\">\r\n\t<label id=\"fld_4089741Label\" for=\"fld_4089741_1\" class=\"control-label\">Comments<\/label>\r\n\t<div class=\"\">\r\n\t\t<textarea name=\"fld_4089741\" value=\"\" data-field=\"fld_4089741\" class=\"form-control\" id=\"fld_4089741_1\" rows=\"4\"    aria-labelledby=\"fld_4089741Label\" ><\/textarea>\n\t\t\t<\/div>\r\n<\/div>\r\n<div data-field-wrapper=\"fld_9167451\" class=\"form-group\" id=\"fld_9167451_1-wrap\">\r\n<div class=\"\">\r\n\n<div class=\"checkbox-inline caldera-forms-consent-field\">\n    <input data-parsley-required=\"true\" data-parsley-group=\"fld_9167451_1\" data-parsley-multiple=\"fld_9167451_1\"        type=\"checkbox\" data-label=\"Data Protection Policy\"\n        data-field=\"fld_9167451\"\n        id=\"fld_9167451_1\"\n        class=\"fld_9167451_1 option-required\"\n        name=\"fld_9167451\"\n        value=\"1\"\n        data-type=\"checkbox\"\n        data-checkbox-field=\"fld_9167451_1\"\n    >\n    <label for=\"fld_9167451_1\"\n           class=\"caldera-forms-gdpr-field-label\"\n           style=\"display:inline; margin-left: 0.5rem;\"\n    >\n                <p\n            class=\"caldera-forms-consent-field-agreement\"\n        >\n            He llegit i accepto la Pol\u00edtica de Protecci\u00f3 de Dades.        <\/p>\n        <a href=\"https:\/\/cuscoberga.com\/politica-de-proteccio-de-dades\/\"\n           target=\"_blank\"\n                title=\"Privacy Policy Page\"\n            class=\"caldera-forms-consent-field-linked_text\"\n            >\n            Read        <\/a>\n    <\/label>\n    <span style=\"color:#ff0000;\">*<\/span>\n<\/div>\n\n<\/div>\r\n<\/div>\r\n<div data-field-wrapper=\"fld_7167496\" class=\"form-group\" id=\"fld_7167496_1-wrap\">\r\n<div class=\"\">\r\n\t<input  class=\"btn btn-default\" type=\"submit\" name=\"fld_7167496\" id=\"fld_7167496_1\" value=\"send\" data-field=\"fld_7167496\"  >\n<\/div>\r\n<\/div>\r\n\t<input class=\"button_trigger_1\" type=\"hidden\" name=\"fld_7167496\" id=\"fld_7167496_1_btn\" value=\"\" data-field=\"fld_7167496\"  \/>\n<\/div><\/div><\/form>\r\n<\/div>\r\n\n<p>[\/vc_column_text][\/vc_column][vc_column width=&#8221;1\/2&#8243; css=&#8221;.vc_custom_1653247429713{background-image: url(https:\/\/cuscoberga.com\/wp-content\/uploads\/2022\/05\/5c.jpg?id=3729) !important;background-position: center !important;background-repeat: no-repeat !important;background-size: cover !important;}&#8221; el_class=&#8221;img_page&#8221;][\/vc_column][\/vc_row][vc_row full_width=&#8221;stretch_row_content_no_spaces&#8221; equal_height=&#8221;yes&#8221; content_placement=&#8221;middle&#8221; el_class=&#8221;img_page&#8221;][vc_column width=&#8221;1\/4&#8243; css=&#8221;.vc_custom_1653247348889{padding-top: 140px !important;padding-right: 10px !important;padding-bottom: 140px !important;padding-left: 10px !important;background-image: url(https:\/\/cuscoberga.com\/wp-content\/uploads\/2022\/05\/1c.jpg?id=3716) !important;background-position: center !important;background-repeat: no-repeat !important;background-size: cover !important;}&#8221;][\/vc_column][vc_column width=&#8221;1\/4&#8243; css=&#8221;.vc_custom_1653247373669{padding-top: 140px !important;padding-right: 10px !important;padding-bottom: 140px !important;padding-left: 10px !important;background-image: url(https:\/\/cuscoberga.com\/wp-content\/uploads\/2022\/05\/2c.jpg?id=3720) !important;background-position: center !important;background-repeat: no-repeat !important;background-size: cover !important;}&#8221;][\/vc_column][vc_column width=&#8221;1\/4&#8243; css=&#8221;.vc_custom_1653247392270{padding-top: 140px !important;padding-right: 10px !important;padding-bottom: 140px !important;padding-left: 10px !important;background-image: url(https:\/\/cuscoberga.com\/wp-content\/uploads\/2022\/05\/3c.jpg?id=3723) !important;background-position: center !important;background-repeat: no-repeat !important;background-size: cover !important;}&#8221;][\/vc_column][vc_column width=&#8221;1\/4&#8243; css=&#8221;.vc_custom_1653247409815{background-image: url(https:\/\/cuscoberga.com\/wp-content\/uploads\/2022\/05\/4c.jpg?id=3726) !important;background-position: center !important;background-repeat: no-repeat !important;background-size: cover !important;}&#8221;][\/vc_column][\/vc_row]<\/p>\n<\/div>","protected":false},"excerpt":{"rendered":"<p>[vc_row full_width=&#8221;stretch_row_content_no_spaces&#8221; full_height=&#8221;yes&#8221; equal_height=&#8221;yes&#8221; el_class=&#8221;img_page&#8221;][vc_column width=&#8221;1\/2&#8243; css=&#8221;.vc_custom_1617176811384{padding: 10% !important;}&#8221;][vc_column_text] Join the Cusc\u00f3 Berga Friends Club, and access exclusive discounts and events. It&#8217;s very easy, send the form and you will be part of it and we will keep you informed of all the advantages you will have as a member of the Club Cusc\u00f3 Berga.&hellip;<\/p>\n","protected":false},"author":1,"featured_media":0,"parent":0,"menu_order":0,"comment_status":"closed","ping_status":"closed","template":"","meta":{"footnotes":""},"class_list":["post-3793","page","type-page","status-publish","hentry","description-off"],"yoast_head":"<!-- This site is optimized with the Yoast SEO plugin v27.0 - https:\/\/yoast.com\/product\/yoast-seo-wordpress\/ -->\n<title>Cusc\u00f3 Berga Friends Club - Cusc\u00f3 Berga<\/title>\n<meta name=\"description\" content=\"Wines and cavas Cusc\u00f3 Berga from the Garraf Massif. Join the Cusc\u00f3 Berga Friends Club, and access exclusive discounts and events.\" \/>\n<meta name=\"robots\" content=\"index, follow, max-snippet:-1, max-image-preview:large, max-video-preview:-1\" \/>\n<link rel=\"canonical\" href=\"https:\/\/cuscoberga.com\/en\/club\/\" \/>\n<meta property=\"og:locale\" content=\"en_US\" \/>\n<meta property=\"og:type\" content=\"article\" \/>\n<meta property=\"og:title\" content=\"Cusc\u00f3 Berga Friends Club - Cusc\u00f3 Berga\" \/>\n<meta property=\"og:description\" content=\"Wines and cavas Cusc\u00f3 Berga from the Garraf Massif. Join the Cusc\u00f3 Berga Friends Club, and access exclusive discounts and events.\" \/>\n<meta property=\"og:url\" content=\"https:\/\/cuscoberga.com\/en\/club\/\" \/>\n<meta property=\"og:site_name\" content=\"Cusc\u00f3 Berga\" \/>\n<meta property=\"article:modified_time\" content=\"2022-07-12T19:16:14+00:00\" \/>\n<meta name=\"twitter:card\" content=\"summary_large_image\" \/>\n<meta name=\"twitter:label1\" content=\"Est. reading time\" \/>\n\t<meta name=\"twitter:data1\" content=\"1 minute\" \/>\n<script type=\"application\/ld+json\" class=\"yoast-schema-graph\">{\"@context\":\"https:\/\/schema.org\",\"@graph\":[{\"@type\":\"WebPage\",\"@id\":\"https:\/\/cuscoberga.com\/en\/club\/\",\"url\":\"https:\/\/cuscoberga.com\/en\/club\/\",\"name\":\"Cusc\u00f3 Berga Friends Club - Cusc\u00f3 Berga\",\"isPartOf\":{\"@id\":\"https:\/\/cuscoberga.com\/en\/#website\"},\"datePublished\":\"2022-07-10T17:39:34+00:00\",\"dateModified\":\"2022-07-12T19:16:14+00:00\",\"description\":\"Wines and cavas Cusc\u00f3 Berga from the Garraf Massif. Join the Cusc\u00f3 Berga Friends Club, and access exclusive discounts and events.\",\"breadcrumb\":{\"@id\":\"https:\/\/cuscoberga.com\/en\/club\/#breadcrumb\"},\"inLanguage\":\"en-US\",\"potentialAction\":[{\"@type\":\"ReadAction\",\"target\":[\"https:\/\/cuscoberga.com\/en\/club\/\"]}]},{\"@type\":\"BreadcrumbList\",\"@id\":\"https:\/\/cuscoberga.com\/en\/club\/#breadcrumb\",\"itemListElement\":[{\"@type\":\"ListItem\",\"position\":1,\"name\":\"Inici\",\"item\":\"https:\/\/cuscoberga.com\/en\/\"},{\"@type\":\"ListItem\",\"position\":2,\"name\":\"Cusc\u00f3 Berga Friends Club\"}]},{\"@type\":\"WebSite\",\"@id\":\"https:\/\/cuscoberga.com\/en\/#website\",\"url\":\"https:\/\/cuscoberga.com\/en\/\",\"name\":\"Cusc\u00f3 Berga\",\"description\":\"\",\"potentialAction\":[{\"@type\":\"SearchAction\",\"target\":{\"@type\":\"EntryPoint\",\"urlTemplate\":\"https:\/\/cuscoberga.com\/en\/?s={search_term_string}\"},\"query-input\":{\"@type\":\"PropertyValueSpecification\",\"valueRequired\":true,\"valueName\":\"search_term_string\"}}],\"inLanguage\":\"en-US\"}]}<\/script>\n<!-- \/ Yoast SEO plugin. -->","yoast_head_json":{"title":"Cusc\u00f3 Berga Friends Club - Cusc\u00f3 Berga","description":"Wines and cavas Cusc\u00f3 Berga from the Garraf Massif. Join the Cusc\u00f3 Berga Friends Club, and access exclusive discounts and events.","robots":{"index":"index","follow":"follow","max-snippet":"max-snippet:-1","max-image-preview":"max-image-preview:large","max-video-preview":"max-video-preview:-1"},"canonical":"https:\/\/cuscoberga.com\/en\/club\/","og_locale":"en_US","og_type":"article","og_title":"Cusc\u00f3 Berga Friends Club - Cusc\u00f3 Berga","og_description":"Wines and cavas Cusc\u00f3 Berga from the Garraf Massif. Join the Cusc\u00f3 Berga Friends Club, and access exclusive discounts and events.","og_url":"https:\/\/cuscoberga.com\/en\/club\/","og_site_name":"Cusc\u00f3 Berga","article_modified_time":"2022-07-12T19:16:14+00:00","twitter_card":"summary_large_image","twitter_misc":{"Est. reading time":"1 minute"},"schema":{"@context":"https:\/\/schema.org","@graph":[{"@type":"WebPage","@id":"https:\/\/cuscoberga.com\/en\/club\/","url":"https:\/\/cuscoberga.com\/en\/club\/","name":"Cusc\u00f3 Berga Friends Club - Cusc\u00f3 Berga","isPartOf":{"@id":"https:\/\/cuscoberga.com\/en\/#website"},"datePublished":"2022-07-10T17:39:34+00:00","dateModified":"2022-07-12T19:16:14+00:00","description":"Wines and cavas Cusc\u00f3 Berga from the Garraf Massif. Join the Cusc\u00f3 Berga Friends Club, and access exclusive discounts and events.","breadcrumb":{"@id":"https:\/\/cuscoberga.com\/en\/club\/#breadcrumb"},"inLanguage":"en-US","potentialAction":[{"@type":"ReadAction","target":["https:\/\/cuscoberga.com\/en\/club\/"]}]},{"@type":"BreadcrumbList","@id":"https:\/\/cuscoberga.com\/en\/club\/#breadcrumb","itemListElement":[{"@type":"ListItem","position":1,"name":"Inici","item":"https:\/\/cuscoberga.com\/en\/"},{"@type":"ListItem","position":2,"name":"Cusc\u00f3 Berga Friends Club"}]},{"@type":"WebSite","@id":"https:\/\/cuscoberga.com\/en\/#website","url":"https:\/\/cuscoberga.com\/en\/","name":"Cusc\u00f3 Berga","description":"","potentialAction":[{"@type":"SearchAction","target":{"@type":"EntryPoint","urlTemplate":"https:\/\/cuscoberga.com\/en\/?s={search_term_string}"},"query-input":{"@type":"PropertyValueSpecification","valueRequired":true,"valueName":"search_term_string"}}],"inLanguage":"en-US"}]}},"_links":{"self":[{"href":"https:\/\/cuscoberga.com\/en\/wp-json\/wp\/v2\/pages\/3793","targetHints":{"allow":["GET"]}}],"collection":[{"href":"https:\/\/cuscoberga.com\/en\/wp-json\/wp\/v2\/pages"}],"about":[{"href":"https:\/\/cuscoberga.com\/en\/wp-json\/wp\/v2\/types\/page"}],"author":[{"embeddable":true,"href":"https:\/\/cuscoberga.com\/en\/wp-json\/wp\/v2\/users\/1"}],"replies":[{"embeddable":true,"href":"https:\/\/cuscoberga.com\/en\/wp-json\/wp\/v2\/comments?post=3793"}],"version-history":[{"count":8,"href":"https:\/\/cuscoberga.com\/en\/wp-json\/wp\/v2\/pages\/3793\/revisions"}],"predecessor-version":[{"id":3848,"href":"https:\/\/cuscoberga.com\/en\/wp-json\/wp\/v2\/pages\/3793\/revisions\/3848"}],"wp:attachment":[{"href":"https:\/\/cuscoberga.com\/en\/wp-json\/wp\/v2\/media?parent=3793"}],"curies":[{"name":"wp","href":"https:\/\/api.w.org\/{rel}","templated":true}]}}