{"id":3789,"date":"2022-07-10T19:35:41","date_gmt":"2022-07-10T17:35:41","guid":{"rendered":"https:\/\/cuscoberga.com\/discoveries\/"},"modified":"2025-05-11T13:00:04","modified_gmt":"2025-05-11T11:00:04","slug":"discoveries","status":"publish","type":"page","link":"https:\/\/cuscoberga.com\/en\/discoveries\/","title":{"rendered":"Discoveries"},"content":{"rendered":"<div class=\"wpb-content-wrapper\"><p>[vc_row][vc_column][vc_column_text]<\/p>\n<h3 style=\"text-align: center;\"><strong>Masterpieces<\/strong> obtained with <strong>ancestral<\/strong> vinification processes<br \/>\nof typically Mediterranean <strong>recovered varieties<\/strong>.<\/h3>\n<p>[\/vc_column_text][vc_separator]<div class=\"woocommerce columns-4 \"><div class=\"wf-container dt-products  woo-hover products loading-effect-fade-in description-on-hover cart-btn-on-img wc-img-hover hide-description wc-grid\" data-padding=\"0px\" data-cur-page=\"1\" data-desktop-columns-num=\"3\" data-v-tablet-columns-num=\"2\" data-h-tablet-columns-num=\"3\" data-phone-columns-num=\"1\">\n\n<article class=\"post visible description-off product type-product post-4046 status-publish first instock product_cat-cusco-berga-en product_cat-white product_cat-wines has-post-thumbnail taxable shipping-taxable purchasable product-type-simple\">\n\n\t<figure class=\"woocom-project\">\n\t<div class=\"woo-buttons-on-img\">\n\n\t\t<a href=\"https:\/\/cuscoberga.com\/en\/producte\/malvasia-de-sitges\/\" class=\"alignnone layzr-bg\"><img loading=\"lazy\" decoding=\"async\" width=\"650\" height=\"650\" src=\"data:image\/svg+xml;charset=utf-8,%3Csvg xmlns%3D&#039;http%3A%2F%2Fwww.w3.org%2F2000%2Fsvg&#039; viewBox%3D&#039;0 0 650 650&#039;%2F%3E\" class=\"attachment-woocommerce_thumbnail size-woocommerce_thumbnail lazy-load preload-me\" alt=\"Natural White Wine Malvas\u00eda de Sitges M\u00f3n C\u00e0lcic\" data-src=\"https:\/\/cuscoberga.com\/wp-content\/uploads\/2025\/05\/Malvasia-Web.jpg\" data-srcset=\"https:\/\/cuscoberga.com\/wp-content\/uploads\/2025\/05\/Malvasia-Web.jpg 650w, https:\/\/cuscoberga.com\/wp-content\/uploads\/2025\/05\/Malvasia-Web-300x300.jpg 300w, https:\/\/cuscoberga.com\/wp-content\/uploads\/2025\/05\/Malvasia-Web-150x150.jpg 150w, https:\/\/cuscoberga.com\/wp-content\/uploads\/2025\/05\/Malvasia-Web-200x200.jpg 200w\" \/><\/a>\n\t<\/div>\n\t<figcaption class=\"woocom-list-content\">\n\n\t\t<div class=\"woocommerce-product-details__short-description\">\n\t<p>NATURAL WHITE WINE MALVAS\u00cdA DE SITGES 100% MUNDO C\u00c1LCICO 2023<br \/>\nA traditional white grape variety from Garraf, with its calcareous soils.<\/p>\n<\/div>\n\n\t<\/figcaption>\n<\/figure>\n\n<\/article>\n\n\n\n<article class=\"post visible description-off product type-product post-3483 status-publish instock product_cat-brut-nature-reserva-en product_cat-cusco-berga-en product_cat-sparkling-wines has-post-thumbnail taxable shipping-taxable purchasable product-type-simple\">\n\n\t<figure class=\"woocom-project\">\n\t<div class=\"woo-buttons-on-img\">\n\n\t\t<a href=\"https:\/\/cuscoberga.com\/en\/producte\/sparkling-wine-brut-nature-natural-mon-calcic-2019\/\" class=\"alignnone layzr-bg\"><img loading=\"lazy\" decoding=\"async\" width=\"650\" height=\"650\" src=\"data:image\/svg+xml;charset=utf-8,%3Csvg xmlns%3D&#039;http%3A%2F%2Fwww.w3.org%2F2000%2Fsvg&#039; viewBox%3D&#039;0 0 650 650&#039;%2F%3E\" class=\"attachment-woocommerce_thumbnail size-woocommerce_thumbnail lazy-load preload-me\" alt=\"Sparkling Wine Brut Nature Natural M\u00f3n C\u00e0lcic 2019\" data-src=\"https:\/\/cuscoberga.com\/wp-content\/uploads\/2021\/03\/Cusco-Berga-Brut-Nature-Natural-Vi-escumos-Mon-Calcic-1.jpg\" data-srcset=\"https:\/\/cuscoberga.com\/wp-content\/uploads\/2021\/03\/Cusco-Berga-Brut-Nature-Natural-Vi-escumos-Mon-Calcic-1.jpg 650w, https:\/\/cuscoberga.com\/wp-content\/uploads\/2021\/03\/Cusco-Berga-Brut-Nature-Natural-Vi-escumos-Mon-Calcic-1-300x300.jpg 300w, https:\/\/cuscoberga.com\/wp-content\/uploads\/2021\/03\/Cusco-Berga-Brut-Nature-Natural-Vi-escumos-Mon-Calcic-1-150x150.jpg 150w, https:\/\/cuscoberga.com\/wp-content\/uploads\/2021\/03\/Cusco-Berga-Brut-Nature-Natural-Vi-escumos-Mon-Calcic-1-200x200.jpg 200w\" \/><\/a>\n\t<\/div>\n\t<figcaption class=\"woocom-list-content\">\n\n\t\t<div class=\"woocommerce-product-details__short-description\">\n\t<p>M\u00f3nC\u00e0lcic Ancestral 2019<br \/>\nXarel\u00b7lo 100% BRUT NATURE.<\/p>\n<\/div>\n\n\t<\/figcaption>\n<\/figure>\n\n<\/article>\n\n\n\n<article class=\"post visible description-off product type-product post-3682 status-publish instock product_cat-cusco-berga-es product_cat-rosado product_cat-vinos has-post-thumbnail taxable shipping-taxable purchasable product-type-simple\">\n\n\t<figure class=\"woocom-project\">\n\t<div class=\"woo-buttons-on-img\">\n\n\t\t<a href=\"https:\/\/cuscoberga.com\/en\/producte\/rose-wine-natural-merlot-2021cova-gran-copia\/\" class=\"alignnone layzr-bg\"><img loading=\"lazy\" decoding=\"async\" width=\"650\" height=\"650\" src=\"data:image\/svg+xml;charset=utf-8,%3Csvg xmlns%3D&#039;http%3A%2F%2Fwww.w3.org%2F2000%2Fsvg&#039; viewBox%3D&#039;0 0 650 650&#039;%2F%3E\" class=\"attachment-woocommerce_thumbnail size-woocommerce_thumbnail lazy-load preload-me\" alt=\"Xarel\u00b7lo Vermell Natural 2021&lt;\/br&gt;&lt;b&gt;Cova Gran&lt;\/b&gt;\" data-src=\"https:\/\/cuscoberga.com\/wp-content\/uploads\/2022\/05\/xarelo-vermell-cusco-berga.jpg\" data-srcset=\"https:\/\/cuscoberga.com\/wp-content\/uploads\/2022\/05\/xarelo-vermell-cusco-berga.jpg 650w, https:\/\/cuscoberga.com\/wp-content\/uploads\/2022\/05\/xarelo-vermell-cusco-berga-300x300.jpg 300w, https:\/\/cuscoberga.com\/wp-content\/uploads\/2022\/05\/xarelo-vermell-cusco-berga-150x150.jpg 150w, https:\/\/cuscoberga.com\/wp-content\/uploads\/2022\/05\/xarelo-vermell-cusco-berga-200x200.jpg 200w\" \/><\/a>\n\t<\/div>\n\t<figcaption class=\"woocom-list-content\">\n\n\t\t<div class=\"woocommerce-product-details__short-description\">\n\t<p>Young monovarietal wine 100% with grapes of the variety xarel.lo vermell.<br \/>\nThe xarel.lo vermell is a recovered and Origen Ancestral variety par excellence.<br \/>\nThis wine that we present is the result of vines over 50 years old.<\/p>\n<\/div>\n\n\t<\/figcaption>\n<\/figure>\n\n<\/article>\n\n<\/div><\/div>[\/vc_column][\/vc_row]<\/p>\n<\/div>","protected":false},"excerpt":{"rendered":"<p>[vc_row][vc_column][vc_column_text] Masterpieces obtained with ancestral vinification processes of typically Mediterranean recovered varieties. [\/vc_column_text][vc_separator][\/vc_column][\/vc_row]<\/p>\n","protected":false},"author":1,"featured_media":0,"parent":0,"menu_order":0,"comment_status":"closed","ping_status":"closed","template":"","meta":{"footnotes":""},"class_list":["post-3789","page","type-page","status-publish","hentry","description-off"],"yoast_head":"<!-- This site is optimized with the Yoast SEO plugin v27.0 - https:\/\/yoast.com\/product\/yoast-seo-wordpress\/ -->\n<title>Discoveries - Cusc\u00f3 Berga<\/title>\n<meta name=\"robots\" content=\"index, follow, max-snippet:-1, max-image-preview:large, max-video-preview:-1\" \/>\n<link rel=\"canonical\" href=\"https:\/\/cuscoberga.com\/en\/discoveries\/\" \/>\n<meta property=\"og:locale\" content=\"en_US\" \/>\n<meta property=\"og:type\" content=\"article\" \/>\n<meta property=\"og:title\" content=\"Discoveries - Cusc\u00f3 Berga\" \/>\n<meta property=\"og:description\" content=\"[vc_row][vc_column][vc_column_text] Masterpieces obtained with ancestral vinification processes of typically Mediterranean recovered varieties. [\/vc_column_text][vc_separator][\/vc_column][\/vc_row]\" \/>\n<meta property=\"og:url\" content=\"https:\/\/cuscoberga.com\/en\/discoveries\/\" \/>\n<meta property=\"og:site_name\" content=\"Cusc\u00f3 Berga\" \/>\n<meta property=\"article:modified_time\" content=\"2025-05-11T11:00:04+00:00\" \/>\n<meta name=\"twitter:card\" content=\"summary_large_image\" \/>\n<meta name=\"twitter:label1\" content=\"Est. reading time\" \/>\n\t<meta name=\"twitter:data1\" content=\"1 minute\" \/>\n<script type=\"application\/ld+json\" class=\"yoast-schema-graph\">{\"@context\":\"https:\/\/schema.org\",\"@graph\":[{\"@type\":\"WebPage\",\"@id\":\"https:\/\/cuscoberga.com\/en\/discoveries\/\",\"url\":\"https:\/\/cuscoberga.com\/en\/discoveries\/\",\"name\":\"Discoveries - Cusc\u00f3 Berga\",\"isPartOf\":{\"@id\":\"https:\/\/cuscoberga.com\/en\/#website\"},\"datePublished\":\"2022-07-10T17:35:41+00:00\",\"dateModified\":\"2025-05-11T11:00:04+00:00\",\"breadcrumb\":{\"@id\":\"https:\/\/cuscoberga.com\/en\/discoveries\/#breadcrumb\"},\"inLanguage\":\"en-US\",\"potentialAction\":[{\"@type\":\"ReadAction\",\"target\":[\"https:\/\/cuscoberga.com\/en\/discoveries\/\"]}]},{\"@type\":\"BreadcrumbList\",\"@id\":\"https:\/\/cuscoberga.com\/en\/discoveries\/#breadcrumb\",\"itemListElement\":[{\"@type\":\"ListItem\",\"position\":1,\"name\":\"Inici\",\"item\":\"https:\/\/cuscoberga.com\/en\/\"},{\"@type\":\"ListItem\",\"position\":2,\"name\":\"Discoveries\"}]},{\"@type\":\"WebSite\",\"@id\":\"https:\/\/cuscoberga.com\/en\/#website\",\"url\":\"https:\/\/cuscoberga.com\/en\/\",\"name\":\"Cusc\u00f3 Berga\",\"description\":\"\",\"potentialAction\":[{\"@type\":\"SearchAction\",\"target\":{\"@type\":\"EntryPoint\",\"urlTemplate\":\"https:\/\/cuscoberga.com\/en\/?s={search_term_string}\"},\"query-input\":{\"@type\":\"PropertyValueSpecification\",\"valueRequired\":true,\"valueName\":\"search_term_string\"}}],\"inLanguage\":\"en-US\"}]}<\/script>\n<!-- \/ Yoast SEO plugin. -->","yoast_head_json":{"title":"Discoveries - Cusc\u00f3 Berga","robots":{"index":"index","follow":"follow","max-snippet":"max-snippet:-1","max-image-preview":"max-image-preview:large","max-video-preview":"max-video-preview:-1"},"canonical":"https:\/\/cuscoberga.com\/en\/discoveries\/","og_locale":"en_US","og_type":"article","og_title":"Discoveries - Cusc\u00f3 Berga","og_description":"[vc_row][vc_column][vc_column_text] Masterpieces obtained with ancestral vinification processes of typically Mediterranean recovered varieties. [\/vc_column_text][vc_separator][\/vc_column][\/vc_row]","og_url":"https:\/\/cuscoberga.com\/en\/discoveries\/","og_site_name":"Cusc\u00f3 Berga","article_modified_time":"2025-05-11T11:00:04+00:00","twitter_card":"summary_large_image","twitter_misc":{"Est. reading time":"1 minute"},"schema":{"@context":"https:\/\/schema.org","@graph":[{"@type":"WebPage","@id":"https:\/\/cuscoberga.com\/en\/discoveries\/","url":"https:\/\/cuscoberga.com\/en\/discoveries\/","name":"Discoveries - Cusc\u00f3 Berga","isPartOf":{"@id":"https:\/\/cuscoberga.com\/en\/#website"},"datePublished":"2022-07-10T17:35:41+00:00","dateModified":"2025-05-11T11:00:04+00:00","breadcrumb":{"@id":"https:\/\/cuscoberga.com\/en\/discoveries\/#breadcrumb"},"inLanguage":"en-US","potentialAction":[{"@type":"ReadAction","target":["https:\/\/cuscoberga.com\/en\/discoveries\/"]}]},{"@type":"BreadcrumbList","@id":"https:\/\/cuscoberga.com\/en\/discoveries\/#breadcrumb","itemListElement":[{"@type":"ListItem","position":1,"name":"Inici","item":"https:\/\/cuscoberga.com\/en\/"},{"@type":"ListItem","position":2,"name":"Discoveries"}]},{"@type":"WebSite","@id":"https:\/\/cuscoberga.com\/en\/#website","url":"https:\/\/cuscoberga.com\/en\/","name":"Cusc\u00f3 Berga","description":"","potentialAction":[{"@type":"SearchAction","target":{"@type":"EntryPoint","urlTemplate":"https:\/\/cuscoberga.com\/en\/?s={search_term_string}"},"query-input":{"@type":"PropertyValueSpecification","valueRequired":true,"valueName":"search_term_string"}}],"inLanguage":"en-US"}]}},"_links":{"self":[{"href":"https:\/\/cuscoberga.com\/en\/wp-json\/wp\/v2\/pages\/3789","targetHints":{"allow":["GET"]}}],"collection":[{"href":"https:\/\/cuscoberga.com\/en\/wp-json\/wp\/v2\/pages"}],"about":[{"href":"https:\/\/cuscoberga.com\/en\/wp-json\/wp\/v2\/types\/page"}],"author":[{"embeddable":true,"href":"https:\/\/cuscoberga.com\/en\/wp-json\/wp\/v2\/users\/1"}],"replies":[{"embeddable":true,"href":"https:\/\/cuscoberga.com\/en\/wp-json\/wp\/v2\/comments?post=3789"}],"version-history":[{"count":5,"href":"https:\/\/cuscoberga.com\/en\/wp-json\/wp\/v2\/pages\/3789\/revisions"}],"predecessor-version":[{"id":4050,"href":"https:\/\/cuscoberga.com\/en\/wp-json\/wp\/v2\/pages\/3789\/revisions\/4050"}],"wp:attachment":[{"href":"https:\/\/cuscoberga.com\/en\/wp-json\/wp\/v2\/media?parent=3789"}],"curies":[{"name":"wp","href":"https:\/\/api.w.org\/{rel}","templated":true}]}}