{"id":3457,"date":"2021-04-21T10:50:47","date_gmt":"2021-04-21T08:50:47","guid":{"rendered":"https:\/\/cuscoberga.com\/producte\/premium-visit-to-the-cusco-berga-winery\/"},"modified":"2021-11-10T12:04:46","modified_gmt":"2021-11-10T10:04:46","slug":"premium-visit-to-the-cusco-berga-winery","status":"publish","type":"product","link":"http:\/\/cuscoberga.com\/en\/producte\/premium-visit-to-the-cusco-berga-winery\/","title":{"rendered":"Premium visit to the Cusc\u00f3 Berga winery"},"content":{"rendered":"<h1>Book your activity<\/h1>\n<div class=\"caldera-grid\" id=\"caldera_form_1\" data-cf-ver=\"1.9.6\" data-cf-form-id=\"CF60d6088aafc88\"><div id=\"caldera_notices_1\" data-spinner=\"http:\/\/cuscoberga.com\/wp-admin\/images\/spinner.gif\"><\/div><form data-instance=\"1\" class=\"CF60d6088aafc88 caldera_forms_form cfajax-trigger\" method=\"POST\" enctype=\"multipart\/form-data\" id=\"CF60d6088aafc88_1\" data-form-id=\"CF60d6088aafc88\" aria-label=\"Enoturisme Eng\" data-target=\"#caldera_notices_1\" data-template=\"#cfajax_CF60d6088aafc88-tmpl\" data-cfajax=\"CF60d6088aafc88\" data-load-element=\"_parent\" data-load-class=\"cf_processing\" data-post-disable=\"0\" data-action=\"cf_process_ajax_submit\" data-request=\"http:\/\/cuscoberga.com\/en\/\/cf-api\/CF60d6088aafc88\" data-hiderows=\"true\">\r\n<input type=\"hidden\" id=\"_cf_verify_CF60d6088aafc88\" name=\"_cf_verify\" value=\"cf41fba488\"  data-nonce-time=\"1776386630\" \/><input type=\"hidden\" name=\"_wp_http_referer\" value=\"\/en\/wp-json\/wp\/v2\/product\/3457\" \/><div id=\"cf2-CF60d6088aafc88_1\"><\/div><input type=\"hidden\" name=\"_cf_frm_id\" value=\"CF60d6088aafc88\">\r\n<input type=\"hidden\" name=\"_cf_frm_ct\" value=\"1\">\r\n<input type=\"hidden\" name=\"cfajax\" value=\"CF60d6088aafc88\">\r\n<input type=\"hidden\" name=\"_cf_cr_pst\" value=\"3457\">\r\n<div class=\"hide\" style=\"display:none; overflow:hidden;height:0;width:0;\">\r\n<label>Name<\/label><input type=\"text\" name=\"name\" value=\"\" autocomplete=\"off\">\r\n<\/div><div id=\"CF60d6088aafc88_1-row-1\"  class=\"row  first_row\"><div  class=\"col-sm-6  first_col\"><div data-field-wrapper=\"fld_185917\" class=\"form-group\" id=\"fld_185917_1-wrap\">\r\n\t<label id=\"fld_185917Label\" for=\"fld_185917_1\" class=\"control-label\">First name <span aria-hidden=\"true\" role=\"presentation\" class=\"field_required\" style=\"color:#ee0000;\">*<\/span><\/label>\r\n\t<div class=\"\">\r\n\t\t<input   required type=\"text\" data-field=\"fld_185917\" class=\" form-control\" id=\"fld_185917_1\" name=\"fld_185917\" value=\"\" data-type=\"text\" aria-required=\"true\"   aria-labelledby=\"fld_185917Label\" >\t\t\t<\/div>\r\n<\/div>\r\n<\/div><div  class=\"col-sm-6  last_col\"><div data-field-wrapper=\"fld_6892512\" class=\"form-group\" id=\"fld_6892512_1-wrap\">\r\n\t<label id=\"fld_6892512Label\" for=\"fld_6892512_1\" class=\"control-label\">Surnames <span aria-hidden=\"true\" role=\"presentation\" class=\"field_required\" style=\"color:#ee0000;\">*<\/span><\/label>\r\n\t<div class=\"\">\r\n\t\t<input   required type=\"text\" data-field=\"fld_6892512\" class=\" form-control\" id=\"fld_6892512_1\" name=\"fld_6892512\" value=\"\" data-type=\"text\" aria-required=\"true\"   aria-labelledby=\"fld_6892512Label\" >\t\t\t<\/div>\r\n<\/div>\r\n<\/div><\/div><div id=\"CF60d6088aafc88_1-row-2\"  class=\"row \"><div  class=\"col-sm-6  first_col\"><div data-field-wrapper=\"fld_2254781\" class=\"form-group\" id=\"fld_2254781_1-wrap\">\r\n\t<label id=\"fld_2254781Label\" for=\"fld_2254781_1\" class=\"control-label\">Mobile number <span aria-hidden=\"true\" role=\"presentation\" class=\"field_required\" style=\"color:#ee0000;\">*<\/span><\/label>\r\n\t<div class=\"\">\r\n\t\t<input   required type=\"number\" data-field=\"fld_2254781\" class=\" form-control\" id=\"fld_2254781_1\" name=\"fld_2254781\" value=\"\" data-type=\"number\" data-parsley-type=\"number\" aria-required=\"true\"   aria-labelledby=\"fld_2254781Label\" >\t\t\t<\/div>\r\n<\/div>\r\n<\/div><div  class=\"col-sm-6  last_col\"><div data-field-wrapper=\"fld_7900587\" class=\"form-group\" id=\"fld_7900587_1-wrap\">\r\n\t<label id=\"fld_7900587Label\" for=\"fld_7900587_1\" class=\"control-label\">E-mail <span aria-hidden=\"true\" role=\"presentation\" class=\"field_required\" style=\"color:#ee0000;\">*<\/span><\/label>\r\n\t<div class=\"\">\r\n\t\t<input   required type=\"email\" data-field=\"fld_7900587\" class=\" form-control\" id=\"fld_7900587_1\" name=\"fld_7900587\" value=\"\" data-type=\"email\" aria-required=\"true\"   aria-labelledby=\"fld_7900587Label\" >\t\t\t<\/div>\r\n<\/div>\r\n<\/div><\/div><div id=\"CF60d6088aafc88_1-row-3\"  class=\"row \"><div  class=\"col-sm-6  first_col\"><div data-field-wrapper=\"fld_9356744\" class=\"form-group\" id=\"fld_9356744_1-wrap\">\r\n\t<label id=\"fld_9356744Label\" for=\"fld_9356744_1\" class=\"control-label\">Day of the visit <span aria-hidden=\"true\" role=\"presentation\" class=\"field_required\" style=\"color:#ee0000;\">*<\/span><\/label>\r\n\t<div class=\"\">\r\n\t\t<input   required type=\"date\" data-field=\"fld_9356744\" class=\" form-control\" id=\"fld_9356744_1\" name=\"fld_9356744\" value=\"\" data-type=\"date\" aria-required=\"true\"   aria-labelledby=\"fld_9356744Label\" >\t\t\t<\/div>\r\n<\/div>\r\n<\/div><div  class=\"col-sm-6  last_col\"><div data-field-wrapper=\"fld_9099709\" class=\"form-group\" id=\"fld_9099709_1-wrap\">\r\n\t<label id=\"fld_9099709Label\" for=\"fld_9099709_1\" class=\"control-label\">Choose your visit <span aria-hidden=\"true\" role=\"presentation\" class=\"field_required\" style=\"color:#ee0000;\">*<\/span><\/label>\r\n\t<div class=\"\">\r\n\t\t<select name=\"fld_9099709\" value=\"\" data-field=\"fld_9099709\" class=\"form-control\" id=\"fld_9099709_1\"  required=\"required\"  aria-labelledby=\"fld_9099709Label\" >\n\t\t<option value=\"\" disabled selected>Select your option<\/option>\t\t\t\t\t<option value=\"Premium visit\"  data-calc-value=\"Premium visit\" >\n\t\t\t\t\t\tPremium visit\t\t\t\t\t<\/option>\n\t\t\t\t\t\t\t\t\t\t<option value=\"Land Rover Wine Tours\"  data-calc-value=\"Land Rover Wine Tours\" >\n\t\t\t\t\t\tLand Rover Wine Tours\t\t\t\t\t<\/option>\n\t\t\t\t\t\t\t\t\t\t<option value=\"Tradition, Pened\u00e8s-Garraf Territory\"  data-calc-value=\"Tradition, Pened\u00e8s-Garraf Territory\" >\n\t\t\t\t\t\tTradition, Pened\u00e8s-Garraf Territory\t\t\t\t\t<\/option>\n\t\t\t\t\t\t\t\t\t\t<option value=\"Pr\u00e9ssec d&#039;Ordal i Cava del Pened\u00e8s\"  data-calc-value=\"Pr\u00e9ssec d&#039;Ordal i Cava del Pened\u00e8s\" >\n\t\t\t\t\t\tPr\u00e9ssec d&#039;Ordal i Cava del Pened\u00e8s\t\t\t\t\t<\/option>\n\t\t\t\t\t\t\t\t\t\t<option value=\"In time of Harvest\"  data-calc-value=\"In time of Harvest\" >\n\t\t\t\t\t\tIn time of Harvest\t\t\t\t\t<\/option>\n\t\t\t\t\t\t\t\t\t\t<option value=\"Author&#039;s Cavas Tasting\"  data-calc-value=\"Author&#039;s Cavas Tasting\" >\n\t\t\t\t\t\tAuthor&#039;s Cavas Tasting\t\t\t\t\t<\/option>\n\t\t\t\t\t\t\t\t\t\t<option value=\"Tast de Vins Varietals\"  data-calc-value=\"Tast de Vins Varietals\" >\n\t\t\t\t\t\tTast de Vins Varietals\t\t\t\t\t<\/option>\n\t\t\t\t\t\t\t<\/select>\n\t\t\t<\/div>\r\n<\/div>\r\n<\/div><\/div><div id=\"CF60d6088aafc88_1-row-4\"  class=\"row \"><div  class=\"col-sm-6  first_col\"><div data-field-wrapper=\"fld_6496615\" class=\"form-group\" id=\"fld_6496615_1-wrap\">\r\n\t<label id=\"fld_6496615Label\" for=\"fld_6496615_1\" class=\"control-label\">Number of adults <span aria-hidden=\"true\" role=\"presentation\" class=\"field_required\" style=\"color:#ee0000;\">*<\/span><\/label>\r\n\t<div class=\"\">\r\n\t\t<input   required type=\"number\" data-field=\"fld_6496615\" class=\" form-control\" id=\"fld_6496615_1\" name=\"fld_6496615\" value=\"1\" data-type=\"number\" min=\"1\" step=\"1\" data-parsley-type=\"number\" aria-required=\"true\"   aria-labelledby=\"fld_6496615Label\" >\t\t\t<\/div>\r\n<\/div>\r\n<\/div><div  class=\"col-sm-6  last_col\"><div data-field-wrapper=\"fld_5630664\" class=\"form-group\" id=\"fld_5630664_1-wrap\">\r\n\t<label id=\"fld_5630664Label\" for=\"fld_5630664_1\" class=\"control-label\">Number of children<\/label>\r\n\t<div class=\"\">\r\n\t\t<input    type=\"number\" data-field=\"fld_5630664\" class=\" form-control\" id=\"fld_5630664_1\" name=\"fld_5630664\" value=\"0\" data-type=\"number\" min=\"0\" step=\"1\" data-parsley-type=\"number\"   aria-labelledby=\"fld_5630664Label\" >\t\t\t<\/div>\r\n<\/div>\r\n<\/div><\/div><div id=\"CF60d6088aafc88_1-row-5\"  class=\"row  last_row\"><div  class=\"col-sm-12  single\"><div data-field-wrapper=\"fld_4089741\" class=\"form-group\" id=\"fld_4089741_1-wrap\">\r\n\t<label id=\"fld_4089741Label\" for=\"fld_4089741_1\" class=\"control-label\">Comments<\/label>\r\n\t<div class=\"\">\r\n\t\t<textarea name=\"fld_4089741\" value=\"\" data-field=\"fld_4089741\" class=\"form-control\" id=\"fld_4089741_1\" rows=\"4\"    aria-labelledby=\"fld_4089741Label\" ><\/textarea>\n\t\t\t<\/div>\r\n<\/div>\r\n<div data-field-wrapper=\"fld_5922578\" class=\"form-group\" id=\"fld_5922578_1-wrap\">\r\n<div class=\"\">\r\n\n<div class=\"checkbox-inline caldera-forms-consent-field\">\n    <input data-parsley-required=\"true\" data-parsley-group=\"fld_5922578_1\" data-parsley-multiple=\"fld_5922578_1\"        type=\"checkbox\" data-label=\"Data Protection Policy\"\n        data-field=\"fld_5922578\"\n        id=\"fld_5922578_1\"\n        class=\"fld_5922578_1 option-required\"\n        name=\"fld_5922578\"\n        value=\"1\"\n        data-type=\"checkbox\"\n        data-checkbox-field=\"fld_5922578_1\"\n    >\n    <label for=\"fld_5922578_1\"\n           class=\"caldera-forms-gdpr-field-label\"\n           style=\"display:inline; margin-left: 0.5rem;\"\n    >\n                <p\n            class=\"caldera-forms-consent-field-agreement\"\n        >\n            I have read and accept the Data Protection Policy.        <\/p>\n        <a href=\"http:\/\/cuscoberga.com\/politica-de-proteccio-de-dades\/\"\n           target=\"_blank\"\n                title=\"Privacy Policy Page\"\n            class=\"caldera-forms-consent-field-linked_text\"\n            >\n            To read        <\/a>\n    <\/label>\n    <span style=\"color:#ff0000;\">*<\/span>\n<\/div>\n\n<\/div>\r\n<\/div>\r\n<div data-field-wrapper=\"fld_7167496\" class=\"form-group\" id=\"fld_7167496_1-wrap\">\r\n<div class=\"\">\r\n\t<input  class=\"btn btn-default\" type=\"submit\" name=\"fld_7167496\" id=\"fld_7167496_1\" value=\"enviar\" data-field=\"fld_7167496\"  >\n<\/div>\r\n<\/div>\r\n\t<input class=\"button_trigger_1\" type=\"hidden\" name=\"fld_7167496\" id=\"fld_7167496_1_btn\" value=\"\" data-field=\"fld_7167496\"  \/>\n<\/div><\/div><\/form>\r\n<\/div>\r\n\n","protected":false},"excerpt":{"rendered":"<p>Very interesting proposal and activity at the Celler Cusc\u00f3 Berga in Les Gunyoles in Avinyonet del Pened\u00e8s;<br \/>\na) A Getaway to the Miravinya &#8220;El circell&#8221; in the Puig de la Mireta and back a visit with tasting.<br \/>\nb) Walk and Visit with tasting at the Caves Cusc\u00f3 Berga.<br \/>\nCome and see during the day the tour of the different stages of the Living Nativity Scene in Les Gunyoles where thousands of people have enjoyed this Christmas.<\/p>\n<p>Possibility to purchase products from the house at exclusive prices from the winery.<br \/>\nVisit duration Cellar 1 hour + optional routes a and b 25 minutes each.<\/p>\n<p>Price \u20ac 27 per person.<br \/>\nYear-round availability<br \/>\nPlace of activity: in <a href=\"\/contactar\"> Cusc\u00f3 Berga Wines and Cavas <\/a>.<br \/>\nIncludes 3 Tastes commented by a Sommelier and a selection of snacks.<\/p>\n<p>Wine cellar: <a href=\"https:\/\/youtu.be\/Grg21_ufvSI\" target=\"_blank\" rel=\"noopener\">Watch video<\/a><br \/>\nVineyards: <a href=\"https:\/\/youtu.be\/VOzhidzgjHc\" target=\"_blank\" rel=\"noopener\">Watch video<\/a><\/p>\n<p><a href=\"https:\/\/cuscoberga.com\/wp-content\/uploads\/2021\/04\/Visita-Premium-ang-1.pdf\" target=\"_blank\" rel=\"noopener\">See detailed PDF of the activity<\/a><\/p>\n","protected":false},"featured_media":3458,"template":"","meta":[],"product_brand":[],"product_cat":[138],"product_tag":[],"class_list":{"0":"post-3457","1":"product","2":"type-product","3":"status-publish","4":"has-post-thumbnail","6":"product_cat-winetourism","7":"description-off","9":"first","10":"instock","11":"virtual","12":"taxable","13":"purchasable","14":"product-type-simple"},"yoast_head":"<!-- This site is optimized with the Yoast SEO plugin v27.0 - https:\/\/yoast.com\/product\/yoast-seo-wordpress\/ -->\n<title>Premium visit to the Cusc\u00f3 Berga winery - Cusc\u00f3 Berga<\/title>\n<meta name=\"robots\" content=\"index, follow, max-snippet:-1, max-image-preview:large, max-video-preview:-1\" \/>\n<link rel=\"canonical\" href=\"http:\/\/cuscoberga.com\/en\/producte\/premium-visit-to-the-cusco-berga-winery\/\" \/>\n<meta property=\"og:locale\" content=\"en_US\" \/>\n<meta property=\"og:type\" content=\"article\" \/>\n<meta property=\"og:title\" content=\"Premium visit to the Cusc\u00f3 Berga winery - Cusc\u00f3 Berga\" \/>\n<meta property=\"og:description\" content=\"Very interesting proposal and activity at the Celler Cusc\u00f3 Berga in Les Gunyoles in Avinyonet del Pened\u00e8s; a) A Getaway to the Miravinya &quot;El circell&quot; in the Puig de la Mireta and back a visit with tasting. b) Walk and Visit with tasting at the Caves Cusc\u00f3 Berga. Come and see during the day the tour of the different stages of the Living Nativity Scene in Les Gunyoles where thousands of people have enjoyed this Christmas.  Possibility to purchase products from the house at exclusive prices from the winery. Visit duration Cellar 1 hour + optional routes a and b 25 minutes each.  Price \u20ac 27 per person. Year-round availability Place of activity: in Cusc\u00f3 Berga Wines and Cavas . Includes 3 Tastes commented by a Sommelier and a selection of snacks.  Wine cellar: Watch video Vineyards: Watch video  See detailed PDF of the activity\" \/>\n<meta property=\"og:url\" content=\"http:\/\/cuscoberga.com\/en\/producte\/premium-visit-to-the-cusco-berga-winery\/\" \/>\n<meta property=\"og:site_name\" content=\"Cusc\u00f3 Berga\" \/>\n<meta property=\"article:modified_time\" content=\"2021-11-10T10:04:46+00:00\" \/>\n<meta property=\"og:image\" content=\"http:\/\/cuscoberga.com\/wp-content\/uploads\/2021\/04\/premium3.jpg\" \/>\n\t<meta property=\"og:image:width\" content=\"800\" \/>\n\t<meta property=\"og:image:height\" content=\"600\" \/>\n\t<meta property=\"og:image:type\" content=\"image\/jpeg\" \/>\n<meta name=\"twitter:card\" content=\"summary_large_image\" \/>\n<script type=\"application\/ld+json\" class=\"yoast-schema-graph\">{\"@context\":\"https:\/\/schema.org\",\"@graph\":[{\"@type\":\"WebPage\",\"@id\":\"http:\/\/cuscoberga.com\/en\/producte\/premium-visit-to-the-cusco-berga-winery\/\",\"url\":\"http:\/\/cuscoberga.com\/en\/producte\/premium-visit-to-the-cusco-berga-winery\/\",\"name\":\"Premium visit to the Cusc\u00f3 Berga winery - Cusc\u00f3 Berga\",\"isPartOf\":{\"@id\":\"http:\/\/cuscoberga.com\/en\/#website\"},\"primaryImageOfPage\":{\"@id\":\"http:\/\/cuscoberga.com\/en\/producte\/premium-visit-to-the-cusco-berga-winery\/#primaryimage\"},\"image\":{\"@id\":\"http:\/\/cuscoberga.com\/en\/producte\/premium-visit-to-the-cusco-berga-winery\/#primaryimage\"},\"thumbnailUrl\":\"http:\/\/cuscoberga.com\/wp-content\/uploads\/2021\/04\/premium3.jpg\",\"datePublished\":\"2021-04-21T08:50:47+00:00\",\"dateModified\":\"2021-11-10T10:04:46+00:00\",\"breadcrumb\":{\"@id\":\"http:\/\/cuscoberga.com\/en\/producte\/premium-visit-to-the-cusco-berga-winery\/#breadcrumb\"},\"inLanguage\":\"en-US\",\"potentialAction\":[{\"@type\":\"ReadAction\",\"target\":[\"http:\/\/cuscoberga.com\/en\/producte\/premium-visit-to-the-cusco-berga-winery\/\"]}]},{\"@type\":\"ImageObject\",\"inLanguage\":\"en-US\",\"@id\":\"http:\/\/cuscoberga.com\/en\/producte\/premium-visit-to-the-cusco-berga-winery\/#primaryimage\",\"url\":\"http:\/\/cuscoberga.com\/wp-content\/uploads\/2021\/04\/premium3.jpg\",\"contentUrl\":\"http:\/\/cuscoberga.com\/wp-content\/uploads\/2021\/04\/premium3.jpg\",\"width\":800,\"height\":600},{\"@type\":\"BreadcrumbList\",\"@id\":\"http:\/\/cuscoberga.com\/en\/producte\/premium-visit-to-the-cusco-berga-winery\/#breadcrumb\",\"itemListElement\":[{\"@type\":\"ListItem\",\"position\":1,\"name\":\"Inici\",\"item\":\"http:\/\/cuscoberga.com\/en\/\"},{\"@type\":\"ListItem\",\"position\":2,\"name\":\"Online Store\",\"item\":\"http:\/\/cuscoberga.com\/en\/shop\/\"},{\"@type\":\"ListItem\",\"position\":3,\"name\":\"Premium visit to the Cusc\u00f3 Berga winery\"}]},{\"@type\":\"WebSite\",\"@id\":\"http:\/\/cuscoberga.com\/en\/#website\",\"url\":\"http:\/\/cuscoberga.com\/en\/\",\"name\":\"Cusc\u00f3 Berga\",\"description\":\"\",\"potentialAction\":[{\"@type\":\"SearchAction\",\"target\":{\"@type\":\"EntryPoint\",\"urlTemplate\":\"http:\/\/cuscoberga.com\/en\/?s={search_term_string}\"},\"query-input\":{\"@type\":\"PropertyValueSpecification\",\"valueRequired\":true,\"valueName\":\"search_term_string\"}}],\"inLanguage\":\"en-US\"}]}<\/script>\n<!-- \/ Yoast SEO plugin. -->","yoast_head_json":{"title":"Premium visit to the Cusc\u00f3 Berga winery - Cusc\u00f3 Berga","robots":{"index":"index","follow":"follow","max-snippet":"max-snippet:-1","max-image-preview":"max-image-preview:large","max-video-preview":"max-video-preview:-1"},"canonical":"http:\/\/cuscoberga.com\/en\/producte\/premium-visit-to-the-cusco-berga-winery\/","og_locale":"en_US","og_type":"article","og_title":"Premium visit to the Cusc\u00f3 Berga winery - Cusc\u00f3 Berga","og_description":"Very interesting proposal and activity at the Celler Cusc\u00f3 Berga in Les Gunyoles in Avinyonet del Pened\u00e8s; a) A Getaway to the Miravinya \"El circell\" in the Puig de la Mireta and back a visit with tasting. b) Walk and Visit with tasting at the Caves Cusc\u00f3 Berga. Come and see during the day the tour of the different stages of the Living Nativity Scene in Les Gunyoles where thousands of people have enjoyed this Christmas.  Possibility to purchase products from the house at exclusive prices from the winery. Visit duration Cellar 1 hour + optional routes a and b 25 minutes each.  Price \u20ac 27 per person. Year-round availability Place of activity: in Cusc\u00f3 Berga Wines and Cavas . Includes 3 Tastes commented by a Sommelier and a selection of snacks.  Wine cellar: Watch video Vineyards: Watch video  See detailed PDF of the activity","og_url":"http:\/\/cuscoberga.com\/en\/producte\/premium-visit-to-the-cusco-berga-winery\/","og_site_name":"Cusc\u00f3 Berga","article_modified_time":"2021-11-10T10:04:46+00:00","og_image":[{"width":800,"height":600,"url":"http:\/\/cuscoberga.com\/wp-content\/uploads\/2021\/04\/premium3.jpg","type":"image\/jpeg"}],"twitter_card":"summary_large_image","schema":{"@context":"https:\/\/schema.org","@graph":[{"@type":"WebPage","@id":"http:\/\/cuscoberga.com\/en\/producte\/premium-visit-to-the-cusco-berga-winery\/","url":"http:\/\/cuscoberga.com\/en\/producte\/premium-visit-to-the-cusco-berga-winery\/","name":"Premium visit to the Cusc\u00f3 Berga winery - Cusc\u00f3 Berga","isPartOf":{"@id":"http:\/\/cuscoberga.com\/en\/#website"},"primaryImageOfPage":{"@id":"http:\/\/cuscoberga.com\/en\/producte\/premium-visit-to-the-cusco-berga-winery\/#primaryimage"},"image":{"@id":"http:\/\/cuscoberga.com\/en\/producte\/premium-visit-to-the-cusco-berga-winery\/#primaryimage"},"thumbnailUrl":"http:\/\/cuscoberga.com\/wp-content\/uploads\/2021\/04\/premium3.jpg","datePublished":"2021-04-21T08:50:47+00:00","dateModified":"2021-11-10T10:04:46+00:00","breadcrumb":{"@id":"http:\/\/cuscoberga.com\/en\/producte\/premium-visit-to-the-cusco-berga-winery\/#breadcrumb"},"inLanguage":"en-US","potentialAction":[{"@type":"ReadAction","target":["http:\/\/cuscoberga.com\/en\/producte\/premium-visit-to-the-cusco-berga-winery\/"]}]},{"@type":"ImageObject","inLanguage":"en-US","@id":"http:\/\/cuscoberga.com\/en\/producte\/premium-visit-to-the-cusco-berga-winery\/#primaryimage","url":"http:\/\/cuscoberga.com\/wp-content\/uploads\/2021\/04\/premium3.jpg","contentUrl":"http:\/\/cuscoberga.com\/wp-content\/uploads\/2021\/04\/premium3.jpg","width":800,"height":600},{"@type":"BreadcrumbList","@id":"http:\/\/cuscoberga.com\/en\/producte\/premium-visit-to-the-cusco-berga-winery\/#breadcrumb","itemListElement":[{"@type":"ListItem","position":1,"name":"Inici","item":"http:\/\/cuscoberga.com\/en\/"},{"@type":"ListItem","position":2,"name":"Online Store","item":"http:\/\/cuscoberga.com\/en\/shop\/"},{"@type":"ListItem","position":3,"name":"Premium visit to the Cusc\u00f3 Berga winery"}]},{"@type":"WebSite","@id":"http:\/\/cuscoberga.com\/en\/#website","url":"http:\/\/cuscoberga.com\/en\/","name":"Cusc\u00f3 Berga","description":"","potentialAction":[{"@type":"SearchAction","target":{"@type":"EntryPoint","urlTemplate":"http:\/\/cuscoberga.com\/en\/?s={search_term_string}"},"query-input":{"@type":"PropertyValueSpecification","valueRequired":true,"valueName":"search_term_string"}}],"inLanguage":"en-US"}]}},"_links":{"self":[{"href":"http:\/\/cuscoberga.com\/en\/wp-json\/wp\/v2\/product\/3457","targetHints":{"allow":["GET"]}}],"collection":[{"href":"http:\/\/cuscoberga.com\/en\/wp-json\/wp\/v2\/product"}],"about":[{"href":"http:\/\/cuscoberga.com\/en\/wp-json\/wp\/v2\/types\/product"}],"wp:featuredmedia":[{"embeddable":true,"href":"http:\/\/cuscoberga.com\/en\/wp-json\/wp\/v2\/media\/3458"}],"wp:attachment":[{"href":"http:\/\/cuscoberga.com\/en\/wp-json\/wp\/v2\/media?parent=3457"}],"wp:term":[{"taxonomy":"product_brand","embeddable":true,"href":"http:\/\/cuscoberga.com\/en\/wp-json\/wp\/v2\/product_brand?post=3457"},{"taxonomy":"product_cat","embeddable":true,"href":"http:\/\/cuscoberga.com\/en\/wp-json\/wp\/v2\/product_cat?post=3457"},{"taxonomy":"product_tag","embeddable":true,"href":"http:\/\/cuscoberga.com\/en\/wp-json\/wp\/v2\/product_tag?post=3457"}],"curies":[{"name":"wp","href":"https:\/\/api.w.org\/{rel}","templated":true}]}}